{"id":135,"date":"2020-01-23T11:12:03","date_gmt":"2020-01-23T10:12:03","guid":{"rendered":"http:\/\/cvestavayer.ch\/?page_id=135"},"modified":"2020-01-23T11:12:03","modified_gmt":"2020-01-23T10:12:03","slug":"cp-pm-optimist","status":"publish","type":"page","link":"https:\/\/cvestavayer.ch\/fr\/regates\/resultats-2017\/cp-pm-optimist\/","title":{"rendered":"cp\/pm optimist"},"content":{"rendered":"\n<p>Un weekend bien vent\u00e9, mais frais et pluvieux pour les 134 bateaux   inscrits. Le maximum de 6 manches (3 par jour) ont pu \u00eatre courues.<br>1er A.Surroca (SNG), 2e N. Rast (RCO) et 3e M. Dneprov (SNG).<br>Les meilleures r\u00e9sultats du CVE sont Tiago Ayala qui finit 39e et Simon Mille 43e et 1er Benjamin.<br>Un grand bravo \u00e0 nos juniors pour leur participation !<br>Retrouvez le classement complet <a rel=\"noreferrer noopener\" aria-label=\" (s\u2019ouvre dans un nouvel onglet)\" href=\"http:\/\/cvestavayer.ch\/wp-content\/uploads\/2020\/01\/REGATE_resultats_2017_CVE2017final.pdf\" target=\"_blank\">ici<\/a>. <\/p>\n\n\n\n<figure class=\"wp-block-image size-large is-style-default\"><img loading=\"lazy\" decoding=\"async\" width=\"1024\" height=\"768\" src=\"http:\/\/cvestavayer.ch\/wp-content\/uploads\/2020\/01\/REGATE_2017_optimist-1024x768.jpg\" alt=\"\" class=\"wp-image-136\" srcset=\"https:\/\/cvestavayer.ch\/wp-content\/uploads\/2020\/01\/REGATE_2017_optimist-1024x768.jpg 1024w, https:\/\/cvestavayer.ch\/wp-content\/uploads\/2020\/01\/REGATE_2017_optimist-300x225.jpg 300w, https:\/\/cvestavayer.ch\/wp-content\/uploads\/2020\/01\/REGATE_2017_optimist-768x576.jpg 768w, https:\/\/cvestavayer.ch\/wp-content\/uploads\/2020\/01\/REGATE_2017_optimist-1536x1152.jpg 1536w, https:\/\/cvestavayer.ch\/wp-content\/uploads\/2020\/01\/REGATE_2017_optimist-1200x900.jpg 1200w, https:\/\/cvestavayer.ch\/wp-content\/uploads\/2020\/01\/REGATE_2017_optimist.jpg 1600w\" sizes=\"auto, (max-width: 1024px) 100vw, 1024px\" \/><\/figure>\n","protected":false},"excerpt":{"rendered":"<p>Un weekend bien vent\u00e9, mais frais et pluvieux pour les 134 bateaux inscrits. Le maximum de 6 manches (3 par jour) ont pu \u00eatre courues.1er A.Surroca (SNG), 2e N. Rast <a class=\"more-link\" href=\"https:\/\/cvestavayer.ch\/fr\/regates\/resultats-2017\/cp-pm-optimist\/\">Continuer la lecture &rarr;<\/a><\/p>\n","protected":false},"author":1,"featured_media":0,"parent":129,"menu_order":2,"comment_status":"closed","ping_status":"closed","template":"","meta":{"_monsterinsights_skip_tracking":false,"_monsterinsights_sitenote_active":false,"_monsterinsights_sitenote_note":"","_monsterinsights_sitenote_category":0,"_EventAllDay":false,"_EventTimezone":"","_EventStartDate":"","_EventEndDate":"","_EventStartDateUTC":"","_EventEndDateUTC":"","_EventShowMap":false,"_EventShowMapLink":false,"_EventURL":"","_EventCost":"","_EventCostDescription":"","_EventCurrencySymbol":"","_EventCurrencyCode":"","_EventCurrencyPosition":"","_EventDateTimeSeparator":"","_EventTimeRangeSeparator":"","_EventOrganizerID":[],"_EventVenueID":[],"_OrganizerEmail":"","_OrganizerPhone":"","_OrganizerWebsite":"","_VenueAddress":"","_VenueCity":"","_VenueCountry":"","_VenueProvince":"","_VenueState":"","_VenueZip":"","_VenuePhone":"","_VenueURL":"","_VenueStateProvince":"","_VenueLat":"","_VenueLng":"","_VenueShowMap":false,"_VenueShowMapLink":false,"footnotes":""},"class_list":["post-135","page","type-page","status-publish","hentry"],"yoast_head":"<!-- This site is optimized with the Yoast SEO plugin v27.6 - https:\/\/yoast.com\/product\/yoast-seo-wordpress\/ -->\n<title>cp\/pm optimist - Cercle de la Voile d&#039;Estavayer<\/title>\n<meta name=\"robots\" content=\"index, follow, max-snippet:-1, max-image-preview:large, max-video-preview:-1\" \/>\n<link rel=\"canonical\" href=\"https:\/\/cvestavayer.ch\/fr\/regates\/resultats-2017\/cp-pm-optimist\/\" \/>\n<meta property=\"og:locale\" content=\"fr_FR\" \/>\n<meta property=\"og:type\" content=\"article\" \/>\n<meta property=\"og:title\" content=\"cp\/pm optimist - Cercle de la Voile d&#039;Estavayer\" \/>\n<meta property=\"og:description\" content=\"Un weekend bien vent\u00e9, mais frais et pluvieux pour les 134 bateaux inscrits. Le maximum de 6 manches (3 par jour) ont pu \u00eatre courues.1er A.Surroca (SNG), 2e N. Rast Continuer la lecture &rarr;\" \/>\n<meta property=\"og:url\" content=\"https:\/\/cvestavayer.ch\/fr\/regates\/resultats-2017\/cp-pm-optimist\/\" \/>\n<meta property=\"og:site_name\" content=\"Cercle de la Voile d&#039;Estavayer\" \/>\n<meta property=\"og:image\" content=\"http:\/\/cvestavayer.ch\/wp-content\/uploads\/2020\/01\/REGATE_2017_optimist-1024x768.jpg\" \/>\n<meta name=\"twitter:card\" content=\"summary_large_image\" \/>\n<script type=\"application\/ld+json\" class=\"yoast-schema-graph\">{\"@context\":\"https:\\\/\\\/schema.org\",\"@graph\":[{\"@type\":\"WebPage\",\"@id\":\"https:\\\/\\\/cvestavayer.ch\\\/fr\\\/regates\\\/resultats-2017\\\/cp-pm-optimist\\\/\",\"url\":\"https:\\\/\\\/cvestavayer.ch\\\/fr\\\/regates\\\/resultats-2017\\\/cp-pm-optimist\\\/\",\"name\":\"cp\\\/pm optimist - Cercle de la Voile d&#039;Estavayer\",\"isPartOf\":{\"@id\":\"https:\\\/\\\/cvestavayer.ch\\\/fr\\\/#website\"},\"primaryImageOfPage\":{\"@id\":\"https:\\\/\\\/cvestavayer.ch\\\/fr\\\/regates\\\/resultats-2017\\\/cp-pm-optimist\\\/#primaryimage\"},\"image\":{\"@id\":\"https:\\\/\\\/cvestavayer.ch\\\/fr\\\/regates\\\/resultats-2017\\\/cp-pm-optimist\\\/#primaryimage\"},\"thumbnailUrl\":\"http:\\\/\\\/cvestavayer.ch\\\/wp-content\\\/uploads\\\/2020\\\/01\\\/REGATE_2017_optimist-1024x768.jpg\",\"datePublished\":\"2020-01-23T10:12:03+00:00\",\"breadcrumb\":{\"@id\":\"https:\\\/\\\/cvestavayer.ch\\\/fr\\\/regates\\\/resultats-2017\\\/cp-pm-optimist\\\/#breadcrumb\"},\"inLanguage\":\"fr-FR\",\"potentialAction\":[{\"@type\":\"ReadAction\",\"target\":[\"https:\\\/\\\/cvestavayer.ch\\\/fr\\\/regates\\\/resultats-2017\\\/cp-pm-optimist\\\/\"]}]},{\"@type\":\"ImageObject\",\"inLanguage\":\"fr-FR\",\"@id\":\"https:\\\/\\\/cvestavayer.ch\\\/fr\\\/regates\\\/resultats-2017\\\/cp-pm-optimist\\\/#primaryimage\",\"url\":\"http:\\\/\\\/cvestavayer.ch\\\/wp-content\\\/uploads\\\/2020\\\/01\\\/REGATE_2017_optimist-1024x768.jpg\",\"contentUrl\":\"http:\\\/\\\/cvestavayer.ch\\\/wp-content\\\/uploads\\\/2020\\\/01\\\/REGATE_2017_optimist-1024x768.jpg\"},{\"@type\":\"BreadcrumbList\",\"@id\":\"https:\\\/\\\/cvestavayer.ch\\\/fr\\\/regates\\\/resultats-2017\\\/cp-pm-optimist\\\/#breadcrumb\",\"itemListElement\":[{\"@type\":\"ListItem\",\"position\":1,\"name\":\"Accueil\",\"item\":\"https:\\\/\\\/cvestavayer.ch\\\/fr\\\/\"},{\"@type\":\"ListItem\",\"position\":2,\"name\":\"R\u00e9gates\",\"item\":\"https:\\\/\\\/cvestavayer.ch\\\/fr\\\/regates\\\/\"},{\"@type\":\"ListItem\",\"position\":3,\"name\":\"R\u00e9sultats 2017\",\"item\":\"https:\\\/\\\/cvestavayer.ch\\\/fr\\\/regates\\\/resultats-2017\\\/\"},{\"@type\":\"ListItem\",\"position\":4,\"name\":\"cp\\\/pm optimist\"}]},{\"@type\":\"WebSite\",\"@id\":\"https:\\\/\\\/cvestavayer.ch\\\/fr\\\/#website\",\"url\":\"https:\\\/\\\/cvestavayer.ch\\\/fr\\\/\",\"name\":\"Cercle de la Voile d&#039;Estavayer\",\"description\":\"\",\"potentialAction\":[{\"@type\":\"SearchAction\",\"target\":{\"@type\":\"EntryPoint\",\"urlTemplate\":\"https:\\\/\\\/cvestavayer.ch\\\/fr\\\/?s={search_term_string}\"},\"query-input\":{\"@type\":\"PropertyValueSpecification\",\"valueRequired\":true,\"valueName\":\"search_term_string\"}}],\"inLanguage\":\"fr-FR\"}]}<\/script>\n<!-- \/ Yoast SEO plugin. -->","yoast_head_json":{"title":"cp\/pm optimist - Cercle de la Voile d&#039;Estavayer","robots":{"index":"index","follow":"follow","max-snippet":"max-snippet:-1","max-image-preview":"max-image-preview:large","max-video-preview":"max-video-preview:-1"},"canonical":"https:\/\/cvestavayer.ch\/fr\/regates\/resultats-2017\/cp-pm-optimist\/","og_locale":"fr_FR","og_type":"article","og_title":"cp\/pm optimist - Cercle de la Voile d&#039;Estavayer","og_description":"Un weekend bien vent\u00e9, mais frais et pluvieux pour les 134 bateaux inscrits. Le maximum de 6 manches (3 par jour) ont pu \u00eatre courues.1er A.Surroca (SNG), 2e N. Rast Continuer la lecture &rarr;","og_url":"https:\/\/cvestavayer.ch\/fr\/regates\/resultats-2017\/cp-pm-optimist\/","og_site_name":"Cercle de la Voile d&#039;Estavayer","og_image":[{"url":"http:\/\/cvestavayer.ch\/wp-content\/uploads\/2020\/01\/REGATE_2017_optimist-1024x768.jpg","type":"","width":"","height":""}],"twitter_card":"summary_large_image","schema":{"@context":"https:\/\/schema.org","@graph":[{"@type":"WebPage","@id":"https:\/\/cvestavayer.ch\/fr\/regates\/resultats-2017\/cp-pm-optimist\/","url":"https:\/\/cvestavayer.ch\/fr\/regates\/resultats-2017\/cp-pm-optimist\/","name":"cp\/pm optimist - Cercle de la Voile d&#039;Estavayer","isPartOf":{"@id":"https:\/\/cvestavayer.ch\/fr\/#website"},"primaryImageOfPage":{"@id":"https:\/\/cvestavayer.ch\/fr\/regates\/resultats-2017\/cp-pm-optimist\/#primaryimage"},"image":{"@id":"https:\/\/cvestavayer.ch\/fr\/regates\/resultats-2017\/cp-pm-optimist\/#primaryimage"},"thumbnailUrl":"http:\/\/cvestavayer.ch\/wp-content\/uploads\/2020\/01\/REGATE_2017_optimist-1024x768.jpg","datePublished":"2020-01-23T10:12:03+00:00","breadcrumb":{"@id":"https:\/\/cvestavayer.ch\/fr\/regates\/resultats-2017\/cp-pm-optimist\/#breadcrumb"},"inLanguage":"fr-FR","potentialAction":[{"@type":"ReadAction","target":["https:\/\/cvestavayer.ch\/fr\/regates\/resultats-2017\/cp-pm-optimist\/"]}]},{"@type":"ImageObject","inLanguage":"fr-FR","@id":"https:\/\/cvestavayer.ch\/fr\/regates\/resultats-2017\/cp-pm-optimist\/#primaryimage","url":"http:\/\/cvestavayer.ch\/wp-content\/uploads\/2020\/01\/REGATE_2017_optimist-1024x768.jpg","contentUrl":"http:\/\/cvestavayer.ch\/wp-content\/uploads\/2020\/01\/REGATE_2017_optimist-1024x768.jpg"},{"@type":"BreadcrumbList","@id":"https:\/\/cvestavayer.ch\/fr\/regates\/resultats-2017\/cp-pm-optimist\/#breadcrumb","itemListElement":[{"@type":"ListItem","position":1,"name":"Accueil","item":"https:\/\/cvestavayer.ch\/fr\/"},{"@type":"ListItem","position":2,"name":"R\u00e9gates","item":"https:\/\/cvestavayer.ch\/fr\/regates\/"},{"@type":"ListItem","position":3,"name":"R\u00e9sultats 2017","item":"https:\/\/cvestavayer.ch\/fr\/regates\/resultats-2017\/"},{"@type":"ListItem","position":4,"name":"cp\/pm optimist"}]},{"@type":"WebSite","@id":"https:\/\/cvestavayer.ch\/fr\/#website","url":"https:\/\/cvestavayer.ch\/fr\/","name":"Cercle de la Voile d&#039;Estavayer","description":"","potentialAction":[{"@type":"SearchAction","target":{"@type":"EntryPoint","urlTemplate":"https:\/\/cvestavayer.ch\/fr\/?s={search_term_string}"},"query-input":{"@type":"PropertyValueSpecification","valueRequired":true,"valueName":"search_term_string"}}],"inLanguage":"fr-FR"}]}},"_links":{"self":[{"href":"https:\/\/cvestavayer.ch\/fr\/wp-json\/wp\/v2\/pages\/135","targetHints":{"allow":["GET"]}}],"collection":[{"href":"https:\/\/cvestavayer.ch\/fr\/wp-json\/wp\/v2\/pages"}],"about":[{"href":"https:\/\/cvestavayer.ch\/fr\/wp-json\/wp\/v2\/types\/page"}],"author":[{"embeddable":true,"href":"https:\/\/cvestavayer.ch\/fr\/wp-json\/wp\/v2\/users\/1"}],"replies":[{"embeddable":true,"href":"https:\/\/cvestavayer.ch\/fr\/wp-json\/wp\/v2\/comments?post=135"}],"version-history":[{"count":1,"href":"https:\/\/cvestavayer.ch\/fr\/wp-json\/wp\/v2\/pages\/135\/revisions"}],"predecessor-version":[{"id":138,"href":"https:\/\/cvestavayer.ch\/fr\/wp-json\/wp\/v2\/pages\/135\/revisions\/138"}],"up":[{"embeddable":true,"href":"https:\/\/cvestavayer.ch\/fr\/wp-json\/wp\/v2\/pages\/129"}],"wp:attachment":[{"href":"https:\/\/cvestavayer.ch\/fr\/wp-json\/wp\/v2\/media?parent=135"}],"curies":[{"name":"wp","href":"https:\/\/api.w.org\/{rel}","templated":true}]}}