{"id":1434,"date":"2020-04-19T12:13:28","date_gmt":"2020-04-19T10:13:28","guid":{"rendered":"http:\/\/cvestavayer.ch\/fr\/?page_id=1434"},"modified":"2025-11-26T23:05:06","modified_gmt":"2025-11-26T22:05:06","slug":"stages-dete","status":"publish","type":"page","link":"https:\/\/cvestavayer.ch\/fr\/ecole-de-voile\/stages-dete\/","title":{"rendered":"Stages d&rsquo;\u00e9t\u00e9 2026"},"content":{"rendered":"\n<figure class=\"wp-block-image size-large\"><img loading=\"lazy\" decoding=\"async\" width=\"1024\" height=\"402\" src=\"http:\/\/cvestavayer.ch\/wp-content\/uploads\/2021\/01\/58-scaled-e1611525109400-1024x402.jpg\" alt=\"\" class=\"wp-image-43830\" srcset=\"https:\/\/cvestavayer.ch\/wp-content\/uploads\/2021\/01\/58-scaled-e1611525109400-1024x402.jpg 1024w, https:\/\/cvestavayer.ch\/wp-content\/uploads\/2021\/01\/58-scaled-e1611525109400-300x118.jpg 300w, https:\/\/cvestavayer.ch\/wp-content\/uploads\/2021\/01\/58-scaled-e1611525109400-768x301.jpg 768w, https:\/\/cvestavayer.ch\/wp-content\/uploads\/2021\/01\/58-scaled-e1611525109400-1536x602.jpg 1536w, https:\/\/cvestavayer.ch\/wp-content\/uploads\/2021\/01\/58-scaled-e1611525109400-2048x803.jpg 2048w\" sizes=\"auto, (max-width: 1024px) 100vw, 1024px\" \/><\/figure>\n\n\n\n<table id=\"tablepress-6\" class=\"tablepress tablepress-id-6\">\n<thead>\n<tr class=\"row-1\">\n\t<th class=\"column-1\">Dates<\/th><th class=\"column-2\">Th\u00e8me du stage<\/th>\n<\/tr>\n<\/thead>\n<tbody class=\"row-striping row-hover\">\n<tr class=\"row-2\">\n\t<td class=\"column-1\">13-17 juillet 2026<\/td><td class=\"column-2\">Opti, 8 \u00e0 11 ans<\/td>\n<\/tr>\n<tr class=\"row-3\">\n\t<td class=\"column-1\">20-24 juillet 2026<\/td><td class=\"column-2\">Opti, 8 \u00e0 11 ans<\/td>\n<\/tr>\n<tr class=\"row-4\">\n\t<td class=\"column-1\">27-31 juillet 2026<\/td><td class=\"column-2\">Catamaran et RS Feva, 11 \u00e0 15 ans<\/td>\n<\/tr>\n<tr class=\"row-5\">\n\t<td class=\"column-1\">3-7 ao\u00fbt 2026<\/td><td class=\"column-2\">Catamaran 14-18 ans<\/td>\n<\/tr>\n<tr class=\"row-6\">\n\t<td class=\"column-1\">10-14 ao\u00fbt 2026<\/td><td class=\"column-2\">Opti avanc\u00e9, 8-11 ans<\/td>\n<\/tr>\n<tr class=\"row-7\">\n\t<td class=\"column-1\">17-21 ao\u00fbt 2026<\/td><td class=\"column-2\">Catamaran et RS Feva, 11 \u00e0 15 ans<\/td>\n<\/tr>\n<\/tbody>\n<\/table>\n<!-- #tablepress-6 from cache -->\n\n\n\n\n\n<p>Les stages d&rsquo;\u00e9t\u00e9 sont organis\u00e9s du<strong> Lundi au Vendredi<\/strong> durant les mois de juillet et ao\u00fbt.&nbsp;<\/p>\n\n\n\n<p>Initiation ou perfectionnement pour les enfants de 8 \u00e0 18 ans. Le niveau et le support varient selon la semaine.<\/p>\n\n\n\n<p>Le cours comprend une partie th\u00e9orique, une sortie sur le Lac, jeux aquatiques, d\u00e9briefing en fin de journ\u00e9e.&nbsp;<\/p>\n\n\n\n<p>Pour compl\u00e9ter les semaines, des sorties d\u00e9couvertes peuvent \u00eatre organis\u00e9es avec le Sauvetage ou la Police du Lac, selon la disponibilit\u00e9, les urgences des intervenants ou la m\u00e9t\u00e9o.&nbsp;&nbsp;&nbsp;<\/p>\n\n\n\n<hr class=\"wp-block-separator has-alpha-channel-opacity\"\/>\n\n\n\n<div class=\"wp-block-buttons is-content-justification-center is-layout-flex wp-container-core-buttons-is-layout-16018d1d wp-block-buttons-is-layout-flex\">\n<div class=\"wp-block-button popmake-46677\"><a class=\"wp-block-button__link wp-element-button\">inscriptions stages d&rsquo;\u00e9t\u00e9 2026<\/a><\/div>\n<\/div>\n\n\n\n<p><\/p>\n\n\n\n<p>Pour toute question, contactez notre <a rel=\"noreferrer noopener\" aria-label=\" (s\u2019ouvre dans un nouvel onglet)\" href=\"mailto:secretaire@cvestavayer.ch\" target=\"_blank\">secr<\/a><a href=\"mailto:secretaire@cvestavayer.ch\" target=\"_blank\" rel=\"noreferrer noopener\" aria-label=\" (s\u2019ouvre dans un nouvel onglet)\">\u00e9<\/a><a rel=\"noreferrer noopener\" aria-label=\" (s\u2019ouvre dans un nouvel onglet)\" href=\"mailto:secretaire@cvestavayer.ch\" target=\"_blank\">tariat<\/a>. <\/p>\n","protected":false},"excerpt":{"rendered":"<p>Les stages d&rsquo;\u00e9t\u00e9 sont organis\u00e9s du Lundi au Vendredi durant les mois de juillet et ao\u00fbt.&nbsp; Initiation ou perfectionnement pour les enfants de 8 \u00e0 18 ans. Le niveau et <a class=\"more-link\" href=\"https:\/\/cvestavayer.ch\/fr\/ecole-de-voile\/stages-dete\/\">Continuer la lecture &rarr;<\/a><\/p>\n","protected":false},"author":1,"featured_media":0,"parent":48,"menu_order":0,"comment_status":"closed","ping_status":"closed","template":"","meta":{"_monsterinsights_skip_tracking":false,"_monsterinsights_sitenote_active":false,"_monsterinsights_sitenote_note":"","_monsterinsights_sitenote_category":0,"_EventAllDay":false,"_EventTimezone":"","_EventStartDate":"","_EventEndDate":"","_EventStartDateUTC":"","_EventEndDateUTC":"","_EventShowMap":false,"_EventShowMapLink":false,"_EventURL":"","_EventCost":"","_EventCostDescription":"","_EventCurrencySymbol":"","_EventCurrencyCode":"","_EventCurrencyPosition":"","_EventDateTimeSeparator":"","_EventTimeRangeSeparator":"","_EventOrganizerID":[],"_EventVenueID":[],"_OrganizerEmail":"","_OrganizerPhone":"","_OrganizerWebsite":"","_VenueAddress":"","_VenueCity":"","_VenueCountry":"","_VenueProvince":"","_VenueState":"","_VenueZip":"","_VenuePhone":"","_VenueURL":"","_VenueStateProvince":"","_VenueLat":"","_VenueLng":"","_VenueShowMap":false,"_VenueShowMapLink":false,"footnotes":""},"class_list":["post-1434","page","type-page","status-publish","hentry"],"yoast_head":"<!-- This site is optimized with the Yoast SEO plugin v27.3 - https:\/\/yoast.com\/product\/yoast-seo-wordpress\/ -->\n<title>Stages d&#039;\u00e9t\u00e9 2026 - Cercle de la Voile d&#039;Estavayer<\/title>\n<meta name=\"robots\" content=\"index, follow, max-snippet:-1, max-image-preview:large, max-video-preview:-1\" \/>\n<link rel=\"canonical\" href=\"https:\/\/cvestavayer.ch\/fr\/ecole-de-voile\/stages-dete\/\" \/>\n<meta property=\"og:locale\" content=\"fr_FR\" \/>\n<meta property=\"og:type\" content=\"article\" \/>\n<meta property=\"og:title\" content=\"Stages d&#039;\u00e9t\u00e9 2026 - Cercle de la Voile d&#039;Estavayer\" \/>\n<meta property=\"og:description\" content=\"Les stages d&rsquo;\u00e9t\u00e9 sont organis\u00e9s du Lundi au Vendredi durant les mois de juillet et ao\u00fbt.&nbsp; Initiation ou perfectionnement pour les enfants de 8 \u00e0 18 ans. Le niveau et Continuer la lecture &rarr;\" \/>\n<meta property=\"og:url\" content=\"https:\/\/cvestavayer.ch\/fr\/ecole-de-voile\/stages-dete\/\" \/>\n<meta property=\"og:site_name\" content=\"Cercle de la Voile d&#039;Estavayer\" \/>\n<meta property=\"article:modified_time\" content=\"2025-11-26T22:05:06+00:00\" \/>\n<meta property=\"og:image\" content=\"https:\/\/cvestavayer.ch\/wp-content\/uploads\/2021\/01\/58-scaled-e1611525109400.jpg\" \/>\n\t<meta property=\"og:image:width\" content=\"2560\" \/>\n\t<meta property=\"og:image:height\" content=\"1004\" \/>\n\t<meta property=\"og:image:type\" content=\"image\/jpeg\" \/>\n<meta name=\"twitter:card\" content=\"summary_large_image\" \/>\n<meta name=\"twitter:label1\" content=\"Dur\u00e9e de lecture estim\u00e9e\" \/>\n\t<meta name=\"twitter:data1\" content=\"1 minute\" \/>\n<script type=\"application\/ld+json\" class=\"yoast-schema-graph\">{\"@context\":\"https:\\\/\\\/schema.org\",\"@graph\":[{\"@type\":\"WebPage\",\"@id\":\"https:\\\/\\\/cvestavayer.ch\\\/fr\\\/ecole-de-voile\\\/stages-dete\\\/\",\"url\":\"https:\\\/\\\/cvestavayer.ch\\\/fr\\\/ecole-de-voile\\\/stages-dete\\\/\",\"name\":\"Stages d'\u00e9t\u00e9 2026 - Cercle de la Voile d&#039;Estavayer\",\"isPartOf\":{\"@id\":\"https:\\\/\\\/cvestavayer.ch\\\/fr\\\/#website\"},\"primaryImageOfPage\":{\"@id\":\"https:\\\/\\\/cvestavayer.ch\\\/fr\\\/ecole-de-voile\\\/stages-dete\\\/#primaryimage\"},\"image\":{\"@id\":\"https:\\\/\\\/cvestavayer.ch\\\/fr\\\/ecole-de-voile\\\/stages-dete\\\/#primaryimage\"},\"thumbnailUrl\":\"http:\\\/\\\/cvestavayer.ch\\\/wp-content\\\/uploads\\\/2021\\\/01\\\/58-scaled-e1611525109400-1024x402.jpg\",\"datePublished\":\"2020-04-19T10:13:28+00:00\",\"dateModified\":\"2025-11-26T22:05:06+00:00\",\"breadcrumb\":{\"@id\":\"https:\\\/\\\/cvestavayer.ch\\\/fr\\\/ecole-de-voile\\\/stages-dete\\\/#breadcrumb\"},\"inLanguage\":\"fr-FR\",\"potentialAction\":[{\"@type\":\"ReadAction\",\"target\":[\"https:\\\/\\\/cvestavayer.ch\\\/fr\\\/ecole-de-voile\\\/stages-dete\\\/\"]}]},{\"@type\":\"ImageObject\",\"inLanguage\":\"fr-FR\",\"@id\":\"https:\\\/\\\/cvestavayer.ch\\\/fr\\\/ecole-de-voile\\\/stages-dete\\\/#primaryimage\",\"url\":\"http:\\\/\\\/cvestavayer.ch\\\/wp-content\\\/uploads\\\/2021\\\/01\\\/58-scaled-e1611525109400-1024x402.jpg\",\"contentUrl\":\"http:\\\/\\\/cvestavayer.ch\\\/wp-content\\\/uploads\\\/2021\\\/01\\\/58-scaled-e1611525109400-1024x402.jpg\"},{\"@type\":\"BreadcrumbList\",\"@id\":\"https:\\\/\\\/cvestavayer.ch\\\/fr\\\/ecole-de-voile\\\/stages-dete\\\/#breadcrumb\",\"itemListElement\":[{\"@type\":\"ListItem\",\"position\":1,\"name\":\"Accueil\",\"item\":\"https:\\\/\\\/cvestavayer.ch\\\/fr\\\/\"},{\"@type\":\"ListItem\",\"position\":2,\"name\":\"Ecole de voile\",\"item\":\"https:\\\/\\\/cvestavayer.ch\\\/fr\\\/ecole-de-voile\\\/\"},{\"@type\":\"ListItem\",\"position\":3,\"name\":\"Stages d&#8217;\u00e9t\u00e9 2023\"}]},{\"@type\":\"WebSite\",\"@id\":\"https:\\\/\\\/cvestavayer.ch\\\/fr\\\/#website\",\"url\":\"https:\\\/\\\/cvestavayer.ch\\\/fr\\\/\",\"name\":\"Cercle de la Voile d&#039;Estavayer\",\"description\":\"\",\"potentialAction\":[{\"@type\":\"SearchAction\",\"target\":{\"@type\":\"EntryPoint\",\"urlTemplate\":\"https:\\\/\\\/cvestavayer.ch\\\/fr\\\/?s={search_term_string}\"},\"query-input\":{\"@type\":\"PropertyValueSpecification\",\"valueRequired\":true,\"valueName\":\"search_term_string\"}}],\"inLanguage\":\"fr-FR\"}]}<\/script>\n<!-- \/ Yoast SEO plugin. -->","yoast_head_json":{"title":"Stages d'\u00e9t\u00e9 2026 - Cercle de la Voile d&#039;Estavayer","robots":{"index":"index","follow":"follow","max-snippet":"max-snippet:-1","max-image-preview":"max-image-preview:large","max-video-preview":"max-video-preview:-1"},"canonical":"https:\/\/cvestavayer.ch\/fr\/ecole-de-voile\/stages-dete\/","og_locale":"fr_FR","og_type":"article","og_title":"Stages d'\u00e9t\u00e9 2026 - Cercle de la Voile d&#039;Estavayer","og_description":"Les stages d&rsquo;\u00e9t\u00e9 sont organis\u00e9s du Lundi au Vendredi durant les mois de juillet et ao\u00fbt.&nbsp; Initiation ou perfectionnement pour les enfants de 8 \u00e0 18 ans. Le niveau et Continuer la lecture &rarr;","og_url":"https:\/\/cvestavayer.ch\/fr\/ecole-de-voile\/stages-dete\/","og_site_name":"Cercle de la Voile d&#039;Estavayer","article_modified_time":"2025-11-26T22:05:06+00:00","og_image":[{"width":2560,"height":1004,"url":"https:\/\/cvestavayer.ch\/wp-content\/uploads\/2021\/01\/58-scaled-e1611525109400.jpg","type":"image\/jpeg"}],"twitter_card":"summary_large_image","twitter_misc":{"Dur\u00e9e de lecture estim\u00e9e":"1 minute"},"schema":{"@context":"https:\/\/schema.org","@graph":[{"@type":"WebPage","@id":"https:\/\/cvestavayer.ch\/fr\/ecole-de-voile\/stages-dete\/","url":"https:\/\/cvestavayer.ch\/fr\/ecole-de-voile\/stages-dete\/","name":"Stages d'\u00e9t\u00e9 2026 - Cercle de la Voile d&#039;Estavayer","isPartOf":{"@id":"https:\/\/cvestavayer.ch\/fr\/#website"},"primaryImageOfPage":{"@id":"https:\/\/cvestavayer.ch\/fr\/ecole-de-voile\/stages-dete\/#primaryimage"},"image":{"@id":"https:\/\/cvestavayer.ch\/fr\/ecole-de-voile\/stages-dete\/#primaryimage"},"thumbnailUrl":"http:\/\/cvestavayer.ch\/wp-content\/uploads\/2021\/01\/58-scaled-e1611525109400-1024x402.jpg","datePublished":"2020-04-19T10:13:28+00:00","dateModified":"2025-11-26T22:05:06+00:00","breadcrumb":{"@id":"https:\/\/cvestavayer.ch\/fr\/ecole-de-voile\/stages-dete\/#breadcrumb"},"inLanguage":"fr-FR","potentialAction":[{"@type":"ReadAction","target":["https:\/\/cvestavayer.ch\/fr\/ecole-de-voile\/stages-dete\/"]}]},{"@type":"ImageObject","inLanguage":"fr-FR","@id":"https:\/\/cvestavayer.ch\/fr\/ecole-de-voile\/stages-dete\/#primaryimage","url":"http:\/\/cvestavayer.ch\/wp-content\/uploads\/2021\/01\/58-scaled-e1611525109400-1024x402.jpg","contentUrl":"http:\/\/cvestavayer.ch\/wp-content\/uploads\/2021\/01\/58-scaled-e1611525109400-1024x402.jpg"},{"@type":"BreadcrumbList","@id":"https:\/\/cvestavayer.ch\/fr\/ecole-de-voile\/stages-dete\/#breadcrumb","itemListElement":[{"@type":"ListItem","position":1,"name":"Accueil","item":"https:\/\/cvestavayer.ch\/fr\/"},{"@type":"ListItem","position":2,"name":"Ecole de voile","item":"https:\/\/cvestavayer.ch\/fr\/ecole-de-voile\/"},{"@type":"ListItem","position":3,"name":"Stages d&#8217;\u00e9t\u00e9 2023"}]},{"@type":"WebSite","@id":"https:\/\/cvestavayer.ch\/fr\/#website","url":"https:\/\/cvestavayer.ch\/fr\/","name":"Cercle de la Voile d&#039;Estavayer","description":"","potentialAction":[{"@type":"SearchAction","target":{"@type":"EntryPoint","urlTemplate":"https:\/\/cvestavayer.ch\/fr\/?s={search_term_string}"},"query-input":{"@type":"PropertyValueSpecification","valueRequired":true,"valueName":"search_term_string"}}],"inLanguage":"fr-FR"}]}},"_links":{"self":[{"href":"https:\/\/cvestavayer.ch\/fr\/wp-json\/wp\/v2\/pages\/1434","targetHints":{"allow":["GET"]}}],"collection":[{"href":"https:\/\/cvestavayer.ch\/fr\/wp-json\/wp\/v2\/pages"}],"about":[{"href":"https:\/\/cvestavayer.ch\/fr\/wp-json\/wp\/v2\/types\/page"}],"author":[{"embeddable":true,"href":"https:\/\/cvestavayer.ch\/fr\/wp-json\/wp\/v2\/users\/1"}],"replies":[{"embeddable":true,"href":"https:\/\/cvestavayer.ch\/fr\/wp-json\/wp\/v2\/comments?post=1434"}],"version-history":[{"count":24,"href":"https:\/\/cvestavayer.ch\/fr\/wp-json\/wp\/v2\/pages\/1434\/revisions"}],"predecessor-version":[{"id":46682,"href":"https:\/\/cvestavayer.ch\/fr\/wp-json\/wp\/v2\/pages\/1434\/revisions\/46682"}],"up":[{"embeddable":true,"href":"https:\/\/cvestavayer.ch\/fr\/wp-json\/wp\/v2\/pages\/48"}],"wp:attachment":[{"href":"https:\/\/cvestavayer.ch\/fr\/wp-json\/wp\/v2\/media?parent=1434"}],"curies":[{"name":"wp","href":"https:\/\/api.w.org\/{rel}","templated":true}]}}