{"id":232,"date":"2020-01-24T09:05:22","date_gmt":"2020-01-24T08:05:22","guid":{"rendered":"http:\/\/cvestavayer.ch\/fr\/?page_id=232"},"modified":"2023-03-08T19:36:52","modified_gmt":"2023-03-08T18:36:52","slug":"pour-les-ecoles","status":"publish","type":"page","link":"https:\/\/cvestavayer.ch\/fr\/ecole-de-voile\/pour-les-ecoles\/","title":{"rendered":"\u00c9coles"},"content":{"rendered":"\n<figure class=\"wp-block-image size-large\"><img loading=\"lazy\" decoding=\"async\" width=\"1024\" height=\"361\" src=\"http:\/\/cvestavayer.ch\/wp-content\/uploads\/2021\/01\/118-scaled-e1611526040301-1024x361.jpg\" alt=\"\" class=\"wp-image-43835\" srcset=\"https:\/\/cvestavayer.ch\/wp-content\/uploads\/2021\/01\/118-scaled-e1611526040301-1024x361.jpg 1024w, https:\/\/cvestavayer.ch\/wp-content\/uploads\/2021\/01\/118-scaled-e1611526040301-300x106.jpg 300w, https:\/\/cvestavayer.ch\/wp-content\/uploads\/2021\/01\/118-scaled-e1611526040301-768x271.jpg 768w, https:\/\/cvestavayer.ch\/wp-content\/uploads\/2021\/01\/118-scaled-e1611526040301-1536x541.jpg 1536w, https:\/\/cvestavayer.ch\/wp-content\/uploads\/2021\/01\/118-scaled-e1611526040301-2048x722.jpg 2048w\" sizes=\"auto, (max-width: 1024px) 100vw, 1024px\" \/><\/figure>\n\n\n\n<p>Le CVE offre la possibilit\u00e9 aux classes d&rsquo;organiser des camps de voile \u00e0  Estavayer-le-Lac. Durant 5 jours, les \u00e9l\u00e8ves sont pris en charge matins  et apr\u00e8s-midis par un groupe de moniteurs dipl\u00f4m\u00e9s J+S Kids et J+S qui  leurs feront d\u00e9couvrir le lac et la voile.<\/p>\n\n\n\n<p>Nous organisons \u00e9galement des formations d&rsquo;une ou plusieurs journ\u00e9es.<\/p>\n\n\n\n\n\n<h2 class=\"wp-block-heading\">De quoi s&rsquo;agit-il ?<\/h2>\n\n\n\n<p>Le CVE offre la possibilit\u00e9 aux classes d&rsquo;organiser des camps de voile \u00e0 Estavayer-le-Lac. Durant 5 jours, les \u00e9l\u00e8ves sont pris en charge matins et apr\u00e8s-midis par un groupe de moniteurs dipl\u00f4m\u00e9s J+S Kids et J+S qui leurs feront d\u00e9couvrir le lac et la voile.<\/p>\n\n\n\n<p>Il est \u00e9galement possible de r\u00e9server des journ\u00e9es isol\u00e9es et si l&rsquo;exp\u00e9rience est positive, vous pourrez alors envisager une semaine compl\u00e8te une prochaine fois.<\/p>\n\n\n\n<p>L\u2019exp\u00e9rience est ouverte \u00e0 toutes les \u00e9coles ainsi qu&rsquo;\u00e0 l\u2019enseignement sp\u00e9cialis\u00e9.<\/p>\n\n\n\n<h2 class=\"wp-block-heading\">Pourquoi la voile ?<\/h2>\n\n\n\n<p>Le bateau est un lieu de vie avec ses normes, ses valeurs et son rythme. En se familiarisant avec la voile, l\u2019\u00e9l\u00e8ve exerce et am\u00e9liore ses comp\u00e9tences sociales, cognitives et sportives : il d\u00e9veloppe son autonomie en toute s\u00e9curit\u00e9, il apprend \u00e0 g\u00e9rer le stress et \u00e0 collaborer. Ce camp permet aux \u00e9l\u00e8ves de d\u00e9couvrir l\u2019environnement et l&rsquo;aspect sportif du milieu lacustre.<\/p>\n\n\n\n<h2 class=\"wp-block-heading\">Comment ?<\/h2>\n\n\n\n<p>Le CVE propose un enseignement avec des groupes de maximum 20 \u00e9l\u00e8ves \u00e0 la fois. Les moniteurs choisissent les bateaux en fonction de l&rsquo;\u00e2ge des enfants et des conditions m\u00e9t\u00e9o.<\/p>\n\n\n\n<p>Pour les repas, il existe plusieurs possibilit\u00e9s:&nbsp; restaurant sur le port ou en ville, avec un parent\/accompagnant (cuisine \u00e0 disposition avec la formule h\u00e9bergement au chalet du Club)<\/p>\n\n\n\n<h2 class=\"wp-block-heading\">Les activit\u00e9s<\/h2>\n\n\n\n<p><strong>Activit\u00e9s au CVE :<\/strong><br><\/p>\n\n\n\n<ul class=\"wp-block-list\">\n<li>D\u00e9riveur d&rsquo;initiation Optimist (8-14 ans)<\/li>\n\n\n\n<li>Catamarans d&rsquo;initiation HC T1 (8-14ans)<\/li>\n\n\n\n<li>D\u00e9riveur perfectionnement de type <a href=\"https:\/\/www.rssailing.com\/fr\/project\/rs-feva\/\" target=\"_blank\" rel=\"noreferrer noopener\">RS Feva<\/a> (10-16 ans)<\/li>\n\n\n\n<li>Catamarans HC15-HC16 (\u00e0 partir de 12 ans).<\/li>\n<\/ul>\n\n\n\n<p><strong>Activit\u00e9s autour d\u2019Estavayer-le-Lac :<\/strong><\/p>\n\n\n\n<p>&#8211; Promenades \u00e0 v\u00e9lo<br>&#8211; Minigolf<br>&#8211; T\u00e9leski nautique<br>&#8211; Mur de grimpe<br>&#8211; Natation, piscine couverte<br>&#8211; Promenades\/visites<br>&#8211; Terrain de p\u00e9tanque<br>&#8211; Terrain de jeux (basket)<br>&#8211; Courts de tennis. <\/p>\n\n\n\n\n\n<h2 class=\"wp-block-heading\">Renseignements et r\u00e9servations<\/h2>\n\n\n\n<p>Pour toute information ou pour recevoir une offre, contactez notre <a href=\"mailto:secretaire@cvestavayer.ch\">secr\u00e9tariat<\/a>.<\/p>\n\n\n\n<div class=\"wp-block-buttons is-layout-flex wp-block-buttons-is-layout-flex\">\n<div class=\"wp-block-button\"><a class=\"wp-block-button__link wp-element-button\" href=\"http:\/\/cvestavayer.ch\/wp-content\/uploads\/2021\/12\/Conditions-ge\u0301ne\u0301rales-CVE-2022.pdf\">conditions g\u00e9n\u00e9rales<\/a><\/div>\n<\/div>\n\n\n\n<p><\/p>\n","protected":false},"excerpt":{"rendered":"<p>Le CVE offre la possibilit\u00e9 aux classes d&rsquo;organiser des camps de voile \u00e0 Estavayer-le-Lac. Durant 5 jours, les \u00e9l\u00e8ves sont pris en charge matins et apr\u00e8s-midis par un groupe de <a class=\"more-link\" href=\"https:\/\/cvestavayer.ch\/fr\/ecole-de-voile\/pour-les-ecoles\/\">Continuer la lecture &rarr;<\/a><\/p>\n","protected":false},"author":1,"featured_media":0,"parent":48,"menu_order":1,"comment_status":"closed","ping_status":"closed","template":"","meta":{"_monsterinsights_skip_tracking":false,"_monsterinsights_sitenote_active":false,"_monsterinsights_sitenote_note":"","_monsterinsights_sitenote_category":0,"_EventAllDay":false,"_EventTimezone":"","_EventStartDate":"","_EventEndDate":"","_EventStartDateUTC":"","_EventEndDateUTC":"","_EventShowMap":false,"_EventShowMapLink":false,"_EventURL":"","_EventCost":"","_EventCostDescription":"","_EventCurrencySymbol":"","_EventCurrencyCode":"","_EventCurrencyPosition":"","_EventDateTimeSeparator":"","_EventTimeRangeSeparator":"","_EventOrganizerID":[],"_EventVenueID":[],"_OrganizerEmail":"","_OrganizerPhone":"","_OrganizerWebsite":"","_VenueAddress":"","_VenueCity":"","_VenueCountry":"","_VenueProvince":"","_VenueState":"","_VenueZip":"","_VenuePhone":"","_VenueURL":"","_VenueStateProvince":"","_VenueLat":"","_VenueLng":"","_VenueShowMap":false,"_VenueShowMapLink":false,"footnotes":""},"class_list":["post-232","page","type-page","status-publish","hentry"],"yoast_head":"<!-- This site is optimized with the Yoast SEO plugin v27.3 - https:\/\/yoast.com\/product\/yoast-seo-wordpress\/ -->\n<title>\u00c9coles - Cercle de la Voile d&#039;Estavayer<\/title>\n<meta name=\"robots\" content=\"index, follow, max-snippet:-1, max-image-preview:large, max-video-preview:-1\" \/>\n<link rel=\"canonical\" href=\"https:\/\/cvestavayer.ch\/fr\/ecole-de-voile\/pour-les-ecoles\/\" \/>\n<meta property=\"og:locale\" content=\"fr_FR\" \/>\n<meta property=\"og:type\" content=\"article\" \/>\n<meta property=\"og:title\" content=\"\u00c9coles - Cercle de la Voile d&#039;Estavayer\" \/>\n<meta property=\"og:description\" content=\"Le CVE offre la possibilit\u00e9 aux classes d&rsquo;organiser des camps de voile \u00e0 Estavayer-le-Lac. Durant 5 jours, les \u00e9l\u00e8ves sont pris en charge matins et apr\u00e8s-midis par un groupe de Continuer la lecture &rarr;\" \/>\n<meta property=\"og:url\" content=\"https:\/\/cvestavayer.ch\/fr\/ecole-de-voile\/pour-les-ecoles\/\" \/>\n<meta property=\"og:site_name\" content=\"Cercle de la Voile d&#039;Estavayer\" \/>\n<meta property=\"article:modified_time\" content=\"2023-03-08T18:36:52+00:00\" \/>\n<meta property=\"og:image\" content=\"http:\/\/cvestavayer.ch\/wp-content\/uploads\/2021\/01\/118-scaled-e1611526040301-1024x361.jpg\" \/>\n<meta name=\"twitter:card\" content=\"summary_large_image\" \/>\n<meta name=\"twitter:label1\" content=\"Dur\u00e9e de lecture estim\u00e9e\" \/>\n\t<meta name=\"twitter:data1\" content=\"2 minutes\" \/>\n<script type=\"application\/ld+json\" class=\"yoast-schema-graph\">{\"@context\":\"https:\\\/\\\/schema.org\",\"@graph\":[{\"@type\":\"WebPage\",\"@id\":\"https:\\\/\\\/cvestavayer.ch\\\/fr\\\/ecole-de-voile\\\/pour-les-ecoles\\\/\",\"url\":\"https:\\\/\\\/cvestavayer.ch\\\/fr\\\/ecole-de-voile\\\/pour-les-ecoles\\\/\",\"name\":\"\u00c9coles - Cercle de la Voile d&#039;Estavayer\",\"isPartOf\":{\"@id\":\"https:\\\/\\\/cvestavayer.ch\\\/fr\\\/#website\"},\"primaryImageOfPage\":{\"@id\":\"https:\\\/\\\/cvestavayer.ch\\\/fr\\\/ecole-de-voile\\\/pour-les-ecoles\\\/#primaryimage\"},\"image\":{\"@id\":\"https:\\\/\\\/cvestavayer.ch\\\/fr\\\/ecole-de-voile\\\/pour-les-ecoles\\\/#primaryimage\"},\"thumbnailUrl\":\"http:\\\/\\\/cvestavayer.ch\\\/wp-content\\\/uploads\\\/2021\\\/01\\\/118-scaled-e1611526040301-1024x361.jpg\",\"datePublished\":\"2020-01-24T08:05:22+00:00\",\"dateModified\":\"2023-03-08T18:36:52+00:00\",\"breadcrumb\":{\"@id\":\"https:\\\/\\\/cvestavayer.ch\\\/fr\\\/ecole-de-voile\\\/pour-les-ecoles\\\/#breadcrumb\"},\"inLanguage\":\"fr-FR\",\"potentialAction\":[{\"@type\":\"ReadAction\",\"target\":[\"https:\\\/\\\/cvestavayer.ch\\\/fr\\\/ecole-de-voile\\\/pour-les-ecoles\\\/\"]}]},{\"@type\":\"ImageObject\",\"inLanguage\":\"fr-FR\",\"@id\":\"https:\\\/\\\/cvestavayer.ch\\\/fr\\\/ecole-de-voile\\\/pour-les-ecoles\\\/#primaryimage\",\"url\":\"http:\\\/\\\/cvestavayer.ch\\\/wp-content\\\/uploads\\\/2021\\\/01\\\/118-scaled-e1611526040301-1024x361.jpg\",\"contentUrl\":\"http:\\\/\\\/cvestavayer.ch\\\/wp-content\\\/uploads\\\/2021\\\/01\\\/118-scaled-e1611526040301-1024x361.jpg\"},{\"@type\":\"BreadcrumbList\",\"@id\":\"https:\\\/\\\/cvestavayer.ch\\\/fr\\\/ecole-de-voile\\\/pour-les-ecoles\\\/#breadcrumb\",\"itemListElement\":[{\"@type\":\"ListItem\",\"position\":1,\"name\":\"Accueil\",\"item\":\"https:\\\/\\\/cvestavayer.ch\\\/fr\\\/\"},{\"@type\":\"ListItem\",\"position\":2,\"name\":\"Ecole de voile\",\"item\":\"https:\\\/\\\/cvestavayer.ch\\\/fr\\\/ecole-de-voile\\\/\"},{\"@type\":\"ListItem\",\"position\":3,\"name\":\"\u00c9coles\"}]},{\"@type\":\"WebSite\",\"@id\":\"https:\\\/\\\/cvestavayer.ch\\\/fr\\\/#website\",\"url\":\"https:\\\/\\\/cvestavayer.ch\\\/fr\\\/\",\"name\":\"Cercle de la Voile d&#039;Estavayer\",\"description\":\"\",\"potentialAction\":[{\"@type\":\"SearchAction\",\"target\":{\"@type\":\"EntryPoint\",\"urlTemplate\":\"https:\\\/\\\/cvestavayer.ch\\\/fr\\\/?s={search_term_string}\"},\"query-input\":{\"@type\":\"PropertyValueSpecification\",\"valueRequired\":true,\"valueName\":\"search_term_string\"}}],\"inLanguage\":\"fr-FR\"}]}<\/script>\n<!-- \/ Yoast SEO plugin. -->","yoast_head_json":{"title":"\u00c9coles - Cercle de la Voile d&#039;Estavayer","robots":{"index":"index","follow":"follow","max-snippet":"max-snippet:-1","max-image-preview":"max-image-preview:large","max-video-preview":"max-video-preview:-1"},"canonical":"https:\/\/cvestavayer.ch\/fr\/ecole-de-voile\/pour-les-ecoles\/","og_locale":"fr_FR","og_type":"article","og_title":"\u00c9coles - Cercle de la Voile d&#039;Estavayer","og_description":"Le CVE offre la possibilit\u00e9 aux classes d&rsquo;organiser des camps de voile \u00e0 Estavayer-le-Lac. Durant 5 jours, les \u00e9l\u00e8ves sont pris en charge matins et apr\u00e8s-midis par un groupe de Continuer la lecture &rarr;","og_url":"https:\/\/cvestavayer.ch\/fr\/ecole-de-voile\/pour-les-ecoles\/","og_site_name":"Cercle de la Voile d&#039;Estavayer","article_modified_time":"2023-03-08T18:36:52+00:00","og_image":[{"url":"http:\/\/cvestavayer.ch\/wp-content\/uploads\/2021\/01\/118-scaled-e1611526040301-1024x361.jpg","type":"","width":"","height":""}],"twitter_card":"summary_large_image","twitter_misc":{"Dur\u00e9e de lecture estim\u00e9e":"2 minutes"},"schema":{"@context":"https:\/\/schema.org","@graph":[{"@type":"WebPage","@id":"https:\/\/cvestavayer.ch\/fr\/ecole-de-voile\/pour-les-ecoles\/","url":"https:\/\/cvestavayer.ch\/fr\/ecole-de-voile\/pour-les-ecoles\/","name":"\u00c9coles - Cercle de la Voile d&#039;Estavayer","isPartOf":{"@id":"https:\/\/cvestavayer.ch\/fr\/#website"},"primaryImageOfPage":{"@id":"https:\/\/cvestavayer.ch\/fr\/ecole-de-voile\/pour-les-ecoles\/#primaryimage"},"image":{"@id":"https:\/\/cvestavayer.ch\/fr\/ecole-de-voile\/pour-les-ecoles\/#primaryimage"},"thumbnailUrl":"http:\/\/cvestavayer.ch\/wp-content\/uploads\/2021\/01\/118-scaled-e1611526040301-1024x361.jpg","datePublished":"2020-01-24T08:05:22+00:00","dateModified":"2023-03-08T18:36:52+00:00","breadcrumb":{"@id":"https:\/\/cvestavayer.ch\/fr\/ecole-de-voile\/pour-les-ecoles\/#breadcrumb"},"inLanguage":"fr-FR","potentialAction":[{"@type":"ReadAction","target":["https:\/\/cvestavayer.ch\/fr\/ecole-de-voile\/pour-les-ecoles\/"]}]},{"@type":"ImageObject","inLanguage":"fr-FR","@id":"https:\/\/cvestavayer.ch\/fr\/ecole-de-voile\/pour-les-ecoles\/#primaryimage","url":"http:\/\/cvestavayer.ch\/wp-content\/uploads\/2021\/01\/118-scaled-e1611526040301-1024x361.jpg","contentUrl":"http:\/\/cvestavayer.ch\/wp-content\/uploads\/2021\/01\/118-scaled-e1611526040301-1024x361.jpg"},{"@type":"BreadcrumbList","@id":"https:\/\/cvestavayer.ch\/fr\/ecole-de-voile\/pour-les-ecoles\/#breadcrumb","itemListElement":[{"@type":"ListItem","position":1,"name":"Accueil","item":"https:\/\/cvestavayer.ch\/fr\/"},{"@type":"ListItem","position":2,"name":"Ecole de voile","item":"https:\/\/cvestavayer.ch\/fr\/ecole-de-voile\/"},{"@type":"ListItem","position":3,"name":"\u00c9coles"}]},{"@type":"WebSite","@id":"https:\/\/cvestavayer.ch\/fr\/#website","url":"https:\/\/cvestavayer.ch\/fr\/","name":"Cercle de la Voile d&#039;Estavayer","description":"","potentialAction":[{"@type":"SearchAction","target":{"@type":"EntryPoint","urlTemplate":"https:\/\/cvestavayer.ch\/fr\/?s={search_term_string}"},"query-input":{"@type":"PropertyValueSpecification","valueRequired":true,"valueName":"search_term_string"}}],"inLanguage":"fr-FR"}]}},"_links":{"self":[{"href":"https:\/\/cvestavayer.ch\/fr\/wp-json\/wp\/v2\/pages\/232","targetHints":{"allow":["GET"]}}],"collection":[{"href":"https:\/\/cvestavayer.ch\/fr\/wp-json\/wp\/v2\/pages"}],"about":[{"href":"https:\/\/cvestavayer.ch\/fr\/wp-json\/wp\/v2\/types\/page"}],"author":[{"embeddable":true,"href":"https:\/\/cvestavayer.ch\/fr\/wp-json\/wp\/v2\/users\/1"}],"replies":[{"embeddable":true,"href":"https:\/\/cvestavayer.ch\/fr\/wp-json\/wp\/v2\/comments?post=232"}],"version-history":[{"count":10,"href":"https:\/\/cvestavayer.ch\/fr\/wp-json\/wp\/v2\/pages\/232\/revisions"}],"predecessor-version":[{"id":45120,"href":"https:\/\/cvestavayer.ch\/fr\/wp-json\/wp\/v2\/pages\/232\/revisions\/45120"}],"up":[{"embeddable":true,"href":"https:\/\/cvestavayer.ch\/fr\/wp-json\/wp\/v2\/pages\/48"}],"wp:attachment":[{"href":"https:\/\/cvestavayer.ch\/fr\/wp-json\/wp\/v2\/media?parent=232"}],"curies":[{"name":"wp","href":"https:\/\/api.w.org\/{rel}","templated":true}]}}