{"id":2858,"date":"2020-06-28T23:31:18","date_gmt":"2020-06-28T21:31:18","guid":{"rendered":"http:\/\/cvestavayer.ch\/fr\/?page_id=2858"},"modified":"2026-04-03T12:27:23","modified_gmt":"2026-04-03T10:27:23","slug":"le-regate-du-mercredi","status":"publish","type":"page","link":"https:\/\/cvestavayer.ch\/fr\/club\/le-regate-du-mercredi\/","title":{"rendered":"La R\u00e9gate du Mercredi"},"content":{"rendered":"\n<figure class=\"wp-block-image size-large\"><img loading=\"lazy\" decoding=\"async\" width=\"1024\" height=\"223\" src=\"http:\/\/cvestavayer.ch\/wp-content\/uploads\/2021\/01\/7-e1611605256253-1024x223.jpg\" alt=\"\" class=\"wp-image-43881\" srcset=\"https:\/\/cvestavayer.ch\/wp-content\/uploads\/2021\/01\/7-e1611605256253-1024x223.jpg 1024w, https:\/\/cvestavayer.ch\/wp-content\/uploads\/2021\/01\/7-e1611605256253-300x65.jpg 300w, https:\/\/cvestavayer.ch\/wp-content\/uploads\/2021\/01\/7-e1611605256253-768x167.jpg 768w, https:\/\/cvestavayer.ch\/wp-content\/uploads\/2021\/01\/7-e1611605256253-1536x334.jpg 1536w, https:\/\/cvestavayer.ch\/wp-content\/uploads\/2021\/01\/7-e1611605256253.jpg 2048w\" sizes=\"auto, (max-width: 1024px) 100vw, 1024px\" \/><\/figure>\n\n\n\n<p>Un d\u00e9part de r\u00e9gate sera donn\u00e9 <strong>\u00e0 18h30<\/strong> <strong>tous les mercredis du 29.04.2026 au 29.09.2026<\/strong> par notre chef de base.<\/p>\n\n\n\n<p>Tous les bateaux effectueront le m\u00eame parcours, celui-ci variera en fonction des conditions m\u00e9t\u00e9os avec parfois des parcours \u00ab\u00a0c\u00f4tiers\u00a0\u00bb et parfois des parcours \u00ab\u00a0banane\u00a0\u00bb. Les informations seront communiqu\u00e9es comme pr\u00e9c\u00e9demment via le groupe WhatsApp auquel vous pouvez vous inscrire \u00e0 l&rsquo;aide du QR-code ci-dessous.<\/p>\n\n\n\n<p>Un classement sera \u00e9tabli apr\u00e8s chaque r\u00e9gate ainsi qu&rsquo;un classement g\u00e9n\u00e9ral en fin d&rsquo;ann\u00e9e. <a href=\"https:\/\/www.manage2sail.com\/fr-FR\/event\/030f70a0-879c-42a7-95ef-09a82eb4279b#!\/\">Inscrivez-vous et retrouvez les informations sur les parcours sur Manage2Sail<\/a><\/p>\n\n\n\n<div class=\"wp-block-media-text has-media-on-the-right\" style=\"grid-template-columns:auto 15%\"><div class=\"wp-block-media-text__content\">\n<p class=\"has-text-align-center\">Rejoignez le groupe WhatsApp pour obtenir toutes les infos en <br>scannant ce QR-code:<\/p>\n<\/div><figure class=\"wp-block-media-text__media\"><img loading=\"lazy\" decoding=\"async\" width=\"750\" height=\"750\" src=\"https:\/\/cvestavayer.ch\/wp-content\/uploads\/2025\/04\/QR-code-sortie-du-mercredi-1.jpg\" alt=\"\" class=\"wp-image-46322 size-full\" srcset=\"https:\/\/cvestavayer.ch\/wp-content\/uploads\/2025\/04\/QR-code-sortie-du-mercredi-1.jpg 750w, https:\/\/cvestavayer.ch\/wp-content\/uploads\/2025\/04\/QR-code-sortie-du-mercredi-1-300x300.jpg 300w, https:\/\/cvestavayer.ch\/wp-content\/uploads\/2025\/04\/QR-code-sortie-du-mercredi-1-150x150.jpg 150w\" sizes=\"auto, (max-width: 750px) 100vw, 750px\" \/><\/figure><\/div>\n\n\n\n<figure class=\"wp-block-image alignfull size-full\"><img loading=\"lazy\" decoding=\"async\" width=\"1080\" height=\"1350\" src=\"https:\/\/cvestavayer.ch\/wp-content\/uploads\/2026\/04\/cf5190ed-de39-46e5-9cb2-34b52ba3b2e3.jpeg\" alt=\"\" class=\"wp-image-46804\" srcset=\"https:\/\/cvestavayer.ch\/wp-content\/uploads\/2026\/04\/cf5190ed-de39-46e5-9cb2-34b52ba3b2e3.jpeg 1080w, https:\/\/cvestavayer.ch\/wp-content\/uploads\/2026\/04\/cf5190ed-de39-46e5-9cb2-34b52ba3b2e3-240x300.jpeg 240w, https:\/\/cvestavayer.ch\/wp-content\/uploads\/2026\/04\/cf5190ed-de39-46e5-9cb2-34b52ba3b2e3-819x1024.jpeg 819w, https:\/\/cvestavayer.ch\/wp-content\/uploads\/2026\/04\/cf5190ed-de39-46e5-9cb2-34b52ba3b2e3-768x960.jpeg 768w\" sizes=\"auto, (max-width: 1080px) 100vw, 1080px\" \/><\/figure>\n\n\n\n<p>L&rsquo;objectif de cet \u00e9v\u00e9nement est de se retrouver entre passionn\u00e9s et de permettre \u00e0 la fois aux r\u00e9gatiers de s&rsquo;am\u00e9liorer mais \u00e9galement aux plaisanciers de partager un bon moment sur l&rsquo;eau, puis autour d&rsquo;un repas. Nous vous donnons pour cela rendez-vous au Nomade apr\u00e8s la sortie, sauf une fois par mois ou une grillade conviviale sera organis\u00e9e.<\/p>\n","protected":false},"excerpt":{"rendered":"<p>Un d\u00e9part de r\u00e9gate sera donn\u00e9 \u00e0 18h30 tous les mercredis du 29.04.2026 au 29.09.2026 par notre chef de base. Tous les bateaux effectueront le m\u00eame parcours, celui-ci variera en <a class=\"more-link\" href=\"https:\/\/cvestavayer.ch\/fr\/club\/le-regate-du-mercredi\/\">Continuer la lecture &rarr;<\/a><\/p>\n","protected":false},"author":1,"featured_media":0,"parent":103,"menu_order":0,"comment_status":"closed","ping_status":"closed","template":"","meta":{"_monsterinsights_skip_tracking":false,"_monsterinsights_sitenote_active":false,"_monsterinsights_sitenote_note":"","_monsterinsights_sitenote_category":0,"_EventAllDay":false,"_EventTimezone":"","_EventStartDate":"","_EventEndDate":"","_EventStartDateUTC":"","_EventEndDateUTC":"","_EventShowMap":false,"_EventShowMapLink":false,"_EventURL":"","_EventCost":"","_EventCostDescription":"","_EventCurrencySymbol":"","_EventCurrencyCode":"","_EventCurrencyPosition":"","_EventDateTimeSeparator":"","_EventTimeRangeSeparator":"","_EventOrganizerID":[],"_EventVenueID":[],"_OrganizerEmail":"","_OrganizerPhone":"","_OrganizerWebsite":"","_VenueAddress":"","_VenueCity":"","_VenueCountry":"","_VenueProvince":"","_VenueState":"","_VenueZip":"","_VenuePhone":"","_VenueURL":"","_VenueStateProvince":"","_VenueLat":"","_VenueLng":"","_VenueShowMap":false,"_VenueShowMapLink":false,"footnotes":""},"class_list":["post-2858","page","type-page","status-publish","hentry"],"yoast_head":"<!-- This site is optimized with the Yoast SEO plugin v27.4 - https:\/\/yoast.com\/product\/yoast-seo-wordpress\/ -->\n<title>La R\u00e9gate du Mercredi - Cercle de la Voile d&#039;Estavayer<\/title>\n<meta name=\"robots\" content=\"index, follow, max-snippet:-1, max-image-preview:large, max-video-preview:-1\" \/>\n<link rel=\"canonical\" href=\"https:\/\/cvestavayer.ch\/fr\/club\/le-regate-du-mercredi\/\" \/>\n<meta property=\"og:locale\" content=\"fr_FR\" \/>\n<meta property=\"og:type\" content=\"article\" \/>\n<meta property=\"og:title\" content=\"La R\u00e9gate du Mercredi - Cercle de la Voile d&#039;Estavayer\" \/>\n<meta property=\"og:description\" content=\"Un d\u00e9part de r\u00e9gate sera donn\u00e9 \u00e0 18h30 tous les mercredis du 29.04.2026 au 29.09.2026 par notre chef de base. Tous les bateaux effectueront le m\u00eame parcours, celui-ci variera en Continuer la lecture &rarr;\" \/>\n<meta property=\"og:url\" content=\"https:\/\/cvestavayer.ch\/fr\/club\/le-regate-du-mercredi\/\" \/>\n<meta property=\"og:site_name\" content=\"Cercle de la Voile d&#039;Estavayer\" \/>\n<meta property=\"article:modified_time\" content=\"2026-04-03T10:27:23+00:00\" \/>\n<meta property=\"og:image\" content=\"https:\/\/cvestavayer.ch\/wp-content\/uploads\/2021\/01\/7-e1611605256253.jpg\" \/>\n\t<meta property=\"og:image:width\" content=\"2048\" \/>\n\t<meta property=\"og:image:height\" content=\"445\" \/>\n\t<meta property=\"og:image:type\" content=\"image\/jpeg\" \/>\n<meta name=\"twitter:card\" content=\"summary_large_image\" \/>\n<meta name=\"twitter:label1\" content=\"Dur\u00e9e de lecture estim\u00e9e\" \/>\n\t<meta name=\"twitter:data1\" content=\"2 minutes\" \/>\n<script type=\"application\/ld+json\" class=\"yoast-schema-graph\">{\"@context\":\"https:\\\/\\\/schema.org\",\"@graph\":[{\"@type\":\"WebPage\",\"@id\":\"https:\\\/\\\/cvestavayer.ch\\\/fr\\\/club\\\/le-regate-du-mercredi\\\/\",\"url\":\"https:\\\/\\\/cvestavayer.ch\\\/fr\\\/club\\\/le-regate-du-mercredi\\\/\",\"name\":\"La R\u00e9gate du Mercredi - Cercle de la Voile d&#039;Estavayer\",\"isPartOf\":{\"@id\":\"https:\\\/\\\/cvestavayer.ch\\\/fr\\\/#website\"},\"primaryImageOfPage\":{\"@id\":\"https:\\\/\\\/cvestavayer.ch\\\/fr\\\/club\\\/le-regate-du-mercredi\\\/#primaryimage\"},\"image\":{\"@id\":\"https:\\\/\\\/cvestavayer.ch\\\/fr\\\/club\\\/le-regate-du-mercredi\\\/#primaryimage\"},\"thumbnailUrl\":\"http:\\\/\\\/cvestavayer.ch\\\/wp-content\\\/uploads\\\/2021\\\/01\\\/7-e1611605256253-1024x223.jpg\",\"datePublished\":\"2020-06-28T21:31:18+00:00\",\"dateModified\":\"2026-04-03T10:27:23+00:00\",\"breadcrumb\":{\"@id\":\"https:\\\/\\\/cvestavayer.ch\\\/fr\\\/club\\\/le-regate-du-mercredi\\\/#breadcrumb\"},\"inLanguage\":\"fr-FR\",\"potentialAction\":[{\"@type\":\"ReadAction\",\"target\":[\"https:\\\/\\\/cvestavayer.ch\\\/fr\\\/club\\\/le-regate-du-mercredi\\\/\"]}]},{\"@type\":\"ImageObject\",\"inLanguage\":\"fr-FR\",\"@id\":\"https:\\\/\\\/cvestavayer.ch\\\/fr\\\/club\\\/le-regate-du-mercredi\\\/#primaryimage\",\"url\":\"http:\\\/\\\/cvestavayer.ch\\\/wp-content\\\/uploads\\\/2021\\\/01\\\/7-e1611605256253-1024x223.jpg\",\"contentUrl\":\"http:\\\/\\\/cvestavayer.ch\\\/wp-content\\\/uploads\\\/2021\\\/01\\\/7-e1611605256253-1024x223.jpg\"},{\"@type\":\"BreadcrumbList\",\"@id\":\"https:\\\/\\\/cvestavayer.ch\\\/fr\\\/club\\\/le-regate-du-mercredi\\\/#breadcrumb\",\"itemListElement\":[{\"@type\":\"ListItem\",\"position\":1,\"name\":\"Accueil\",\"item\":\"https:\\\/\\\/cvestavayer.ch\\\/fr\\\/\"},{\"@type\":\"ListItem\",\"position\":2,\"name\":\"Club\",\"item\":\"https:\\\/\\\/cvestavayer.ch\\\/fr\\\/club\\\/\"},{\"@type\":\"ListItem\",\"position\":3,\"name\":\"La R\u00e9gate du Jeudi\"}]},{\"@type\":\"WebSite\",\"@id\":\"https:\\\/\\\/cvestavayer.ch\\\/fr\\\/#website\",\"url\":\"https:\\\/\\\/cvestavayer.ch\\\/fr\\\/\",\"name\":\"Cercle de la Voile d&#039;Estavayer\",\"description\":\"\",\"potentialAction\":[{\"@type\":\"SearchAction\",\"target\":{\"@type\":\"EntryPoint\",\"urlTemplate\":\"https:\\\/\\\/cvestavayer.ch\\\/fr\\\/?s={search_term_string}\"},\"query-input\":{\"@type\":\"PropertyValueSpecification\",\"valueRequired\":true,\"valueName\":\"search_term_string\"}}],\"inLanguage\":\"fr-FR\"}]}<\/script>\n<!-- \/ Yoast SEO plugin. -->","yoast_head_json":{"title":"La R\u00e9gate du Mercredi - Cercle de la Voile d&#039;Estavayer","robots":{"index":"index","follow":"follow","max-snippet":"max-snippet:-1","max-image-preview":"max-image-preview:large","max-video-preview":"max-video-preview:-1"},"canonical":"https:\/\/cvestavayer.ch\/fr\/club\/le-regate-du-mercredi\/","og_locale":"fr_FR","og_type":"article","og_title":"La R\u00e9gate du Mercredi - Cercle de la Voile d&#039;Estavayer","og_description":"Un d\u00e9part de r\u00e9gate sera donn\u00e9 \u00e0 18h30 tous les mercredis du 29.04.2026 au 29.09.2026 par notre chef de base. Tous les bateaux effectueront le m\u00eame parcours, celui-ci variera en Continuer la lecture &rarr;","og_url":"https:\/\/cvestavayer.ch\/fr\/club\/le-regate-du-mercredi\/","og_site_name":"Cercle de la Voile d&#039;Estavayer","article_modified_time":"2026-04-03T10:27:23+00:00","og_image":[{"width":2048,"height":445,"url":"https:\/\/cvestavayer.ch\/wp-content\/uploads\/2021\/01\/7-e1611605256253.jpg","type":"image\/jpeg"}],"twitter_card":"summary_large_image","twitter_misc":{"Dur\u00e9e de lecture estim\u00e9e":"2 minutes"},"schema":{"@context":"https:\/\/schema.org","@graph":[{"@type":"WebPage","@id":"https:\/\/cvestavayer.ch\/fr\/club\/le-regate-du-mercredi\/","url":"https:\/\/cvestavayer.ch\/fr\/club\/le-regate-du-mercredi\/","name":"La R\u00e9gate du Mercredi - Cercle de la Voile d&#039;Estavayer","isPartOf":{"@id":"https:\/\/cvestavayer.ch\/fr\/#website"},"primaryImageOfPage":{"@id":"https:\/\/cvestavayer.ch\/fr\/club\/le-regate-du-mercredi\/#primaryimage"},"image":{"@id":"https:\/\/cvestavayer.ch\/fr\/club\/le-regate-du-mercredi\/#primaryimage"},"thumbnailUrl":"http:\/\/cvestavayer.ch\/wp-content\/uploads\/2021\/01\/7-e1611605256253-1024x223.jpg","datePublished":"2020-06-28T21:31:18+00:00","dateModified":"2026-04-03T10:27:23+00:00","breadcrumb":{"@id":"https:\/\/cvestavayer.ch\/fr\/club\/le-regate-du-mercredi\/#breadcrumb"},"inLanguage":"fr-FR","potentialAction":[{"@type":"ReadAction","target":["https:\/\/cvestavayer.ch\/fr\/club\/le-regate-du-mercredi\/"]}]},{"@type":"ImageObject","inLanguage":"fr-FR","@id":"https:\/\/cvestavayer.ch\/fr\/club\/le-regate-du-mercredi\/#primaryimage","url":"http:\/\/cvestavayer.ch\/wp-content\/uploads\/2021\/01\/7-e1611605256253-1024x223.jpg","contentUrl":"http:\/\/cvestavayer.ch\/wp-content\/uploads\/2021\/01\/7-e1611605256253-1024x223.jpg"},{"@type":"BreadcrumbList","@id":"https:\/\/cvestavayer.ch\/fr\/club\/le-regate-du-mercredi\/#breadcrumb","itemListElement":[{"@type":"ListItem","position":1,"name":"Accueil","item":"https:\/\/cvestavayer.ch\/fr\/"},{"@type":"ListItem","position":2,"name":"Club","item":"https:\/\/cvestavayer.ch\/fr\/club\/"},{"@type":"ListItem","position":3,"name":"La R\u00e9gate du Jeudi"}]},{"@type":"WebSite","@id":"https:\/\/cvestavayer.ch\/fr\/#website","url":"https:\/\/cvestavayer.ch\/fr\/","name":"Cercle de la Voile d&#039;Estavayer","description":"","potentialAction":[{"@type":"SearchAction","target":{"@type":"EntryPoint","urlTemplate":"https:\/\/cvestavayer.ch\/fr\/?s={search_term_string}"},"query-input":{"@type":"PropertyValueSpecification","valueRequired":true,"valueName":"search_term_string"}}],"inLanguage":"fr-FR"}]}},"_links":{"self":[{"href":"https:\/\/cvestavayer.ch\/fr\/wp-json\/wp\/v2\/pages\/2858","targetHints":{"allow":["GET"]}}],"collection":[{"href":"https:\/\/cvestavayer.ch\/fr\/wp-json\/wp\/v2\/pages"}],"about":[{"href":"https:\/\/cvestavayer.ch\/fr\/wp-json\/wp\/v2\/types\/page"}],"author":[{"embeddable":true,"href":"https:\/\/cvestavayer.ch\/fr\/wp-json\/wp\/v2\/users\/1"}],"replies":[{"embeddable":true,"href":"https:\/\/cvestavayer.ch\/fr\/wp-json\/wp\/v2\/comments?post=2858"}],"version-history":[{"count":50,"href":"https:\/\/cvestavayer.ch\/fr\/wp-json\/wp\/v2\/pages\/2858\/revisions"}],"predecessor-version":[{"id":46805,"href":"https:\/\/cvestavayer.ch\/fr\/wp-json\/wp\/v2\/pages\/2858\/revisions\/46805"}],"up":[{"embeddable":true,"href":"https:\/\/cvestavayer.ch\/fr\/wp-json\/wp\/v2\/pages\/103"}],"wp:attachment":[{"href":"https:\/\/cvestavayer.ch\/fr\/wp-json\/wp\/v2\/media?parent=2858"}],"curies":[{"name":"wp","href":"https:\/\/api.w.org\/{rel}","templated":true}]}}