{"id":313,"date":"2020-01-24T11:28:38","date_gmt":"2020-01-24T10:28:38","guid":{"rendered":"http:\/\/cvestavayer.ch\/fr\/?page_id=313"},"modified":"2026-04-19T20:50:32","modified_gmt":"2026-04-19T18:50:32","slug":"comite","status":"publish","type":"page","link":"https:\/\/cvestavayer.ch\/fr\/club\/comite\/","title":{"rendered":"Comit\u00e9"},"content":{"rendered":"\n<h2 class=\"wp-block-heading has-text-align-center\">Comit\u00e9<\/h2>\n\n\n\n<div class=\"wp-block-media-text alignwide is-stacked-on-mobile\" style=\"grid-template-columns:20% auto\"><figure class=\"wp-block-media-text__media\"><img loading=\"lazy\" decoding=\"async\" width=\"250\" height=\"375\" src=\"http:\/\/cvestavayer.ch\/wp-content\/uploads\/2020\/06\/AC.png\" alt=\"\" class=\"wp-image-1628 size-full\" srcset=\"https:\/\/cvestavayer.ch\/wp-content\/uploads\/2020\/06\/AC.png 250w, https:\/\/cvestavayer.ch\/wp-content\/uploads\/2020\/06\/AC-200x300.png 200w\" sizes=\"auto, (max-width: 250px) 100vw, 250px\" \/><\/figure><div class=\"wp-block-media-text__content\">\n<h4 class=\"wp-block-heading\">Antoine Charaudeau<\/h4>\n\n\n\n<p>Co-Pr\u00e9sident<\/p>\n\n\n\n<p>T\u00e9l: 079 508 48 38<br><a href=\"mailto:president@cvestavayer.ch\" target=\"_blank\" rel=\"noreferrer noopener\">president(a)cvestavayer.ch<\/a><\/p>\n<\/div><\/div>\n\n\n\n<div class=\"wp-block-media-text alignwide is-stacked-on-mobile\" style=\"grid-template-columns:20% auto\"><figure class=\"wp-block-media-text__media\"><img loading=\"lazy\" decoding=\"async\" width=\"250\" height=\"375\" src=\"http:\/\/cvestavayer.ch\/wp-content\/uploads\/2020\/06\/JPO.png\" alt=\"\" class=\"wp-image-1626 size-full\" srcset=\"https:\/\/cvestavayer.ch\/wp-content\/uploads\/2020\/06\/JPO.png 250w, https:\/\/cvestavayer.ch\/wp-content\/uploads\/2020\/06\/JPO-200x300.png 200w\" sizes=\"auto, (max-width: 250px) 100vw, 250px\" \/><\/figure><div class=\"wp-block-media-text__content\">\n<h4 class=\"wp-block-heading\">Jean-Pierre Oudot<\/h4>\n\n\n\n<p>Co-Pr\u00e9sident<\/p>\n\n\n\n<p>T\u00e9l : 079 321 44 07<br><a href=\"mailto:president@cvestavayer.ch\" target=\"_blank\" rel=\"noreferrer noopener\">president(a)cvestavayer.ch<\/a><\/p>\n<\/div><\/div>\n\n\n\n<div class=\"wp-block-media-text alignwide is-stacked-on-mobile\" style=\"grid-template-columns:20% auto\"><figure class=\"wp-block-media-text__media\"><img loading=\"lazy\" decoding=\"async\" width=\"140\" height=\"199\" src=\"http:\/\/cvestavayer.ch\/wp-content\/uploads\/2022\/06\/Toni.jpg\" alt=\"\" class=\"wp-image-44573 size-full\"\/><\/figure><div class=\"wp-block-media-text__content\">\n<h4 class=\"wp-block-heading\">Toni Utiger<\/h4>\n\n\n\n<p>Groupe R\u00e9gate<\/p>\n\n\n\n<p>T\u00e9l : 079 414 17 41<br><a href=\"mailto:regates@cvestavayer.ch\" target=\"_blank\" rel=\"noreferrer noopener\">regates(a)cvestavayer.ch<\/a><\/p>\n<\/div><\/div>\n\n\n\n<div class=\"wp-block-media-text alignwide is-stacked-on-mobile\" style=\"grid-template-columns:20% auto\"><figure class=\"wp-block-media-text__media\"><img loading=\"lazy\" decoding=\"async\" width=\"245\" height=\"374\" src=\"http:\/\/cvestavayer.ch\/wp-content\/uploads\/2022\/12\/Marie.jpg\" alt=\"\" class=\"wp-image-44833 size-full\" srcset=\"https:\/\/cvestavayer.ch\/wp-content\/uploads\/2022\/12\/Marie.jpg 245w, https:\/\/cvestavayer.ch\/wp-content\/uploads\/2022\/12\/Marie-197x300.jpg 197w\" sizes=\"auto, (max-width: 245px) 100vw, 245px\" \/><\/figure><div class=\"wp-block-media-text__content\">\n<h4 class=\"wp-block-heading\">Marie Danr\u00e9<\/h4>\n\n\n\n<p>Communication<\/p>\n\n\n\n<p><br><a href=\"mailto:communication@cvestavayer.ch\">communication(a)cvestavayer.ch<\/a><\/p>\n<\/div><\/div>\n\n\n\n<div class=\"wp-block-media-text alignwide is-stacked-on-mobile\" style=\"grid-template-columns:20% auto\"><figure class=\"wp-block-media-text__media\"><img loading=\"lazy\" decoding=\"async\" width=\"251\" height=\"375\" src=\"https:\/\/cvestavayer.ch\/wp-content\/uploads\/2023\/03\/PSchup.png\" alt=\"\" class=\"wp-image-45094 size-full\" srcset=\"https:\/\/cvestavayer.ch\/wp-content\/uploads\/2023\/03\/PSchup.png 251w, https:\/\/cvestavayer.ch\/wp-content\/uploads\/2023\/03\/PSchup-201x300.png 201w\" sizes=\"auto, (max-width: 251px) 100vw, 251px\" \/><\/figure><div class=\"wp-block-media-text__content\">\n<h4 class=\"wp-block-heading\">Pierre Sch\u00fcpbach<\/h4>\n\n\n\n<p>Caissier<\/p>\n\n\n\n<p><br><a href=\"mailto:caissier@cvestavayer.ch\" target=\"_blank\" rel=\"noreferrer noopener\">caissier(a)cvestavayer.ch<\/a><\/p>\n<\/div><\/div>\n\n\n\n<div class=\"wp-block-media-text alignwide is-stacked-on-mobile\" style=\"grid-template-columns:20% auto\"><figure class=\"wp-block-media-text__media\"><img loading=\"lazy\" decoding=\"async\" width=\"250\" height=\"375\" src=\"http:\/\/cvestavayer.ch\/wp-content\/uploads\/2020\/06\/MK.png\" alt=\"\" class=\"wp-image-1627 size-full\" srcset=\"https:\/\/cvestavayer.ch\/wp-content\/uploads\/2020\/06\/MK.png 250w, https:\/\/cvestavayer.ch\/wp-content\/uploads\/2020\/06\/MK-200x300.png 200w\" sizes=\"auto, (max-width: 250px) 100vw, 250px\" \/><\/figure><div class=\"wp-block-media-text__content\">\n<h4 class=\"wp-block-heading\">Matthieu Kolly<\/h4>\n\n\n\n<p>Webmaster<\/p>\n\n\n\n<p><a href=\"mailto:web@cvestavayer.ch\" target=\"_blank\" rel=\"noreferrer noopener\">web(a)cvestavayer.ch<\/a><\/p>\n<\/div><\/div>\n\n\n\n<hr class=\"wp-block-separator has-css-opacity\"\/>\n\n\n\n<h2 class=\"wp-block-heading has-text-align-center\">Chefs de projet<\/h2>\n\n\n\n<div class=\"wp-block-media-text alignwide is-stacked-on-mobile\" style=\"grid-template-columns:20% auto\"><figure class=\"wp-block-media-text__media\"><img loading=\"lazy\" decoding=\"async\" width=\"584\" height=\"768\" src=\"https:\/\/cvestavayer.ch\/wp-content\/uploads\/2023\/06\/RespBenevcut.jpg\" alt=\"\" class=\"wp-image-45339 size-full\" srcset=\"https:\/\/cvestavayer.ch\/wp-content\/uploads\/2023\/06\/RespBenevcut.jpg 584w, https:\/\/cvestavayer.ch\/wp-content\/uploads\/2023\/06\/RespBenevcut-228x300.jpg 228w\" sizes=\"auto, (max-width: 584px) 100vw, 584px\" \/><\/figure><div class=\"wp-block-media-text__content\">\n<h4 class=\"wp-block-heading\">Conny Neuhaus et Dominique Magnin<\/h4>\n\n\n\n<p>B\u00e9n\u00e9voles<\/p>\n\n\n\n<p>T\u00e9l: 079 825 03 81 \/ 079 663 52 46<br><a href=\"mailto:benevoles@cvestavayer.ch\">benevoles(a)cvestavayer.ch<\/a><\/p>\n<\/div><\/div>\n\n\n\n<div class=\"wp-block-media-text alignwide is-stacked-on-mobile\" style=\"grid-template-columns:20% auto\"><figure class=\"wp-block-media-text__media\"><img loading=\"lazy\" decoding=\"async\" width=\"695\" height=\"1024\" src=\"https:\/\/cvestavayer.ch\/wp-content\/uploads\/2023\/07\/JSchup-695x1024.jpg\" alt=\"\" class=\"wp-image-45376 size-full\" srcset=\"https:\/\/cvestavayer.ch\/wp-content\/uploads\/2023\/07\/JSchup-695x1024.jpg 695w, https:\/\/cvestavayer.ch\/wp-content\/uploads\/2023\/07\/JSchup-204x300.jpg 204w, https:\/\/cvestavayer.ch\/wp-content\/uploads\/2023\/07\/JSchup-768x1131.jpg 768w, https:\/\/cvestavayer.ch\/wp-content\/uploads\/2023\/07\/JSchup.jpg 815w\" sizes=\"auto, (max-width: 695px) 100vw, 695px\" \/><\/figure><div class=\"wp-block-media-text__content\">\n<h4 class=\"wp-block-heading\">Julie Sch\u00fcpbach<\/h4>\n\n\n\n<p>Responsable BibordTrabord<\/p>\n\n\n\n<p>T\u00e9l: 079 614 46 56<br><a href=\"mailto:communication@cvestavayer.ch\">bibord-trabord(a)cvestavaye<\/a><a href=\"mailto:bibord-trabord@cvestavayer.ch\">r.ch<\/a><\/p>\n<\/div><\/div>\n\n\n\n<hr class=\"wp-block-separator has-css-opacity\"\/>\n\n\n\n<h2 class=\"wp-block-heading has-text-align-center\">Employ\u00e9s<\/h2>\n\n\n\n<div class=\"wp-block-media-text alignwide is-stacked-on-mobile\" style=\"grid-template-columns:20% auto\"><figure class=\"wp-block-media-text__media\"><img loading=\"lazy\" decoding=\"async\" width=\"528\" height=\"665\" src=\"https:\/\/cvestavayer.ch\/wp-content\/uploads\/2026\/04\/Titouan.jpg\" alt=\"\" class=\"wp-image-46896 size-full\" srcset=\"https:\/\/cvestavayer.ch\/wp-content\/uploads\/2026\/04\/Titouan.jpg 528w, https:\/\/cvestavayer.ch\/wp-content\/uploads\/2026\/04\/Titouan-238x300.jpg 238w\" sizes=\"auto, (max-width: 528px) 100vw, 528px\" \/><\/figure><div class=\"wp-block-media-text__content\">\n<h4 class=\"wp-block-heading\">Titouan Chinot<\/h4>\n\n\n\n<p>Chef de base<\/p>\n\n\n\n<p>0033 6 42 24 28 45<br><a href=\"mailto:chefdebase@cvestavayer.ch\">chefdebase@cvestavayer.ch<\/a><\/p>\n<\/div><\/div>\n\n\n\n<div class=\"wp-block-media-text alignwide is-stacked-on-mobile\" style=\"grid-template-columns:20% auto\"><figure class=\"wp-block-media-text__media\"><img loading=\"lazy\" decoding=\"async\" width=\"755\" height=\"1024\" src=\"https:\/\/cvestavayer.ch\/wp-content\/uploads\/2026\/04\/6fac9dac-97d8-4822-8db8-ef755ef5d548-755x1024.jpg\" alt=\"\" class=\"wp-image-46895 size-full\" srcset=\"https:\/\/cvestavayer.ch\/wp-content\/uploads\/2026\/04\/6fac9dac-97d8-4822-8db8-ef755ef5d548-755x1024.jpg 755w, https:\/\/cvestavayer.ch\/wp-content\/uploads\/2026\/04\/6fac9dac-97d8-4822-8db8-ef755ef5d548-221x300.jpg 221w, https:\/\/cvestavayer.ch\/wp-content\/uploads\/2026\/04\/6fac9dac-97d8-4822-8db8-ef755ef5d548-768x1041.jpg 768w, https:\/\/cvestavayer.ch\/wp-content\/uploads\/2026\/04\/6fac9dac-97d8-4822-8db8-ef755ef5d548.jpg 820w\" sizes=\"auto, (max-width: 755px) 100vw, 755px\" \/><\/figure><div class=\"wp-block-media-text__content\">\n<h4 class=\"wp-block-heading\">Maud Ramuz<\/h4>\n\n\n\n<p>Seconde du chef de base<\/p>\n\n\n\n<p>079 578 46 44<br><a href=\"mailto:chefdebase@cvestavayer.ch\">chefdebase@cvestavayer.ch<\/a><\/p>\n<\/div><\/div>\n\n\n\n<div class=\"wp-block-media-text alignwide is-stacked-on-mobile\" style=\"grid-template-columns:20% auto\"><figure class=\"wp-block-media-text__media\"><img loading=\"lazy\" decoding=\"async\" width=\"611\" height=\"1024\" src=\"https:\/\/cvestavayer.ch\/wp-content\/uploads\/2026\/02\/DianaK-611x1024.jpg\" alt=\"\" class=\"wp-image-46738 size-full\" srcset=\"https:\/\/cvestavayer.ch\/wp-content\/uploads\/2026\/02\/DianaK-611x1024.jpg 611w, https:\/\/cvestavayer.ch\/wp-content\/uploads\/2026\/02\/DianaK-179x300.jpg 179w, https:\/\/cvestavayer.ch\/wp-content\/uploads\/2026\/02\/DianaK-768x1288.jpg 768w, https:\/\/cvestavayer.ch\/wp-content\/uploads\/2026\/02\/DianaK-916x1536.jpg 916w, https:\/\/cvestavayer.ch\/wp-content\/uploads\/2026\/02\/DianaK.jpg 955w\" sizes=\"auto, (max-width: 611px) 100vw, 611px\" \/><\/figure><div class=\"wp-block-media-text__content\">\n<h4 class=\"wp-block-heading\">Diana Krattinger<\/h4>\n\n\n\n<p>Secr\u00e9taire du CVE<\/p>\n\n\n\n<p>T\u00e9l: 079 505 14 70<br><a href=\"mailto:secretaire@cvestavayer.ch\">secretaire@cvestavayer.ch<\/a><\/p>\n<\/div><\/div>\n\n\n\n<div class=\"wp-block-media-text alignwide is-stacked-on-mobile\" style=\"grid-template-columns:20% auto\"><figure class=\"wp-block-media-text__media\"><img loading=\"lazy\" decoding=\"async\" width=\"707\" height=\"942\" src=\"https:\/\/cvestavayer.ch\/wp-content\/uploads\/2025\/05\/Vorlet.jpg\" alt=\"\" class=\"wp-image-46362 size-full\" srcset=\"https:\/\/cvestavayer.ch\/wp-content\/uploads\/2025\/05\/Vorlet.jpg 707w, https:\/\/cvestavayer.ch\/wp-content\/uploads\/2025\/05\/Vorlet-225x300.jpg 225w\" sizes=\"auto, (max-width: 707px) 100vw, 707px\" \/><\/figure><div class=\"wp-block-media-text__content\">\n<h4 class=\"wp-block-heading\">Angelina Vorlet<\/h4>\n\n\n\n<p>Concierge associ\u00e9e du chalet du CVE<\/p>\n\n\n\n<p>T\u00e9l: 077 458 82 84<br>R\u00e9servation du chalet sur <a href=\"https:\/\/www.colonies.ch\/fr\/house\/calendar\/53\">colonies.ch<\/a><\/p>\n<\/div><\/div>\n\n\n\n<div class=\"wp-block-media-text alignwide is-stacked-on-mobile\" style=\"grid-template-columns:20% auto\"><figure class=\"wp-block-media-text__media\"><img loading=\"lazy\" decoding=\"async\" width=\"296\" height=\"388\" src=\"https:\/\/cvestavayer.ch\/wp-content\/uploads\/2024\/04\/Armand.jpg\" alt=\"\" class=\"wp-image-45746 size-full\" srcset=\"https:\/\/cvestavayer.ch\/wp-content\/uploads\/2024\/04\/Armand.jpg 296w, https:\/\/cvestavayer.ch\/wp-content\/uploads\/2024\/04\/Armand-229x300.jpg 229w\" sizes=\"auto, (max-width: 296px) 100vw, 296px\" \/><\/figure><div class=\"wp-block-media-text__content\">\n<h4 class=\"wp-block-heading\">Armand Corminboeuf<\/h4>\n\n\n\n<p>Concierge associ\u00e9 du chalet du CVE<br><\/p>\n<\/div><\/div>\n\n\n\n<hr class=\"wp-block-separator has-text-color has-dark-gray-color has-css-opacity has-dark-gray-background-color has-background\"\/>\n","protected":false},"excerpt":{"rendered":"<p>Comit\u00e9 Antoine Charaudeau Co-Pr\u00e9sident T\u00e9l: 079 508 48 38president(a)cvestavayer.ch Jean-Pierre Oudot Co-Pr\u00e9sident T\u00e9l : 079 321 44 07president(a)cvestavayer.ch Toni Utiger Groupe R\u00e9gate T\u00e9l : 079 414 17 41regates(a)cvestavayer.ch Marie Danr\u00e9 <a class=\"more-link\" href=\"https:\/\/cvestavayer.ch\/fr\/club\/comite\/\">Continuer la lecture &rarr;<\/a><\/p>\n","protected":false},"author":1,"featured_media":0,"parent":103,"menu_order":4,"comment_status":"closed","ping_status":"closed","template":"","meta":{"_monsterinsights_skip_tracking":false,"_monsterinsights_sitenote_active":false,"_monsterinsights_sitenote_note":"","_monsterinsights_sitenote_category":0,"_EventAllDay":false,"_EventTimezone":"","_EventStartDate":"","_EventEndDate":"","_EventStartDateUTC":"","_EventEndDateUTC":"","_EventShowMap":false,"_EventShowMapLink":false,"_EventURL":"","_EventCost":"","_EventCostDescription":"","_EventCurrencySymbol":"","_EventCurrencyCode":"","_EventCurrencyPosition":"","_EventDateTimeSeparator":"","_EventTimeRangeSeparator":"","_EventOrganizerID":[],"_EventVenueID":[],"_OrganizerEmail":"","_OrganizerPhone":"","_OrganizerWebsite":"","_VenueAddress":"","_VenueCity":"","_VenueCountry":"","_VenueProvince":"","_VenueState":"","_VenueZip":"","_VenuePhone":"","_VenueURL":"","_VenueStateProvince":"","_VenueLat":"","_VenueLng":"","_VenueShowMap":false,"_VenueShowMapLink":false,"footnotes":""},"class_list":["post-313","page","type-page","status-publish","hentry"],"yoast_head":"<!-- This site is optimized with the Yoast SEO plugin v27.4 - https:\/\/yoast.com\/product\/yoast-seo-wordpress\/ -->\n<title>Comit\u00e9 - Cercle de la Voile d&#039;Estavayer<\/title>\n<meta name=\"robots\" content=\"index, follow, max-snippet:-1, max-image-preview:large, max-video-preview:-1\" \/>\n<link rel=\"canonical\" href=\"https:\/\/cvestavayer.ch\/fr\/club\/comite\/\" \/>\n<meta property=\"og:locale\" content=\"fr_FR\" \/>\n<meta property=\"og:type\" content=\"article\" \/>\n<meta property=\"og:title\" content=\"Comit\u00e9 - Cercle de la Voile d&#039;Estavayer\" \/>\n<meta property=\"og:description\" content=\"Comit\u00e9 Antoine Charaudeau Co-Pr\u00e9sident T\u00e9l: 079 508 48 38president(a)cvestavayer.ch Jean-Pierre Oudot Co-Pr\u00e9sident T\u00e9l : 079 321 44 07president(a)cvestavayer.ch Toni Utiger Groupe R\u00e9gate T\u00e9l : 079 414 17 41regates(a)cvestavayer.ch Marie Danr\u00e9 Continuer la lecture &rarr;\" \/>\n<meta property=\"og:url\" content=\"https:\/\/cvestavayer.ch\/fr\/club\/comite\/\" \/>\n<meta property=\"og:site_name\" content=\"Cercle de la Voile d&#039;Estavayer\" \/>\n<meta property=\"article:modified_time\" content=\"2026-04-19T18:50:32+00:00\" \/>\n<meta property=\"og:image\" content=\"https:\/\/cvestavayer.ch\/wp-content\/uploads\/2020\/06\/AC.png\" \/>\n\t<meta property=\"og:image:width\" content=\"250\" \/>\n\t<meta property=\"og:image:height\" content=\"375\" \/>\n\t<meta property=\"og:image:type\" content=\"image\/png\" \/>\n<meta name=\"twitter:card\" content=\"summary_large_image\" \/>\n<meta name=\"twitter:label1\" content=\"Dur\u00e9e de lecture estim\u00e9e\" \/>\n\t<meta name=\"twitter:data1\" content=\"3 minutes\" \/>\n<script type=\"application\/ld+json\" class=\"yoast-schema-graph\">{\"@context\":\"https:\\\/\\\/schema.org\",\"@graph\":[{\"@type\":\"WebPage\",\"@id\":\"https:\\\/\\\/cvestavayer.ch\\\/fr\\\/club\\\/comite\\\/\",\"url\":\"https:\\\/\\\/cvestavayer.ch\\\/fr\\\/club\\\/comite\\\/\",\"name\":\"Comit\u00e9 - Cercle de la Voile d&#039;Estavayer\",\"isPartOf\":{\"@id\":\"https:\\\/\\\/cvestavayer.ch\\\/fr\\\/#website\"},\"primaryImageOfPage\":{\"@id\":\"https:\\\/\\\/cvestavayer.ch\\\/fr\\\/club\\\/comite\\\/#primaryimage\"},\"image\":{\"@id\":\"https:\\\/\\\/cvestavayer.ch\\\/fr\\\/club\\\/comite\\\/#primaryimage\"},\"thumbnailUrl\":\"http:\\\/\\\/cvestavayer.ch\\\/wp-content\\\/uploads\\\/2020\\\/06\\\/AC.png\",\"datePublished\":\"2020-01-24T10:28:38+00:00\",\"dateModified\":\"2026-04-19T18:50:32+00:00\",\"breadcrumb\":{\"@id\":\"https:\\\/\\\/cvestavayer.ch\\\/fr\\\/club\\\/comite\\\/#breadcrumb\"},\"inLanguage\":\"fr-FR\",\"potentialAction\":[{\"@type\":\"ReadAction\",\"target\":[\"https:\\\/\\\/cvestavayer.ch\\\/fr\\\/club\\\/comite\\\/\"]}]},{\"@type\":\"ImageObject\",\"inLanguage\":\"fr-FR\",\"@id\":\"https:\\\/\\\/cvestavayer.ch\\\/fr\\\/club\\\/comite\\\/#primaryimage\",\"url\":\"http:\\\/\\\/cvestavayer.ch\\\/wp-content\\\/uploads\\\/2020\\\/06\\\/AC.png\",\"contentUrl\":\"http:\\\/\\\/cvestavayer.ch\\\/wp-content\\\/uploads\\\/2020\\\/06\\\/AC.png\"},{\"@type\":\"BreadcrumbList\",\"@id\":\"https:\\\/\\\/cvestavayer.ch\\\/fr\\\/club\\\/comite\\\/#breadcrumb\",\"itemListElement\":[{\"@type\":\"ListItem\",\"position\":1,\"name\":\"Accueil\",\"item\":\"https:\\\/\\\/cvestavayer.ch\\\/fr\\\/\"},{\"@type\":\"ListItem\",\"position\":2,\"name\":\"Club\",\"item\":\"https:\\\/\\\/cvestavayer.ch\\\/fr\\\/club\\\/\"},{\"@type\":\"ListItem\",\"position\":3,\"name\":\"Comit\u00e9\"}]},{\"@type\":\"WebSite\",\"@id\":\"https:\\\/\\\/cvestavayer.ch\\\/fr\\\/#website\",\"url\":\"https:\\\/\\\/cvestavayer.ch\\\/fr\\\/\",\"name\":\"Cercle de la Voile d&#039;Estavayer\",\"description\":\"\",\"potentialAction\":[{\"@type\":\"SearchAction\",\"target\":{\"@type\":\"EntryPoint\",\"urlTemplate\":\"https:\\\/\\\/cvestavayer.ch\\\/fr\\\/?s={search_term_string}\"},\"query-input\":{\"@type\":\"PropertyValueSpecification\",\"valueRequired\":true,\"valueName\":\"search_term_string\"}}],\"inLanguage\":\"fr-FR\"}]}<\/script>\n<!-- \/ Yoast SEO plugin. -->","yoast_head_json":{"title":"Comit\u00e9 - Cercle de la Voile d&#039;Estavayer","robots":{"index":"index","follow":"follow","max-snippet":"max-snippet:-1","max-image-preview":"max-image-preview:large","max-video-preview":"max-video-preview:-1"},"canonical":"https:\/\/cvestavayer.ch\/fr\/club\/comite\/","og_locale":"fr_FR","og_type":"article","og_title":"Comit\u00e9 - Cercle de la Voile d&#039;Estavayer","og_description":"Comit\u00e9 Antoine Charaudeau Co-Pr\u00e9sident T\u00e9l: 079 508 48 38president(a)cvestavayer.ch Jean-Pierre Oudot Co-Pr\u00e9sident T\u00e9l : 079 321 44 07president(a)cvestavayer.ch Toni Utiger Groupe R\u00e9gate T\u00e9l : 079 414 17 41regates(a)cvestavayer.ch Marie Danr\u00e9 Continuer la lecture &rarr;","og_url":"https:\/\/cvestavayer.ch\/fr\/club\/comite\/","og_site_name":"Cercle de la Voile d&#039;Estavayer","article_modified_time":"2026-04-19T18:50:32+00:00","og_image":[{"width":250,"height":375,"url":"https:\/\/cvestavayer.ch\/wp-content\/uploads\/2020\/06\/AC.png","type":"image\/png"}],"twitter_card":"summary_large_image","twitter_misc":{"Dur\u00e9e de lecture estim\u00e9e":"3 minutes"},"schema":{"@context":"https:\/\/schema.org","@graph":[{"@type":"WebPage","@id":"https:\/\/cvestavayer.ch\/fr\/club\/comite\/","url":"https:\/\/cvestavayer.ch\/fr\/club\/comite\/","name":"Comit\u00e9 - Cercle de la Voile d&#039;Estavayer","isPartOf":{"@id":"https:\/\/cvestavayer.ch\/fr\/#website"},"primaryImageOfPage":{"@id":"https:\/\/cvestavayer.ch\/fr\/club\/comite\/#primaryimage"},"image":{"@id":"https:\/\/cvestavayer.ch\/fr\/club\/comite\/#primaryimage"},"thumbnailUrl":"http:\/\/cvestavayer.ch\/wp-content\/uploads\/2020\/06\/AC.png","datePublished":"2020-01-24T10:28:38+00:00","dateModified":"2026-04-19T18:50:32+00:00","breadcrumb":{"@id":"https:\/\/cvestavayer.ch\/fr\/club\/comite\/#breadcrumb"},"inLanguage":"fr-FR","potentialAction":[{"@type":"ReadAction","target":["https:\/\/cvestavayer.ch\/fr\/club\/comite\/"]}]},{"@type":"ImageObject","inLanguage":"fr-FR","@id":"https:\/\/cvestavayer.ch\/fr\/club\/comite\/#primaryimage","url":"http:\/\/cvestavayer.ch\/wp-content\/uploads\/2020\/06\/AC.png","contentUrl":"http:\/\/cvestavayer.ch\/wp-content\/uploads\/2020\/06\/AC.png"},{"@type":"BreadcrumbList","@id":"https:\/\/cvestavayer.ch\/fr\/club\/comite\/#breadcrumb","itemListElement":[{"@type":"ListItem","position":1,"name":"Accueil","item":"https:\/\/cvestavayer.ch\/fr\/"},{"@type":"ListItem","position":2,"name":"Club","item":"https:\/\/cvestavayer.ch\/fr\/club\/"},{"@type":"ListItem","position":3,"name":"Comit\u00e9"}]},{"@type":"WebSite","@id":"https:\/\/cvestavayer.ch\/fr\/#website","url":"https:\/\/cvestavayer.ch\/fr\/","name":"Cercle de la Voile d&#039;Estavayer","description":"","potentialAction":[{"@type":"SearchAction","target":{"@type":"EntryPoint","urlTemplate":"https:\/\/cvestavayer.ch\/fr\/?s={search_term_string}"},"query-input":{"@type":"PropertyValueSpecification","valueRequired":true,"valueName":"search_term_string"}}],"inLanguage":"fr-FR"}]}},"_links":{"self":[{"href":"https:\/\/cvestavayer.ch\/fr\/wp-json\/wp\/v2\/pages\/313","targetHints":{"allow":["GET"]}}],"collection":[{"href":"https:\/\/cvestavayer.ch\/fr\/wp-json\/wp\/v2\/pages"}],"about":[{"href":"https:\/\/cvestavayer.ch\/fr\/wp-json\/wp\/v2\/types\/page"}],"author":[{"embeddable":true,"href":"https:\/\/cvestavayer.ch\/fr\/wp-json\/wp\/v2\/users\/1"}],"replies":[{"embeddable":true,"href":"https:\/\/cvestavayer.ch\/fr\/wp-json\/wp\/v2\/comments?post=313"}],"version-history":[{"count":59,"href":"https:\/\/cvestavayer.ch\/fr\/wp-json\/wp\/v2\/pages\/313\/revisions"}],"predecessor-version":[{"id":46898,"href":"https:\/\/cvestavayer.ch\/fr\/wp-json\/wp\/v2\/pages\/313\/revisions\/46898"}],"up":[{"embeddable":true,"href":"https:\/\/cvestavayer.ch\/fr\/wp-json\/wp\/v2\/pages\/103"}],"wp:attachment":[{"href":"https:\/\/cvestavayer.ch\/fr\/wp-json\/wp\/v2\/media?parent=313"}],"curies":[{"name":"wp","href":"https:\/\/api.w.org\/{rel}","templated":true}]}}