{"id":356,"date":"2020-01-27T09:14:54","date_gmt":"2020-01-27T08:14:54","guid":{"rendered":"http:\/\/cvestavayer.ch\/fr\/?page_id=356"},"modified":"2020-01-27T09:14:54","modified_gmt":"2020-01-27T08:14:54","slug":"chalet-du-cve","status":"publish","type":"page","link":"https:\/\/cvestavayer.ch\/fr\/club\/chalet-du-cve\/","title":{"rendered":"Chalet du CVE"},"content":{"rendered":"\n<div class=\"wp-block-columns is-layout-flex wp-container-core-columns-is-layout-9d6595d7 wp-block-columns-is-layout-flex\">\n<div class=\"wp-block-column is-layout-flow wp-block-column-is-layout-flow\">\n<figure class=\"wp-block-image size-large\"><img loading=\"lazy\" decoding=\"async\" width=\"300\" height=\"204\" src=\"http:\/\/cvestavayer.ch\/wp-content\/uploads\/2020\/01\/CLUB_chalet_du-cve.jpg\" alt=\"Chalet du CVE\" class=\"wp-image-357\"\/><\/figure>\n<\/div>\n\n\n\n<div class=\"wp-block-column is-layout-flow wp-block-column-is-layout-flow\">\n<p>Situ\u00e9 \u00e0 quelques m\u00e8tres du lac, juste  derri\u00e8re le Club house, le chalet peut accueillir des groupes jusqu&rsquo;\u00e0 28  personnes d&rsquo;avril \u00e0 octobre. <\/p>\n<\/div>\n<\/div>\n","protected":false},"excerpt":{"rendered":"<p>Situ\u00e9 \u00e0 quelques m\u00e8tres du lac, juste derri\u00e8re le Club house, le chalet peut accueillir des groupes jusqu&rsquo;\u00e0 28 personnes d&rsquo;avril \u00e0 octobre.<\/p>\n","protected":false},"author":1,"featured_media":0,"parent":103,"menu_order":8,"comment_status":"closed","ping_status":"closed","template":"","meta":{"_monsterinsights_skip_tracking":false,"_monsterinsights_sitenote_active":false,"_monsterinsights_sitenote_note":"","_monsterinsights_sitenote_category":0,"_EventAllDay":false,"_EventTimezone":"","_EventStartDate":"","_EventEndDate":"","_EventStartDateUTC":"","_EventEndDateUTC":"","_EventShowMap":false,"_EventShowMapLink":false,"_EventURL":"","_EventCost":"","_EventCostDescription":"","_EventCurrencySymbol":"","_EventCurrencyCode":"","_EventCurrencyPosition":"","_EventDateTimeSeparator":"","_EventTimeRangeSeparator":"","_EventOrganizerID":[],"_EventVenueID":[],"_OrganizerEmail":"","_OrganizerPhone":"","_OrganizerWebsite":"","_VenueAddress":"","_VenueCity":"","_VenueCountry":"","_VenueProvince":"","_VenueState":"","_VenueZip":"","_VenuePhone":"","_VenueURL":"","_VenueStateProvince":"","_VenueLat":"","_VenueLng":"","_VenueShowMap":false,"_VenueShowMapLink":false,"footnotes":""},"class_list":["post-356","page","type-page","status-publish","hentry"],"yoast_head":"<!-- This site is optimized with the Yoast SEO plugin v27.4 - https:\/\/yoast.com\/product\/yoast-seo-wordpress\/ -->\n<title>Chalet du CVE - Cercle de la Voile d&#039;Estavayer<\/title>\n<meta name=\"robots\" content=\"index, follow, max-snippet:-1, max-image-preview:large, max-video-preview:-1\" \/>\n<link rel=\"canonical\" href=\"https:\/\/cvestavayer.ch\/fr\/club\/chalet-du-cve\/\" \/>\n<meta property=\"og:locale\" content=\"fr_FR\" \/>\n<meta property=\"og:type\" content=\"article\" \/>\n<meta property=\"og:title\" content=\"Chalet du CVE - Cercle de la Voile d&#039;Estavayer\" \/>\n<meta property=\"og:description\" content=\"Situ\u00e9 \u00e0 quelques m\u00e8tres du lac, juste derri\u00e8re le Club house, le chalet peut accueillir des groupes jusqu&rsquo;\u00e0 28 personnes d&rsquo;avril \u00e0 octobre.\" \/>\n<meta property=\"og:url\" content=\"https:\/\/cvestavayer.ch\/fr\/club\/chalet-du-cve\/\" \/>\n<meta property=\"og:site_name\" content=\"Cercle de la Voile d&#039;Estavayer\" \/>\n<meta property=\"og:image\" content=\"http:\/\/cvestavayer.ch\/wp-content\/uploads\/2020\/01\/CLUB_chalet_du-cve.jpg\" \/>\n<meta name=\"twitter:card\" content=\"summary_large_image\" \/>\n<script type=\"application\/ld+json\" class=\"yoast-schema-graph\">{\"@context\":\"https:\\\/\\\/schema.org\",\"@graph\":[{\"@type\":\"WebPage\",\"@id\":\"https:\\\/\\\/cvestavayer.ch\\\/fr\\\/club\\\/chalet-du-cve\\\/\",\"url\":\"https:\\\/\\\/cvestavayer.ch\\\/fr\\\/club\\\/chalet-du-cve\\\/\",\"name\":\"Chalet du CVE - Cercle de la Voile d&#039;Estavayer\",\"isPartOf\":{\"@id\":\"https:\\\/\\\/cvestavayer.ch\\\/fr\\\/#website\"},\"primaryImageOfPage\":{\"@id\":\"https:\\\/\\\/cvestavayer.ch\\\/fr\\\/club\\\/chalet-du-cve\\\/#primaryimage\"},\"image\":{\"@id\":\"https:\\\/\\\/cvestavayer.ch\\\/fr\\\/club\\\/chalet-du-cve\\\/#primaryimage\"},\"thumbnailUrl\":\"http:\\\/\\\/cvestavayer.ch\\\/wp-content\\\/uploads\\\/2020\\\/01\\\/CLUB_chalet_du-cve.jpg\",\"datePublished\":\"2020-01-27T08:14:54+00:00\",\"breadcrumb\":{\"@id\":\"https:\\\/\\\/cvestavayer.ch\\\/fr\\\/club\\\/chalet-du-cve\\\/#breadcrumb\"},\"inLanguage\":\"fr-FR\",\"potentialAction\":[{\"@type\":\"ReadAction\",\"target\":[\"https:\\\/\\\/cvestavayer.ch\\\/fr\\\/club\\\/chalet-du-cve\\\/\"]}]},{\"@type\":\"ImageObject\",\"inLanguage\":\"fr-FR\",\"@id\":\"https:\\\/\\\/cvestavayer.ch\\\/fr\\\/club\\\/chalet-du-cve\\\/#primaryimage\",\"url\":\"http:\\\/\\\/cvestavayer.ch\\\/wp-content\\\/uploads\\\/2020\\\/01\\\/CLUB_chalet_du-cve.jpg\",\"contentUrl\":\"http:\\\/\\\/cvestavayer.ch\\\/wp-content\\\/uploads\\\/2020\\\/01\\\/CLUB_chalet_du-cve.jpg\"},{\"@type\":\"BreadcrumbList\",\"@id\":\"https:\\\/\\\/cvestavayer.ch\\\/fr\\\/club\\\/chalet-du-cve\\\/#breadcrumb\",\"itemListElement\":[{\"@type\":\"ListItem\",\"position\":1,\"name\":\"Accueil\",\"item\":\"https:\\\/\\\/cvestavayer.ch\\\/fr\\\/\"},{\"@type\":\"ListItem\",\"position\":2,\"name\":\"Club\",\"item\":\"https:\\\/\\\/cvestavayer.ch\\\/fr\\\/club\\\/\"},{\"@type\":\"ListItem\",\"position\":3,\"name\":\"Chalet du CVE\"}]},{\"@type\":\"WebSite\",\"@id\":\"https:\\\/\\\/cvestavayer.ch\\\/fr\\\/#website\",\"url\":\"https:\\\/\\\/cvestavayer.ch\\\/fr\\\/\",\"name\":\"Cercle de la Voile d&#039;Estavayer\",\"description\":\"\",\"potentialAction\":[{\"@type\":\"SearchAction\",\"target\":{\"@type\":\"EntryPoint\",\"urlTemplate\":\"https:\\\/\\\/cvestavayer.ch\\\/fr\\\/?s={search_term_string}\"},\"query-input\":{\"@type\":\"PropertyValueSpecification\",\"valueRequired\":true,\"valueName\":\"search_term_string\"}}],\"inLanguage\":\"fr-FR\"}]}<\/script>\n<!-- \/ Yoast SEO plugin. -->","yoast_head_json":{"title":"Chalet du CVE - Cercle de la Voile d&#039;Estavayer","robots":{"index":"index","follow":"follow","max-snippet":"max-snippet:-1","max-image-preview":"max-image-preview:large","max-video-preview":"max-video-preview:-1"},"canonical":"https:\/\/cvestavayer.ch\/fr\/club\/chalet-du-cve\/","og_locale":"fr_FR","og_type":"article","og_title":"Chalet du CVE - Cercle de la Voile d&#039;Estavayer","og_description":"Situ\u00e9 \u00e0 quelques m\u00e8tres du lac, juste derri\u00e8re le Club house, le chalet peut accueillir des groupes jusqu&rsquo;\u00e0 28 personnes d&rsquo;avril \u00e0 octobre.","og_url":"https:\/\/cvestavayer.ch\/fr\/club\/chalet-du-cve\/","og_site_name":"Cercle de la Voile d&#039;Estavayer","og_image":[{"url":"http:\/\/cvestavayer.ch\/wp-content\/uploads\/2020\/01\/CLUB_chalet_du-cve.jpg","type":"","width":"","height":""}],"twitter_card":"summary_large_image","schema":{"@context":"https:\/\/schema.org","@graph":[{"@type":"WebPage","@id":"https:\/\/cvestavayer.ch\/fr\/club\/chalet-du-cve\/","url":"https:\/\/cvestavayer.ch\/fr\/club\/chalet-du-cve\/","name":"Chalet du CVE - Cercle de la Voile d&#039;Estavayer","isPartOf":{"@id":"https:\/\/cvestavayer.ch\/fr\/#website"},"primaryImageOfPage":{"@id":"https:\/\/cvestavayer.ch\/fr\/club\/chalet-du-cve\/#primaryimage"},"image":{"@id":"https:\/\/cvestavayer.ch\/fr\/club\/chalet-du-cve\/#primaryimage"},"thumbnailUrl":"http:\/\/cvestavayer.ch\/wp-content\/uploads\/2020\/01\/CLUB_chalet_du-cve.jpg","datePublished":"2020-01-27T08:14:54+00:00","breadcrumb":{"@id":"https:\/\/cvestavayer.ch\/fr\/club\/chalet-du-cve\/#breadcrumb"},"inLanguage":"fr-FR","potentialAction":[{"@type":"ReadAction","target":["https:\/\/cvestavayer.ch\/fr\/club\/chalet-du-cve\/"]}]},{"@type":"ImageObject","inLanguage":"fr-FR","@id":"https:\/\/cvestavayer.ch\/fr\/club\/chalet-du-cve\/#primaryimage","url":"http:\/\/cvestavayer.ch\/wp-content\/uploads\/2020\/01\/CLUB_chalet_du-cve.jpg","contentUrl":"http:\/\/cvestavayer.ch\/wp-content\/uploads\/2020\/01\/CLUB_chalet_du-cve.jpg"},{"@type":"BreadcrumbList","@id":"https:\/\/cvestavayer.ch\/fr\/club\/chalet-du-cve\/#breadcrumb","itemListElement":[{"@type":"ListItem","position":1,"name":"Accueil","item":"https:\/\/cvestavayer.ch\/fr\/"},{"@type":"ListItem","position":2,"name":"Club","item":"https:\/\/cvestavayer.ch\/fr\/club\/"},{"@type":"ListItem","position":3,"name":"Chalet du CVE"}]},{"@type":"WebSite","@id":"https:\/\/cvestavayer.ch\/fr\/#website","url":"https:\/\/cvestavayer.ch\/fr\/","name":"Cercle de la Voile d&#039;Estavayer","description":"","potentialAction":[{"@type":"SearchAction","target":{"@type":"EntryPoint","urlTemplate":"https:\/\/cvestavayer.ch\/fr\/?s={search_term_string}"},"query-input":{"@type":"PropertyValueSpecification","valueRequired":true,"valueName":"search_term_string"}}],"inLanguage":"fr-FR"}]}},"_links":{"self":[{"href":"https:\/\/cvestavayer.ch\/fr\/wp-json\/wp\/v2\/pages\/356","targetHints":{"allow":["GET"]}}],"collection":[{"href":"https:\/\/cvestavayer.ch\/fr\/wp-json\/wp\/v2\/pages"}],"about":[{"href":"https:\/\/cvestavayer.ch\/fr\/wp-json\/wp\/v2\/types\/page"}],"author":[{"embeddable":true,"href":"https:\/\/cvestavayer.ch\/fr\/wp-json\/wp\/v2\/users\/1"}],"replies":[{"embeddable":true,"href":"https:\/\/cvestavayer.ch\/fr\/wp-json\/wp\/v2\/comments?post=356"}],"version-history":[{"count":1,"href":"https:\/\/cvestavayer.ch\/fr\/wp-json\/wp\/v2\/pages\/356\/revisions"}],"predecessor-version":[{"id":358,"href":"https:\/\/cvestavayer.ch\/fr\/wp-json\/wp\/v2\/pages\/356\/revisions\/358"}],"up":[{"embeddable":true,"href":"https:\/\/cvestavayer.ch\/fr\/wp-json\/wp\/v2\/pages\/103"}],"wp:attachment":[{"href":"https:\/\/cvestavayer.ch\/fr\/wp-json\/wp\/v2\/media?parent=356"}],"curies":[{"name":"wp","href":"https:\/\/api.w.org\/{rel}","templated":true}]}}