{"id":43815,"date":"2021-01-24T22:19:07","date_gmt":"2021-01-24T21:19:07","guid":{"rendered":"http:\/\/cvestavayer.ch\/fr\/?page_id=43815"},"modified":"2025-11-26T23:06:35","modified_gmt":"2025-11-26T22:06:35","slug":"cours-catamaran","status":"publish","type":"page","link":"https:\/\/cvestavayer.ch\/fr\/ecole-de-voile\/cours-catamaran\/","title":{"rendered":"Cours Catamaran 2026"},"content":{"rendered":"\n<figure class=\"wp-block-image size-large\"><img loading=\"lazy\" decoding=\"async\" width=\"1024\" height=\"282\" src=\"http:\/\/cvestavayer.ch\/wp-content\/uploads\/2021\/01\/Cata-2-e1611605746660-1024x282.jpg\" alt=\"\" class=\"wp-image-43883\" srcset=\"https:\/\/cvestavayer.ch\/wp-content\/uploads\/2021\/01\/Cata-2-e1611605746660-1024x282.jpg 1024w, https:\/\/cvestavayer.ch\/wp-content\/uploads\/2021\/01\/Cata-2-e1611605746660-300x83.jpg 300w, https:\/\/cvestavayer.ch\/wp-content\/uploads\/2021\/01\/Cata-2-e1611605746660-768x211.jpg 768w, https:\/\/cvestavayer.ch\/wp-content\/uploads\/2021\/01\/Cata-2-e1611605746660.jpg 1280w\" sizes=\"auto, (max-width: 1024px) 100vw, 1024px\" \/><\/figure>\n\n\n\n<table id=\"tablepress-5\" class=\"tablepress tablepress-id-5\">\n<thead>\n<tr class=\"row-1\">\n\t<td class=\"column-1\"><\/td><th class=\"column-2\">Mardi<\/th><th class=\"column-3\">Samedi<\/th>\n<\/tr>\n<\/thead>\n<tbody class=\"row-striping row-hover\">\n<tr class=\"row-2\">\n\t<td class=\"column-1\">Cata\/RS Feva Adolescent<\/td><td class=\"column-2\"><\/td><td class=\"column-3\">13h30-16h30<\/td>\n<\/tr>\n<tr class=\"row-3\">\n\t<td class=\"column-1\">Cata Adulte<\/td><td class=\"column-2\">18h00-20h00<\/td><td class=\"column-3\"><\/td>\n<\/tr>\n<\/tbody>\n<\/table>\n<!-- #tablepress-5 from cache -->\n\n\n\n<p><em>Les cours se d\u00e9roulent de mai \u00e0 octobre. <\/em><\/p>\n\n\n\n\n\n<p>Fond\u00e9 en 1943, le Cercle de la Voile d\u2019Estavayer a pour objectif de faire d\u00e9couvrir la voile \u00e0 des enfants de 8 \u00e0 18 ans et aux adultes.&nbsp; Les activit\u00e9s propos\u00e9es par le Club se veulent accessibles \u00e0 tous&nbsp; souhaitant apprendre de fa\u00e7on ludique&nbsp; dans un cadre professionnel.&nbsp;&nbsp;<\/p>\n\n\n\n<p>De l\u2019\u00e9cole de sport, au loisir, l\u2019\u00e9cole de voile se concentre sur la s\u00e9curit\u00e9 et la qualit\u00e9 des activit\u00e9s qui sont dispens\u00e9es par des moniteurs certifi\u00e9s Jeunesse et Sports.&nbsp;<\/p>\n\n\n\n<p><strong>Fun <\/strong>: Je d\u00e9couvre la voile, je me perfectionne (ado et jeune adulte)&nbsp;<\/p>\n\n\n\n<p><strong>Adulte <\/strong>: Je d\u00e9couvre la voile, je me perfectionne (+ de 18 ans)&nbsp;<\/p>\n\n\n\n<hr class=\"wp-block-separator has-alpha-channel-opacity\"\/>\n\n\n\n<div class=\"wp-block-buttons is-content-justification-center is-layout-flex wp-container-core-buttons-is-layout-16018d1d wp-block-buttons-is-layout-flex\">\n<div class=\"wp-block-button popmake-46669\"><a class=\"wp-block-button__link wp-element-button\">inscriptions Cours catamaran 2026<\/a><\/div>\n<\/div>\n\n\n\n<p><\/p>\n\n\n\n<p>Pour toute question, contactez notre <a rel=\"noreferrer noopener\" aria-label=\" (s\u2019ouvre dans un nouvel onglet)\" href=\"mailto:secretaire@cvestavayer.ch\" target=\"_blank\">secr<\/a><a href=\"mailto:secretaire@cvestavayer.ch\" target=\"_blank\" rel=\"noreferrer noopener\" aria-label=\" (s\u2019ouvre dans un nouvel onglet)\">\u00e9<\/a><a rel=\"noreferrer noopener\" aria-label=\" (s\u2019ouvre dans un nouvel onglet)\" href=\"mailto:secretaire@cvestavayer.ch\" target=\"_blank\">tariat<\/a>. <\/p>\n","protected":false},"excerpt":{"rendered":"<p>Les cours se d\u00e9roulent de mai \u00e0 octobre. Fond\u00e9 en 1943, le Cercle de la Voile d\u2019Estavayer a pour objectif de faire d\u00e9couvrir la voile \u00e0 des enfants de 8 <a class=\"more-link\" href=\"https:\/\/cvestavayer.ch\/fr\/ecole-de-voile\/cours-catamaran\/\">Continuer la lecture &rarr;<\/a><\/p>\n","protected":false},"author":1,"featured_media":0,"parent":48,"menu_order":0,"comment_status":"closed","ping_status":"closed","template":"","meta":{"_monsterinsights_skip_tracking":false,"_monsterinsights_sitenote_active":false,"_monsterinsights_sitenote_note":"","_monsterinsights_sitenote_category":0,"_EventAllDay":false,"_EventTimezone":"","_EventStartDate":"","_EventEndDate":"","_EventStartDateUTC":"","_EventEndDateUTC":"","_EventShowMap":false,"_EventShowMapLink":false,"_EventURL":"","_EventCost":"","_EventCostDescription":"","_EventCurrencySymbol":"","_EventCurrencyCode":"","_EventCurrencyPosition":"","_EventDateTimeSeparator":"","_EventTimeRangeSeparator":"","_EventOrganizerID":[],"_EventVenueID":[],"_OrganizerEmail":"","_OrganizerPhone":"","_OrganizerWebsite":"","_VenueAddress":"","_VenueCity":"","_VenueCountry":"","_VenueProvince":"","_VenueState":"","_VenueZip":"","_VenuePhone":"","_VenueURL":"","_VenueStateProvince":"","_VenueLat":"","_VenueLng":"","_VenueShowMap":false,"_VenueShowMapLink":false,"footnotes":""},"class_list":["post-43815","page","type-page","status-publish","hentry"],"yoast_head":"<!-- This site is optimized with the Yoast SEO plugin v27.4 - https:\/\/yoast.com\/product\/yoast-seo-wordpress\/ -->\n<title>Cours Catamaran 2026 - Cercle de la Voile d&#039;Estavayer<\/title>\n<meta name=\"robots\" content=\"index, follow, max-snippet:-1, max-image-preview:large, max-video-preview:-1\" \/>\n<link rel=\"canonical\" href=\"https:\/\/cvestavayer.ch\/fr\/ecole-de-voile\/cours-catamaran\/\" \/>\n<meta property=\"og:locale\" content=\"fr_FR\" \/>\n<meta property=\"og:type\" content=\"article\" \/>\n<meta property=\"og:title\" content=\"Cours Catamaran 2026 - Cercle de la Voile d&#039;Estavayer\" \/>\n<meta property=\"og:description\" content=\"Les cours se d\u00e9roulent de mai \u00e0 octobre. Fond\u00e9 en 1943, le Cercle de la Voile d\u2019Estavayer a pour objectif de faire d\u00e9couvrir la voile \u00e0 des enfants de 8 Continuer la lecture &rarr;\" \/>\n<meta property=\"og:url\" content=\"https:\/\/cvestavayer.ch\/fr\/ecole-de-voile\/cours-catamaran\/\" \/>\n<meta property=\"og:site_name\" content=\"Cercle de la Voile d&#039;Estavayer\" \/>\n<meta property=\"article:modified_time\" content=\"2025-11-26T22:06:35+00:00\" \/>\n<meta property=\"og:image\" content=\"https:\/\/cvestavayer.ch\/wp-content\/uploads\/2021\/01\/Cata-2-e1611605746660.jpg\" \/>\n\t<meta property=\"og:image:width\" content=\"1280\" \/>\n\t<meta property=\"og:image:height\" content=\"352\" \/>\n\t<meta property=\"og:image:type\" content=\"image\/jpeg\" \/>\n<meta name=\"twitter:card\" content=\"summary_large_image\" \/>\n<meta name=\"twitter:label1\" content=\"Dur\u00e9e de lecture estim\u00e9e\" \/>\n\t<meta name=\"twitter:data1\" content=\"1 minute\" \/>\n<script type=\"application\/ld+json\" class=\"yoast-schema-graph\">{\"@context\":\"https:\\\/\\\/schema.org\",\"@graph\":[{\"@type\":\"WebPage\",\"@id\":\"https:\\\/\\\/cvestavayer.ch\\\/fr\\\/ecole-de-voile\\\/cours-catamaran\\\/\",\"url\":\"https:\\\/\\\/cvestavayer.ch\\\/fr\\\/ecole-de-voile\\\/cours-catamaran\\\/\",\"name\":\"Cours Catamaran 2026 - Cercle de la Voile d&#039;Estavayer\",\"isPartOf\":{\"@id\":\"https:\\\/\\\/cvestavayer.ch\\\/fr\\\/#website\"},\"primaryImageOfPage\":{\"@id\":\"https:\\\/\\\/cvestavayer.ch\\\/fr\\\/ecole-de-voile\\\/cours-catamaran\\\/#primaryimage\"},\"image\":{\"@id\":\"https:\\\/\\\/cvestavayer.ch\\\/fr\\\/ecole-de-voile\\\/cours-catamaran\\\/#primaryimage\"},\"thumbnailUrl\":\"http:\\\/\\\/cvestavayer.ch\\\/wp-content\\\/uploads\\\/2021\\\/01\\\/Cata-2-e1611605746660-1024x282.jpg\",\"datePublished\":\"2021-01-24T21:19:07+00:00\",\"dateModified\":\"2025-11-26T22:06:35+00:00\",\"breadcrumb\":{\"@id\":\"https:\\\/\\\/cvestavayer.ch\\\/fr\\\/ecole-de-voile\\\/cours-catamaran\\\/#breadcrumb\"},\"inLanguage\":\"fr-FR\",\"potentialAction\":[{\"@type\":\"ReadAction\",\"target\":[\"https:\\\/\\\/cvestavayer.ch\\\/fr\\\/ecole-de-voile\\\/cours-catamaran\\\/\"]}]},{\"@type\":\"ImageObject\",\"inLanguage\":\"fr-FR\",\"@id\":\"https:\\\/\\\/cvestavayer.ch\\\/fr\\\/ecole-de-voile\\\/cours-catamaran\\\/#primaryimage\",\"url\":\"http:\\\/\\\/cvestavayer.ch\\\/wp-content\\\/uploads\\\/2021\\\/01\\\/Cata-2-e1611605746660-1024x282.jpg\",\"contentUrl\":\"http:\\\/\\\/cvestavayer.ch\\\/wp-content\\\/uploads\\\/2021\\\/01\\\/Cata-2-e1611605746660-1024x282.jpg\"},{\"@type\":\"BreadcrumbList\",\"@id\":\"https:\\\/\\\/cvestavayer.ch\\\/fr\\\/ecole-de-voile\\\/cours-catamaran\\\/#breadcrumb\",\"itemListElement\":[{\"@type\":\"ListItem\",\"position\":1,\"name\":\"Accueil\",\"item\":\"https:\\\/\\\/cvestavayer.ch\\\/fr\\\/\"},{\"@type\":\"ListItem\",\"position\":2,\"name\":\"Ecole de voile\",\"item\":\"https:\\\/\\\/cvestavayer.ch\\\/fr\\\/ecole-de-voile\\\/\"},{\"@type\":\"ListItem\",\"position\":3,\"name\":\"Cours Catamaran 2023\"}]},{\"@type\":\"WebSite\",\"@id\":\"https:\\\/\\\/cvestavayer.ch\\\/fr\\\/#website\",\"url\":\"https:\\\/\\\/cvestavayer.ch\\\/fr\\\/\",\"name\":\"Cercle de la Voile d&#039;Estavayer\",\"description\":\"\",\"potentialAction\":[{\"@type\":\"SearchAction\",\"target\":{\"@type\":\"EntryPoint\",\"urlTemplate\":\"https:\\\/\\\/cvestavayer.ch\\\/fr\\\/?s={search_term_string}\"},\"query-input\":{\"@type\":\"PropertyValueSpecification\",\"valueRequired\":true,\"valueName\":\"search_term_string\"}}],\"inLanguage\":\"fr-FR\"}]}<\/script>\n<!-- \/ Yoast SEO plugin. -->","yoast_head_json":{"title":"Cours Catamaran 2026 - Cercle de la Voile d&#039;Estavayer","robots":{"index":"index","follow":"follow","max-snippet":"max-snippet:-1","max-image-preview":"max-image-preview:large","max-video-preview":"max-video-preview:-1"},"canonical":"https:\/\/cvestavayer.ch\/fr\/ecole-de-voile\/cours-catamaran\/","og_locale":"fr_FR","og_type":"article","og_title":"Cours Catamaran 2026 - Cercle de la Voile d&#039;Estavayer","og_description":"Les cours se d\u00e9roulent de mai \u00e0 octobre. Fond\u00e9 en 1943, le Cercle de la Voile d\u2019Estavayer a pour objectif de faire d\u00e9couvrir la voile \u00e0 des enfants de 8 Continuer la lecture &rarr;","og_url":"https:\/\/cvestavayer.ch\/fr\/ecole-de-voile\/cours-catamaran\/","og_site_name":"Cercle de la Voile d&#039;Estavayer","article_modified_time":"2025-11-26T22:06:35+00:00","og_image":[{"width":1280,"height":352,"url":"https:\/\/cvestavayer.ch\/wp-content\/uploads\/2021\/01\/Cata-2-e1611605746660.jpg","type":"image\/jpeg"}],"twitter_card":"summary_large_image","twitter_misc":{"Dur\u00e9e de lecture estim\u00e9e":"1 minute"},"schema":{"@context":"https:\/\/schema.org","@graph":[{"@type":"WebPage","@id":"https:\/\/cvestavayer.ch\/fr\/ecole-de-voile\/cours-catamaran\/","url":"https:\/\/cvestavayer.ch\/fr\/ecole-de-voile\/cours-catamaran\/","name":"Cours Catamaran 2026 - Cercle de la Voile d&#039;Estavayer","isPartOf":{"@id":"https:\/\/cvestavayer.ch\/fr\/#website"},"primaryImageOfPage":{"@id":"https:\/\/cvestavayer.ch\/fr\/ecole-de-voile\/cours-catamaran\/#primaryimage"},"image":{"@id":"https:\/\/cvestavayer.ch\/fr\/ecole-de-voile\/cours-catamaran\/#primaryimage"},"thumbnailUrl":"http:\/\/cvestavayer.ch\/wp-content\/uploads\/2021\/01\/Cata-2-e1611605746660-1024x282.jpg","datePublished":"2021-01-24T21:19:07+00:00","dateModified":"2025-11-26T22:06:35+00:00","breadcrumb":{"@id":"https:\/\/cvestavayer.ch\/fr\/ecole-de-voile\/cours-catamaran\/#breadcrumb"},"inLanguage":"fr-FR","potentialAction":[{"@type":"ReadAction","target":["https:\/\/cvestavayer.ch\/fr\/ecole-de-voile\/cours-catamaran\/"]}]},{"@type":"ImageObject","inLanguage":"fr-FR","@id":"https:\/\/cvestavayer.ch\/fr\/ecole-de-voile\/cours-catamaran\/#primaryimage","url":"http:\/\/cvestavayer.ch\/wp-content\/uploads\/2021\/01\/Cata-2-e1611605746660-1024x282.jpg","contentUrl":"http:\/\/cvestavayer.ch\/wp-content\/uploads\/2021\/01\/Cata-2-e1611605746660-1024x282.jpg"},{"@type":"BreadcrumbList","@id":"https:\/\/cvestavayer.ch\/fr\/ecole-de-voile\/cours-catamaran\/#breadcrumb","itemListElement":[{"@type":"ListItem","position":1,"name":"Accueil","item":"https:\/\/cvestavayer.ch\/fr\/"},{"@type":"ListItem","position":2,"name":"Ecole de voile","item":"https:\/\/cvestavayer.ch\/fr\/ecole-de-voile\/"},{"@type":"ListItem","position":3,"name":"Cours Catamaran 2023"}]},{"@type":"WebSite","@id":"https:\/\/cvestavayer.ch\/fr\/#website","url":"https:\/\/cvestavayer.ch\/fr\/","name":"Cercle de la Voile d&#039;Estavayer","description":"","potentialAction":[{"@type":"SearchAction","target":{"@type":"EntryPoint","urlTemplate":"https:\/\/cvestavayer.ch\/fr\/?s={search_term_string}"},"query-input":{"@type":"PropertyValueSpecification","valueRequired":true,"valueName":"search_term_string"}}],"inLanguage":"fr-FR"}]}},"_links":{"self":[{"href":"https:\/\/cvestavayer.ch\/fr\/wp-json\/wp\/v2\/pages\/43815","targetHints":{"allow":["GET"]}}],"collection":[{"href":"https:\/\/cvestavayer.ch\/fr\/wp-json\/wp\/v2\/pages"}],"about":[{"href":"https:\/\/cvestavayer.ch\/fr\/wp-json\/wp\/v2\/types\/page"}],"author":[{"embeddable":true,"href":"https:\/\/cvestavayer.ch\/fr\/wp-json\/wp\/v2\/users\/1"}],"replies":[{"embeddable":true,"href":"https:\/\/cvestavayer.ch\/fr\/wp-json\/wp\/v2\/comments?post=43815"}],"version-history":[{"count":25,"href":"https:\/\/cvestavayer.ch\/fr\/wp-json\/wp\/v2\/pages\/43815\/revisions"}],"predecessor-version":[{"id":46681,"href":"https:\/\/cvestavayer.ch\/fr\/wp-json\/wp\/v2\/pages\/43815\/revisions\/46681"}],"up":[{"embeddable":true,"href":"https:\/\/cvestavayer.ch\/fr\/wp-json\/wp\/v2\/pages\/48"}],"wp:attachment":[{"href":"https:\/\/cvestavayer.ch\/fr\/wp-json\/wp\/v2\/media?parent=43815"}],"curies":[{"name":"wp","href":"https:\/\/api.w.org\/{rel}","templated":true}]}}