{"id":44071,"date":"2021-05-23T22:57:27","date_gmt":"2021-05-23T20:57:27","guid":{"rendered":"http:\/\/cvestavayer.ch\/fr\/?page_id=44071"},"modified":"2023-11-17T08:04:57","modified_gmt":"2023-11-17T07:04:57","slug":"regates-anciens-resultats","status":"publish","type":"page","link":"https:\/\/cvestavayer.ch\/fr\/regates\/regates-anciens-resultats\/","title":{"rendered":"R\u00e9gates anciens r\u00e9sultats"},"content":{"rendered":"\n<figure class=\"wp-block-image size-large\"><img loading=\"lazy\" decoding=\"async\" width=\"1024\" height=\"330\" src=\"http:\/\/cvestavayer.ch\/wp-content\/uploads\/2021\/05\/149-scaled-e1621802844151-1024x330.jpg\" alt=\"\" class=\"wp-image-44073\" srcset=\"https:\/\/cvestavayer.ch\/wp-content\/uploads\/2021\/05\/149-scaled-e1621802844151-1024x330.jpg 1024w, https:\/\/cvestavayer.ch\/wp-content\/uploads\/2021\/05\/149-scaled-e1621802844151-300x97.jpg 300w, https:\/\/cvestavayer.ch\/wp-content\/uploads\/2021\/05\/149-scaled-e1621802844151-768x248.jpg 768w, https:\/\/cvestavayer.ch\/wp-content\/uploads\/2021\/05\/149-scaled-e1621802844151-1536x495.jpg 1536w, https:\/\/cvestavayer.ch\/wp-content\/uploads\/2021\/05\/149-scaled-e1621802844151-2048x660.jpg 2048w\" sizes=\"auto, (max-width: 1024px) 100vw, 1024px\" \/><\/figure>\n\n\n\n<p>Vous recherchez le r\u00e9sultat d&rsquo;une r\u00e9gate? Cliquez sur l&rsquo;ann\u00e9e de celle-ci et retrouvez toutes les archives. <\/p>\n\n\n\n<div class=\"wp-block-buttons is-layout-flex wp-block-buttons-is-layout-flex\">\n<div class=\"wp-block-button is-style-fill\"><a class=\"wp-block-button__link wp-element-button\" href=\"https:\/\/cvestavayer.ch\/fr\/regates\/regates-anciens-resultats\/resultats-2023\/\">2023<\/a><\/div>\n\n\n\n<div class=\"wp-block-button is-style-fill\"><a class=\"wp-block-button__link wp-element-button\" href=\"https:\/\/cvestavayer.ch\/fr\/regates\/regates-anciens-resultats\/resultats-2022\/\">2022<\/a><\/div>\n\n\n\n<div class=\"wp-block-button is-style-fill\"><a class=\"wp-block-button__link wp-element-button\" href=\"https:\/\/cvestavayer.ch\/fr\/?page_id=44657\">2021<\/a><\/div>\n\n\n\n<div class=\"wp-block-button is-style-fill\"><a class=\"wp-block-button__link wp-element-button\" href=\"https:\/\/cvestavayer.ch\/fr\/?page_id=44667\">2020<\/a><\/div>\n\n\n\n<div class=\"wp-block-button is-style-fill\"><a class=\"wp-block-button__link wp-element-button\" href=\"https:\/\/cvestavayer.ch\/fr\/?page_id=44670\">2019<\/a><\/div>\n\n\n\n<div class=\"wp-block-button is-style-fill\"><a class=\"wp-block-button__link wp-element-button\" href=\"https:\/\/cvestavayer.ch\/fr\/?page_id=44673\">2018<\/a><\/div>\n\n\n\n<div class=\"wp-block-button is-style-fill\"><a class=\"wp-block-button__link wp-element-button\" href=\"https:\/\/cvestavayer.ch\/fr\/regates\/resultats-2017\/\">2017<\/a><\/div>\n\n\n\n<div class=\"wp-block-button is-style-fill\"><a class=\"wp-block-button__link wp-element-button\" href=\"https:\/\/cvestavayer.ch\/fr\/regates\/resultats-2016\/\">2016<\/a><\/div>\n\n\n\n<div class=\"wp-block-button is-style-fill\"><a class=\"wp-block-button__link wp-element-button\" href=\"https:\/\/cvestavayer.ch\/fr\/regates\/resultats-2015\/\">2015<\/a><\/div>\n\n\n\n<div class=\"wp-block-button is-style-fill\"><a class=\"wp-block-button__link wp-element-button\" href=\"https:\/\/cvestavayer.ch\/fr\/regates\/resultats-2014\/\">2014<\/a><\/div>\n\n\n\n<div class=\"wp-block-button is-style-fill\"><a class=\"wp-block-button__link wp-element-button\" href=\"https:\/\/cvestavayer.ch\/fr\/regates\/resultats-2013\/\">2013<\/a><\/div>\n\n\n\n<div class=\"wp-block-button is-style-fill\"><a class=\"wp-block-button__link wp-element-button\" href=\"https:\/\/cvestavayer.ch\/fr\/regates\/resultats-2012\/\">2012<\/a><\/div>\n\n\n\n<div class=\"wp-block-button is-style-fill\"><a class=\"wp-block-button__link wp-element-button\" href=\"https:\/\/cvestavayer.ch\/fr\/regates\/resultats-2011\/\">2011<\/a><\/div>\n\n\n\n<div class=\"wp-block-button is-style-fill\"><a class=\"wp-block-button__link wp-element-button\" href=\"https:\/\/cvestavayer.ch\/fr\/regates\/resultats-2010\/\">2010<\/a><\/div>\n\n\n\n<div class=\"wp-block-button is-style-fill\"><a class=\"wp-block-button__link wp-element-button\" href=\"https:\/\/cvestavayer.ch\/fr\/regates\/resultats-2009\/\">2009<\/a><\/div>\n\n\n\n<div class=\"wp-block-button is-style-fill\"><a class=\"wp-block-button__link wp-element-button\" href=\"https:\/\/cvestavayer.ch\/fr\/regates\/resultats-2008\/\">2008<\/a><\/div>\n\n\n\n<div class=\"wp-block-button is-style-fill\"><a class=\"wp-block-button__link wp-element-button\" href=\"https:\/\/cvestavayer.ch\/fr\/regates\/resultats-2007\/\">2007<\/a><\/div>\n<\/div>\n\n\n\n<p><\/p>\n","protected":false},"excerpt":{"rendered":"<p>Vous recherchez le r\u00e9sultat d&rsquo;une r\u00e9gate? Cliquez sur l&rsquo;ann\u00e9e de celle-ci et retrouvez toutes les archives.<\/p>\n","protected":false},"author":1,"featured_media":0,"parent":85,"menu_order":0,"comment_status":"closed","ping_status":"closed","template":"","meta":{"_monsterinsights_skip_tracking":false,"_monsterinsights_sitenote_active":false,"_monsterinsights_sitenote_note":"","_monsterinsights_sitenote_category":0,"_EventAllDay":false,"_EventTimezone":"","_EventStartDate":"","_EventEndDate":"","_EventStartDateUTC":"","_EventEndDateUTC":"","_EventShowMap":false,"_EventShowMapLink":false,"_EventURL":"","_EventCost":"","_EventCostDescription":"","_EventCurrencySymbol":"","_EventCurrencyCode":"","_EventCurrencyPosition":"","_EventDateTimeSeparator":"","_EventTimeRangeSeparator":"","_EventOrganizerID":[],"_EventVenueID":[],"_OrganizerEmail":"","_OrganizerPhone":"","_OrganizerWebsite":"","_VenueAddress":"","_VenueCity":"","_VenueCountry":"","_VenueProvince":"","_VenueState":"","_VenueZip":"","_VenuePhone":"","_VenueURL":"","_VenueStateProvince":"","_VenueLat":"","_VenueLng":"","_VenueShowMap":false,"_VenueShowMapLink":false,"footnotes":""},"class_list":["post-44071","page","type-page","status-publish","hentry"],"yoast_head":"<!-- This site is optimized with the Yoast SEO plugin v27.4 - https:\/\/yoast.com\/product\/yoast-seo-wordpress\/ -->\n<title>R\u00e9gates anciens r\u00e9sultats - Cercle de la Voile d&#039;Estavayer<\/title>\n<meta name=\"robots\" content=\"index, follow, max-snippet:-1, max-image-preview:large, max-video-preview:-1\" \/>\n<link rel=\"canonical\" href=\"https:\/\/cvestavayer.ch\/fr\/regates\/regates-anciens-resultats\/\" \/>\n<meta property=\"og:locale\" content=\"fr_FR\" \/>\n<meta property=\"og:type\" content=\"article\" \/>\n<meta property=\"og:title\" content=\"R\u00e9gates anciens r\u00e9sultats - Cercle de la Voile d&#039;Estavayer\" \/>\n<meta property=\"og:description\" content=\"Vous recherchez le r\u00e9sultat d&rsquo;une r\u00e9gate? Cliquez sur l&rsquo;ann\u00e9e de celle-ci et retrouvez toutes les archives.\" \/>\n<meta property=\"og:url\" content=\"https:\/\/cvestavayer.ch\/fr\/regates\/regates-anciens-resultats\/\" \/>\n<meta property=\"og:site_name\" content=\"Cercle de la Voile d&#039;Estavayer\" \/>\n<meta property=\"article:modified_time\" content=\"2023-11-17T07:04:57+00:00\" \/>\n<meta property=\"og:image\" content=\"http:\/\/cvestavayer.ch\/wp-content\/uploads\/2021\/05\/149-scaled-e1621802844151-1024x330.jpg\" \/>\n<meta name=\"twitter:card\" content=\"summary_large_image\" \/>\n<meta name=\"twitter:label1\" content=\"Dur\u00e9e de lecture estim\u00e9e\" \/>\n\t<meta name=\"twitter:data1\" content=\"1 minute\" \/>\n<script type=\"application\/ld+json\" class=\"yoast-schema-graph\">{\"@context\":\"https:\\\/\\\/schema.org\",\"@graph\":[{\"@type\":\"WebPage\",\"@id\":\"https:\\\/\\\/cvestavayer.ch\\\/fr\\\/regates\\\/regates-anciens-resultats\\\/\",\"url\":\"https:\\\/\\\/cvestavayer.ch\\\/fr\\\/regates\\\/regates-anciens-resultats\\\/\",\"name\":\"R\u00e9gates anciens r\u00e9sultats - Cercle de la Voile d&#039;Estavayer\",\"isPartOf\":{\"@id\":\"https:\\\/\\\/cvestavayer.ch\\\/fr\\\/#website\"},\"primaryImageOfPage\":{\"@id\":\"https:\\\/\\\/cvestavayer.ch\\\/fr\\\/regates\\\/regates-anciens-resultats\\\/#primaryimage\"},\"image\":{\"@id\":\"https:\\\/\\\/cvestavayer.ch\\\/fr\\\/regates\\\/regates-anciens-resultats\\\/#primaryimage\"},\"thumbnailUrl\":\"http:\\\/\\\/cvestavayer.ch\\\/wp-content\\\/uploads\\\/2021\\\/05\\\/149-scaled-e1621802844151-1024x330.jpg\",\"datePublished\":\"2021-05-23T20:57:27+00:00\",\"dateModified\":\"2023-11-17T07:04:57+00:00\",\"breadcrumb\":{\"@id\":\"https:\\\/\\\/cvestavayer.ch\\\/fr\\\/regates\\\/regates-anciens-resultats\\\/#breadcrumb\"},\"inLanguage\":\"fr-FR\",\"potentialAction\":[{\"@type\":\"ReadAction\",\"target\":[\"https:\\\/\\\/cvestavayer.ch\\\/fr\\\/regates\\\/regates-anciens-resultats\\\/\"]}]},{\"@type\":\"ImageObject\",\"inLanguage\":\"fr-FR\",\"@id\":\"https:\\\/\\\/cvestavayer.ch\\\/fr\\\/regates\\\/regates-anciens-resultats\\\/#primaryimage\",\"url\":\"http:\\\/\\\/cvestavayer.ch\\\/wp-content\\\/uploads\\\/2021\\\/05\\\/149-scaled-e1621802844151-1024x330.jpg\",\"contentUrl\":\"http:\\\/\\\/cvestavayer.ch\\\/wp-content\\\/uploads\\\/2021\\\/05\\\/149-scaled-e1621802844151-1024x330.jpg\"},{\"@type\":\"BreadcrumbList\",\"@id\":\"https:\\\/\\\/cvestavayer.ch\\\/fr\\\/regates\\\/regates-anciens-resultats\\\/#breadcrumb\",\"itemListElement\":[{\"@type\":\"ListItem\",\"position\":1,\"name\":\"Accueil\",\"item\":\"https:\\\/\\\/cvestavayer.ch\\\/fr\\\/\"},{\"@type\":\"ListItem\",\"position\":2,\"name\":\"R\u00e9gates\",\"item\":\"https:\\\/\\\/cvestavayer.ch\\\/fr\\\/regates\\\/\"},{\"@type\":\"ListItem\",\"position\":3,\"name\":\"R\u00e9gates anciens r\u00e9sultats\"}]},{\"@type\":\"WebSite\",\"@id\":\"https:\\\/\\\/cvestavayer.ch\\\/fr\\\/#website\",\"url\":\"https:\\\/\\\/cvestavayer.ch\\\/fr\\\/\",\"name\":\"Cercle de la Voile d&#039;Estavayer\",\"description\":\"\",\"potentialAction\":[{\"@type\":\"SearchAction\",\"target\":{\"@type\":\"EntryPoint\",\"urlTemplate\":\"https:\\\/\\\/cvestavayer.ch\\\/fr\\\/?s={search_term_string}\"},\"query-input\":{\"@type\":\"PropertyValueSpecification\",\"valueRequired\":true,\"valueName\":\"search_term_string\"}}],\"inLanguage\":\"fr-FR\"}]}<\/script>\n<!-- \/ Yoast SEO plugin. -->","yoast_head_json":{"title":"R\u00e9gates anciens r\u00e9sultats - Cercle de la Voile d&#039;Estavayer","robots":{"index":"index","follow":"follow","max-snippet":"max-snippet:-1","max-image-preview":"max-image-preview:large","max-video-preview":"max-video-preview:-1"},"canonical":"https:\/\/cvestavayer.ch\/fr\/regates\/regates-anciens-resultats\/","og_locale":"fr_FR","og_type":"article","og_title":"R\u00e9gates anciens r\u00e9sultats - Cercle de la Voile d&#039;Estavayer","og_description":"Vous recherchez le r\u00e9sultat d&rsquo;une r\u00e9gate? Cliquez sur l&rsquo;ann\u00e9e de celle-ci et retrouvez toutes les archives.","og_url":"https:\/\/cvestavayer.ch\/fr\/regates\/regates-anciens-resultats\/","og_site_name":"Cercle de la Voile d&#039;Estavayer","article_modified_time":"2023-11-17T07:04:57+00:00","og_image":[{"url":"http:\/\/cvestavayer.ch\/wp-content\/uploads\/2021\/05\/149-scaled-e1621802844151-1024x330.jpg","type":"","width":"","height":""}],"twitter_card":"summary_large_image","twitter_misc":{"Dur\u00e9e de lecture estim\u00e9e":"1 minute"},"schema":{"@context":"https:\/\/schema.org","@graph":[{"@type":"WebPage","@id":"https:\/\/cvestavayer.ch\/fr\/regates\/regates-anciens-resultats\/","url":"https:\/\/cvestavayer.ch\/fr\/regates\/regates-anciens-resultats\/","name":"R\u00e9gates anciens r\u00e9sultats - Cercle de la Voile d&#039;Estavayer","isPartOf":{"@id":"https:\/\/cvestavayer.ch\/fr\/#website"},"primaryImageOfPage":{"@id":"https:\/\/cvestavayer.ch\/fr\/regates\/regates-anciens-resultats\/#primaryimage"},"image":{"@id":"https:\/\/cvestavayer.ch\/fr\/regates\/regates-anciens-resultats\/#primaryimage"},"thumbnailUrl":"http:\/\/cvestavayer.ch\/wp-content\/uploads\/2021\/05\/149-scaled-e1621802844151-1024x330.jpg","datePublished":"2021-05-23T20:57:27+00:00","dateModified":"2023-11-17T07:04:57+00:00","breadcrumb":{"@id":"https:\/\/cvestavayer.ch\/fr\/regates\/regates-anciens-resultats\/#breadcrumb"},"inLanguage":"fr-FR","potentialAction":[{"@type":"ReadAction","target":["https:\/\/cvestavayer.ch\/fr\/regates\/regates-anciens-resultats\/"]}]},{"@type":"ImageObject","inLanguage":"fr-FR","@id":"https:\/\/cvestavayer.ch\/fr\/regates\/regates-anciens-resultats\/#primaryimage","url":"http:\/\/cvestavayer.ch\/wp-content\/uploads\/2021\/05\/149-scaled-e1621802844151-1024x330.jpg","contentUrl":"http:\/\/cvestavayer.ch\/wp-content\/uploads\/2021\/05\/149-scaled-e1621802844151-1024x330.jpg"},{"@type":"BreadcrumbList","@id":"https:\/\/cvestavayer.ch\/fr\/regates\/regates-anciens-resultats\/#breadcrumb","itemListElement":[{"@type":"ListItem","position":1,"name":"Accueil","item":"https:\/\/cvestavayer.ch\/fr\/"},{"@type":"ListItem","position":2,"name":"R\u00e9gates","item":"https:\/\/cvestavayer.ch\/fr\/regates\/"},{"@type":"ListItem","position":3,"name":"R\u00e9gates anciens r\u00e9sultats"}]},{"@type":"WebSite","@id":"https:\/\/cvestavayer.ch\/fr\/#website","url":"https:\/\/cvestavayer.ch\/fr\/","name":"Cercle de la Voile d&#039;Estavayer","description":"","potentialAction":[{"@type":"SearchAction","target":{"@type":"EntryPoint","urlTemplate":"https:\/\/cvestavayer.ch\/fr\/?s={search_term_string}"},"query-input":{"@type":"PropertyValueSpecification","valueRequired":true,"valueName":"search_term_string"}}],"inLanguage":"fr-FR"}]}},"_links":{"self":[{"href":"https:\/\/cvestavayer.ch\/fr\/wp-json\/wp\/v2\/pages\/44071","targetHints":{"allow":["GET"]}}],"collection":[{"href":"https:\/\/cvestavayer.ch\/fr\/wp-json\/wp\/v2\/pages"}],"about":[{"href":"https:\/\/cvestavayer.ch\/fr\/wp-json\/wp\/v2\/types\/page"}],"author":[{"embeddable":true,"href":"https:\/\/cvestavayer.ch\/fr\/wp-json\/wp\/v2\/users\/1"}],"replies":[{"embeddable":true,"href":"https:\/\/cvestavayer.ch\/fr\/wp-json\/wp\/v2\/comments?post=44071"}],"version-history":[{"count":8,"href":"https:\/\/cvestavayer.ch\/fr\/wp-json\/wp\/v2\/pages\/44071\/revisions"}],"predecessor-version":[{"id":45546,"href":"https:\/\/cvestavayer.ch\/fr\/wp-json\/wp\/v2\/pages\/44071\/revisions\/45546"}],"up":[{"embeddable":true,"href":"https:\/\/cvestavayer.ch\/fr\/wp-json\/wp\/v2\/pages\/85"}],"wp:attachment":[{"href":"https:\/\/cvestavayer.ch\/fr\/wp-json\/wp\/v2\/media?parent=44071"}],"curies":[{"name":"wp","href":"https:\/\/api.w.org\/{rel}","templated":true}]}}