{"id":44657,"date":"2022-06-14T20:59:47","date_gmt":"2022-06-14T18:59:47","guid":{"rendered":"http:\/\/cvestavayer.ch\/fr\/?page_id=44657"},"modified":"2022-06-14T21:26:36","modified_gmt":"2022-06-14T19:26:36","slug":"resultats-2021","status":"publish","type":"page","link":"https:\/\/cvestavayer.ch\/fr\/regates\/regates-anciens-resultats\/resultats-2021\/","title":{"rendered":"R\u00e9sultats 2021"},"content":{"rendered":"\n<ul class=\"wp-block-list\"><li><a href=\"https:\/\/www.manage2sail.com\/fr-ch\/event\/97708ff7-30aa-488b-91d6-b8916e4d5d60#!\/results?classId=Parcours1\" target=\"_blank\" rel=\"noreferrer noopener\">100 Milles de Pentec\u00f4te<\/a><\/li><li><a href=\"https:\/\/cvestavayer.ch\/fr\/non-classe\/coupe-des-3-lacs\/\">C3L<\/a><\/li><li><a href=\"https:\/\/cvestavayer.ch\/fr\/non-classe\/regate-de-cloture-2\/\">R\u00e9gate de cl\u00f4ture<\/a><\/li><\/ul>\n","protected":false},"excerpt":{"rendered":"<p>100 Milles de Pentec\u00f4te C3L R\u00e9gate de cl\u00f4ture<\/p>\n","protected":false},"author":1,"featured_media":0,"parent":44071,"menu_order":0,"comment_status":"closed","ping_status":"closed","template":"","meta":{"_monsterinsights_skip_tracking":false,"_monsterinsights_sitenote_active":false,"_monsterinsights_sitenote_note":"","_monsterinsights_sitenote_category":0,"_EventAllDay":false,"_EventTimezone":"","_EventStartDate":"","_EventEndDate":"","_EventStartDateUTC":"","_EventEndDateUTC":"","_EventShowMap":false,"_EventShowMapLink":false,"_EventURL":"","_EventCost":"","_EventCostDescription":"","_EventCurrencySymbol":"","_EventCurrencyCode":"","_EventCurrencyPosition":"","_EventDateTimeSeparator":"","_EventTimeRangeSeparator":"","_EventOrganizerID":[],"_EventVenueID":[],"_OrganizerEmail":"","_OrganizerPhone":"","_OrganizerWebsite":"","_VenueAddress":"","_VenueCity":"","_VenueCountry":"","_VenueProvince":"","_VenueState":"","_VenueZip":"","_VenuePhone":"","_VenueURL":"","_VenueStateProvince":"","_VenueLat":"","_VenueLng":"","_VenueShowMap":false,"_VenueShowMapLink":false,"footnotes":""},"class_list":["post-44657","page","type-page","status-publish","hentry"],"yoast_head":"<!-- This site is optimized with the Yoast SEO plugin v27.6 - https:\/\/yoast.com\/product\/yoast-seo-wordpress\/ -->\n<title>R\u00e9sultats 2021 - Cercle de la Voile d&#039;Estavayer<\/title>\n<meta name=\"robots\" content=\"index, follow, max-snippet:-1, max-image-preview:large, max-video-preview:-1\" \/>\n<link rel=\"canonical\" href=\"https:\/\/cvestavayer.ch\/fr\/regates\/regates-anciens-resultats\/resultats-2021\/\" \/>\n<meta property=\"og:locale\" content=\"fr_FR\" \/>\n<meta property=\"og:type\" content=\"article\" \/>\n<meta property=\"og:title\" content=\"R\u00e9sultats 2021 - Cercle de la Voile d&#039;Estavayer\" \/>\n<meta property=\"og:description\" content=\"100 Milles de Pentec\u00f4te C3L R\u00e9gate de cl\u00f4ture\" \/>\n<meta property=\"og:url\" content=\"https:\/\/cvestavayer.ch\/fr\/regates\/regates-anciens-resultats\/resultats-2021\/\" \/>\n<meta property=\"og:site_name\" content=\"Cercle de la Voile d&#039;Estavayer\" \/>\n<meta property=\"article:modified_time\" content=\"2022-06-14T19:26:36+00:00\" \/>\n<meta name=\"twitter:card\" content=\"summary_large_image\" \/>\n<meta name=\"twitter:label1\" content=\"Dur\u00e9e de lecture estim\u00e9e\" \/>\n\t<meta name=\"twitter:data1\" content=\"1 minute\" \/>\n<script type=\"application\/ld+json\" class=\"yoast-schema-graph\">{\"@context\":\"https:\\\/\\\/schema.org\",\"@graph\":[{\"@type\":\"WebPage\",\"@id\":\"https:\\\/\\\/cvestavayer.ch\\\/fr\\\/regates\\\/regates-anciens-resultats\\\/resultats-2021\\\/\",\"url\":\"https:\\\/\\\/cvestavayer.ch\\\/fr\\\/regates\\\/regates-anciens-resultats\\\/resultats-2021\\\/\",\"name\":\"R\u00e9sultats 2021 - Cercle de la Voile d&#039;Estavayer\",\"isPartOf\":{\"@id\":\"https:\\\/\\\/cvestavayer.ch\\\/fr\\\/#website\"},\"datePublished\":\"2022-06-14T18:59:47+00:00\",\"dateModified\":\"2022-06-14T19:26:36+00:00\",\"breadcrumb\":{\"@id\":\"https:\\\/\\\/cvestavayer.ch\\\/fr\\\/regates\\\/regates-anciens-resultats\\\/resultats-2021\\\/#breadcrumb\"},\"inLanguage\":\"fr-FR\",\"potentialAction\":[{\"@type\":\"ReadAction\",\"target\":[\"https:\\\/\\\/cvestavayer.ch\\\/fr\\\/regates\\\/regates-anciens-resultats\\\/resultats-2021\\\/\"]}]},{\"@type\":\"BreadcrumbList\",\"@id\":\"https:\\\/\\\/cvestavayer.ch\\\/fr\\\/regates\\\/regates-anciens-resultats\\\/resultats-2021\\\/#breadcrumb\",\"itemListElement\":[{\"@type\":\"ListItem\",\"position\":1,\"name\":\"Accueil\",\"item\":\"https:\\\/\\\/cvestavayer.ch\\\/fr\\\/\"},{\"@type\":\"ListItem\",\"position\":2,\"name\":\"R\u00e9gates\",\"item\":\"https:\\\/\\\/cvestavayer.ch\\\/fr\\\/regates\\\/\"},{\"@type\":\"ListItem\",\"position\":3,\"name\":\"R\u00e9gates anciens r\u00e9sultats\",\"item\":\"https:\\\/\\\/cvestavayer.ch\\\/fr\\\/regates\\\/regates-anciens-resultats\\\/\"},{\"@type\":\"ListItem\",\"position\":4,\"name\":\"R\u00e9sultats 2021\"}]},{\"@type\":\"WebSite\",\"@id\":\"https:\\\/\\\/cvestavayer.ch\\\/fr\\\/#website\",\"url\":\"https:\\\/\\\/cvestavayer.ch\\\/fr\\\/\",\"name\":\"Cercle de la Voile d&#039;Estavayer\",\"description\":\"\",\"potentialAction\":[{\"@type\":\"SearchAction\",\"target\":{\"@type\":\"EntryPoint\",\"urlTemplate\":\"https:\\\/\\\/cvestavayer.ch\\\/fr\\\/?s={search_term_string}\"},\"query-input\":{\"@type\":\"PropertyValueSpecification\",\"valueRequired\":true,\"valueName\":\"search_term_string\"}}],\"inLanguage\":\"fr-FR\"}]}<\/script>\n<!-- \/ Yoast SEO plugin. -->","yoast_head_json":{"title":"R\u00e9sultats 2021 - Cercle de la Voile d&#039;Estavayer","robots":{"index":"index","follow":"follow","max-snippet":"max-snippet:-1","max-image-preview":"max-image-preview:large","max-video-preview":"max-video-preview:-1"},"canonical":"https:\/\/cvestavayer.ch\/fr\/regates\/regates-anciens-resultats\/resultats-2021\/","og_locale":"fr_FR","og_type":"article","og_title":"R\u00e9sultats 2021 - Cercle de la Voile d&#039;Estavayer","og_description":"100 Milles de Pentec\u00f4te C3L R\u00e9gate de cl\u00f4ture","og_url":"https:\/\/cvestavayer.ch\/fr\/regates\/regates-anciens-resultats\/resultats-2021\/","og_site_name":"Cercle de la Voile d&#039;Estavayer","article_modified_time":"2022-06-14T19:26:36+00:00","twitter_card":"summary_large_image","twitter_misc":{"Dur\u00e9e de lecture estim\u00e9e":"1 minute"},"schema":{"@context":"https:\/\/schema.org","@graph":[{"@type":"WebPage","@id":"https:\/\/cvestavayer.ch\/fr\/regates\/regates-anciens-resultats\/resultats-2021\/","url":"https:\/\/cvestavayer.ch\/fr\/regates\/regates-anciens-resultats\/resultats-2021\/","name":"R\u00e9sultats 2021 - Cercle de la Voile d&#039;Estavayer","isPartOf":{"@id":"https:\/\/cvestavayer.ch\/fr\/#website"},"datePublished":"2022-06-14T18:59:47+00:00","dateModified":"2022-06-14T19:26:36+00:00","breadcrumb":{"@id":"https:\/\/cvestavayer.ch\/fr\/regates\/regates-anciens-resultats\/resultats-2021\/#breadcrumb"},"inLanguage":"fr-FR","potentialAction":[{"@type":"ReadAction","target":["https:\/\/cvestavayer.ch\/fr\/regates\/regates-anciens-resultats\/resultats-2021\/"]}]},{"@type":"BreadcrumbList","@id":"https:\/\/cvestavayer.ch\/fr\/regates\/regates-anciens-resultats\/resultats-2021\/#breadcrumb","itemListElement":[{"@type":"ListItem","position":1,"name":"Accueil","item":"https:\/\/cvestavayer.ch\/fr\/"},{"@type":"ListItem","position":2,"name":"R\u00e9gates","item":"https:\/\/cvestavayer.ch\/fr\/regates\/"},{"@type":"ListItem","position":3,"name":"R\u00e9gates anciens r\u00e9sultats","item":"https:\/\/cvestavayer.ch\/fr\/regates\/regates-anciens-resultats\/"},{"@type":"ListItem","position":4,"name":"R\u00e9sultats 2021"}]},{"@type":"WebSite","@id":"https:\/\/cvestavayer.ch\/fr\/#website","url":"https:\/\/cvestavayer.ch\/fr\/","name":"Cercle de la Voile d&#039;Estavayer","description":"","potentialAction":[{"@type":"SearchAction","target":{"@type":"EntryPoint","urlTemplate":"https:\/\/cvestavayer.ch\/fr\/?s={search_term_string}"},"query-input":{"@type":"PropertyValueSpecification","valueRequired":true,"valueName":"search_term_string"}}],"inLanguage":"fr-FR"}]}},"_links":{"self":[{"href":"https:\/\/cvestavayer.ch\/fr\/wp-json\/wp\/v2\/pages\/44657","targetHints":{"allow":["GET"]}}],"collection":[{"href":"https:\/\/cvestavayer.ch\/fr\/wp-json\/wp\/v2\/pages"}],"about":[{"href":"https:\/\/cvestavayer.ch\/fr\/wp-json\/wp\/v2\/types\/page"}],"author":[{"embeddable":true,"href":"https:\/\/cvestavayer.ch\/fr\/wp-json\/wp\/v2\/users\/1"}],"replies":[{"embeddable":true,"href":"https:\/\/cvestavayer.ch\/fr\/wp-json\/wp\/v2\/comments?post=44657"}],"version-history":[{"count":4,"href":"https:\/\/cvestavayer.ch\/fr\/wp-json\/wp\/v2\/pages\/44657\/revisions"}],"predecessor-version":[{"id":44680,"href":"https:\/\/cvestavayer.ch\/fr\/wp-json\/wp\/v2\/pages\/44657\/revisions\/44680"}],"up":[{"embeddable":true,"href":"https:\/\/cvestavayer.ch\/fr\/wp-json\/wp\/v2\/pages\/44071"}],"wp:attachment":[{"href":"https:\/\/cvestavayer.ch\/fr\/wp-json\/wp\/v2\/media?parent=44657"}],"curies":[{"name":"wp","href":"https:\/\/api.w.org\/{rel}","templated":true}]}}