{"id":44839,"date":"2022-12-15T23:22:27","date_gmt":"2022-12-15T22:22:27","guid":{"rendered":"https:\/\/cvestavayer.ch\/fr\/?page_id=44839"},"modified":"2026-04-09T16:47:34","modified_gmt":"2026-04-09T14:47:34","slug":"j-70","status":"publish","type":"page","link":"https:\/\/cvestavayer.ch\/fr\/j-70\/","title":{"rendered":"J\/70"},"content":{"rendered":"\n<figure class=\"wp-block-image size-large\"><img loading=\"lazy\" decoding=\"async\" width=\"1024\" height=\"185\" src=\"https:\/\/cvestavayer.ch\/wp-content\/uploads\/2026\/04\/Bandeau-J70-1024x185.jpg\" alt=\"\" class=\"wp-image-46854\" srcset=\"https:\/\/cvestavayer.ch\/wp-content\/uploads\/2026\/04\/Bandeau-J70-1024x185.jpg 1024w, https:\/\/cvestavayer.ch\/wp-content\/uploads\/2026\/04\/Bandeau-J70-300x54.jpg 300w, https:\/\/cvestavayer.ch\/wp-content\/uploads\/2026\/04\/Bandeau-J70-768x139.jpg 768w, https:\/\/cvestavayer.ch\/wp-content\/uploads\/2026\/04\/Bandeau-J70-1536x277.jpg 1536w, https:\/\/cvestavayer.ch\/wp-content\/uploads\/2026\/04\/Bandeau-J70-2048x370.jpg 2048w\" sizes=\"auto, (max-width: 1024px) 100vw, 1024px\" \/><\/figure>\n\n\n\n<h2 class=\"wp-block-heading\">L\u2019\u00e9quipe J\/70 du CVE : La R\u00e9gate \u00e0 Port\u00e9e de Main<\/h2>\n\n\n\n<p><strong>Vous voulez r\u00e9gater mais vous n\u2019avez pas de bateau ? Le Cercle de la Voile d&rsquo;Estavayer (CVE) vous ouvre ses portes.<\/strong><\/p>\n\n\n\n<p>Le club met \u00e0 votre disposition deux <strong>J\/70<\/strong>, des voiliers sportifs et modernes, parfaits pour la comp\u00e9tition en \u00e9quipage (4 \u00e0 5 personnes). Que vous souhaitiez vous perfectionner ou viser les sommets des championnats suisses, nos bateaux sont l\u00e0 pour vous.<\/p>\n\n\n\n<div class=\"wp-block-buttons is-layout-flex wp-block-buttons-is-layout-flex\">\n<div class=\"wp-block-button\"><a class=\"wp-block-button__link wp-element-button\" href=\"https:\/\/cvestavayer.ch\/fr\/j-70\/naviguer-en-j-70-au-cve\/\">Informations d\u00e9taill\u00e9es<\/a><\/div>\n<\/div>\n\n\n\n<hr class=\"wp-block-separator has-alpha-channel-opacity\"\/>\n\n\n\n<figure class=\"wp-block-video\"><video height=\"480\" style=\"aspect-ratio: 848 \/ 480;\" width=\"848\" autoplay controls muted src=\"https:\/\/cvestavayer.ch\/wp-content\/uploads\/2026\/04\/82dd1031-e4af-4ecf-8594-20eefcbce77c.mp4\" playsinline><\/video><\/figure>\n","protected":false},"excerpt":{"rendered":"<p>L\u2019\u00e9quipe J\/70 du CVE : La R\u00e9gate \u00e0 Port\u00e9e de Main Vous voulez r\u00e9gater mais vous n\u2019avez pas de bateau ? Le Cercle de la Voile d&rsquo;Estavayer (CVE) vous ouvre <a class=\"more-link\" href=\"https:\/\/cvestavayer.ch\/fr\/j-70\/\">Continuer la lecture &rarr;<\/a><\/p>\n","protected":false},"author":1,"featured_media":0,"parent":0,"menu_order":0,"comment_status":"closed","ping_status":"closed","template":"","meta":{"_monsterinsights_skip_tracking":false,"_monsterinsights_sitenote_active":false,"_monsterinsights_sitenote_note":"","_monsterinsights_sitenote_category":0,"_EventAllDay":false,"_EventTimezone":"","_EventStartDate":"","_EventEndDate":"","_EventStartDateUTC":"","_EventEndDateUTC":"","_EventShowMap":false,"_EventShowMapLink":false,"_EventURL":"","_EventCost":"","_EventCostDescription":"","_EventCurrencySymbol":"","_EventCurrencyCode":"","_EventCurrencyPosition":"","_EventDateTimeSeparator":"","_EventTimeRangeSeparator":"","_EventOrganizerID":[],"_EventVenueID":[],"_OrganizerEmail":"","_OrganizerPhone":"","_OrganizerWebsite":"","_VenueAddress":"","_VenueCity":"","_VenueCountry":"","_VenueProvince":"","_VenueState":"","_VenueZip":"","_VenuePhone":"","_VenueURL":"","_VenueStateProvince":"","_VenueLat":"","_VenueLng":"","_VenueShowMap":false,"_VenueShowMapLink":false,"footnotes":""},"class_list":["post-44839","page","type-page","status-publish","hentry"],"yoast_head":"<!-- This site is optimized with the Yoast SEO plugin v27.4 - https:\/\/yoast.com\/product\/yoast-seo-wordpress\/ -->\n<title>J\/70 - Cercle de la Voile d&#039;Estavayer<\/title>\n<meta name=\"robots\" content=\"index, follow, max-snippet:-1, max-image-preview:large, max-video-preview:-1\" \/>\n<link rel=\"canonical\" href=\"https:\/\/cvestavayer.ch\/fr\/j-70\/\" \/>\n<meta property=\"og:locale\" content=\"fr_FR\" \/>\n<meta property=\"og:type\" content=\"article\" \/>\n<meta property=\"og:title\" content=\"J\/70 - Cercle de la Voile d&#039;Estavayer\" \/>\n<meta property=\"og:description\" content=\"L\u2019\u00e9quipe J\/70 du CVE : La R\u00e9gate \u00e0 Port\u00e9e de Main Vous voulez r\u00e9gater mais vous n\u2019avez pas de bateau ? Le Cercle de la Voile d&rsquo;Estavayer (CVE) vous ouvre Continuer la lecture &rarr;\" \/>\n<meta property=\"og:url\" content=\"https:\/\/cvestavayer.ch\/fr\/j-70\/\" \/>\n<meta property=\"og:site_name\" content=\"Cercle de la Voile d&#039;Estavayer\" \/>\n<meta property=\"article:modified_time\" content=\"2026-04-09T14:47:34+00:00\" \/>\n<meta property=\"og:image\" content=\"https:\/\/cvestavayer.ch\/wp-content\/uploads\/2026\/04\/Bandeau-J70.jpg\" \/>\n\t<meta property=\"og:image:width\" content=\"2360\" \/>\n\t<meta property=\"og:image:height\" content=\"426\" \/>\n\t<meta property=\"og:image:type\" content=\"image\/jpeg\" \/>\n<meta name=\"twitter:card\" content=\"summary_large_image\" \/>\n<meta name=\"twitter:label1\" content=\"Dur\u00e9e de lecture estim\u00e9e\" \/>\n\t<meta name=\"twitter:data1\" content=\"2 minutes\" \/>\n<script type=\"application\/ld+json\" class=\"yoast-schema-graph\">{\"@context\":\"https:\\\/\\\/schema.org\",\"@graph\":[{\"@type\":\"WebPage\",\"@id\":\"https:\\\/\\\/cvestavayer.ch\\\/fr\\\/j-70\\\/\",\"url\":\"https:\\\/\\\/cvestavayer.ch\\\/fr\\\/j-70\\\/\",\"name\":\"J\\\/70 - Cercle de la Voile d&#039;Estavayer\",\"isPartOf\":{\"@id\":\"https:\\\/\\\/cvestavayer.ch\\\/fr\\\/#website\"},\"primaryImageOfPage\":{\"@id\":\"https:\\\/\\\/cvestavayer.ch\\\/fr\\\/j-70\\\/#primaryimage\"},\"image\":{\"@id\":\"https:\\\/\\\/cvestavayer.ch\\\/fr\\\/j-70\\\/#primaryimage\"},\"thumbnailUrl\":\"https:\\\/\\\/cvestavayer.ch\\\/wp-content\\\/uploads\\\/2026\\\/04\\\/Bandeau-J70-1024x185.jpg\",\"datePublished\":\"2022-12-15T22:22:27+00:00\",\"dateModified\":\"2026-04-09T14:47:34+00:00\",\"breadcrumb\":{\"@id\":\"https:\\\/\\\/cvestavayer.ch\\\/fr\\\/j-70\\\/#breadcrumb\"},\"inLanguage\":\"fr-FR\",\"potentialAction\":[{\"@type\":\"ReadAction\",\"target\":[\"https:\\\/\\\/cvestavayer.ch\\\/fr\\\/j-70\\\/\"]}]},{\"@type\":\"ImageObject\",\"inLanguage\":\"fr-FR\",\"@id\":\"https:\\\/\\\/cvestavayer.ch\\\/fr\\\/j-70\\\/#primaryimage\",\"url\":\"https:\\\/\\\/cvestavayer.ch\\\/wp-content\\\/uploads\\\/2026\\\/04\\\/Bandeau-J70-1024x185.jpg\",\"contentUrl\":\"https:\\\/\\\/cvestavayer.ch\\\/wp-content\\\/uploads\\\/2026\\\/04\\\/Bandeau-J70-1024x185.jpg\"},{\"@type\":\"BreadcrumbList\",\"@id\":\"https:\\\/\\\/cvestavayer.ch\\\/fr\\\/j-70\\\/#breadcrumb\",\"itemListElement\":[{\"@type\":\"ListItem\",\"position\":1,\"name\":\"Accueil\",\"item\":\"https:\\\/\\\/cvestavayer.ch\\\/fr\\\/\"},{\"@type\":\"ListItem\",\"position\":2,\"name\":\"Projet J\\\/70\"}]},{\"@type\":\"WebSite\",\"@id\":\"https:\\\/\\\/cvestavayer.ch\\\/fr\\\/#website\",\"url\":\"https:\\\/\\\/cvestavayer.ch\\\/fr\\\/\",\"name\":\"Cercle de la Voile d&#039;Estavayer\",\"description\":\"\",\"potentialAction\":[{\"@type\":\"SearchAction\",\"target\":{\"@type\":\"EntryPoint\",\"urlTemplate\":\"https:\\\/\\\/cvestavayer.ch\\\/fr\\\/?s={search_term_string}\"},\"query-input\":{\"@type\":\"PropertyValueSpecification\",\"valueRequired\":true,\"valueName\":\"search_term_string\"}}],\"inLanguage\":\"fr-FR\"}]}<\/script>\n<!-- \/ Yoast SEO plugin. -->","yoast_head_json":{"title":"J\/70 - Cercle de la Voile d&#039;Estavayer","robots":{"index":"index","follow":"follow","max-snippet":"max-snippet:-1","max-image-preview":"max-image-preview:large","max-video-preview":"max-video-preview:-1"},"canonical":"https:\/\/cvestavayer.ch\/fr\/j-70\/","og_locale":"fr_FR","og_type":"article","og_title":"J\/70 - Cercle de la Voile d&#039;Estavayer","og_description":"L\u2019\u00e9quipe J\/70 du CVE : La R\u00e9gate \u00e0 Port\u00e9e de Main Vous voulez r\u00e9gater mais vous n\u2019avez pas de bateau ? Le Cercle de la Voile d&rsquo;Estavayer (CVE) vous ouvre Continuer la lecture &rarr;","og_url":"https:\/\/cvestavayer.ch\/fr\/j-70\/","og_site_name":"Cercle de la Voile d&#039;Estavayer","article_modified_time":"2026-04-09T14:47:34+00:00","og_image":[{"width":2360,"height":426,"url":"https:\/\/cvestavayer.ch\/wp-content\/uploads\/2026\/04\/Bandeau-J70.jpg","type":"image\/jpeg"}],"twitter_card":"summary_large_image","twitter_misc":{"Dur\u00e9e de lecture estim\u00e9e":"2 minutes"},"schema":{"@context":"https:\/\/schema.org","@graph":[{"@type":"WebPage","@id":"https:\/\/cvestavayer.ch\/fr\/j-70\/","url":"https:\/\/cvestavayer.ch\/fr\/j-70\/","name":"J\/70 - Cercle de la Voile d&#039;Estavayer","isPartOf":{"@id":"https:\/\/cvestavayer.ch\/fr\/#website"},"primaryImageOfPage":{"@id":"https:\/\/cvestavayer.ch\/fr\/j-70\/#primaryimage"},"image":{"@id":"https:\/\/cvestavayer.ch\/fr\/j-70\/#primaryimage"},"thumbnailUrl":"https:\/\/cvestavayer.ch\/wp-content\/uploads\/2026\/04\/Bandeau-J70-1024x185.jpg","datePublished":"2022-12-15T22:22:27+00:00","dateModified":"2026-04-09T14:47:34+00:00","breadcrumb":{"@id":"https:\/\/cvestavayer.ch\/fr\/j-70\/#breadcrumb"},"inLanguage":"fr-FR","potentialAction":[{"@type":"ReadAction","target":["https:\/\/cvestavayer.ch\/fr\/j-70\/"]}]},{"@type":"ImageObject","inLanguage":"fr-FR","@id":"https:\/\/cvestavayer.ch\/fr\/j-70\/#primaryimage","url":"https:\/\/cvestavayer.ch\/wp-content\/uploads\/2026\/04\/Bandeau-J70-1024x185.jpg","contentUrl":"https:\/\/cvestavayer.ch\/wp-content\/uploads\/2026\/04\/Bandeau-J70-1024x185.jpg"},{"@type":"BreadcrumbList","@id":"https:\/\/cvestavayer.ch\/fr\/j-70\/#breadcrumb","itemListElement":[{"@type":"ListItem","position":1,"name":"Accueil","item":"https:\/\/cvestavayer.ch\/fr\/"},{"@type":"ListItem","position":2,"name":"Projet J\/70"}]},{"@type":"WebSite","@id":"https:\/\/cvestavayer.ch\/fr\/#website","url":"https:\/\/cvestavayer.ch\/fr\/","name":"Cercle de la Voile d&#039;Estavayer","description":"","potentialAction":[{"@type":"SearchAction","target":{"@type":"EntryPoint","urlTemplate":"https:\/\/cvestavayer.ch\/fr\/?s={search_term_string}"},"query-input":{"@type":"PropertyValueSpecification","valueRequired":true,"valueName":"search_term_string"}}],"inLanguage":"fr-FR"}]}},"_links":{"self":[{"href":"https:\/\/cvestavayer.ch\/fr\/wp-json\/wp\/v2\/pages\/44839","targetHints":{"allow":["GET"]}}],"collection":[{"href":"https:\/\/cvestavayer.ch\/fr\/wp-json\/wp\/v2\/pages"}],"about":[{"href":"https:\/\/cvestavayer.ch\/fr\/wp-json\/wp\/v2\/types\/page"}],"author":[{"embeddable":true,"href":"https:\/\/cvestavayer.ch\/fr\/wp-json\/wp\/v2\/users\/1"}],"replies":[{"embeddable":true,"href":"https:\/\/cvestavayer.ch\/fr\/wp-json\/wp\/v2\/comments?post=44839"}],"version-history":[{"count":43,"href":"https:\/\/cvestavayer.ch\/fr\/wp-json\/wp\/v2\/pages\/44839\/revisions"}],"predecessor-version":[{"id":46874,"href":"https:\/\/cvestavayer.ch\/fr\/wp-json\/wp\/v2\/pages\/44839\/revisions\/46874"}],"wp:attachment":[{"href":"https:\/\/cvestavayer.ch\/fr\/wp-json\/wp\/v2\/media?parent=44839"}],"curies":[{"name":"wp","href":"https:\/\/api.w.org\/{rel}","templated":true}]}}