{"id":44907,"date":"2023-01-06T14:50:13","date_gmt":"2023-01-06T13:50:13","guid":{"rendered":"https:\/\/cvestavayer.ch\/fr\/?page_id=44907"},"modified":"2025-06-05T22:27:13","modified_gmt":"2025-06-05T20:27:13","slug":"100milles","status":"publish","type":"page","link":"https:\/\/cvestavayer.ch\/fr\/regates\/100milles\/","title":{"rendered":"Les vrais 100 Milles de Pentec\u00f4te Autonova"},"content":{"rendered":"\n<figure class=\"wp-block-image size-large\"><img loading=\"lazy\" decoding=\"async\" width=\"1024\" height=\"284\" src=\"https:\/\/cvestavayer.ch\/wp-content\/uploads\/2023\/06\/347-scaled-e1687277355853-1024x284.jpg\" alt=\"\" class=\"wp-image-45351\" srcset=\"https:\/\/cvestavayer.ch\/wp-content\/uploads\/2023\/06\/347-scaled-e1687277355853-1024x284.jpg 1024w, https:\/\/cvestavayer.ch\/wp-content\/uploads\/2023\/06\/347-scaled-e1687277355853-300x83.jpg 300w, https:\/\/cvestavayer.ch\/wp-content\/uploads\/2023\/06\/347-scaled-e1687277355853-768x213.jpg 768w, https:\/\/cvestavayer.ch\/wp-content\/uploads\/2023\/06\/347-scaled-e1687277355853-1536x426.jpg 1536w, https:\/\/cvestavayer.ch\/wp-content\/uploads\/2023\/06\/347-scaled-e1687277355853-2048x568.jpg 2048w\" sizes=\"auto, (max-width: 1024px) 100vw, 1024px\" \/><\/figure>\n\n\n\n<figure class=\"wp-block-video\"><video height=\"720\" style=\"aspect-ratio: 720 \/ 720;\" width=\"720\" autoplay controls muted src=\"https:\/\/cvestavayer.ch\/wp-content\/uploads\/2025\/06\/Video-presentation-2025-1748854581836.mp4\"><\/video><\/figure>\n\n\n\n<h2 class=\"wp-block-heading has-blue-color has-text-color\"><strong>Inscriptions et infos sur Manage2Sail<\/strong><\/h2>\n\n\n\n<div class=\"wp-block-buttons is-layout-flex wp-block-buttons-is-layout-flex\">\n<div class=\"wp-block-button\"><a class=\"wp-block-button__link wp-element-button\">Inscription<\/a><\/div>\n\n\n\n<div class=\"wp-block-button\"><a class=\"wp-block-button__link wp-element-button\">informations de course<\/a><\/div>\n<\/div>\n\n\n\n<hr class=\"wp-block-separator has-alpha-channel-opacity\"\/>\n\n\n\n<p class=\"has-text-align-center has-text-color has-link-color has-extra-small-font-size wp-elements-cddc9590364a897e9146c69b1c97c4e3\" style=\"color:#ff0000\"><em>Attention, les informations pr\u00e9sentes sur cette page peuvent ne pas correspondre \u00e0 100% avec les informations officielles qui figurent sur l&rsquo;avis de course et les instructions de course disponibles sur Manage2Sail. <\/em><\/p>\n\n\n\n<hr class=\"wp-block-separator has-alpha-channel-opacity is-style-wide\"\/>\n\n\n\n<h2 class=\"wp-block-heading has-blue-color has-text-color\" id=\"Sur-l'eau\"><strong>Sur l&rsquo;eau<\/strong><\/h2>\n\n\n\n<h2 class=\"wp-block-heading has-medium-gray-color has-text-color has-link-color wp-elements-ffaeb8abca950dacd6fa93fab86de045\" style=\"font-style:normal;font-weight:600\">Vid\u00e9os d&rsquo;information<\/h2>\n\n\n\n<div class=\"wp-block-media-text has-media-on-the-right is-stacked-on-mobile\"><div class=\"wp-block-media-text__content\">\n<p><strong>Pr\u00e9paration et s\u00e9curit\u00e9<\/strong><\/p>\n<\/div><figure class=\"wp-block-media-text__media\"><video controls src=\"https:\/\/cvestavayer.ch\/wp-content\/uploads\/2025\/06\/YouCut_20240416_2200541282.mp4\"><\/video><\/figure><\/div>\n\n\n\n<div class=\"wp-block-media-text has-media-on-the-right is-stacked-on-mobile\"><div class=\"wp-block-media-text__content\">\n<p><strong>Confort et vie \u00e0 bord<\/strong><\/p>\n<\/div><figure class=\"wp-block-media-text__media\"><video controls src=\"https:\/\/cvestavayer.ch\/wp-content\/uploads\/2024\/04\/leconfort.mp4\"><\/video><\/figure><\/div>\n\n\n\n<div class=\"wp-block-media-text has-media-on-the-right is-stacked-on-mobile\"><div class=\"wp-block-media-text__content\">\n<p><strong>Le parcours<\/strong><\/p>\n<\/div><figure class=\"wp-block-media-text__media\"><video controls src=\"https:\/\/cvestavayer.ch\/wp-content\/uploads\/2024\/04\/leparcours.mp4\"><\/video><\/figure><\/div>\n\n\n\n<hr class=\"wp-block-separator has-alpha-channel-opacity is-style-wide\"\/>\n\n\n\n<h2 class=\"wp-block-heading has-blue-color has-text-color\" id=\"A-terre\"><strong>A terre<\/strong><\/h2>\n\n\n\n<h2 class=\"wp-block-heading has-medium-gray-color has-text-color has-link-color wp-elements-95d6ada67ab7f0ff5ade035e53de20b4\" style=\"font-style:normal;font-weight:600\">Programme <\/h2>\n\n\n\n<p><strong>Vendredi 6 juin: <\/strong><\/p>\n\n\n\n<ul class=\"wp-block-list\">\n<li>15-18h: Confirmation des inscriptions et remise des balises de tracking<\/li>\n\n\n\n<li>16h-19h: Pasta Party sous la cantine<\/li>\n\n\n\n<li>20h: D\u00e9part des 100 Milles de Pentec\u00f4te Autonova 2025<\/li>\n<\/ul>\n\n\n\n<p><strong>Samedi 7 juin: <\/strong><\/p>\n\n\n\n<ul class=\"wp-block-list\">\n<li>D\u00e8s 16h: Cr\u00eapes et galettes bretonnes sous la cantine<\/li>\n\n\n\n<li>20h30: Concert et danse avec le groupe \u00ab\u00a0<a href=\"https:\/\/bootmovers.com\/\">Boot Movers<\/a>\u00ab\u00a0<\/li>\n<\/ul>\n\n\n\n<p><strong>Dimanche 8 juin<\/strong><\/p>\n\n\n\n<ul class=\"wp-block-list\">\n<li>9h: Cl\u00f4ture de la ligne d&rsquo;arriv\u00e9e<\/li>\n\n\n\n<li>Jusqu&rsquo;\u00e0 10h30: Restitution des balises de tracking au bar sous la tente<\/li>\n\n\n\n<li>11h: Remise des prix<\/li>\n\n\n\n<li>D\u00e8s 11h30: Burger Party (offert \u00e0 chaque navigateur)<\/li>\n<\/ul>\n\n\n\n<hr class=\"wp-block-separator has-alpha-channel-opacity\"\/>\n\n\n\n<h2 class=\"wp-block-heading has-medium-gray-color has-text-color has-link-color wp-elements-14acfba4c2eb5bc3c9f52c7d2169b4ad\" style=\"font-style:normal;font-weight:600\">Horaires du bar sous la tente<\/h2>\n\n\n\n<ul class=\"wp-block-list\">\n<li>Vendredi: 15h-21h<\/li>\n\n\n\n<li>Samedi: 16h-minuit<\/li>\n\n\n\n<li>Dimanche: 10h-14h<\/li>\n<\/ul>\n\n\n\n<hr class=\"wp-block-separator has-alpha-channel-opacity\"\/>\n\n\n\n<p>Le <a href=\"https:\/\/restaurant-lenomade.ch\/\">Restaurant le Nomade<\/a> sera ouvert \u00e0 des horaires \u00e9largis durant le week-end.<\/p>\n\n\n\n<hr class=\"wp-block-separator has-alpha-channel-opacity\"\/>\n\n\n\n<h2 class=\"wp-block-heading has-blue-color has-text-color\"><strong>M\u00e9t\u00e9o<\/strong><\/h2>\n\n\n<p><iframe loading=\"lazy\" width=\"650\" height=\"450\" src=\"https:\/\/embed.windy.com\/embed2.html?lat=46.892&amp;lon=6.850&amp;detailLat=46.898&amp;detailLon=6.887&amp;width=650&amp;height=450&amp;zoom=10&amp;level=surface&amp;overlay=wind&amp;product=arome&amp;menu=&amp;message=true&amp;marker=true&amp;calendar=now&amp;pressure=&amp;type=map&amp;location=coordinates&amp;detail=&amp;metricWind=kt&amp;metricTemp=%C2%B0C&amp;radarRange=-1\" frameborder=\"0\"><\/iframe><\/p>\n\n\n\n<div class=\"wp-block-buttons is-layout-flex wp-block-buttons-is-layout-flex\">\n<div class=\"wp-block-button\"><a class=\"wp-block-button__link wp-element-button\" href=\"https:\/\/meteo.cvestavayer.ch\/\" style=\"border-radius:30px\" target=\"_blank\" rel=\"noreferrer noopener\">Station METEO du CVE<\/a><\/div>\n<\/div>\n\n\n\n<hr class=\"wp-block-separator has-alpha-channel-opacity\"\/>\n\n\n\n<h2 class=\"wp-block-heading has-blue-color has-text-color\"><strong>Suivi des bateaux en live<\/strong><\/h2>\n\n\n\n<div class=\"wp-block-uagb-image uagb-block-05d07a86 wp-block-uagb-image--layout-default wp-block-uagb-image--effect-zoomin wp-block-uagb-image--align-none\"><figure class=\"wp-block-uagb-image__figure\"><img decoding=\"async\" srcset=\"https:\/\/cvestavayer.ch\/wp-content\/uploads\/2024\/05\/Metasail-1024x507.jpg ,https:\/\/cvestavayer.ch\/wp-content\/uploads\/2024\/05\/Metasail.jpg 780w, https:\/\/cvestavayer.ch\/wp-content\/uploads\/2024\/05\/Metasail.jpg 360w\" sizes=\"auto, (max-width: 480px) 150px\" src=\"https:\/\/cvestavayer.ch\/wp-content\/uploads\/2024\/05\/Metasail-1024x507.jpg\" alt=\"\" class=\"uag-image-45908\" width=\"1877\" height=\"930\" title=\"\" loading=\"lazy\" role=\"presentation\"\/><\/figure><\/div>\n\n\n\n<p>Chaque bateau est muni d&rsquo;une balise permettant de suivre son \u00e9volution en live. Vivez la course depuis la cantine ou depuis chez vous, gr\u00e2ce \u00e0 notre partenaire Metasail.fr.<\/p>\n\n\n\n<div class=\"wp-block-buttons is-layout-flex wp-block-buttons-is-layout-flex\">\n<div class=\"wp-block-button is-style-fill\"><a class=\"wp-block-button__link wp-element-button\" href=\"https:\/\/www.metasail.fr\/incoming\/705\/\" style=\"border-radius:30px\" target=\"_blank\" rel=\"noreferrer noopener\">acceder au direct<\/a><\/div>\n<\/div>\n\n\n\n<hr class=\"wp-block-separator has-alpha-channel-opacity is-style-wide\"\/>\n\n\n\n<h2 class=\"wp-block-heading has-blue-color has-text-color\"><strong>Partenaire principal<\/strong><\/h2>\n\n\n\n<div class=\"wp-block-uagb-image uagb-block-c29e3ff2 wp-block-uagb-image--layout-default wp-block-uagb-image--effect-static wp-block-uagb-image--align-none\"><figure class=\"wp-block-uagb-image__figure\"><a class=\"\" href=\"https:\/\/autonova-sa.ch\/\" target=\"\" rel=\"noopener\"><img decoding=\"async\" srcset=\"https:\/\/cvestavayer.ch\/wp-content\/uploads\/2023\/01\/1-Logo_autonova_petit.png ,https:\/\/cvestavayer.ch\/wp-content\/uploads\/2023\/01\/1-Logo_autonova_petit.png 780w, https:\/\/cvestavayer.ch\/wp-content\/uploads\/2023\/01\/1-Logo_autonova_petit.png 360w\" sizes=\"auto, (max-width: 480px) 150px\" src=\"https:\/\/cvestavayer.ch\/wp-content\/uploads\/2023\/01\/1-Logo_autonova_petit.png\" alt=\"\" class=\"uag-image-44911\" width=\"340\" height=\"150\" title=\"1-Logo_autonova_petit\" loading=\"lazy\" role=\"img\"\/><\/a><\/figure><\/div>\n\n\n\n<h2 class=\"wp-block-heading has-blue-color has-text-color\"><strong>Sponsors<\/strong><\/h2>\n\n\n\n<figure class=\"wp-block-image size-large\"><a href=\"https:\/\/cvestavayer.ch\/wp-content\/uploads\/2025\/06\/Page-sponsors-100-Milles-2025_page-0001.jpg\"><img loading=\"lazy\" decoding=\"async\" width=\"1024\" height=\"724\" src=\"https:\/\/cvestavayer.ch\/wp-content\/uploads\/2025\/06\/Page-sponsors-100-Milles-2025_page-0001-1024x724.jpg\" alt=\"\" class=\"wp-image-46421\" srcset=\"https:\/\/cvestavayer.ch\/wp-content\/uploads\/2025\/06\/Page-sponsors-100-Milles-2025_page-0001-1024x724.jpg 1024w, https:\/\/cvestavayer.ch\/wp-content\/uploads\/2025\/06\/Page-sponsors-100-Milles-2025_page-0001-300x212.jpg 300w, https:\/\/cvestavayer.ch\/wp-content\/uploads\/2025\/06\/Page-sponsors-100-Milles-2025_page-0001-768x543.jpg 768w, https:\/\/cvestavayer.ch\/wp-content\/uploads\/2025\/06\/Page-sponsors-100-Milles-2025_page-0001-1536x1086.jpg 1536w, https:\/\/cvestavayer.ch\/wp-content\/uploads\/2025\/06\/Page-sponsors-100-Milles-2025_page-0001.jpg 1755w\" sizes=\"auto, (max-width: 1024px) 100vw, 1024px\" \/><\/a><\/figure>\n","protected":false},"excerpt":{"rendered":"<p>Inscriptions et infos sur Manage2Sail Attention, les informations pr\u00e9sentes sur cette page peuvent ne pas correspondre \u00e0 100% avec les informations officielles qui figurent sur l&rsquo;avis de course et les <a class=\"more-link\" href=\"https:\/\/cvestavayer.ch\/fr\/regates\/100milles\/\">Continuer la lecture &rarr;<\/a><\/p>\n","protected":false},"author":1,"featured_media":0,"parent":85,"menu_order":0,"comment_status":"closed","ping_status":"closed","template":"","meta":{"_monsterinsights_skip_tracking":false,"_monsterinsights_sitenote_active":false,"_monsterinsights_sitenote_note":"","_monsterinsights_sitenote_category":0,"_EventAllDay":false,"_EventTimezone":"","_EventStartDate":"","_EventEndDate":"","_EventStartDateUTC":"","_EventEndDateUTC":"","_EventShowMap":false,"_EventShowMapLink":false,"_EventURL":"","_EventCost":"","_EventCostDescription":"","_EventCurrencySymbol":"","_EventCurrencyCode":"","_EventCurrencyPosition":"","_EventDateTimeSeparator":"","_EventTimeRangeSeparator":"","_EventOrganizerID":[],"_EventVenueID":[],"_OrganizerEmail":"","_OrganizerPhone":"","_OrganizerWebsite":"","_VenueAddress":"","_VenueCity":"","_VenueCountry":"","_VenueProvince":"","_VenueState":"","_VenueZip":"","_VenuePhone":"","_VenueURL":"","_VenueStateProvince":"","_VenueLat":"","_VenueLng":"","_VenueShowMap":false,"_VenueShowMapLink":false,"footnotes":""},"class_list":["post-44907","page","type-page","status-publish","hentry"],"yoast_head":"<!-- This site is optimized with the Yoast SEO plugin v27.3 - https:\/\/yoast.com\/product\/yoast-seo-wordpress\/ -->\n<title>Les vrais 100 Milles de Pentec\u00f4te Autonova - Cercle de la Voile d&#039;Estavayer<\/title>\n<meta name=\"robots\" content=\"index, follow, max-snippet:-1, max-image-preview:large, max-video-preview:-1\" \/>\n<link rel=\"canonical\" href=\"https:\/\/cvestavayer.ch\/fr\/regates\/100milles\/\" \/>\n<meta property=\"og:locale\" content=\"fr_FR\" \/>\n<meta property=\"og:type\" content=\"article\" \/>\n<meta property=\"og:title\" content=\"Les vrais 100 Milles de Pentec\u00f4te Autonova - Cercle de la Voile d&#039;Estavayer\" \/>\n<meta property=\"og:description\" content=\"Inscriptions et infos sur Manage2Sail Attention, les informations pr\u00e9sentes sur cette page peuvent ne pas correspondre \u00e0 100% avec les informations officielles qui figurent sur l&rsquo;avis de course et les Continuer la lecture &rarr;\" \/>\n<meta property=\"og:url\" content=\"https:\/\/cvestavayer.ch\/fr\/regates\/100milles\/\" \/>\n<meta property=\"og:site_name\" content=\"Cercle de la Voile d&#039;Estavayer\" \/>\n<meta property=\"article:modified_time\" content=\"2025-06-05T20:27:13+00:00\" \/>\n<meta property=\"og:image\" content=\"https:\/\/cvestavayer.ch\/wp-content\/uploads\/2023\/06\/347-scaled-e1687277355853.jpg\" \/>\n\t<meta property=\"og:image:width\" content=\"2560\" \/>\n\t<meta property=\"og:image:height\" content=\"710\" \/>\n\t<meta property=\"og:image:type\" content=\"image\/jpeg\" \/>\n<meta name=\"twitter:card\" content=\"summary_large_image\" \/>\n<meta name=\"twitter:label1\" content=\"Dur\u00e9e de lecture estim\u00e9e\" \/>\n\t<meta name=\"twitter:data1\" content=\"3 minutes\" \/>\n<script type=\"application\/ld+json\" class=\"yoast-schema-graph\">{\"@context\":\"https:\\\/\\\/schema.org\",\"@graph\":[{\"@type\":\"WebPage\",\"@id\":\"https:\\\/\\\/cvestavayer.ch\\\/fr\\\/regates\\\/100milles\\\/\",\"url\":\"https:\\\/\\\/cvestavayer.ch\\\/fr\\\/regates\\\/100milles\\\/\",\"name\":\"Les vrais 100 Milles de Pentec\u00f4te Autonova - Cercle de la Voile d&#039;Estavayer\",\"isPartOf\":{\"@id\":\"https:\\\/\\\/cvestavayer.ch\\\/fr\\\/#website\"},\"primaryImageOfPage\":{\"@id\":\"https:\\\/\\\/cvestavayer.ch\\\/fr\\\/regates\\\/100milles\\\/#primaryimage\"},\"image\":{\"@id\":\"https:\\\/\\\/cvestavayer.ch\\\/fr\\\/regates\\\/100milles\\\/#primaryimage\"},\"thumbnailUrl\":\"https:\\\/\\\/cvestavayer.ch\\\/wp-content\\\/uploads\\\/2023\\\/06\\\/347-scaled-e1687277355853-1024x284.jpg\",\"datePublished\":\"2023-01-06T13:50:13+00:00\",\"dateModified\":\"2025-06-05T20:27:13+00:00\",\"breadcrumb\":{\"@id\":\"https:\\\/\\\/cvestavayer.ch\\\/fr\\\/regates\\\/100milles\\\/#breadcrumb\"},\"inLanguage\":\"fr-FR\",\"potentialAction\":[{\"@type\":\"ReadAction\",\"target\":[\"https:\\\/\\\/cvestavayer.ch\\\/fr\\\/regates\\\/100milles\\\/\"]}]},{\"@type\":\"ImageObject\",\"inLanguage\":\"fr-FR\",\"@id\":\"https:\\\/\\\/cvestavayer.ch\\\/fr\\\/regates\\\/100milles\\\/#primaryimage\",\"url\":\"https:\\\/\\\/cvestavayer.ch\\\/wp-content\\\/uploads\\\/2023\\\/06\\\/347-scaled-e1687277355853-1024x284.jpg\",\"contentUrl\":\"https:\\\/\\\/cvestavayer.ch\\\/wp-content\\\/uploads\\\/2023\\\/06\\\/347-scaled-e1687277355853-1024x284.jpg\"},{\"@type\":\"BreadcrumbList\",\"@id\":\"https:\\\/\\\/cvestavayer.ch\\\/fr\\\/regates\\\/100milles\\\/#breadcrumb\",\"itemListElement\":[{\"@type\":\"ListItem\",\"position\":1,\"name\":\"Accueil\",\"item\":\"https:\\\/\\\/cvestavayer.ch\\\/fr\\\/\"},{\"@type\":\"ListItem\",\"position\":2,\"name\":\"R\u00e9gates\",\"item\":\"https:\\\/\\\/cvestavayer.ch\\\/fr\\\/regates\\\/\"},{\"@type\":\"ListItem\",\"position\":3,\"name\":\"Les vrais 100 Milles de Pentec\u00f4te Autonova\"}]},{\"@type\":\"WebSite\",\"@id\":\"https:\\\/\\\/cvestavayer.ch\\\/fr\\\/#website\",\"url\":\"https:\\\/\\\/cvestavayer.ch\\\/fr\\\/\",\"name\":\"Cercle de la Voile d&#039;Estavayer\",\"description\":\"\",\"potentialAction\":[{\"@type\":\"SearchAction\",\"target\":{\"@type\":\"EntryPoint\",\"urlTemplate\":\"https:\\\/\\\/cvestavayer.ch\\\/fr\\\/?s={search_term_string}\"},\"query-input\":{\"@type\":\"PropertyValueSpecification\",\"valueRequired\":true,\"valueName\":\"search_term_string\"}}],\"inLanguage\":\"fr-FR\"}]}<\/script>\n<!-- \/ Yoast SEO plugin. -->","yoast_head_json":{"title":"Les vrais 100 Milles de Pentec\u00f4te Autonova - Cercle de la Voile d&#039;Estavayer","robots":{"index":"index","follow":"follow","max-snippet":"max-snippet:-1","max-image-preview":"max-image-preview:large","max-video-preview":"max-video-preview:-1"},"canonical":"https:\/\/cvestavayer.ch\/fr\/regates\/100milles\/","og_locale":"fr_FR","og_type":"article","og_title":"Les vrais 100 Milles de Pentec\u00f4te Autonova - Cercle de la Voile d&#039;Estavayer","og_description":"Inscriptions et infos sur Manage2Sail Attention, les informations pr\u00e9sentes sur cette page peuvent ne pas correspondre \u00e0 100% avec les informations officielles qui figurent sur l&rsquo;avis de course et les Continuer la lecture &rarr;","og_url":"https:\/\/cvestavayer.ch\/fr\/regates\/100milles\/","og_site_name":"Cercle de la Voile d&#039;Estavayer","article_modified_time":"2025-06-05T20:27:13+00:00","og_image":[{"width":2560,"height":710,"url":"https:\/\/cvestavayer.ch\/wp-content\/uploads\/2023\/06\/347-scaled-e1687277355853.jpg","type":"image\/jpeg"}],"twitter_card":"summary_large_image","twitter_misc":{"Dur\u00e9e de lecture estim\u00e9e":"3 minutes"},"schema":{"@context":"https:\/\/schema.org","@graph":[{"@type":"WebPage","@id":"https:\/\/cvestavayer.ch\/fr\/regates\/100milles\/","url":"https:\/\/cvestavayer.ch\/fr\/regates\/100milles\/","name":"Les vrais 100 Milles de Pentec\u00f4te Autonova - Cercle de la Voile d&#039;Estavayer","isPartOf":{"@id":"https:\/\/cvestavayer.ch\/fr\/#website"},"primaryImageOfPage":{"@id":"https:\/\/cvestavayer.ch\/fr\/regates\/100milles\/#primaryimage"},"image":{"@id":"https:\/\/cvestavayer.ch\/fr\/regates\/100milles\/#primaryimage"},"thumbnailUrl":"https:\/\/cvestavayer.ch\/wp-content\/uploads\/2023\/06\/347-scaled-e1687277355853-1024x284.jpg","datePublished":"2023-01-06T13:50:13+00:00","dateModified":"2025-06-05T20:27:13+00:00","breadcrumb":{"@id":"https:\/\/cvestavayer.ch\/fr\/regates\/100milles\/#breadcrumb"},"inLanguage":"fr-FR","potentialAction":[{"@type":"ReadAction","target":["https:\/\/cvestavayer.ch\/fr\/regates\/100milles\/"]}]},{"@type":"ImageObject","inLanguage":"fr-FR","@id":"https:\/\/cvestavayer.ch\/fr\/regates\/100milles\/#primaryimage","url":"https:\/\/cvestavayer.ch\/wp-content\/uploads\/2023\/06\/347-scaled-e1687277355853-1024x284.jpg","contentUrl":"https:\/\/cvestavayer.ch\/wp-content\/uploads\/2023\/06\/347-scaled-e1687277355853-1024x284.jpg"},{"@type":"BreadcrumbList","@id":"https:\/\/cvestavayer.ch\/fr\/regates\/100milles\/#breadcrumb","itemListElement":[{"@type":"ListItem","position":1,"name":"Accueil","item":"https:\/\/cvestavayer.ch\/fr\/"},{"@type":"ListItem","position":2,"name":"R\u00e9gates","item":"https:\/\/cvestavayer.ch\/fr\/regates\/"},{"@type":"ListItem","position":3,"name":"Les vrais 100 Milles de Pentec\u00f4te Autonova"}]},{"@type":"WebSite","@id":"https:\/\/cvestavayer.ch\/fr\/#website","url":"https:\/\/cvestavayer.ch\/fr\/","name":"Cercle de la Voile d&#039;Estavayer","description":"","potentialAction":[{"@type":"SearchAction","target":{"@type":"EntryPoint","urlTemplate":"https:\/\/cvestavayer.ch\/fr\/?s={search_term_string}"},"query-input":{"@type":"PropertyValueSpecification","valueRequired":true,"valueName":"search_term_string"}}],"inLanguage":"fr-FR"}]}},"_links":{"self":[{"href":"https:\/\/cvestavayer.ch\/fr\/wp-json\/wp\/v2\/pages\/44907","targetHints":{"allow":["GET"]}}],"collection":[{"href":"https:\/\/cvestavayer.ch\/fr\/wp-json\/wp\/v2\/pages"}],"about":[{"href":"https:\/\/cvestavayer.ch\/fr\/wp-json\/wp\/v2\/types\/page"}],"author":[{"embeddable":true,"href":"https:\/\/cvestavayer.ch\/fr\/wp-json\/wp\/v2\/users\/1"}],"replies":[{"embeddable":true,"href":"https:\/\/cvestavayer.ch\/fr\/wp-json\/wp\/v2\/comments?post=44907"}],"version-history":[{"count":84,"href":"https:\/\/cvestavayer.ch\/fr\/wp-json\/wp\/v2\/pages\/44907\/revisions"}],"predecessor-version":[{"id":46426,"href":"https:\/\/cvestavayer.ch\/fr\/wp-json\/wp\/v2\/pages\/44907\/revisions\/46426"}],"up":[{"embeddable":true,"href":"https:\/\/cvestavayer.ch\/fr\/wp-json\/wp\/v2\/pages\/85"}],"wp:attachment":[{"href":"https:\/\/cvestavayer.ch\/fr\/wp-json\/wp\/v2\/media?parent=44907"}],"curies":[{"name":"wp","href":"https:\/\/api.w.org\/{rel}","templated":true}]}}