{"id":46191,"date":"2025-02-17T21:43:35","date_gmt":"2025-02-17T20:43:35","guid":{"rendered":"https:\/\/cvestavayer.ch\/fr\/?page_id=46191"},"modified":"2026-04-09T15:47:08","modified_gmt":"2026-04-09T13:47:08","slug":"sorties-dentreprise-evenements","status":"publish","type":"page","link":"https:\/\/cvestavayer.ch\/fr\/ecole-de-voile\/sorties-dentreprise-evenements\/","title":{"rendered":"Sorties d&rsquo;entreprise J\/70"},"content":{"rendered":"\n<figure class=\"wp-block-image size-full\"><img loading=\"lazy\" decoding=\"async\" width=\"2560\" height=\"717\" src=\"https:\/\/cvestavayer.ch\/wp-content\/uploads\/2025\/02\/J70-2025-bandeau-scaled.jpg\" alt=\"\" class=\"wp-image-46200\" srcset=\"https:\/\/cvestavayer.ch\/wp-content\/uploads\/2025\/02\/J70-2025-bandeau-scaled.jpg 2560w, https:\/\/cvestavayer.ch\/wp-content\/uploads\/2025\/02\/J70-2025-bandeau-300x84.jpg 300w, https:\/\/cvestavayer.ch\/wp-content\/uploads\/2025\/02\/J70-2025-bandeau-1024x287.jpg 1024w, https:\/\/cvestavayer.ch\/wp-content\/uploads\/2025\/02\/J70-2025-bandeau-768x215.jpg 768w, https:\/\/cvestavayer.ch\/wp-content\/uploads\/2025\/02\/J70-2025-bandeau-1536x430.jpg 1536w, https:\/\/cvestavayer.ch\/wp-content\/uploads\/2025\/02\/J70-2025-bandeau-2048x574.jpg 2048w\" sizes=\"auto, (max-width: 2560px) 100vw, 2560px\" \/><\/figure>\n\n\n\n<p>Vous souhaitez organiser une sortie pour votre \u00e9quipe ou simplement avec des amis?<br>Nous vous proposons une activit\u00e9 originale, qui allie d\u00e9couverte et plaisir, tout en favorisant la collaboration et le team-building.<\/p>\n\n\n\n<p>Le Cercle de la Voile d&rsquo;Estavayer dispose de deux voiliers de type J\/70 pouvant accueillir 4 personnes chacun.\u00a0La navigation a lieu sur le lac de Neuch\u00e2tel avec un skipper.\u00a0<\/p>\n\n\n\n<p>R\u00e9servations et informations: <a href=\"mailto:secretaire@cvestavayer.ch\">secretaire@cvestavayer.ch<\/a><\/p>\n\n\n\n<p><\/p>\n","protected":false},"excerpt":{"rendered":"<p>Vous souhaitez organiser une sortie pour votre \u00e9quipe ou simplement avec des amis?Nous vous proposons une activit\u00e9 originale, qui allie d\u00e9couverte et plaisir, tout en favorisant la collaboration et le <a class=\"more-link\" href=\"https:\/\/cvestavayer.ch\/fr\/ecole-de-voile\/sorties-dentreprise-evenements\/\">Continuer la lecture &rarr;<\/a><\/p>\n","protected":false},"author":1,"featured_media":0,"parent":48,"menu_order":0,"comment_status":"closed","ping_status":"closed","template":"","meta":{"_monsterinsights_skip_tracking":false,"_monsterinsights_sitenote_active":false,"_monsterinsights_sitenote_note":"","_monsterinsights_sitenote_category":0,"_EventAllDay":false,"_EventTimezone":"","_EventStartDate":"","_EventEndDate":"","_EventStartDateUTC":"","_EventEndDateUTC":"","_EventShowMap":false,"_EventShowMapLink":false,"_EventURL":"","_EventCost":"","_EventCostDescription":"","_EventCurrencySymbol":"","_EventCurrencyCode":"","_EventCurrencyPosition":"","_EventDateTimeSeparator":"","_EventTimeRangeSeparator":"","_EventOrganizerID":[],"_EventVenueID":[],"_OrganizerEmail":"","_OrganizerPhone":"","_OrganizerWebsite":"","_VenueAddress":"","_VenueCity":"","_VenueCountry":"","_VenueProvince":"","_VenueState":"","_VenueZip":"","_VenuePhone":"","_VenueURL":"","_VenueStateProvince":"","_VenueLat":"","_VenueLng":"","_VenueShowMap":false,"_VenueShowMapLink":false,"footnotes":""},"class_list":["post-46191","page","type-page","status-publish","hentry"],"yoast_head":"<!-- This site is optimized with the Yoast SEO plugin v27.4 - https:\/\/yoast.com\/product\/yoast-seo-wordpress\/ -->\n<title>Sorties d&#039;entreprise J\/70 - Cercle de la Voile d&#039;Estavayer<\/title>\n<meta name=\"robots\" content=\"index, follow, max-snippet:-1, max-image-preview:large, max-video-preview:-1\" \/>\n<link rel=\"canonical\" href=\"https:\/\/cvestavayer.ch\/fr\/ecole-de-voile\/sorties-dentreprise-evenements\/\" \/>\n<meta property=\"og:locale\" content=\"fr_FR\" \/>\n<meta property=\"og:type\" content=\"article\" \/>\n<meta property=\"og:title\" content=\"Sorties d&#039;entreprise J\/70 - Cercle de la Voile d&#039;Estavayer\" \/>\n<meta property=\"og:description\" content=\"Vous souhaitez organiser une sortie pour votre \u00e9quipe ou simplement avec des amis?Nous vous proposons une activit\u00e9 originale, qui allie d\u00e9couverte et plaisir, tout en favorisant la collaboration et le Continuer la lecture &rarr;\" \/>\n<meta property=\"og:url\" content=\"https:\/\/cvestavayer.ch\/fr\/ecole-de-voile\/sorties-dentreprise-evenements\/\" \/>\n<meta property=\"og:site_name\" content=\"Cercle de la Voile d&#039;Estavayer\" \/>\n<meta property=\"article:modified_time\" content=\"2026-04-09T13:47:08+00:00\" \/>\n<meta property=\"og:image\" content=\"https:\/\/cvestavayer.ch\/wp-content\/uploads\/2025\/02\/J70-2025-bandeau-scaled.jpg\" \/>\n<meta name=\"twitter:card\" content=\"summary_large_image\" \/>\n<meta name=\"twitter:label1\" content=\"Dur\u00e9e de lecture estim\u00e9e\" \/>\n\t<meta name=\"twitter:data1\" content=\"1 minute\" \/>\n<script type=\"application\/ld+json\" class=\"yoast-schema-graph\">{\"@context\":\"https:\\\/\\\/schema.org\",\"@graph\":[{\"@type\":\"WebPage\",\"@id\":\"https:\\\/\\\/cvestavayer.ch\\\/fr\\\/ecole-de-voile\\\/sorties-dentreprise-evenements\\\/\",\"url\":\"https:\\\/\\\/cvestavayer.ch\\\/fr\\\/ecole-de-voile\\\/sorties-dentreprise-evenements\\\/\",\"name\":\"Sorties d'entreprise J\\\/70 - Cercle de la Voile d&#039;Estavayer\",\"isPartOf\":{\"@id\":\"https:\\\/\\\/cvestavayer.ch\\\/fr\\\/#website\"},\"primaryImageOfPage\":{\"@id\":\"https:\\\/\\\/cvestavayer.ch\\\/fr\\\/ecole-de-voile\\\/sorties-dentreprise-evenements\\\/#primaryimage\"},\"image\":{\"@id\":\"https:\\\/\\\/cvestavayer.ch\\\/fr\\\/ecole-de-voile\\\/sorties-dentreprise-evenements\\\/#primaryimage\"},\"thumbnailUrl\":\"https:\\\/\\\/cvestavayer.ch\\\/wp-content\\\/uploads\\\/2025\\\/02\\\/J70-2025-bandeau-scaled.jpg\",\"datePublished\":\"2025-02-17T20:43:35+00:00\",\"dateModified\":\"2026-04-09T13:47:08+00:00\",\"breadcrumb\":{\"@id\":\"https:\\\/\\\/cvestavayer.ch\\\/fr\\\/ecole-de-voile\\\/sorties-dentreprise-evenements\\\/#breadcrumb\"},\"inLanguage\":\"fr-FR\",\"potentialAction\":[{\"@type\":\"ReadAction\",\"target\":[\"https:\\\/\\\/cvestavayer.ch\\\/fr\\\/ecole-de-voile\\\/sorties-dentreprise-evenements\\\/\"]}]},{\"@type\":\"ImageObject\",\"inLanguage\":\"fr-FR\",\"@id\":\"https:\\\/\\\/cvestavayer.ch\\\/fr\\\/ecole-de-voile\\\/sorties-dentreprise-evenements\\\/#primaryimage\",\"url\":\"https:\\\/\\\/cvestavayer.ch\\\/wp-content\\\/uploads\\\/2025\\\/02\\\/J70-2025-bandeau-scaled.jpg\",\"contentUrl\":\"https:\\\/\\\/cvestavayer.ch\\\/wp-content\\\/uploads\\\/2025\\\/02\\\/J70-2025-bandeau-scaled.jpg\"},{\"@type\":\"BreadcrumbList\",\"@id\":\"https:\\\/\\\/cvestavayer.ch\\\/fr\\\/ecole-de-voile\\\/sorties-dentreprise-evenements\\\/#breadcrumb\",\"itemListElement\":[{\"@type\":\"ListItem\",\"position\":1,\"name\":\"Accueil\",\"item\":\"https:\\\/\\\/cvestavayer.ch\\\/fr\\\/\"},{\"@type\":\"ListItem\",\"position\":2,\"name\":\"Ecole de voile\",\"item\":\"https:\\\/\\\/cvestavayer.ch\\\/fr\\\/ecole-de-voile\\\/\"},{\"@type\":\"ListItem\",\"position\":3,\"name\":\"Sorties d&rsquo;entreprise J\\\/70\"}]},{\"@type\":\"WebSite\",\"@id\":\"https:\\\/\\\/cvestavayer.ch\\\/fr\\\/#website\",\"url\":\"https:\\\/\\\/cvestavayer.ch\\\/fr\\\/\",\"name\":\"Cercle de la Voile d&#039;Estavayer\",\"description\":\"\",\"potentialAction\":[{\"@type\":\"SearchAction\",\"target\":{\"@type\":\"EntryPoint\",\"urlTemplate\":\"https:\\\/\\\/cvestavayer.ch\\\/fr\\\/?s={search_term_string}\"},\"query-input\":{\"@type\":\"PropertyValueSpecification\",\"valueRequired\":true,\"valueName\":\"search_term_string\"}}],\"inLanguage\":\"fr-FR\"}]}<\/script>\n<!-- \/ Yoast SEO plugin. -->","yoast_head_json":{"title":"Sorties d'entreprise J\/70 - Cercle de la Voile d&#039;Estavayer","robots":{"index":"index","follow":"follow","max-snippet":"max-snippet:-1","max-image-preview":"max-image-preview:large","max-video-preview":"max-video-preview:-1"},"canonical":"https:\/\/cvestavayer.ch\/fr\/ecole-de-voile\/sorties-dentreprise-evenements\/","og_locale":"fr_FR","og_type":"article","og_title":"Sorties d'entreprise J\/70 - Cercle de la Voile d&#039;Estavayer","og_description":"Vous souhaitez organiser une sortie pour votre \u00e9quipe ou simplement avec des amis?Nous vous proposons une activit\u00e9 originale, qui allie d\u00e9couverte et plaisir, tout en favorisant la collaboration et le Continuer la lecture &rarr;","og_url":"https:\/\/cvestavayer.ch\/fr\/ecole-de-voile\/sorties-dentreprise-evenements\/","og_site_name":"Cercle de la Voile d&#039;Estavayer","article_modified_time":"2026-04-09T13:47:08+00:00","og_image":[{"url":"https:\/\/cvestavayer.ch\/wp-content\/uploads\/2025\/02\/J70-2025-bandeau-scaled.jpg","type":"","width":"","height":""}],"twitter_card":"summary_large_image","twitter_misc":{"Dur\u00e9e de lecture estim\u00e9e":"1 minute"},"schema":{"@context":"https:\/\/schema.org","@graph":[{"@type":"WebPage","@id":"https:\/\/cvestavayer.ch\/fr\/ecole-de-voile\/sorties-dentreprise-evenements\/","url":"https:\/\/cvestavayer.ch\/fr\/ecole-de-voile\/sorties-dentreprise-evenements\/","name":"Sorties d'entreprise J\/70 - Cercle de la Voile d&#039;Estavayer","isPartOf":{"@id":"https:\/\/cvestavayer.ch\/fr\/#website"},"primaryImageOfPage":{"@id":"https:\/\/cvestavayer.ch\/fr\/ecole-de-voile\/sorties-dentreprise-evenements\/#primaryimage"},"image":{"@id":"https:\/\/cvestavayer.ch\/fr\/ecole-de-voile\/sorties-dentreprise-evenements\/#primaryimage"},"thumbnailUrl":"https:\/\/cvestavayer.ch\/wp-content\/uploads\/2025\/02\/J70-2025-bandeau-scaled.jpg","datePublished":"2025-02-17T20:43:35+00:00","dateModified":"2026-04-09T13:47:08+00:00","breadcrumb":{"@id":"https:\/\/cvestavayer.ch\/fr\/ecole-de-voile\/sorties-dentreprise-evenements\/#breadcrumb"},"inLanguage":"fr-FR","potentialAction":[{"@type":"ReadAction","target":["https:\/\/cvestavayer.ch\/fr\/ecole-de-voile\/sorties-dentreprise-evenements\/"]}]},{"@type":"ImageObject","inLanguage":"fr-FR","@id":"https:\/\/cvestavayer.ch\/fr\/ecole-de-voile\/sorties-dentreprise-evenements\/#primaryimage","url":"https:\/\/cvestavayer.ch\/wp-content\/uploads\/2025\/02\/J70-2025-bandeau-scaled.jpg","contentUrl":"https:\/\/cvestavayer.ch\/wp-content\/uploads\/2025\/02\/J70-2025-bandeau-scaled.jpg"},{"@type":"BreadcrumbList","@id":"https:\/\/cvestavayer.ch\/fr\/ecole-de-voile\/sorties-dentreprise-evenements\/#breadcrumb","itemListElement":[{"@type":"ListItem","position":1,"name":"Accueil","item":"https:\/\/cvestavayer.ch\/fr\/"},{"@type":"ListItem","position":2,"name":"Ecole de voile","item":"https:\/\/cvestavayer.ch\/fr\/ecole-de-voile\/"},{"@type":"ListItem","position":3,"name":"Sorties d&rsquo;entreprise J\/70"}]},{"@type":"WebSite","@id":"https:\/\/cvestavayer.ch\/fr\/#website","url":"https:\/\/cvestavayer.ch\/fr\/","name":"Cercle de la Voile d&#039;Estavayer","description":"","potentialAction":[{"@type":"SearchAction","target":{"@type":"EntryPoint","urlTemplate":"https:\/\/cvestavayer.ch\/fr\/?s={search_term_string}"},"query-input":{"@type":"PropertyValueSpecification","valueRequired":true,"valueName":"search_term_string"}}],"inLanguage":"fr-FR"}]}},"_links":{"self":[{"href":"https:\/\/cvestavayer.ch\/fr\/wp-json\/wp\/v2\/pages\/46191","targetHints":{"allow":["GET"]}}],"collection":[{"href":"https:\/\/cvestavayer.ch\/fr\/wp-json\/wp\/v2\/pages"}],"about":[{"href":"https:\/\/cvestavayer.ch\/fr\/wp-json\/wp\/v2\/types\/page"}],"author":[{"embeddable":true,"href":"https:\/\/cvestavayer.ch\/fr\/wp-json\/wp\/v2\/users\/1"}],"replies":[{"embeddable":true,"href":"https:\/\/cvestavayer.ch\/fr\/wp-json\/wp\/v2\/comments?post=46191"}],"version-history":[{"count":15,"href":"https:\/\/cvestavayer.ch\/fr\/wp-json\/wp\/v2\/pages\/46191\/revisions"}],"predecessor-version":[{"id":46857,"href":"https:\/\/cvestavayer.ch\/fr\/wp-json\/wp\/v2\/pages\/46191\/revisions\/46857"}],"up":[{"embeddable":true,"href":"https:\/\/cvestavayer.ch\/fr\/wp-json\/wp\/v2\/pages\/48"}],"wp:attachment":[{"href":"https:\/\/cvestavayer.ch\/fr\/wp-json\/wp\/v2\/media?parent=46191"}],"curies":[{"name":"wp","href":"https:\/\/api.w.org\/{rel}","templated":true}]}}