{"id":48,"date":"2020-01-22T10:34:23","date_gmt":"2020-01-22T09:34:23","guid":{"rendered":"http:\/\/cvestavayer.ch\/?page_id=48"},"modified":"2026-03-12T20:09:56","modified_gmt":"2026-03-12T19:09:56","slug":"ecole-de-voile","status":"publish","type":"page","link":"https:\/\/cvestavayer.ch\/fr\/ecole-de-voile\/","title":{"rendered":"Ecole de voile"},"content":{"rendered":"\n<figure class=\"wp-block-image size-large\"><img loading=\"lazy\" decoding=\"async\" width=\"1024\" height=\"256\" src=\"https:\/\/cvestavayer.ch\/wp-content\/uploads\/2023\/03\/RS-Feva-2-cut-1024x256.jpg\" alt=\"\" class=\"wp-image-45131\" srcset=\"https:\/\/cvestavayer.ch\/wp-content\/uploads\/2023\/03\/RS-Feva-2-cut-1024x256.jpg 1024w, https:\/\/cvestavayer.ch\/wp-content\/uploads\/2023\/03\/RS-Feva-2-cut-300x75.jpg 300w, https:\/\/cvestavayer.ch\/wp-content\/uploads\/2023\/03\/RS-Feva-2-cut-768x192.jpg 768w, https:\/\/cvestavayer.ch\/wp-content\/uploads\/2023\/03\/RS-Feva-2-cut-1536x384.jpg 1536w, https:\/\/cvestavayer.ch\/wp-content\/uploads\/2023\/03\/RS-Feva-2-cut.jpg 1620w\" sizes=\"auto, (max-width: 1024px) 100vw, 1024px\" \/><\/figure>\n\n\n\n<p>La saison 2026 d\u00e9bute officiellement le 20 avril. <br> <br>Le CVE propose des cours de voiles pour diff\u00e9rents niveaux, tant pour les jeunes navigateurs que pour les adultes, membres du CVE.<\/p>\n\n\n\n<p>Des activit\u00e9s sont \u00e9galement propos\u00e9es pour les \u00e9coles. Les stages d&rsquo;\u00e9t\u00e9 sont pr\u00e9vus pour animer vos p\u00e9riodes de vacances.<\/p>\n\n\n\n<p>Vous trouverez les informations d\u00e9taill\u00e9es au sujet de ces diff\u00e9rentes activit\u00e9s sur leur page respective ou aupr\u00e8s de notre <a href=\"mailto:secretaire@cvestavayer.ch\">secr\u00e9tariat<\/a>.<\/p>\n\n\n<div class=\"wp-block-image\">\n<figure class=\"aligncenter size-large is-resized\"><img loading=\"lazy\" decoding=\"async\" width=\"1025\" height=\"912\" src=\"http:\/\/cvestavayer.ch\/wp-content\/uploads\/2021\/01\/StrategieEcoleDeVoile.jpg\" alt=\"\" class=\"wp-image-43809\" style=\"width:484px;height:430px\" srcset=\"https:\/\/cvestavayer.ch\/wp-content\/uploads\/2021\/01\/StrategieEcoleDeVoile.jpg 1025w, https:\/\/cvestavayer.ch\/wp-content\/uploads\/2021\/01\/StrategieEcoleDeVoile-300x267.jpg 300w, https:\/\/cvestavayer.ch\/wp-content\/uploads\/2021\/01\/StrategieEcoleDeVoile-768x683.jpg 768w\" sizes=\"auto, (max-width: 1025px) 100vw, 1025px\" \/><figcaption class=\"wp-element-caption\">Strat\u00e9gie de l&rsquo;\u00e9cole de voile du CVE<\/figcaption><\/figure>\n<\/div>","protected":false},"excerpt":{"rendered":"<p>La saison 2026 d\u00e9bute officiellement le 20 avril. Le CVE propose des cours de voiles pour diff\u00e9rents niveaux, tant pour les jeunes navigateurs que pour les adultes, membres du CVE. <a class=\"more-link\" href=\"https:\/\/cvestavayer.ch\/fr\/ecole-de-voile\/\">Continuer la lecture &rarr;<\/a><\/p>\n","protected":false},"author":1,"featured_media":0,"parent":0,"menu_order":3,"comment_status":"closed","ping_status":"closed","template":"","meta":{"_monsterinsights_skip_tracking":false,"_monsterinsights_sitenote_active":false,"_monsterinsights_sitenote_note":"","_monsterinsights_sitenote_category":0,"_EventAllDay":false,"_EventTimezone":"","_EventStartDate":"","_EventEndDate":"","_EventStartDateUTC":"","_EventEndDateUTC":"","_EventShowMap":false,"_EventShowMapLink":false,"_EventURL":"","_EventCost":"","_EventCostDescription":"","_EventCurrencySymbol":"","_EventCurrencyCode":"","_EventCurrencyPosition":"","_EventDateTimeSeparator":"","_EventTimeRangeSeparator":"","_EventOrganizerID":[],"_EventVenueID":[],"_OrganizerEmail":"","_OrganizerPhone":"","_OrganizerWebsite":"","_VenueAddress":"","_VenueCity":"","_VenueCountry":"","_VenueProvince":"","_VenueState":"","_VenueZip":"","_VenuePhone":"","_VenueURL":"","_VenueStateProvince":"","_VenueLat":"","_VenueLng":"","_VenueShowMap":false,"_VenueShowMapLink":false,"footnotes":""},"class_list":["post-48","page","type-page","status-publish","hentry"],"yoast_head":"<!-- This site is optimized with the Yoast SEO plugin v27.4 - https:\/\/yoast.com\/product\/yoast-seo-wordpress\/ -->\n<title>Ecole de voile - Cercle de la Voile d&#039;Estavayer<\/title>\n<meta name=\"robots\" content=\"index, follow, max-snippet:-1, max-image-preview:large, max-video-preview:-1\" \/>\n<link rel=\"canonical\" href=\"https:\/\/cvestavayer.ch\/fr\/ecole-de-voile\/\" \/>\n<meta property=\"og:locale\" content=\"fr_FR\" \/>\n<meta property=\"og:type\" content=\"article\" \/>\n<meta property=\"og:title\" content=\"Ecole de voile - Cercle de la Voile d&#039;Estavayer\" \/>\n<meta property=\"og:description\" content=\"La saison 2026 d\u00e9bute officiellement le 20 avril. Le CVE propose des cours de voiles pour diff\u00e9rents niveaux, tant pour les jeunes navigateurs que pour les adultes, membres du CVE. Continuer la lecture &rarr;\" \/>\n<meta property=\"og:url\" content=\"https:\/\/cvestavayer.ch\/fr\/ecole-de-voile\/\" \/>\n<meta property=\"og:site_name\" content=\"Cercle de la Voile d&#039;Estavayer\" \/>\n<meta property=\"article:modified_time\" content=\"2026-03-12T19:09:56+00:00\" \/>\n<meta property=\"og:image\" content=\"https:\/\/cvestavayer.ch\/wp-content\/uploads\/2023\/03\/RS-Feva-2-cut.jpg\" \/>\n\t<meta property=\"og:image:width\" content=\"1620\" \/>\n\t<meta property=\"og:image:height\" content=\"405\" \/>\n\t<meta property=\"og:image:type\" content=\"image\/jpeg\" \/>\n<meta name=\"twitter:card\" content=\"summary_large_image\" \/>\n<meta name=\"twitter:label1\" content=\"Dur\u00e9e de lecture estim\u00e9e\" \/>\n\t<meta name=\"twitter:data1\" content=\"1 minute\" \/>\n<script type=\"application\/ld+json\" class=\"yoast-schema-graph\">{\"@context\":\"https:\\\/\\\/schema.org\",\"@graph\":[{\"@type\":\"WebPage\",\"@id\":\"https:\\\/\\\/cvestavayer.ch\\\/fr\\\/ecole-de-voile\\\/\",\"url\":\"https:\\\/\\\/cvestavayer.ch\\\/fr\\\/ecole-de-voile\\\/\",\"name\":\"Ecole de voile - Cercle de la Voile d&#039;Estavayer\",\"isPartOf\":{\"@id\":\"https:\\\/\\\/cvestavayer.ch\\\/fr\\\/#website\"},\"primaryImageOfPage\":{\"@id\":\"https:\\\/\\\/cvestavayer.ch\\\/fr\\\/ecole-de-voile\\\/#primaryimage\"},\"image\":{\"@id\":\"https:\\\/\\\/cvestavayer.ch\\\/fr\\\/ecole-de-voile\\\/#primaryimage\"},\"thumbnailUrl\":\"https:\\\/\\\/cvestavayer.ch\\\/wp-content\\\/uploads\\\/2023\\\/03\\\/RS-Feva-2-cut-1024x256.jpg\",\"datePublished\":\"2020-01-22T09:34:23+00:00\",\"dateModified\":\"2026-03-12T19:09:56+00:00\",\"breadcrumb\":{\"@id\":\"https:\\\/\\\/cvestavayer.ch\\\/fr\\\/ecole-de-voile\\\/#breadcrumb\"},\"inLanguage\":\"fr-FR\",\"potentialAction\":[{\"@type\":\"ReadAction\",\"target\":[\"https:\\\/\\\/cvestavayer.ch\\\/fr\\\/ecole-de-voile\\\/\"]}]},{\"@type\":\"ImageObject\",\"inLanguage\":\"fr-FR\",\"@id\":\"https:\\\/\\\/cvestavayer.ch\\\/fr\\\/ecole-de-voile\\\/#primaryimage\",\"url\":\"https:\\\/\\\/cvestavayer.ch\\\/wp-content\\\/uploads\\\/2023\\\/03\\\/RS-Feva-2-cut-1024x256.jpg\",\"contentUrl\":\"https:\\\/\\\/cvestavayer.ch\\\/wp-content\\\/uploads\\\/2023\\\/03\\\/RS-Feva-2-cut-1024x256.jpg\"},{\"@type\":\"BreadcrumbList\",\"@id\":\"https:\\\/\\\/cvestavayer.ch\\\/fr\\\/ecole-de-voile\\\/#breadcrumb\",\"itemListElement\":[{\"@type\":\"ListItem\",\"position\":1,\"name\":\"Accueil\",\"item\":\"https:\\\/\\\/cvestavayer.ch\\\/fr\\\/\"},{\"@type\":\"ListItem\",\"position\":2,\"name\":\"Ecole de voile\"}]},{\"@type\":\"WebSite\",\"@id\":\"https:\\\/\\\/cvestavayer.ch\\\/fr\\\/#website\",\"url\":\"https:\\\/\\\/cvestavayer.ch\\\/fr\\\/\",\"name\":\"Cercle de la Voile d&#039;Estavayer\",\"description\":\"\",\"potentialAction\":[{\"@type\":\"SearchAction\",\"target\":{\"@type\":\"EntryPoint\",\"urlTemplate\":\"https:\\\/\\\/cvestavayer.ch\\\/fr\\\/?s={search_term_string}\"},\"query-input\":{\"@type\":\"PropertyValueSpecification\",\"valueRequired\":true,\"valueName\":\"search_term_string\"}}],\"inLanguage\":\"fr-FR\"}]}<\/script>\n<!-- \/ Yoast SEO plugin. -->","yoast_head_json":{"title":"Ecole de voile - Cercle de la Voile d&#039;Estavayer","robots":{"index":"index","follow":"follow","max-snippet":"max-snippet:-1","max-image-preview":"max-image-preview:large","max-video-preview":"max-video-preview:-1"},"canonical":"https:\/\/cvestavayer.ch\/fr\/ecole-de-voile\/","og_locale":"fr_FR","og_type":"article","og_title":"Ecole de voile - Cercle de la Voile d&#039;Estavayer","og_description":"La saison 2026 d\u00e9bute officiellement le 20 avril. Le CVE propose des cours de voiles pour diff\u00e9rents niveaux, tant pour les jeunes navigateurs que pour les adultes, membres du CVE. Continuer la lecture &rarr;","og_url":"https:\/\/cvestavayer.ch\/fr\/ecole-de-voile\/","og_site_name":"Cercle de la Voile d&#039;Estavayer","article_modified_time":"2026-03-12T19:09:56+00:00","og_image":[{"width":1620,"height":405,"url":"https:\/\/cvestavayer.ch\/wp-content\/uploads\/2023\/03\/RS-Feva-2-cut.jpg","type":"image\/jpeg"}],"twitter_card":"summary_large_image","twitter_misc":{"Dur\u00e9e de lecture estim\u00e9e":"1 minute"},"schema":{"@context":"https:\/\/schema.org","@graph":[{"@type":"WebPage","@id":"https:\/\/cvestavayer.ch\/fr\/ecole-de-voile\/","url":"https:\/\/cvestavayer.ch\/fr\/ecole-de-voile\/","name":"Ecole de voile - Cercle de la Voile d&#039;Estavayer","isPartOf":{"@id":"https:\/\/cvestavayer.ch\/fr\/#website"},"primaryImageOfPage":{"@id":"https:\/\/cvestavayer.ch\/fr\/ecole-de-voile\/#primaryimage"},"image":{"@id":"https:\/\/cvestavayer.ch\/fr\/ecole-de-voile\/#primaryimage"},"thumbnailUrl":"https:\/\/cvestavayer.ch\/wp-content\/uploads\/2023\/03\/RS-Feva-2-cut-1024x256.jpg","datePublished":"2020-01-22T09:34:23+00:00","dateModified":"2026-03-12T19:09:56+00:00","breadcrumb":{"@id":"https:\/\/cvestavayer.ch\/fr\/ecole-de-voile\/#breadcrumb"},"inLanguage":"fr-FR","potentialAction":[{"@type":"ReadAction","target":["https:\/\/cvestavayer.ch\/fr\/ecole-de-voile\/"]}]},{"@type":"ImageObject","inLanguage":"fr-FR","@id":"https:\/\/cvestavayer.ch\/fr\/ecole-de-voile\/#primaryimage","url":"https:\/\/cvestavayer.ch\/wp-content\/uploads\/2023\/03\/RS-Feva-2-cut-1024x256.jpg","contentUrl":"https:\/\/cvestavayer.ch\/wp-content\/uploads\/2023\/03\/RS-Feva-2-cut-1024x256.jpg"},{"@type":"BreadcrumbList","@id":"https:\/\/cvestavayer.ch\/fr\/ecole-de-voile\/#breadcrumb","itemListElement":[{"@type":"ListItem","position":1,"name":"Accueil","item":"https:\/\/cvestavayer.ch\/fr\/"},{"@type":"ListItem","position":2,"name":"Ecole de voile"}]},{"@type":"WebSite","@id":"https:\/\/cvestavayer.ch\/fr\/#website","url":"https:\/\/cvestavayer.ch\/fr\/","name":"Cercle de la Voile d&#039;Estavayer","description":"","potentialAction":[{"@type":"SearchAction","target":{"@type":"EntryPoint","urlTemplate":"https:\/\/cvestavayer.ch\/fr\/?s={search_term_string}"},"query-input":{"@type":"PropertyValueSpecification","valueRequired":true,"valueName":"search_term_string"}}],"inLanguage":"fr-FR"}]}},"_links":{"self":[{"href":"https:\/\/cvestavayer.ch\/fr\/wp-json\/wp\/v2\/pages\/48","targetHints":{"allow":["GET"]}}],"collection":[{"href":"https:\/\/cvestavayer.ch\/fr\/wp-json\/wp\/v2\/pages"}],"about":[{"href":"https:\/\/cvestavayer.ch\/fr\/wp-json\/wp\/v2\/types\/page"}],"author":[{"embeddable":true,"href":"https:\/\/cvestavayer.ch\/fr\/wp-json\/wp\/v2\/users\/1"}],"replies":[{"embeddable":true,"href":"https:\/\/cvestavayer.ch\/fr\/wp-json\/wp\/v2\/comments?post=48"}],"version-history":[{"count":19,"href":"https:\/\/cvestavayer.ch\/fr\/wp-json\/wp\/v2\/pages\/48\/revisions"}],"predecessor-version":[{"id":46749,"href":"https:\/\/cvestavayer.ch\/fr\/wp-json\/wp\/v2\/pages\/48\/revisions\/46749"}],"wp:attachment":[{"href":"https:\/\/cvestavayer.ch\/fr\/wp-json\/wp\/v2\/media?parent=48"}],"curies":[{"name":"wp","href":"https:\/\/api.w.org\/{rel}","templated":true}]}}