{"id":546,"date":"2020-01-28T08:54:50","date_gmt":"2020-01-28T07:54:50","guid":{"rendered":"http:\/\/cvestavayer.ch\/fr\/?page_id=546"},"modified":"2020-01-28T08:55:08","modified_gmt":"2020-01-28T07:55:08","slug":"regate-inter-ecoles","status":"publish","type":"page","link":"https:\/\/cvestavayer.ch\/fr\/regates\/resultats-2015\/regate-inter-ecoles\/","title":{"rendered":"R\u00e9gate inter-\u00e9coles"},"content":{"rendered":"\n<p>Une <a rel=\"noreferrer noopener\" aria-label=\" (s\u2019ouvre dans un nouvel onglet)\" target=\"_blank\" href=\"https:\/\/cvestavayer.ch\/fr\/regate_2015_lettre_regate_police\/\">interdiction de navigation<\/a>   impos\u00e9e par la police et la pr\u00e9fecture 30 minutes avant le briefing a   contraint les participants \u00e0 rester \u00e0 terre malgr\u00e9 des conditions de   r\u00eaves qui r\u00e9gnaient sur le lac !<\/p>\n\n\n\n<p>L&rsquo;image de cette manifestation semblait faire un peu \u00ab\u00a0tache\u00a0\u00bb dans leur   plan catastrophe inondation \u00ab\u00a0Umbrella\u00a0\u00bb et on a eu beau leur expliquer   que, les bateaux, \u00e7a flotte, rien ne les a fait changer d&rsquo;avis !<\/p>\n\n\n\n<p>Malgr\u00e9 cela les organisateurs on du faire face en urgence \u00e0 cette   frustrante d\u00e9cision en mettant sur pieds des joutes et jeux \u00e0 terre.   Tous les participants ont pris cette d\u00e9cision sportivement et ont eu   beaucoup de plaisir tout de m\u00eame.<\/p>\n\n\n\n<figure class=\"wp-block-table\"><table class=\"\"><tbody><tr><td><\/td><td> <strong>Equipe<\/strong> <\/td><td> <strong>Skipper<\/strong> <\/td><td><\/td><\/tr><tr><td>1<\/td><td>Uni FR <\/td><td>David Giovannini <\/td><td>Uni Fribourg <\/td><\/tr><tr><td>2<\/td><td>Sturm &amp; Drang <\/td><td>Daniel Ernst <\/td><td>Uni Bern <\/td><\/tr><tr><td>3<\/td><td>Les Marmailles <\/td><td>Manuel M\u00fcller <\/td><td>Coll\u00e8ge du Sud <\/td><\/tr><tr><td>4<\/td><td>Luc Voile <\/td><td>Laurent Alter <\/td><td>EPFL <\/td><\/tr><tr><td>5<\/td><td>Wasserdampfdiffusionsequivalenteduftschichtdicken <\/td><td>Antoine Martin <\/td><td>BHF-Holz <\/td><\/tr><tr><td>6<\/td><td>Bad Amicale <\/td><td>Fred Simon <\/td><td>Zinal <\/td><\/tr><tr><td>7<\/td><td>Lobsta mou doudou ! <\/td><td>Vincent Gruber <\/td><td>&#8211;<\/td><\/tr><tr><td>8<\/td><td>Les copains cr\u00e9tains <\/td><td>Charlotte D\u00e9nervaud <\/td><td>ESS-Grimentz\/Zinal <\/td><\/tr><tr><td>9<\/td><td>L&rsquo;\u00e9quipe en mousse <\/td><td>L&rsquo;\u00e9quipe en mousse <\/td><td>Larissa Tudor <\/td><\/tr><tr><td>10<\/td><td>L&rsquo;\u00e9cole de la vie <\/td><td>Yann Burkhalter <\/td><td>Bienne-Voile <\/td><\/tr><\/tbody><\/table><\/figure>\n","protected":false},"excerpt":{"rendered":"<p>Une interdiction de navigation impos\u00e9e par la police et la pr\u00e9fecture 30 minutes avant le briefing a contraint les participants \u00e0 rester \u00e0 terre malgr\u00e9 des conditions de r\u00eaves qui <a class=\"more-link\" href=\"https:\/\/cvestavayer.ch\/fr\/regates\/resultats-2015\/regate-inter-ecoles\/\">Continuer la lecture &rarr;<\/a><\/p>\n","protected":false},"author":1,"featured_media":0,"parent":541,"menu_order":2,"comment_status":"closed","ping_status":"closed","template":"","meta":{"_monsterinsights_skip_tracking":false,"_monsterinsights_sitenote_active":false,"_monsterinsights_sitenote_note":"","_monsterinsights_sitenote_category":0,"_EventAllDay":false,"_EventTimezone":"","_EventStartDate":"","_EventEndDate":"","_EventStartDateUTC":"","_EventEndDateUTC":"","_EventShowMap":false,"_EventShowMapLink":false,"_EventURL":"","_EventCost":"","_EventCostDescription":"","_EventCurrencySymbol":"","_EventCurrencyCode":"","_EventCurrencyPosition":"","_EventDateTimeSeparator":"","_EventTimeRangeSeparator":"","_EventOrganizerID":[],"_EventVenueID":[],"_OrganizerEmail":"","_OrganizerPhone":"","_OrganizerWebsite":"","_VenueAddress":"","_VenueCity":"","_VenueCountry":"","_VenueProvince":"","_VenueState":"","_VenueZip":"","_VenuePhone":"","_VenueURL":"","_VenueStateProvince":"","_VenueLat":"","_VenueLng":"","_VenueShowMap":false,"_VenueShowMapLink":false,"footnotes":""},"class_list":["post-546","page","type-page","status-publish","hentry"],"yoast_head":"<!-- This site is optimized with the Yoast SEO plugin v27.6 - https:\/\/yoast.com\/product\/yoast-seo-wordpress\/ -->\n<title>R\u00e9gate inter-\u00e9coles - Cercle de la Voile d&#039;Estavayer<\/title>\n<meta name=\"robots\" content=\"index, follow, max-snippet:-1, max-image-preview:large, max-video-preview:-1\" \/>\n<link rel=\"canonical\" href=\"https:\/\/cvestavayer.ch\/fr\/regates\/resultats-2015\/regate-inter-ecoles\/\" \/>\n<meta property=\"og:locale\" content=\"fr_FR\" \/>\n<meta property=\"og:type\" content=\"article\" \/>\n<meta property=\"og:title\" content=\"R\u00e9gate inter-\u00e9coles - Cercle de la Voile d&#039;Estavayer\" \/>\n<meta property=\"og:description\" content=\"Une interdiction de navigation impos\u00e9e par la police et la pr\u00e9fecture 30 minutes avant le briefing a contraint les participants \u00e0 rester \u00e0 terre malgr\u00e9 des conditions de r\u00eaves qui Continuer la lecture &rarr;\" \/>\n<meta property=\"og:url\" content=\"https:\/\/cvestavayer.ch\/fr\/regates\/resultats-2015\/regate-inter-ecoles\/\" \/>\n<meta property=\"og:site_name\" content=\"Cercle de la Voile d&#039;Estavayer\" \/>\n<meta property=\"article:modified_time\" content=\"2020-01-28T07:55:08+00:00\" \/>\n<meta name=\"twitter:card\" content=\"summary_large_image\" \/>\n<meta name=\"twitter:label1\" content=\"Dur\u00e9e de lecture estim\u00e9e\" \/>\n\t<meta name=\"twitter:data1\" content=\"1 minute\" \/>\n<script type=\"application\/ld+json\" class=\"yoast-schema-graph\">{\"@context\":\"https:\\\/\\\/schema.org\",\"@graph\":[{\"@type\":\"WebPage\",\"@id\":\"https:\\\/\\\/cvestavayer.ch\\\/fr\\\/regates\\\/resultats-2015\\\/regate-inter-ecoles\\\/\",\"url\":\"https:\\\/\\\/cvestavayer.ch\\\/fr\\\/regates\\\/resultats-2015\\\/regate-inter-ecoles\\\/\",\"name\":\"R\u00e9gate inter-\u00e9coles - Cercle de la Voile d&#039;Estavayer\",\"isPartOf\":{\"@id\":\"https:\\\/\\\/cvestavayer.ch\\\/fr\\\/#website\"},\"datePublished\":\"2020-01-28T07:54:50+00:00\",\"dateModified\":\"2020-01-28T07:55:08+00:00\",\"breadcrumb\":{\"@id\":\"https:\\\/\\\/cvestavayer.ch\\\/fr\\\/regates\\\/resultats-2015\\\/regate-inter-ecoles\\\/#breadcrumb\"},\"inLanguage\":\"fr-FR\",\"potentialAction\":[{\"@type\":\"ReadAction\",\"target\":[\"https:\\\/\\\/cvestavayer.ch\\\/fr\\\/regates\\\/resultats-2015\\\/regate-inter-ecoles\\\/\"]}]},{\"@type\":\"BreadcrumbList\",\"@id\":\"https:\\\/\\\/cvestavayer.ch\\\/fr\\\/regates\\\/resultats-2015\\\/regate-inter-ecoles\\\/#breadcrumb\",\"itemListElement\":[{\"@type\":\"ListItem\",\"position\":1,\"name\":\"Accueil\",\"item\":\"https:\\\/\\\/cvestavayer.ch\\\/fr\\\/\"},{\"@type\":\"ListItem\",\"position\":2,\"name\":\"R\u00e9gates\",\"item\":\"https:\\\/\\\/cvestavayer.ch\\\/fr\\\/regates\\\/\"},{\"@type\":\"ListItem\",\"position\":3,\"name\":\"R\u00e9sultats 2015\",\"item\":\"https:\\\/\\\/cvestavayer.ch\\\/fr\\\/regates\\\/resultats-2015\\\/\"},{\"@type\":\"ListItem\",\"position\":4,\"name\":\"R\u00e9gate inter-\u00e9coles\"}]},{\"@type\":\"WebSite\",\"@id\":\"https:\\\/\\\/cvestavayer.ch\\\/fr\\\/#website\",\"url\":\"https:\\\/\\\/cvestavayer.ch\\\/fr\\\/\",\"name\":\"Cercle de la Voile d&#039;Estavayer\",\"description\":\"\",\"potentialAction\":[{\"@type\":\"SearchAction\",\"target\":{\"@type\":\"EntryPoint\",\"urlTemplate\":\"https:\\\/\\\/cvestavayer.ch\\\/fr\\\/?s={search_term_string}\"},\"query-input\":{\"@type\":\"PropertyValueSpecification\",\"valueRequired\":true,\"valueName\":\"search_term_string\"}}],\"inLanguage\":\"fr-FR\"}]}<\/script>\n<!-- \/ Yoast SEO plugin. -->","yoast_head_json":{"title":"R\u00e9gate inter-\u00e9coles - Cercle de la Voile d&#039;Estavayer","robots":{"index":"index","follow":"follow","max-snippet":"max-snippet:-1","max-image-preview":"max-image-preview:large","max-video-preview":"max-video-preview:-1"},"canonical":"https:\/\/cvestavayer.ch\/fr\/regates\/resultats-2015\/regate-inter-ecoles\/","og_locale":"fr_FR","og_type":"article","og_title":"R\u00e9gate inter-\u00e9coles - Cercle de la Voile d&#039;Estavayer","og_description":"Une interdiction de navigation impos\u00e9e par la police et la pr\u00e9fecture 30 minutes avant le briefing a contraint les participants \u00e0 rester \u00e0 terre malgr\u00e9 des conditions de r\u00eaves qui Continuer la lecture &rarr;","og_url":"https:\/\/cvestavayer.ch\/fr\/regates\/resultats-2015\/regate-inter-ecoles\/","og_site_name":"Cercle de la Voile d&#039;Estavayer","article_modified_time":"2020-01-28T07:55:08+00:00","twitter_card":"summary_large_image","twitter_misc":{"Dur\u00e9e de lecture estim\u00e9e":"1 minute"},"schema":{"@context":"https:\/\/schema.org","@graph":[{"@type":"WebPage","@id":"https:\/\/cvestavayer.ch\/fr\/regates\/resultats-2015\/regate-inter-ecoles\/","url":"https:\/\/cvestavayer.ch\/fr\/regates\/resultats-2015\/regate-inter-ecoles\/","name":"R\u00e9gate inter-\u00e9coles - Cercle de la Voile d&#039;Estavayer","isPartOf":{"@id":"https:\/\/cvestavayer.ch\/fr\/#website"},"datePublished":"2020-01-28T07:54:50+00:00","dateModified":"2020-01-28T07:55:08+00:00","breadcrumb":{"@id":"https:\/\/cvestavayer.ch\/fr\/regates\/resultats-2015\/regate-inter-ecoles\/#breadcrumb"},"inLanguage":"fr-FR","potentialAction":[{"@type":"ReadAction","target":["https:\/\/cvestavayer.ch\/fr\/regates\/resultats-2015\/regate-inter-ecoles\/"]}]},{"@type":"BreadcrumbList","@id":"https:\/\/cvestavayer.ch\/fr\/regates\/resultats-2015\/regate-inter-ecoles\/#breadcrumb","itemListElement":[{"@type":"ListItem","position":1,"name":"Accueil","item":"https:\/\/cvestavayer.ch\/fr\/"},{"@type":"ListItem","position":2,"name":"R\u00e9gates","item":"https:\/\/cvestavayer.ch\/fr\/regates\/"},{"@type":"ListItem","position":3,"name":"R\u00e9sultats 2015","item":"https:\/\/cvestavayer.ch\/fr\/regates\/resultats-2015\/"},{"@type":"ListItem","position":4,"name":"R\u00e9gate inter-\u00e9coles"}]},{"@type":"WebSite","@id":"https:\/\/cvestavayer.ch\/fr\/#website","url":"https:\/\/cvestavayer.ch\/fr\/","name":"Cercle de la Voile d&#039;Estavayer","description":"","potentialAction":[{"@type":"SearchAction","target":{"@type":"EntryPoint","urlTemplate":"https:\/\/cvestavayer.ch\/fr\/?s={search_term_string}"},"query-input":{"@type":"PropertyValueSpecification","valueRequired":true,"valueName":"search_term_string"}}],"inLanguage":"fr-FR"}]}},"_links":{"self":[{"href":"https:\/\/cvestavayer.ch\/fr\/wp-json\/wp\/v2\/pages\/546","targetHints":{"allow":["GET"]}}],"collection":[{"href":"https:\/\/cvestavayer.ch\/fr\/wp-json\/wp\/v2\/pages"}],"about":[{"href":"https:\/\/cvestavayer.ch\/fr\/wp-json\/wp\/v2\/types\/page"}],"author":[{"embeddable":true,"href":"https:\/\/cvestavayer.ch\/fr\/wp-json\/wp\/v2\/users\/1"}],"replies":[{"embeddable":true,"href":"https:\/\/cvestavayer.ch\/fr\/wp-json\/wp\/v2\/comments?post=546"}],"version-history":[{"count":2,"href":"https:\/\/cvestavayer.ch\/fr\/wp-json\/wp\/v2\/pages\/546\/revisions"}],"predecessor-version":[{"id":549,"href":"https:\/\/cvestavayer.ch\/fr\/wp-json\/wp\/v2\/pages\/546\/revisions\/549"}],"up":[{"embeddable":true,"href":"https:\/\/cvestavayer.ch\/fr\/wp-json\/wp\/v2\/pages\/541"}],"wp:attachment":[{"href":"https:\/\/cvestavayer.ch\/fr\/wp-json\/wp\/v2\/media?parent=546"}],"curies":[{"name":"wp","href":"https:\/\/api.w.org\/{rel}","templated":true}]}}