{"id":562,"date":"2020-01-28T09:14:04","date_gmt":"2020-01-28T08:14:04","guid":{"rendered":"http:\/\/cvestavayer.ch\/fr\/?page_id=562"},"modified":"2020-01-28T09:14:19","modified_gmt":"2020-01-28T08:14:19","slug":"adonite-5o5-swiss-open","status":"publish","type":"page","link":"https:\/\/cvestavayer.ch\/fr\/regates\/resultats-2015\/adonite-5o5-swiss-open\/","title":{"rendered":"Adonite 5o5 Swiss Open"},"content":{"rendered":"\n<p>L&rsquo;Adonite 5o5 Swiss Open a eu lieu du 2 au 4 Octobre 2015.<\/p>\n\n\n\n<p>Dans des  conditions de vent tr\u00e8s l\u00e9ger, il a \u00e9t\u00e9 possible de quand m\u00eame faire 6  manches.<\/p>\n\n\n\n<p>C&rsquo;est les fran\u00e7ais Philippe Boite &amp; Florian Corbez qui se  sont montr\u00e9 les meilleurs.<\/p>\n\n\n\n<p>Les navigateurs locaux du CVN ont men\u00e9 la vie  dure aux nombreux  europ\u00e9ens pr\u00e9sents et compl\u00e8tent le podium ! C\u00e9dric  Bart &amp; Laurent  Grob 2\u00e8me, Caroline &amp; Philippe Jacot 3\u00e8me.<\/p>\n\n\n\n<p>Retrouvez le <a rel=\"noreferrer noopener\" aria-label=\" (s\u2019ouvre dans un nouvel onglet)\" href=\"https:\/\/cvestavayer.ch\/fr\/regate_2015_classement_adonite_5o5_so\/\" target=\"_blank\">classement complet<\/a>. <\/p>\n\n\n\n<figure class=\"wp-block-image size-large\"><img loading=\"lazy\" decoding=\"async\" width=\"560\" height=\"375\" src=\"http:\/\/cvestavayer.ch\/wp-content\/uploads\/2020\/01\/REGATE_2015_adonite.jpg\" alt=\"\" class=\"wp-image-563\" srcset=\"https:\/\/cvestavayer.ch\/wp-content\/uploads\/2020\/01\/REGATE_2015_adonite.jpg 560w, https:\/\/cvestavayer.ch\/wp-content\/uploads\/2020\/01\/REGATE_2015_adonite-300x201.jpg 300w\" sizes=\"auto, (max-width: 560px) 100vw, 560px\" \/><\/figure>\n","protected":false},"excerpt":{"rendered":"<p>L&rsquo;Adonite 5o5 Swiss Open a eu lieu du 2 au 4 Octobre 2015. Dans des conditions de vent tr\u00e8s l\u00e9ger, il a \u00e9t\u00e9 possible de quand m\u00eame faire 6 manches. <a class=\"more-link\" href=\"https:\/\/cvestavayer.ch\/fr\/regates\/resultats-2015\/adonite-5o5-swiss-open\/\">Continuer la lecture &rarr;<\/a><\/p>\n","protected":false},"author":1,"featured_media":0,"parent":541,"menu_order":6,"comment_status":"closed","ping_status":"closed","template":"","meta":{"_monsterinsights_skip_tracking":false,"_monsterinsights_sitenote_active":false,"_monsterinsights_sitenote_note":"","_monsterinsights_sitenote_category":0,"_EventAllDay":false,"_EventTimezone":"","_EventStartDate":"","_EventEndDate":"","_EventStartDateUTC":"","_EventEndDateUTC":"","_EventShowMap":false,"_EventShowMapLink":false,"_EventURL":"","_EventCost":"","_EventCostDescription":"","_EventCurrencySymbol":"","_EventCurrencyCode":"","_EventCurrencyPosition":"","_EventDateTimeSeparator":"","_EventTimeRangeSeparator":"","_EventOrganizerID":[],"_EventVenueID":[],"_OrganizerEmail":"","_OrganizerPhone":"","_OrganizerWebsite":"","_VenueAddress":"","_VenueCity":"","_VenueCountry":"","_VenueProvince":"","_VenueState":"","_VenueZip":"","_VenuePhone":"","_VenueURL":"","_VenueStateProvince":"","_VenueLat":"","_VenueLng":"","_VenueShowMap":false,"_VenueShowMapLink":false,"footnotes":""},"class_list":["post-562","page","type-page","status-publish","hentry"],"yoast_head":"<!-- This site is optimized with the Yoast SEO plugin v27.6 - https:\/\/yoast.com\/product\/yoast-seo-wordpress\/ -->\n<title>Adonite 5o5 Swiss Open - Cercle de la Voile d&#039;Estavayer<\/title>\n<meta name=\"robots\" content=\"index, follow, max-snippet:-1, max-image-preview:large, max-video-preview:-1\" \/>\n<link rel=\"canonical\" href=\"https:\/\/cvestavayer.ch\/fr\/regates\/resultats-2015\/adonite-5o5-swiss-open\/\" \/>\n<meta property=\"og:locale\" content=\"fr_FR\" \/>\n<meta property=\"og:type\" content=\"article\" \/>\n<meta property=\"og:title\" content=\"Adonite 5o5 Swiss Open - Cercle de la Voile d&#039;Estavayer\" \/>\n<meta property=\"og:description\" content=\"L&rsquo;Adonite 5o5 Swiss Open a eu lieu du 2 au 4 Octobre 2015. Dans des conditions de vent tr\u00e8s l\u00e9ger, il a \u00e9t\u00e9 possible de quand m\u00eame faire 6 manches. Continuer la lecture &rarr;\" \/>\n<meta property=\"og:url\" content=\"https:\/\/cvestavayer.ch\/fr\/regates\/resultats-2015\/adonite-5o5-swiss-open\/\" \/>\n<meta property=\"og:site_name\" content=\"Cercle de la Voile d&#039;Estavayer\" \/>\n<meta property=\"article:modified_time\" content=\"2020-01-28T08:14:19+00:00\" \/>\n<meta property=\"og:image\" content=\"http:\/\/cvestavayer.ch\/wp-content\/uploads\/2020\/01\/REGATE_2015_adonite.jpg\" \/>\n<meta name=\"twitter:card\" content=\"summary_large_image\" \/>\n<script type=\"application\/ld+json\" class=\"yoast-schema-graph\">{\"@context\":\"https:\\\/\\\/schema.org\",\"@graph\":[{\"@type\":\"WebPage\",\"@id\":\"https:\\\/\\\/cvestavayer.ch\\\/fr\\\/regates\\\/resultats-2015\\\/adonite-5o5-swiss-open\\\/\",\"url\":\"https:\\\/\\\/cvestavayer.ch\\\/fr\\\/regates\\\/resultats-2015\\\/adonite-5o5-swiss-open\\\/\",\"name\":\"Adonite 5o5 Swiss Open - Cercle de la Voile d&#039;Estavayer\",\"isPartOf\":{\"@id\":\"https:\\\/\\\/cvestavayer.ch\\\/fr\\\/#website\"},\"primaryImageOfPage\":{\"@id\":\"https:\\\/\\\/cvestavayer.ch\\\/fr\\\/regates\\\/resultats-2015\\\/adonite-5o5-swiss-open\\\/#primaryimage\"},\"image\":{\"@id\":\"https:\\\/\\\/cvestavayer.ch\\\/fr\\\/regates\\\/resultats-2015\\\/adonite-5o5-swiss-open\\\/#primaryimage\"},\"thumbnailUrl\":\"http:\\\/\\\/cvestavayer.ch\\\/wp-content\\\/uploads\\\/2020\\\/01\\\/REGATE_2015_adonite.jpg\",\"datePublished\":\"2020-01-28T08:14:04+00:00\",\"dateModified\":\"2020-01-28T08:14:19+00:00\",\"breadcrumb\":{\"@id\":\"https:\\\/\\\/cvestavayer.ch\\\/fr\\\/regates\\\/resultats-2015\\\/adonite-5o5-swiss-open\\\/#breadcrumb\"},\"inLanguage\":\"fr-FR\",\"potentialAction\":[{\"@type\":\"ReadAction\",\"target\":[\"https:\\\/\\\/cvestavayer.ch\\\/fr\\\/regates\\\/resultats-2015\\\/adonite-5o5-swiss-open\\\/\"]}]},{\"@type\":\"ImageObject\",\"inLanguage\":\"fr-FR\",\"@id\":\"https:\\\/\\\/cvestavayer.ch\\\/fr\\\/regates\\\/resultats-2015\\\/adonite-5o5-swiss-open\\\/#primaryimage\",\"url\":\"http:\\\/\\\/cvestavayer.ch\\\/wp-content\\\/uploads\\\/2020\\\/01\\\/REGATE_2015_adonite.jpg\",\"contentUrl\":\"http:\\\/\\\/cvestavayer.ch\\\/wp-content\\\/uploads\\\/2020\\\/01\\\/REGATE_2015_adonite.jpg\"},{\"@type\":\"BreadcrumbList\",\"@id\":\"https:\\\/\\\/cvestavayer.ch\\\/fr\\\/regates\\\/resultats-2015\\\/adonite-5o5-swiss-open\\\/#breadcrumb\",\"itemListElement\":[{\"@type\":\"ListItem\",\"position\":1,\"name\":\"Accueil\",\"item\":\"https:\\\/\\\/cvestavayer.ch\\\/fr\\\/\"},{\"@type\":\"ListItem\",\"position\":2,\"name\":\"R\u00e9gates\",\"item\":\"https:\\\/\\\/cvestavayer.ch\\\/fr\\\/regates\\\/\"},{\"@type\":\"ListItem\",\"position\":3,\"name\":\"R\u00e9sultats 2015\",\"item\":\"https:\\\/\\\/cvestavayer.ch\\\/fr\\\/regates\\\/resultats-2015\\\/\"},{\"@type\":\"ListItem\",\"position\":4,\"name\":\"Adonite 5o5 Swiss Open\"}]},{\"@type\":\"WebSite\",\"@id\":\"https:\\\/\\\/cvestavayer.ch\\\/fr\\\/#website\",\"url\":\"https:\\\/\\\/cvestavayer.ch\\\/fr\\\/\",\"name\":\"Cercle de la Voile d&#039;Estavayer\",\"description\":\"\",\"potentialAction\":[{\"@type\":\"SearchAction\",\"target\":{\"@type\":\"EntryPoint\",\"urlTemplate\":\"https:\\\/\\\/cvestavayer.ch\\\/fr\\\/?s={search_term_string}\"},\"query-input\":{\"@type\":\"PropertyValueSpecification\",\"valueRequired\":true,\"valueName\":\"search_term_string\"}}],\"inLanguage\":\"fr-FR\"}]}<\/script>\n<!-- \/ Yoast SEO plugin. -->","yoast_head_json":{"title":"Adonite 5o5 Swiss Open - Cercle de la Voile d&#039;Estavayer","robots":{"index":"index","follow":"follow","max-snippet":"max-snippet:-1","max-image-preview":"max-image-preview:large","max-video-preview":"max-video-preview:-1"},"canonical":"https:\/\/cvestavayer.ch\/fr\/regates\/resultats-2015\/adonite-5o5-swiss-open\/","og_locale":"fr_FR","og_type":"article","og_title":"Adonite 5o5 Swiss Open - Cercle de la Voile d&#039;Estavayer","og_description":"L&rsquo;Adonite 5o5 Swiss Open a eu lieu du 2 au 4 Octobre 2015. Dans des conditions de vent tr\u00e8s l\u00e9ger, il a \u00e9t\u00e9 possible de quand m\u00eame faire 6 manches. Continuer la lecture &rarr;","og_url":"https:\/\/cvestavayer.ch\/fr\/regates\/resultats-2015\/adonite-5o5-swiss-open\/","og_site_name":"Cercle de la Voile d&#039;Estavayer","article_modified_time":"2020-01-28T08:14:19+00:00","og_image":[{"url":"http:\/\/cvestavayer.ch\/wp-content\/uploads\/2020\/01\/REGATE_2015_adonite.jpg","type":"","width":"","height":""}],"twitter_card":"summary_large_image","schema":{"@context":"https:\/\/schema.org","@graph":[{"@type":"WebPage","@id":"https:\/\/cvestavayer.ch\/fr\/regates\/resultats-2015\/adonite-5o5-swiss-open\/","url":"https:\/\/cvestavayer.ch\/fr\/regates\/resultats-2015\/adonite-5o5-swiss-open\/","name":"Adonite 5o5 Swiss Open - Cercle de la Voile d&#039;Estavayer","isPartOf":{"@id":"https:\/\/cvestavayer.ch\/fr\/#website"},"primaryImageOfPage":{"@id":"https:\/\/cvestavayer.ch\/fr\/regates\/resultats-2015\/adonite-5o5-swiss-open\/#primaryimage"},"image":{"@id":"https:\/\/cvestavayer.ch\/fr\/regates\/resultats-2015\/adonite-5o5-swiss-open\/#primaryimage"},"thumbnailUrl":"http:\/\/cvestavayer.ch\/wp-content\/uploads\/2020\/01\/REGATE_2015_adonite.jpg","datePublished":"2020-01-28T08:14:04+00:00","dateModified":"2020-01-28T08:14:19+00:00","breadcrumb":{"@id":"https:\/\/cvestavayer.ch\/fr\/regates\/resultats-2015\/adonite-5o5-swiss-open\/#breadcrumb"},"inLanguage":"fr-FR","potentialAction":[{"@type":"ReadAction","target":["https:\/\/cvestavayer.ch\/fr\/regates\/resultats-2015\/adonite-5o5-swiss-open\/"]}]},{"@type":"ImageObject","inLanguage":"fr-FR","@id":"https:\/\/cvestavayer.ch\/fr\/regates\/resultats-2015\/adonite-5o5-swiss-open\/#primaryimage","url":"http:\/\/cvestavayer.ch\/wp-content\/uploads\/2020\/01\/REGATE_2015_adonite.jpg","contentUrl":"http:\/\/cvestavayer.ch\/wp-content\/uploads\/2020\/01\/REGATE_2015_adonite.jpg"},{"@type":"BreadcrumbList","@id":"https:\/\/cvestavayer.ch\/fr\/regates\/resultats-2015\/adonite-5o5-swiss-open\/#breadcrumb","itemListElement":[{"@type":"ListItem","position":1,"name":"Accueil","item":"https:\/\/cvestavayer.ch\/fr\/"},{"@type":"ListItem","position":2,"name":"R\u00e9gates","item":"https:\/\/cvestavayer.ch\/fr\/regates\/"},{"@type":"ListItem","position":3,"name":"R\u00e9sultats 2015","item":"https:\/\/cvestavayer.ch\/fr\/regates\/resultats-2015\/"},{"@type":"ListItem","position":4,"name":"Adonite 5o5 Swiss Open"}]},{"@type":"WebSite","@id":"https:\/\/cvestavayer.ch\/fr\/#website","url":"https:\/\/cvestavayer.ch\/fr\/","name":"Cercle de la Voile d&#039;Estavayer","description":"","potentialAction":[{"@type":"SearchAction","target":{"@type":"EntryPoint","urlTemplate":"https:\/\/cvestavayer.ch\/fr\/?s={search_term_string}"},"query-input":{"@type":"PropertyValueSpecification","valueRequired":true,"valueName":"search_term_string"}}],"inLanguage":"fr-FR"}]}},"_links":{"self":[{"href":"https:\/\/cvestavayer.ch\/fr\/wp-json\/wp\/v2\/pages\/562","targetHints":{"allow":["GET"]}}],"collection":[{"href":"https:\/\/cvestavayer.ch\/fr\/wp-json\/wp\/v2\/pages"}],"about":[{"href":"https:\/\/cvestavayer.ch\/fr\/wp-json\/wp\/v2\/types\/page"}],"author":[{"embeddable":true,"href":"https:\/\/cvestavayer.ch\/fr\/wp-json\/wp\/v2\/users\/1"}],"replies":[{"embeddable":true,"href":"https:\/\/cvestavayer.ch\/fr\/wp-json\/wp\/v2\/comments?post=562"}],"version-history":[{"count":2,"href":"https:\/\/cvestavayer.ch\/fr\/wp-json\/wp\/v2\/pages\/562\/revisions"}],"predecessor-version":[{"id":566,"href":"https:\/\/cvestavayer.ch\/fr\/wp-json\/wp\/v2\/pages\/562\/revisions\/566"}],"up":[{"embeddable":true,"href":"https:\/\/cvestavayer.ch\/fr\/wp-json\/wp\/v2\/pages\/541"}],"wp:attachment":[{"href":"https:\/\/cvestavayer.ch\/fr\/wp-json\/wp\/v2\/media?parent=562"}],"curies":[{"name":"wp","href":"https:\/\/api.w.org\/{rel}","templated":true}]}}