{"id":567,"date":"2020-01-28T09:19:28","date_gmt":"2020-01-28T08:19:28","guid":{"rendered":"http:\/\/cvestavayer.ch\/fr\/?page_id=567"},"modified":"2020-01-28T09:19:28","modified_gmt":"2020-01-28T08:19:28","slug":"regate-de-cloture","status":"publish","type":"page","link":"https:\/\/cvestavayer.ch\/fr\/regates\/resultats-2015\/regate-de-cloture\/","title":{"rendered":"R\u00e9gate de cl\u00f4ture"},"content":{"rendered":"\n<p>La r\u00e9gate de cl\u00f4ture 2015 a eu lieu le 10 octobre 2015.<\/p>\n\n\n\n<p>Lors de cette  \u00e9dition, 17 bateaux \u00e9taient pr\u00e9sents .<br>Des conditions de bise entre 3 et  5 beaufort ont permis de lancer 3 manches.<\/p>\n\n\n\n<p>Toni &amp; Sacha finissent 1er sur leur 5o5, suivi de Christophe Wirth sur Modulo 93 et David Dober sur Surprise.<\/p>\n\n\n\n<p><a rel=\"noreferrer noopener\" aria-label=\" (s\u2019ouvre dans un nouvel onglet)\" target=\"_blank\" href=\"https:\/\/cvestavayer.ch\/fr\/regate_2015_resultats_rc_2015\/\">Classement final<\/a> et les <a href=\"http:\/\/www.cvestavayer.ch\/fr\/galerie\/2015\/regate-de-cloture-j-ferrer\/index.htm\">photos<\/a> dans la galerie.<\/p>\n\n\n\n<figure class=\"wp-block-image size-large\"><img loading=\"lazy\" decoding=\"async\" width=\"560\" height=\"347\" src=\"http:\/\/cvestavayer.ch\/wp-content\/uploads\/2020\/01\/REGATE_2015_cloture.jpg\" alt=\"\" class=\"wp-image-568\" srcset=\"https:\/\/cvestavayer.ch\/wp-content\/uploads\/2020\/01\/REGATE_2015_cloture.jpg 560w, https:\/\/cvestavayer.ch\/wp-content\/uploads\/2020\/01\/REGATE_2015_cloture-300x186.jpg 300w\" sizes=\"auto, (max-width: 560px) 100vw, 560px\" \/><\/figure>\n","protected":false},"excerpt":{"rendered":"<p>La r\u00e9gate de cl\u00f4ture 2015 a eu lieu le 10 octobre 2015. Lors de cette \u00e9dition, 17 bateaux \u00e9taient pr\u00e9sents .Des conditions de bise entre 3 et 5 beaufort ont <a class=\"more-link\" href=\"https:\/\/cvestavayer.ch\/fr\/regates\/resultats-2015\/regate-de-cloture\/\">Continuer la lecture &rarr;<\/a><\/p>\n","protected":false},"author":1,"featured_media":0,"parent":541,"menu_order":7,"comment_status":"closed","ping_status":"closed","template":"","meta":{"_monsterinsights_skip_tracking":false,"_monsterinsights_sitenote_active":false,"_monsterinsights_sitenote_note":"","_monsterinsights_sitenote_category":0,"_EventAllDay":false,"_EventTimezone":"","_EventStartDate":"","_EventEndDate":"","_EventStartDateUTC":"","_EventEndDateUTC":"","_EventShowMap":false,"_EventShowMapLink":false,"_EventURL":"","_EventCost":"","_EventCostDescription":"","_EventCurrencySymbol":"","_EventCurrencyCode":"","_EventCurrencyPosition":"","_EventDateTimeSeparator":"","_EventTimeRangeSeparator":"","_EventOrganizerID":[],"_EventVenueID":[],"_OrganizerEmail":"","_OrganizerPhone":"","_OrganizerWebsite":"","_VenueAddress":"","_VenueCity":"","_VenueCountry":"","_VenueProvince":"","_VenueState":"","_VenueZip":"","_VenuePhone":"","_VenueURL":"","_VenueStateProvince":"","_VenueLat":"","_VenueLng":"","_VenueShowMap":false,"_VenueShowMapLink":false,"footnotes":""},"class_list":["post-567","page","type-page","status-publish","hentry"],"yoast_head":"<!-- This site is optimized with the Yoast SEO plugin v27.6 - https:\/\/yoast.com\/product\/yoast-seo-wordpress\/ -->\n<title>R\u00e9gate de cl\u00f4ture - Cercle de la Voile d&#039;Estavayer<\/title>\n<meta name=\"robots\" content=\"index, follow, max-snippet:-1, max-image-preview:large, max-video-preview:-1\" \/>\n<link rel=\"canonical\" href=\"https:\/\/cvestavayer.ch\/fr\/regates\/resultats-2015\/regate-de-cloture\/\" \/>\n<meta property=\"og:locale\" content=\"fr_FR\" \/>\n<meta property=\"og:type\" content=\"article\" \/>\n<meta property=\"og:title\" content=\"R\u00e9gate de cl\u00f4ture - Cercle de la Voile d&#039;Estavayer\" \/>\n<meta property=\"og:description\" content=\"La r\u00e9gate de cl\u00f4ture 2015 a eu lieu le 10 octobre 2015. Lors de cette \u00e9dition, 17 bateaux \u00e9taient pr\u00e9sents .Des conditions de bise entre 3 et 5 beaufort ont Continuer la lecture &rarr;\" \/>\n<meta property=\"og:url\" content=\"https:\/\/cvestavayer.ch\/fr\/regates\/resultats-2015\/regate-de-cloture\/\" \/>\n<meta property=\"og:site_name\" content=\"Cercle de la Voile d&#039;Estavayer\" \/>\n<meta property=\"og:image\" content=\"http:\/\/cvestavayer.ch\/wp-content\/uploads\/2020\/01\/REGATE_2015_cloture.jpg\" \/>\n<meta name=\"twitter:card\" content=\"summary_large_image\" \/>\n<script type=\"application\/ld+json\" class=\"yoast-schema-graph\">{\"@context\":\"https:\\\/\\\/schema.org\",\"@graph\":[{\"@type\":\"WebPage\",\"@id\":\"https:\\\/\\\/cvestavayer.ch\\\/fr\\\/regates\\\/resultats-2015\\\/regate-de-cloture\\\/\",\"url\":\"https:\\\/\\\/cvestavayer.ch\\\/fr\\\/regates\\\/resultats-2015\\\/regate-de-cloture\\\/\",\"name\":\"R\u00e9gate de cl\u00f4ture - Cercle de la Voile d&#039;Estavayer\",\"isPartOf\":{\"@id\":\"https:\\\/\\\/cvestavayer.ch\\\/fr\\\/#website\"},\"primaryImageOfPage\":{\"@id\":\"https:\\\/\\\/cvestavayer.ch\\\/fr\\\/regates\\\/resultats-2015\\\/regate-de-cloture\\\/#primaryimage\"},\"image\":{\"@id\":\"https:\\\/\\\/cvestavayer.ch\\\/fr\\\/regates\\\/resultats-2015\\\/regate-de-cloture\\\/#primaryimage\"},\"thumbnailUrl\":\"http:\\\/\\\/cvestavayer.ch\\\/wp-content\\\/uploads\\\/2020\\\/01\\\/REGATE_2015_cloture.jpg\",\"datePublished\":\"2020-01-28T08:19:28+00:00\",\"breadcrumb\":{\"@id\":\"https:\\\/\\\/cvestavayer.ch\\\/fr\\\/regates\\\/resultats-2015\\\/regate-de-cloture\\\/#breadcrumb\"},\"inLanguage\":\"fr-FR\",\"potentialAction\":[{\"@type\":\"ReadAction\",\"target\":[\"https:\\\/\\\/cvestavayer.ch\\\/fr\\\/regates\\\/resultats-2015\\\/regate-de-cloture\\\/\"]}]},{\"@type\":\"ImageObject\",\"inLanguage\":\"fr-FR\",\"@id\":\"https:\\\/\\\/cvestavayer.ch\\\/fr\\\/regates\\\/resultats-2015\\\/regate-de-cloture\\\/#primaryimage\",\"url\":\"http:\\\/\\\/cvestavayer.ch\\\/wp-content\\\/uploads\\\/2020\\\/01\\\/REGATE_2015_cloture.jpg\",\"contentUrl\":\"http:\\\/\\\/cvestavayer.ch\\\/wp-content\\\/uploads\\\/2020\\\/01\\\/REGATE_2015_cloture.jpg\"},{\"@type\":\"BreadcrumbList\",\"@id\":\"https:\\\/\\\/cvestavayer.ch\\\/fr\\\/regates\\\/resultats-2015\\\/regate-de-cloture\\\/#breadcrumb\",\"itemListElement\":[{\"@type\":\"ListItem\",\"position\":1,\"name\":\"Accueil\",\"item\":\"https:\\\/\\\/cvestavayer.ch\\\/fr\\\/\"},{\"@type\":\"ListItem\",\"position\":2,\"name\":\"R\u00e9gates\",\"item\":\"https:\\\/\\\/cvestavayer.ch\\\/fr\\\/regates\\\/\"},{\"@type\":\"ListItem\",\"position\":3,\"name\":\"R\u00e9sultats 2015\",\"item\":\"https:\\\/\\\/cvestavayer.ch\\\/fr\\\/regates\\\/resultats-2015\\\/\"},{\"@type\":\"ListItem\",\"position\":4,\"name\":\"R\u00e9gate de cl\u00f4ture\"}]},{\"@type\":\"WebSite\",\"@id\":\"https:\\\/\\\/cvestavayer.ch\\\/fr\\\/#website\",\"url\":\"https:\\\/\\\/cvestavayer.ch\\\/fr\\\/\",\"name\":\"Cercle de la Voile d&#039;Estavayer\",\"description\":\"\",\"potentialAction\":[{\"@type\":\"SearchAction\",\"target\":{\"@type\":\"EntryPoint\",\"urlTemplate\":\"https:\\\/\\\/cvestavayer.ch\\\/fr\\\/?s={search_term_string}\"},\"query-input\":{\"@type\":\"PropertyValueSpecification\",\"valueRequired\":true,\"valueName\":\"search_term_string\"}}],\"inLanguage\":\"fr-FR\"}]}<\/script>\n<!-- \/ Yoast SEO plugin. -->","yoast_head_json":{"title":"R\u00e9gate de cl\u00f4ture - Cercle de la Voile d&#039;Estavayer","robots":{"index":"index","follow":"follow","max-snippet":"max-snippet:-1","max-image-preview":"max-image-preview:large","max-video-preview":"max-video-preview:-1"},"canonical":"https:\/\/cvestavayer.ch\/fr\/regates\/resultats-2015\/regate-de-cloture\/","og_locale":"fr_FR","og_type":"article","og_title":"R\u00e9gate de cl\u00f4ture - Cercle de la Voile d&#039;Estavayer","og_description":"La r\u00e9gate de cl\u00f4ture 2015 a eu lieu le 10 octobre 2015. Lors de cette \u00e9dition, 17 bateaux \u00e9taient pr\u00e9sents .Des conditions de bise entre 3 et 5 beaufort ont Continuer la lecture &rarr;","og_url":"https:\/\/cvestavayer.ch\/fr\/regates\/resultats-2015\/regate-de-cloture\/","og_site_name":"Cercle de la Voile d&#039;Estavayer","og_image":[{"url":"http:\/\/cvestavayer.ch\/wp-content\/uploads\/2020\/01\/REGATE_2015_cloture.jpg","type":"","width":"","height":""}],"twitter_card":"summary_large_image","schema":{"@context":"https:\/\/schema.org","@graph":[{"@type":"WebPage","@id":"https:\/\/cvestavayer.ch\/fr\/regates\/resultats-2015\/regate-de-cloture\/","url":"https:\/\/cvestavayer.ch\/fr\/regates\/resultats-2015\/regate-de-cloture\/","name":"R\u00e9gate de cl\u00f4ture - Cercle de la Voile d&#039;Estavayer","isPartOf":{"@id":"https:\/\/cvestavayer.ch\/fr\/#website"},"primaryImageOfPage":{"@id":"https:\/\/cvestavayer.ch\/fr\/regates\/resultats-2015\/regate-de-cloture\/#primaryimage"},"image":{"@id":"https:\/\/cvestavayer.ch\/fr\/regates\/resultats-2015\/regate-de-cloture\/#primaryimage"},"thumbnailUrl":"http:\/\/cvestavayer.ch\/wp-content\/uploads\/2020\/01\/REGATE_2015_cloture.jpg","datePublished":"2020-01-28T08:19:28+00:00","breadcrumb":{"@id":"https:\/\/cvestavayer.ch\/fr\/regates\/resultats-2015\/regate-de-cloture\/#breadcrumb"},"inLanguage":"fr-FR","potentialAction":[{"@type":"ReadAction","target":["https:\/\/cvestavayer.ch\/fr\/regates\/resultats-2015\/regate-de-cloture\/"]}]},{"@type":"ImageObject","inLanguage":"fr-FR","@id":"https:\/\/cvestavayer.ch\/fr\/regates\/resultats-2015\/regate-de-cloture\/#primaryimage","url":"http:\/\/cvestavayer.ch\/wp-content\/uploads\/2020\/01\/REGATE_2015_cloture.jpg","contentUrl":"http:\/\/cvestavayer.ch\/wp-content\/uploads\/2020\/01\/REGATE_2015_cloture.jpg"},{"@type":"BreadcrumbList","@id":"https:\/\/cvestavayer.ch\/fr\/regates\/resultats-2015\/regate-de-cloture\/#breadcrumb","itemListElement":[{"@type":"ListItem","position":1,"name":"Accueil","item":"https:\/\/cvestavayer.ch\/fr\/"},{"@type":"ListItem","position":2,"name":"R\u00e9gates","item":"https:\/\/cvestavayer.ch\/fr\/regates\/"},{"@type":"ListItem","position":3,"name":"R\u00e9sultats 2015","item":"https:\/\/cvestavayer.ch\/fr\/regates\/resultats-2015\/"},{"@type":"ListItem","position":4,"name":"R\u00e9gate de cl\u00f4ture"}]},{"@type":"WebSite","@id":"https:\/\/cvestavayer.ch\/fr\/#website","url":"https:\/\/cvestavayer.ch\/fr\/","name":"Cercle de la Voile d&#039;Estavayer","description":"","potentialAction":[{"@type":"SearchAction","target":{"@type":"EntryPoint","urlTemplate":"https:\/\/cvestavayer.ch\/fr\/?s={search_term_string}"},"query-input":{"@type":"PropertyValueSpecification","valueRequired":true,"valueName":"search_term_string"}}],"inLanguage":"fr-FR"}]}},"_links":{"self":[{"href":"https:\/\/cvestavayer.ch\/fr\/wp-json\/wp\/v2\/pages\/567","targetHints":{"allow":["GET"]}}],"collection":[{"href":"https:\/\/cvestavayer.ch\/fr\/wp-json\/wp\/v2\/pages"}],"about":[{"href":"https:\/\/cvestavayer.ch\/fr\/wp-json\/wp\/v2\/types\/page"}],"author":[{"embeddable":true,"href":"https:\/\/cvestavayer.ch\/fr\/wp-json\/wp\/v2\/users\/1"}],"replies":[{"embeddable":true,"href":"https:\/\/cvestavayer.ch\/fr\/wp-json\/wp\/v2\/comments?post=567"}],"version-history":[{"count":1,"href":"https:\/\/cvestavayer.ch\/fr\/wp-json\/wp\/v2\/pages\/567\/revisions"}],"predecessor-version":[{"id":570,"href":"https:\/\/cvestavayer.ch\/fr\/wp-json\/wp\/v2\/pages\/567\/revisions\/570"}],"up":[{"embeddable":true,"href":"https:\/\/cvestavayer.ch\/fr\/wp-json\/wp\/v2\/pages\/541"}],"wp:attachment":[{"href":"https:\/\/cvestavayer.ch\/fr\/wp-json\/wp\/v2\/media?parent=567"}],"curies":[{"name":"wp","href":"https:\/\/api.w.org\/{rel}","templated":true}]}}