{"id":579,"date":"2020-01-28T09:28:30","date_gmt":"2020-01-28T08:28:30","guid":{"rendered":"http:\/\/cvestavayer.ch\/fr\/?page_id=579"},"modified":"2020-01-28T09:28:31","modified_gmt":"2020-01-28T08:28:31","slug":"regate-inter-ecole","status":"publish","type":"page","link":"https:\/\/cvestavayer.ch\/fr\/regates\/resultats-2014\/regate-inter-ecole\/","title":{"rendered":"R\u00e9gate inter-\u00e9cole"},"content":{"rendered":"\n<figure class=\"wp-block-image size-large\"><img loading=\"lazy\" decoding=\"async\" width=\"560\" height=\"372\" src=\"http:\/\/cvestavayer.ch\/wp-content\/uploads\/2020\/01\/REGATE_2014_inter_ecole.jpg\" alt=\"\" class=\"wp-image-580\" srcset=\"https:\/\/cvestavayer.ch\/wp-content\/uploads\/2020\/01\/REGATE_2014_inter_ecole.jpg 560w, https:\/\/cvestavayer.ch\/wp-content\/uploads\/2020\/01\/REGATE_2014_inter_ecole-300x199.jpg 300w\" sizes=\"auto, (max-width: 560px) 100vw, 560px\" \/><\/figure>\n\n\n\n<p>La 7\u00e8me \u00e9dition de la R\u00e9gate Inter-Ecoles s&rsquo;est une fois de plus  d\u00e9roul\u00e9e dans la joie et la bonne humeur mais cette ann\u00e9e, nous avons  profit\u00e9 en plus d\u2019une parfaite petite brise et d\u2019un soleil g\u00e9n\u00e9reux.<\/p>\n\n\n\n<p>Durant le weekend du 31 mai et 1er juin, 8 \u00e9quipes se sont mesur\u00e9es entre elles au travers de plusieurs disciplines: r\u00e9gate, beach volley, slack line, p\u00e9tanque et karaok\u00e9.<\/p>\n\n\n\n<p>Au terme de ce   weekend, la coupe de la RIE revient une nouvelle fois \u00e0 l\u2019\u00e9quipe valaisanne de la \u00abBad Amicale\u00bb !<\/p>\n\n\n\n<p>Le   reste du classement ci-dessous. <\/p>\n\n\n\n<figure class=\"wp-block-table\"><table class=\"\"><tbody><tr><td> <strong>Rang<\/strong> <\/td><td> <strong>Equipe<\/strong> <\/td><td> <strong>Skipper<\/strong> <\/td><\/tr><tr><td>1<\/td><td>Bad Amicale <\/td><td>Fr\u00e9d\u00e9ric Simond <\/td><\/tr><tr><td>2<\/td><td>Les Castafiores (Club de voile EPFL) <\/td><td>Laurent Alter <\/td><\/tr><tr><td>3<\/td><td>Viikinki Potilaat (EPFL) <\/td><td>Val\u00e9rie Reinhard <\/td><\/tr><tr><td>4<\/td><td>Sturm &amp; Drang (Unibern) <\/td><td>Daniel Ernst <\/td><\/tr><tr><td>5<\/td><td>High Voltage (Club de voile EPFL) <\/td><td>Felix Oberle <\/td><\/tr><tr><td>6<\/td><td>La Vel (UNIL) <\/td><td>Damien Pilloud <\/td><\/tr><tr><td>7<\/td><td>B\u00fcmpliz Nord Dream Team (ETH) <\/td><td>Rebecca Gugerli <\/td><\/tr><tr><td>8<\/td><td>ESS Grimentz-Zinal <\/td><td>Charlotte D\u00e9n\u00e9rvaud <\/td><\/tr><\/tbody><\/table><\/figure>\n","protected":false},"excerpt":{"rendered":"<p>La 7\u00e8me \u00e9dition de la R\u00e9gate Inter-Ecoles s&rsquo;est une fois de plus d\u00e9roul\u00e9e dans la joie et la bonne humeur mais cette ann\u00e9e, nous avons profit\u00e9 en plus d\u2019une parfaite <a class=\"more-link\" href=\"https:\/\/cvestavayer.ch\/fr\/regates\/resultats-2014\/regate-inter-ecole\/\">Continuer la lecture &rarr;<\/a><\/p>\n","protected":false},"author":1,"featured_media":0,"parent":571,"menu_order":3,"comment_status":"closed","ping_status":"closed","template":"","meta":{"_monsterinsights_skip_tracking":false,"_monsterinsights_sitenote_active":false,"_monsterinsights_sitenote_note":"","_monsterinsights_sitenote_category":0,"_EventAllDay":false,"_EventTimezone":"","_EventStartDate":"","_EventEndDate":"","_EventStartDateUTC":"","_EventEndDateUTC":"","_EventShowMap":false,"_EventShowMapLink":false,"_EventURL":"","_EventCost":"","_EventCostDescription":"","_EventCurrencySymbol":"","_EventCurrencyCode":"","_EventCurrencyPosition":"","_EventDateTimeSeparator":"","_EventTimeRangeSeparator":"","_EventOrganizerID":[],"_EventVenueID":[],"_OrganizerEmail":"","_OrganizerPhone":"","_OrganizerWebsite":"","_VenueAddress":"","_VenueCity":"","_VenueCountry":"","_VenueProvince":"","_VenueState":"","_VenueZip":"","_VenuePhone":"","_VenueURL":"","_VenueStateProvince":"","_VenueLat":"","_VenueLng":"","_VenueShowMap":false,"_VenueShowMapLink":false,"footnotes":""},"class_list":["post-579","page","type-page","status-publish","hentry"],"yoast_head":"<!-- This site is optimized with the Yoast SEO plugin v27.6 - https:\/\/yoast.com\/product\/yoast-seo-wordpress\/ -->\n<title>R\u00e9gate inter-\u00e9cole - Cercle de la Voile d&#039;Estavayer<\/title>\n<meta name=\"robots\" content=\"index, follow, max-snippet:-1, max-image-preview:large, max-video-preview:-1\" \/>\n<link rel=\"canonical\" href=\"https:\/\/cvestavayer.ch\/fr\/regates\/resultats-2014\/regate-inter-ecole\/\" \/>\n<meta property=\"og:locale\" content=\"fr_FR\" \/>\n<meta property=\"og:type\" content=\"article\" \/>\n<meta property=\"og:title\" content=\"R\u00e9gate inter-\u00e9cole - Cercle de la Voile d&#039;Estavayer\" \/>\n<meta property=\"og:description\" content=\"La 7\u00e8me \u00e9dition de la R\u00e9gate Inter-Ecoles s&rsquo;est une fois de plus d\u00e9roul\u00e9e dans la joie et la bonne humeur mais cette ann\u00e9e, nous avons profit\u00e9 en plus d\u2019une parfaite Continuer la lecture &rarr;\" \/>\n<meta property=\"og:url\" content=\"https:\/\/cvestavayer.ch\/fr\/regates\/resultats-2014\/regate-inter-ecole\/\" \/>\n<meta property=\"og:site_name\" content=\"Cercle de la Voile d&#039;Estavayer\" \/>\n<meta property=\"article:modified_time\" content=\"2020-01-28T08:28:31+00:00\" \/>\n<meta property=\"og:image\" content=\"http:\/\/cvestavayer.ch\/wp-content\/uploads\/2020\/01\/REGATE_2014_inter_ecole.jpg\" \/>\n<meta name=\"twitter:card\" content=\"summary_large_image\" \/>\n<meta name=\"twitter:label1\" content=\"Dur\u00e9e de lecture estim\u00e9e\" \/>\n\t<meta name=\"twitter:data1\" content=\"1 minute\" \/>\n<script type=\"application\/ld+json\" class=\"yoast-schema-graph\">{\"@context\":\"https:\\\/\\\/schema.org\",\"@graph\":[{\"@type\":\"WebPage\",\"@id\":\"https:\\\/\\\/cvestavayer.ch\\\/fr\\\/regates\\\/resultats-2014\\\/regate-inter-ecole\\\/\",\"url\":\"https:\\\/\\\/cvestavayer.ch\\\/fr\\\/regates\\\/resultats-2014\\\/regate-inter-ecole\\\/\",\"name\":\"R\u00e9gate inter-\u00e9cole - Cercle de la Voile d&#039;Estavayer\",\"isPartOf\":{\"@id\":\"https:\\\/\\\/cvestavayer.ch\\\/fr\\\/#website\"},\"primaryImageOfPage\":{\"@id\":\"https:\\\/\\\/cvestavayer.ch\\\/fr\\\/regates\\\/resultats-2014\\\/regate-inter-ecole\\\/#primaryimage\"},\"image\":{\"@id\":\"https:\\\/\\\/cvestavayer.ch\\\/fr\\\/regates\\\/resultats-2014\\\/regate-inter-ecole\\\/#primaryimage\"},\"thumbnailUrl\":\"http:\\\/\\\/cvestavayer.ch\\\/wp-content\\\/uploads\\\/2020\\\/01\\\/REGATE_2014_inter_ecole.jpg\",\"datePublished\":\"2020-01-28T08:28:30+00:00\",\"dateModified\":\"2020-01-28T08:28:31+00:00\",\"breadcrumb\":{\"@id\":\"https:\\\/\\\/cvestavayer.ch\\\/fr\\\/regates\\\/resultats-2014\\\/regate-inter-ecole\\\/#breadcrumb\"},\"inLanguage\":\"fr-FR\",\"potentialAction\":[{\"@type\":\"ReadAction\",\"target\":[\"https:\\\/\\\/cvestavayer.ch\\\/fr\\\/regates\\\/resultats-2014\\\/regate-inter-ecole\\\/\"]}]},{\"@type\":\"ImageObject\",\"inLanguage\":\"fr-FR\",\"@id\":\"https:\\\/\\\/cvestavayer.ch\\\/fr\\\/regates\\\/resultats-2014\\\/regate-inter-ecole\\\/#primaryimage\",\"url\":\"http:\\\/\\\/cvestavayer.ch\\\/wp-content\\\/uploads\\\/2020\\\/01\\\/REGATE_2014_inter_ecole.jpg\",\"contentUrl\":\"http:\\\/\\\/cvestavayer.ch\\\/wp-content\\\/uploads\\\/2020\\\/01\\\/REGATE_2014_inter_ecole.jpg\"},{\"@type\":\"BreadcrumbList\",\"@id\":\"https:\\\/\\\/cvestavayer.ch\\\/fr\\\/regates\\\/resultats-2014\\\/regate-inter-ecole\\\/#breadcrumb\",\"itemListElement\":[{\"@type\":\"ListItem\",\"position\":1,\"name\":\"Accueil\",\"item\":\"https:\\\/\\\/cvestavayer.ch\\\/fr\\\/\"},{\"@type\":\"ListItem\",\"position\":2,\"name\":\"R\u00e9gates\",\"item\":\"https:\\\/\\\/cvestavayer.ch\\\/fr\\\/regates\\\/\"},{\"@type\":\"ListItem\",\"position\":3,\"name\":\"R\u00e9sultats 2014\",\"item\":\"https:\\\/\\\/cvestavayer.ch\\\/fr\\\/regates\\\/resultats-2014\\\/\"},{\"@type\":\"ListItem\",\"position\":4,\"name\":\"R\u00e9gate inter-\u00e9cole\"}]},{\"@type\":\"WebSite\",\"@id\":\"https:\\\/\\\/cvestavayer.ch\\\/fr\\\/#website\",\"url\":\"https:\\\/\\\/cvestavayer.ch\\\/fr\\\/\",\"name\":\"Cercle de la Voile d&#039;Estavayer\",\"description\":\"\",\"potentialAction\":[{\"@type\":\"SearchAction\",\"target\":{\"@type\":\"EntryPoint\",\"urlTemplate\":\"https:\\\/\\\/cvestavayer.ch\\\/fr\\\/?s={search_term_string}\"},\"query-input\":{\"@type\":\"PropertyValueSpecification\",\"valueRequired\":true,\"valueName\":\"search_term_string\"}}],\"inLanguage\":\"fr-FR\"}]}<\/script>\n<!-- \/ Yoast SEO plugin. -->","yoast_head_json":{"title":"R\u00e9gate inter-\u00e9cole - Cercle de la Voile d&#039;Estavayer","robots":{"index":"index","follow":"follow","max-snippet":"max-snippet:-1","max-image-preview":"max-image-preview:large","max-video-preview":"max-video-preview:-1"},"canonical":"https:\/\/cvestavayer.ch\/fr\/regates\/resultats-2014\/regate-inter-ecole\/","og_locale":"fr_FR","og_type":"article","og_title":"R\u00e9gate inter-\u00e9cole - Cercle de la Voile d&#039;Estavayer","og_description":"La 7\u00e8me \u00e9dition de la R\u00e9gate Inter-Ecoles s&rsquo;est une fois de plus d\u00e9roul\u00e9e dans la joie et la bonne humeur mais cette ann\u00e9e, nous avons profit\u00e9 en plus d\u2019une parfaite Continuer la lecture &rarr;","og_url":"https:\/\/cvestavayer.ch\/fr\/regates\/resultats-2014\/regate-inter-ecole\/","og_site_name":"Cercle de la Voile d&#039;Estavayer","article_modified_time":"2020-01-28T08:28:31+00:00","og_image":[{"url":"http:\/\/cvestavayer.ch\/wp-content\/uploads\/2020\/01\/REGATE_2014_inter_ecole.jpg","type":"","width":"","height":""}],"twitter_card":"summary_large_image","twitter_misc":{"Dur\u00e9e de lecture estim\u00e9e":"1 minute"},"schema":{"@context":"https:\/\/schema.org","@graph":[{"@type":"WebPage","@id":"https:\/\/cvestavayer.ch\/fr\/regates\/resultats-2014\/regate-inter-ecole\/","url":"https:\/\/cvestavayer.ch\/fr\/regates\/resultats-2014\/regate-inter-ecole\/","name":"R\u00e9gate inter-\u00e9cole - Cercle de la Voile d&#039;Estavayer","isPartOf":{"@id":"https:\/\/cvestavayer.ch\/fr\/#website"},"primaryImageOfPage":{"@id":"https:\/\/cvestavayer.ch\/fr\/regates\/resultats-2014\/regate-inter-ecole\/#primaryimage"},"image":{"@id":"https:\/\/cvestavayer.ch\/fr\/regates\/resultats-2014\/regate-inter-ecole\/#primaryimage"},"thumbnailUrl":"http:\/\/cvestavayer.ch\/wp-content\/uploads\/2020\/01\/REGATE_2014_inter_ecole.jpg","datePublished":"2020-01-28T08:28:30+00:00","dateModified":"2020-01-28T08:28:31+00:00","breadcrumb":{"@id":"https:\/\/cvestavayer.ch\/fr\/regates\/resultats-2014\/regate-inter-ecole\/#breadcrumb"},"inLanguage":"fr-FR","potentialAction":[{"@type":"ReadAction","target":["https:\/\/cvestavayer.ch\/fr\/regates\/resultats-2014\/regate-inter-ecole\/"]}]},{"@type":"ImageObject","inLanguage":"fr-FR","@id":"https:\/\/cvestavayer.ch\/fr\/regates\/resultats-2014\/regate-inter-ecole\/#primaryimage","url":"http:\/\/cvestavayer.ch\/wp-content\/uploads\/2020\/01\/REGATE_2014_inter_ecole.jpg","contentUrl":"http:\/\/cvestavayer.ch\/wp-content\/uploads\/2020\/01\/REGATE_2014_inter_ecole.jpg"},{"@type":"BreadcrumbList","@id":"https:\/\/cvestavayer.ch\/fr\/regates\/resultats-2014\/regate-inter-ecole\/#breadcrumb","itemListElement":[{"@type":"ListItem","position":1,"name":"Accueil","item":"https:\/\/cvestavayer.ch\/fr\/"},{"@type":"ListItem","position":2,"name":"R\u00e9gates","item":"https:\/\/cvestavayer.ch\/fr\/regates\/"},{"@type":"ListItem","position":3,"name":"R\u00e9sultats 2014","item":"https:\/\/cvestavayer.ch\/fr\/regates\/resultats-2014\/"},{"@type":"ListItem","position":4,"name":"R\u00e9gate inter-\u00e9cole"}]},{"@type":"WebSite","@id":"https:\/\/cvestavayer.ch\/fr\/#website","url":"https:\/\/cvestavayer.ch\/fr\/","name":"Cercle de la Voile d&#039;Estavayer","description":"","potentialAction":[{"@type":"SearchAction","target":{"@type":"EntryPoint","urlTemplate":"https:\/\/cvestavayer.ch\/fr\/?s={search_term_string}"},"query-input":{"@type":"PropertyValueSpecification","valueRequired":true,"valueName":"search_term_string"}}],"inLanguage":"fr-FR"}]}},"_links":{"self":[{"href":"https:\/\/cvestavayer.ch\/fr\/wp-json\/wp\/v2\/pages\/579","targetHints":{"allow":["GET"]}}],"collection":[{"href":"https:\/\/cvestavayer.ch\/fr\/wp-json\/wp\/v2\/pages"}],"about":[{"href":"https:\/\/cvestavayer.ch\/fr\/wp-json\/wp\/v2\/types\/page"}],"author":[{"embeddable":true,"href":"https:\/\/cvestavayer.ch\/fr\/wp-json\/wp\/v2\/users\/1"}],"replies":[{"embeddable":true,"href":"https:\/\/cvestavayer.ch\/fr\/wp-json\/wp\/v2\/comments?post=579"}],"version-history":[{"count":1,"href":"https:\/\/cvestavayer.ch\/fr\/wp-json\/wp\/v2\/pages\/579\/revisions"}],"predecessor-version":[{"id":581,"href":"https:\/\/cvestavayer.ch\/fr\/wp-json\/wp\/v2\/pages\/579\/revisions\/581"}],"up":[{"embeddable":true,"href":"https:\/\/cvestavayer.ch\/fr\/wp-json\/wp\/v2\/pages\/571"}],"wp:attachment":[{"href":"https:\/\/cvestavayer.ch\/fr\/wp-json\/wp\/v2\/media?parent=579"}],"curies":[{"name":"wp","href":"https:\/\/api.w.org\/{rel}","templated":true}]}}