{"id":648,"date":"2020-01-28T10:44:20","date_gmt":"2020-01-28T09:44:20","guid":{"rendered":"http:\/\/cvestavayer.ch\/fr\/?page_id=648"},"modified":"2020-01-28T10:44:20","modified_gmt":"2020-01-28T09:44:20","slug":"regate-des-veterans","status":"publish","type":"page","link":"https:\/\/cvestavayer.ch\/fr\/regates\/resultats-2011\/regate-des-veterans\/","title":{"rendered":"R\u00e9gate des V\u00e9t\u00e9rans"},"content":{"rendered":"\n<p>\n\n\t\t\n\t\n\t\n\tLa r\u00e9gate des v\u00e9t\u00e9rans regroupa pour la premi\u00e8re \nfois autant de dames que d\u2019hommes, soit 7 et 7, avec quelques \u00ab intrus \u00bb\n cordialement les bienvenus du club d\u2019aviron voisin. La premi\u00e8re manche \ns\u2019est d\u00e9roul\u00e9e en Optimist pour les dames et en Catamaran \u00e0 4 pour les \nmessieurs. Mais Eole n\u2019ayant pas \u00e9t\u00e9 de la partie, et les tricheurs \npr\u00eats \u00e0 tout pour atteindre la bou\u00e9e au vent ou la lign\u00e9e d\u2019arriv\u00e9e en \npremier, les organisateurs ont pris la d\u00e9cision d&rsquo;annuler ce premier \nclassement.<br><\/p>\n\n\n\n<p>La deuxi\u00e8me \u00e9tape, beaucoup plus \nfun et surtout beaucoup plus de circonstance vu la flaque d\u2019huile, s\u2019est\n d\u00e9roul\u00e9e en \u00ab&nbsp;surf-skiff&nbsp;\u00bb, une sorte d\u2019appareillage d\u2019aviron, fix\u00e9 sur\n une planche \u00e0 voile. A tour de r\u00f4le, les concurrents ont d\u00fb effectuer \nun parcours aller retour chronom\u00e9tr\u00e9 d\u2019environ 300 m\u00e8tres, avec un \ndemi-tour \u00e0 mi-parcours. Les planches normalement insubmersibles selon \nnos coachs, ont malheureusement v\u00e9cu quelques avaries. Entre ceux qui \nsont tomb\u00e9s et qui n\u2019ont jamais r\u00e9ussi \u00e0 remonter (N\u2019est-ce pas Henri&nbsp;?)\n ou ceux qui ont \u00e9t\u00e9 sauvagement sabord\u00e9s comme Antoine, les rires \n\u00e9taient au rendez-vous. Jeunes et moins jeunes se sont pris pour de \nvrais enfants. Et f\u00e9licitations \u00e0 certaines et certains pour leur toute premi\u00e8re participation et exp\u00e9rience humoristique dans la vie du CVE. <br>\n<\/p>\n\n\n\n<p>Un  grand merci \u00e0 Andr\u00e9 Rossier et son team du Club d\u2019aviron d\u2019Estavayer  pour nous avoir mis gracieusement \u00e0 disposition les surf-skiffs, et pour  nous avoir initi\u00e9s \u00e0 ce sport des plus sympathiques. Pour sceller  l\u2019amiti\u00e9 des 2 clubs, une plante grimpante leur a \u00e9t\u00e9 offerte, qui  devrait prochainement \u00eatre plant\u00e9e devant leur module, \u00e0 2 pas du port.<\/p>\n\n\n\n<h4 class=\"wp-block-heading\">R\u00e9gate des dames<\/h4>\n\n\n\n<ol class=\"wp-block-list\"><li>Anne<\/li><li>Monique<\/li><li>Sonia<\/li><li>Dominique<\/li><li>Monika<\/li><li>Marcela<\/li><li>Begonia<\/li><\/ol>\n\n\n\n<h4 class=\"wp-block-heading\">R\u00e9gate des messieurs<\/h4>\n\n\n\n<ol class=\"wp-block-list\"><li>Christophe<\/li><li> Mich&rsquo;<\/li><li> Lo\u00efc (mini-v\u00e9t\u00e9ran)<\/li><li> Jean-Fran\u00e7ois<\/li><li> Werner<\/li><li> Ren\u00e9<\/li><li> Henri<\/li><\/ol>\n","protected":false},"excerpt":{"rendered":"<p>La r\u00e9gate des v\u00e9t\u00e9rans regroupa pour la premi\u00e8re fois autant de dames que d\u2019hommes, soit 7 et 7, avec quelques \u00ab intrus \u00bb cordialement les bienvenus du club d\u2019aviron voisin. <a class=\"more-link\" href=\"https:\/\/cvestavayer.ch\/fr\/regates\/resultats-2011\/regate-des-veterans\/\">Continuer la lecture &rarr;<\/a><\/p>\n","protected":false},"author":1,"featured_media":0,"parent":631,"menu_order":5,"comment_status":"closed","ping_status":"closed","template":"","meta":{"_monsterinsights_skip_tracking":false,"_monsterinsights_sitenote_active":false,"_monsterinsights_sitenote_note":"","_monsterinsights_sitenote_category":0,"_EventAllDay":false,"_EventTimezone":"","_EventStartDate":"","_EventEndDate":"","_EventStartDateUTC":"","_EventEndDateUTC":"","_EventShowMap":false,"_EventShowMapLink":false,"_EventURL":"","_EventCost":"","_EventCostDescription":"","_EventCurrencySymbol":"","_EventCurrencyCode":"","_EventCurrencyPosition":"","_EventDateTimeSeparator":"","_EventTimeRangeSeparator":"","_EventOrganizerID":[],"_EventVenueID":[],"_OrganizerEmail":"","_OrganizerPhone":"","_OrganizerWebsite":"","_VenueAddress":"","_VenueCity":"","_VenueCountry":"","_VenueProvince":"","_VenueState":"","_VenueZip":"","_VenuePhone":"","_VenueURL":"","_VenueStateProvince":"","_VenueLat":"","_VenueLng":"","_VenueShowMap":false,"_VenueShowMapLink":false,"footnotes":""},"class_list":["post-648","page","type-page","status-publish","hentry"],"yoast_head":"<!-- This site is optimized with the Yoast SEO plugin v27.6 - https:\/\/yoast.com\/product\/yoast-seo-wordpress\/ -->\n<title>R\u00e9gate des V\u00e9t\u00e9rans - Cercle de la Voile d&#039;Estavayer<\/title>\n<meta name=\"robots\" content=\"index, follow, max-snippet:-1, max-image-preview:large, max-video-preview:-1\" \/>\n<link rel=\"canonical\" href=\"https:\/\/cvestavayer.ch\/fr\/regates\/resultats-2011\/regate-des-veterans\/\" \/>\n<meta property=\"og:locale\" content=\"fr_FR\" \/>\n<meta property=\"og:type\" content=\"article\" \/>\n<meta property=\"og:title\" content=\"R\u00e9gate des V\u00e9t\u00e9rans - Cercle de la Voile d&#039;Estavayer\" \/>\n<meta property=\"og:description\" content=\"La r\u00e9gate des v\u00e9t\u00e9rans regroupa pour la premi\u00e8re fois autant de dames que d\u2019hommes, soit 7 et 7, avec quelques \u00ab intrus \u00bb cordialement les bienvenus du club d\u2019aviron voisin. Continuer la lecture &rarr;\" \/>\n<meta property=\"og:url\" content=\"https:\/\/cvestavayer.ch\/fr\/regates\/resultats-2011\/regate-des-veterans\/\" \/>\n<meta property=\"og:site_name\" content=\"Cercle de la Voile d&#039;Estavayer\" \/>\n<meta name=\"twitter:card\" content=\"summary_large_image\" \/>\n<meta name=\"twitter:label1\" content=\"Dur\u00e9e de lecture estim\u00e9e\" \/>\n\t<meta name=\"twitter:data1\" content=\"2 minutes\" \/>\n<script type=\"application\/ld+json\" class=\"yoast-schema-graph\">{\"@context\":\"https:\\\/\\\/schema.org\",\"@graph\":[{\"@type\":\"WebPage\",\"@id\":\"https:\\\/\\\/cvestavayer.ch\\\/fr\\\/regates\\\/resultats-2011\\\/regate-des-veterans\\\/\",\"url\":\"https:\\\/\\\/cvestavayer.ch\\\/fr\\\/regates\\\/resultats-2011\\\/regate-des-veterans\\\/\",\"name\":\"R\u00e9gate des V\u00e9t\u00e9rans - Cercle de la Voile d&#039;Estavayer\",\"isPartOf\":{\"@id\":\"https:\\\/\\\/cvestavayer.ch\\\/fr\\\/#website\"},\"datePublished\":\"2020-01-28T09:44:20+00:00\",\"breadcrumb\":{\"@id\":\"https:\\\/\\\/cvestavayer.ch\\\/fr\\\/regates\\\/resultats-2011\\\/regate-des-veterans\\\/#breadcrumb\"},\"inLanguage\":\"fr-FR\",\"potentialAction\":[{\"@type\":\"ReadAction\",\"target\":[\"https:\\\/\\\/cvestavayer.ch\\\/fr\\\/regates\\\/resultats-2011\\\/regate-des-veterans\\\/\"]}]},{\"@type\":\"BreadcrumbList\",\"@id\":\"https:\\\/\\\/cvestavayer.ch\\\/fr\\\/regates\\\/resultats-2011\\\/regate-des-veterans\\\/#breadcrumb\",\"itemListElement\":[{\"@type\":\"ListItem\",\"position\":1,\"name\":\"Accueil\",\"item\":\"https:\\\/\\\/cvestavayer.ch\\\/fr\\\/\"},{\"@type\":\"ListItem\",\"position\":2,\"name\":\"R\u00e9gates\",\"item\":\"https:\\\/\\\/cvestavayer.ch\\\/fr\\\/regates\\\/\"},{\"@type\":\"ListItem\",\"position\":3,\"name\":\"R\u00e9sultats 2011\",\"item\":\"https:\\\/\\\/cvestavayer.ch\\\/fr\\\/regates\\\/resultats-2011\\\/\"},{\"@type\":\"ListItem\",\"position\":4,\"name\":\"R\u00e9gate des V\u00e9t\u00e9rans\"}]},{\"@type\":\"WebSite\",\"@id\":\"https:\\\/\\\/cvestavayer.ch\\\/fr\\\/#website\",\"url\":\"https:\\\/\\\/cvestavayer.ch\\\/fr\\\/\",\"name\":\"Cercle de la Voile d&#039;Estavayer\",\"description\":\"\",\"potentialAction\":[{\"@type\":\"SearchAction\",\"target\":{\"@type\":\"EntryPoint\",\"urlTemplate\":\"https:\\\/\\\/cvestavayer.ch\\\/fr\\\/?s={search_term_string}\"},\"query-input\":{\"@type\":\"PropertyValueSpecification\",\"valueRequired\":true,\"valueName\":\"search_term_string\"}}],\"inLanguage\":\"fr-FR\"}]}<\/script>\n<!-- \/ Yoast SEO plugin. -->","yoast_head_json":{"title":"R\u00e9gate des V\u00e9t\u00e9rans - Cercle de la Voile d&#039;Estavayer","robots":{"index":"index","follow":"follow","max-snippet":"max-snippet:-1","max-image-preview":"max-image-preview:large","max-video-preview":"max-video-preview:-1"},"canonical":"https:\/\/cvestavayer.ch\/fr\/regates\/resultats-2011\/regate-des-veterans\/","og_locale":"fr_FR","og_type":"article","og_title":"R\u00e9gate des V\u00e9t\u00e9rans - Cercle de la Voile d&#039;Estavayer","og_description":"La r\u00e9gate des v\u00e9t\u00e9rans regroupa pour la premi\u00e8re fois autant de dames que d\u2019hommes, soit 7 et 7, avec quelques \u00ab intrus \u00bb cordialement les bienvenus du club d\u2019aviron voisin. Continuer la lecture &rarr;","og_url":"https:\/\/cvestavayer.ch\/fr\/regates\/resultats-2011\/regate-des-veterans\/","og_site_name":"Cercle de la Voile d&#039;Estavayer","twitter_card":"summary_large_image","twitter_misc":{"Dur\u00e9e de lecture estim\u00e9e":"2 minutes"},"schema":{"@context":"https:\/\/schema.org","@graph":[{"@type":"WebPage","@id":"https:\/\/cvestavayer.ch\/fr\/regates\/resultats-2011\/regate-des-veterans\/","url":"https:\/\/cvestavayer.ch\/fr\/regates\/resultats-2011\/regate-des-veterans\/","name":"R\u00e9gate des V\u00e9t\u00e9rans - Cercle de la Voile d&#039;Estavayer","isPartOf":{"@id":"https:\/\/cvestavayer.ch\/fr\/#website"},"datePublished":"2020-01-28T09:44:20+00:00","breadcrumb":{"@id":"https:\/\/cvestavayer.ch\/fr\/regates\/resultats-2011\/regate-des-veterans\/#breadcrumb"},"inLanguage":"fr-FR","potentialAction":[{"@type":"ReadAction","target":["https:\/\/cvestavayer.ch\/fr\/regates\/resultats-2011\/regate-des-veterans\/"]}]},{"@type":"BreadcrumbList","@id":"https:\/\/cvestavayer.ch\/fr\/regates\/resultats-2011\/regate-des-veterans\/#breadcrumb","itemListElement":[{"@type":"ListItem","position":1,"name":"Accueil","item":"https:\/\/cvestavayer.ch\/fr\/"},{"@type":"ListItem","position":2,"name":"R\u00e9gates","item":"https:\/\/cvestavayer.ch\/fr\/regates\/"},{"@type":"ListItem","position":3,"name":"R\u00e9sultats 2011","item":"https:\/\/cvestavayer.ch\/fr\/regates\/resultats-2011\/"},{"@type":"ListItem","position":4,"name":"R\u00e9gate des V\u00e9t\u00e9rans"}]},{"@type":"WebSite","@id":"https:\/\/cvestavayer.ch\/fr\/#website","url":"https:\/\/cvestavayer.ch\/fr\/","name":"Cercle de la Voile d&#039;Estavayer","description":"","potentialAction":[{"@type":"SearchAction","target":{"@type":"EntryPoint","urlTemplate":"https:\/\/cvestavayer.ch\/fr\/?s={search_term_string}"},"query-input":{"@type":"PropertyValueSpecification","valueRequired":true,"valueName":"search_term_string"}}],"inLanguage":"fr-FR"}]}},"_links":{"self":[{"href":"https:\/\/cvestavayer.ch\/fr\/wp-json\/wp\/v2\/pages\/648","targetHints":{"allow":["GET"]}}],"collection":[{"href":"https:\/\/cvestavayer.ch\/fr\/wp-json\/wp\/v2\/pages"}],"about":[{"href":"https:\/\/cvestavayer.ch\/fr\/wp-json\/wp\/v2\/types\/page"}],"author":[{"embeddable":true,"href":"https:\/\/cvestavayer.ch\/fr\/wp-json\/wp\/v2\/users\/1"}],"replies":[{"embeddable":true,"href":"https:\/\/cvestavayer.ch\/fr\/wp-json\/wp\/v2\/comments?post=648"}],"version-history":[{"count":1,"href":"https:\/\/cvestavayer.ch\/fr\/wp-json\/wp\/v2\/pages\/648\/revisions"}],"predecessor-version":[{"id":649,"href":"https:\/\/cvestavayer.ch\/fr\/wp-json\/wp\/v2\/pages\/648\/revisions\/649"}],"up":[{"embeddable":true,"href":"https:\/\/cvestavayer.ch\/fr\/wp-json\/wp\/v2\/pages\/631"}],"wp:attachment":[{"href":"https:\/\/cvestavayer.ch\/fr\/wp-json\/wp\/v2\/media?parent=648"}],"curies":[{"name":"wp","href":"https:\/\/api.w.org\/{rel}","templated":true}]}}