{"id":679,"date":"2020-01-28T11:11:43","date_gmt":"2020-01-28T10:11:43","guid":{"rendered":"http:\/\/cvestavayer.ch\/fr\/?page_id=679"},"modified":"2020-01-28T11:11:43","modified_gmt":"2020-01-28T10:11:43","slug":"regate-des-veterans","status":"publish","type":"page","link":"https:\/\/cvestavayer.ch\/fr\/regates\/resultats-2010\/regate-des-veterans\/","title":{"rendered":"R\u00e9gate des v\u00e9t\u00e9rans"},"content":{"rendered":"\n<h4 class=\"wp-block-heading\">1\u00e8re manche <\/h4>\n\n\n\n<p>Chaque concurrent a eu  quelques minutes pour r\u00e9aliser un noeud aussi original que possible. Les  hommes ont \u00e0 disposition 1 m\u00e8tre de corde de couleur rouge et les dames 1 m\u00e8tre de corde de couleur jaune. <\/p>\n\n\n\n<p>Ne manquez pas de jeter un oeil\u00a0 au tableau des noeuds \u00e0 votre prochain passage au port ! <\/p>\n\n\n\n<h4 class=\"wp-block-heading\">2\u00e8me manche <\/h4>\n\n\n\n<p>A vos marques&#8230; pr\u00eats&#8230; partez ! Les  concurrents, par \u00e9quipe de 2, se sont \u00e9lanc\u00e9s depuis la rampe de mise \u00e0  l&rsquo;eau, quelques m\u00e8tres \u00e0 la rame jusqu&rsquo;\u00e0 la bou\u00e9e de gr\u00e9ement, puis  passage devant la grue pour prendre un verre (\u00e0 ne pas vider), puis  course contre la montre dans le chenal principal du port (une vraie  course d&rsquo;obstacle entre les bateaux visiteurs&#8230;) puis retour sur la  rampe de lancement, et contr\u00f4le du niveau du liquide dans le verre.<br>Oufff que d&rsquo;efforts&#8230;. !<\/p>\n\n\n\n<h4 class=\"wp-block-heading\">3\u00e8me manche <\/h4>\n\n\n\n<p>Comme \u00e0 la tradition, les femmes naviguent en  solitaire en Optimist et les hommes en duo sur Laser. Cependant, m\u00eame si  des r\u00e8gles sont clairement d\u00e9finies, il n&rsquo;est pas rare de voir la donne  changer durant la r\u00e9gate&#8230; des rames apparaissent, des passagers  clandestins prennent place \u00e0 bord, les \u00e9copes remplacent le vent&#8230;. du  pur bonheur \u00e0 les voir jouer comme des enfants ! <\/p>\n\n\n\n<h4 class=\"wp-block-heading\"><strong>Classement des Dames<\/strong><\/h4>\n\n\n\n<ol class=\"wp-block-list\"><li>Anne Doser (mais elle a trich\u00e9 selon Sonia !)<\/li><li> Sonia Veluzat<\/li><li> Monique P\u00e9risset<\/li><li> Dominique \u00ab\u00a0Wirth\u00a0\u00bb<\/li><li> Chantal Brugger<\/li><li> Sourya \u00ab\u00a0Brugger\u00a0\u00bb<\/li><\/ol>\n\n\n\n<h4 class=\"wp-block-heading\"><strong>Classement des Hommes<\/strong><\/h4>\n\n\n\n<ol class=\"wp-block-list\"><li>Olivier Chablais et Thierry Girard<\/li><li>Pierre-Alain Brugger et Christophe Schneuwly<\/li><li>Manuel Chablais et J\u00fcrg Doser<\/li><li>Sacha Wirth et Pierre-Alain Bossy<\/li><li>Henri Dessier et Christophe Wirth<\/li><\/ol>\n","protected":false},"excerpt":{"rendered":"<p>1\u00e8re manche Chaque concurrent a eu quelques minutes pour r\u00e9aliser un noeud aussi original que possible. Les hommes ont \u00e0 disposition 1 m\u00e8tre de corde de couleur rouge et les <a class=\"more-link\" href=\"https:\/\/cvestavayer.ch\/fr\/regates\/resultats-2010\/regate-des-veterans\/\">Continuer la lecture &rarr;<\/a><\/p>\n","protected":false},"author":1,"featured_media":0,"parent":666,"menu_order":5,"comment_status":"closed","ping_status":"closed","template":"","meta":{"_monsterinsights_skip_tracking":false,"_monsterinsights_sitenote_active":false,"_monsterinsights_sitenote_note":"","_monsterinsights_sitenote_category":0,"_EventAllDay":false,"_EventTimezone":"","_EventStartDate":"","_EventEndDate":"","_EventStartDateUTC":"","_EventEndDateUTC":"","_EventShowMap":false,"_EventShowMapLink":false,"_EventURL":"","_EventCost":"","_EventCostDescription":"","_EventCurrencySymbol":"","_EventCurrencyCode":"","_EventCurrencyPosition":"","_EventDateTimeSeparator":"","_EventTimeRangeSeparator":"","_EventOrganizerID":[],"_EventVenueID":[],"_OrganizerEmail":"","_OrganizerPhone":"","_OrganizerWebsite":"","_VenueAddress":"","_VenueCity":"","_VenueCountry":"","_VenueProvince":"","_VenueState":"","_VenueZip":"","_VenuePhone":"","_VenueURL":"","_VenueStateProvince":"","_VenueLat":"","_VenueLng":"","_VenueShowMap":false,"_VenueShowMapLink":false,"footnotes":""},"class_list":["post-679","page","type-page","status-publish","hentry"],"yoast_head":"<!-- This site is optimized with the Yoast SEO plugin v27.5 - https:\/\/yoast.com\/product\/yoast-seo-wordpress\/ -->\n<title>R\u00e9gate des v\u00e9t\u00e9rans - Cercle de la Voile d&#039;Estavayer<\/title>\n<meta name=\"robots\" content=\"index, follow, max-snippet:-1, max-image-preview:large, max-video-preview:-1\" \/>\n<link rel=\"canonical\" href=\"https:\/\/cvestavayer.ch\/fr\/regates\/resultats-2010\/regate-des-veterans\/\" \/>\n<meta property=\"og:locale\" content=\"fr_FR\" \/>\n<meta property=\"og:type\" content=\"article\" \/>\n<meta property=\"og:title\" content=\"R\u00e9gate des v\u00e9t\u00e9rans - Cercle de la Voile d&#039;Estavayer\" \/>\n<meta property=\"og:description\" content=\"1\u00e8re manche Chaque concurrent a eu quelques minutes pour r\u00e9aliser un noeud aussi original que possible. Les hommes ont \u00e0 disposition 1 m\u00e8tre de corde de couleur rouge et les Continuer la lecture &rarr;\" \/>\n<meta property=\"og:url\" content=\"https:\/\/cvestavayer.ch\/fr\/regates\/resultats-2010\/regate-des-veterans\/\" \/>\n<meta property=\"og:site_name\" content=\"Cercle de la Voile d&#039;Estavayer\" \/>\n<meta name=\"twitter:card\" content=\"summary_large_image\" \/>\n<meta name=\"twitter:label1\" content=\"Dur\u00e9e de lecture estim\u00e9e\" \/>\n\t<meta name=\"twitter:data1\" content=\"1 minute\" \/>\n<script type=\"application\/ld+json\" class=\"yoast-schema-graph\">{\"@context\":\"https:\\\/\\\/schema.org\",\"@graph\":[{\"@type\":\"WebPage\",\"@id\":\"https:\\\/\\\/cvestavayer.ch\\\/fr\\\/regates\\\/resultats-2010\\\/regate-des-veterans\\\/\",\"url\":\"https:\\\/\\\/cvestavayer.ch\\\/fr\\\/regates\\\/resultats-2010\\\/regate-des-veterans\\\/\",\"name\":\"R\u00e9gate des v\u00e9t\u00e9rans - Cercle de la Voile d&#039;Estavayer\",\"isPartOf\":{\"@id\":\"https:\\\/\\\/cvestavayer.ch\\\/fr\\\/#website\"},\"datePublished\":\"2020-01-28T10:11:43+00:00\",\"breadcrumb\":{\"@id\":\"https:\\\/\\\/cvestavayer.ch\\\/fr\\\/regates\\\/resultats-2010\\\/regate-des-veterans\\\/#breadcrumb\"},\"inLanguage\":\"fr-FR\",\"potentialAction\":[{\"@type\":\"ReadAction\",\"target\":[\"https:\\\/\\\/cvestavayer.ch\\\/fr\\\/regates\\\/resultats-2010\\\/regate-des-veterans\\\/\"]}]},{\"@type\":\"BreadcrumbList\",\"@id\":\"https:\\\/\\\/cvestavayer.ch\\\/fr\\\/regates\\\/resultats-2010\\\/regate-des-veterans\\\/#breadcrumb\",\"itemListElement\":[{\"@type\":\"ListItem\",\"position\":1,\"name\":\"Accueil\",\"item\":\"https:\\\/\\\/cvestavayer.ch\\\/fr\\\/\"},{\"@type\":\"ListItem\",\"position\":2,\"name\":\"R\u00e9gates\",\"item\":\"https:\\\/\\\/cvestavayer.ch\\\/fr\\\/regates\\\/\"},{\"@type\":\"ListItem\",\"position\":3,\"name\":\"R\u00e9sultats 2010\",\"item\":\"https:\\\/\\\/cvestavayer.ch\\\/fr\\\/regates\\\/resultats-2010\\\/\"},{\"@type\":\"ListItem\",\"position\":4,\"name\":\"R\u00e9gate des v\u00e9t\u00e9rans\"}]},{\"@type\":\"WebSite\",\"@id\":\"https:\\\/\\\/cvestavayer.ch\\\/fr\\\/#website\",\"url\":\"https:\\\/\\\/cvestavayer.ch\\\/fr\\\/\",\"name\":\"Cercle de la Voile d&#039;Estavayer\",\"description\":\"\",\"potentialAction\":[{\"@type\":\"SearchAction\",\"target\":{\"@type\":\"EntryPoint\",\"urlTemplate\":\"https:\\\/\\\/cvestavayer.ch\\\/fr\\\/?s={search_term_string}\"},\"query-input\":{\"@type\":\"PropertyValueSpecification\",\"valueRequired\":true,\"valueName\":\"search_term_string\"}}],\"inLanguage\":\"fr-FR\"}]}<\/script>\n<!-- \/ Yoast SEO plugin. -->","yoast_head_json":{"title":"R\u00e9gate des v\u00e9t\u00e9rans - Cercle de la Voile d&#039;Estavayer","robots":{"index":"index","follow":"follow","max-snippet":"max-snippet:-1","max-image-preview":"max-image-preview:large","max-video-preview":"max-video-preview:-1"},"canonical":"https:\/\/cvestavayer.ch\/fr\/regates\/resultats-2010\/regate-des-veterans\/","og_locale":"fr_FR","og_type":"article","og_title":"R\u00e9gate des v\u00e9t\u00e9rans - Cercle de la Voile d&#039;Estavayer","og_description":"1\u00e8re manche Chaque concurrent a eu quelques minutes pour r\u00e9aliser un noeud aussi original que possible. Les hommes ont \u00e0 disposition 1 m\u00e8tre de corde de couleur rouge et les Continuer la lecture &rarr;","og_url":"https:\/\/cvestavayer.ch\/fr\/regates\/resultats-2010\/regate-des-veterans\/","og_site_name":"Cercle de la Voile d&#039;Estavayer","twitter_card":"summary_large_image","twitter_misc":{"Dur\u00e9e de lecture estim\u00e9e":"1 minute"},"schema":{"@context":"https:\/\/schema.org","@graph":[{"@type":"WebPage","@id":"https:\/\/cvestavayer.ch\/fr\/regates\/resultats-2010\/regate-des-veterans\/","url":"https:\/\/cvestavayer.ch\/fr\/regates\/resultats-2010\/regate-des-veterans\/","name":"R\u00e9gate des v\u00e9t\u00e9rans - Cercle de la Voile d&#039;Estavayer","isPartOf":{"@id":"https:\/\/cvestavayer.ch\/fr\/#website"},"datePublished":"2020-01-28T10:11:43+00:00","breadcrumb":{"@id":"https:\/\/cvestavayer.ch\/fr\/regates\/resultats-2010\/regate-des-veterans\/#breadcrumb"},"inLanguage":"fr-FR","potentialAction":[{"@type":"ReadAction","target":["https:\/\/cvestavayer.ch\/fr\/regates\/resultats-2010\/regate-des-veterans\/"]}]},{"@type":"BreadcrumbList","@id":"https:\/\/cvestavayer.ch\/fr\/regates\/resultats-2010\/regate-des-veterans\/#breadcrumb","itemListElement":[{"@type":"ListItem","position":1,"name":"Accueil","item":"https:\/\/cvestavayer.ch\/fr\/"},{"@type":"ListItem","position":2,"name":"R\u00e9gates","item":"https:\/\/cvestavayer.ch\/fr\/regates\/"},{"@type":"ListItem","position":3,"name":"R\u00e9sultats 2010","item":"https:\/\/cvestavayer.ch\/fr\/regates\/resultats-2010\/"},{"@type":"ListItem","position":4,"name":"R\u00e9gate des v\u00e9t\u00e9rans"}]},{"@type":"WebSite","@id":"https:\/\/cvestavayer.ch\/fr\/#website","url":"https:\/\/cvestavayer.ch\/fr\/","name":"Cercle de la Voile d&#039;Estavayer","description":"","potentialAction":[{"@type":"SearchAction","target":{"@type":"EntryPoint","urlTemplate":"https:\/\/cvestavayer.ch\/fr\/?s={search_term_string}"},"query-input":{"@type":"PropertyValueSpecification","valueRequired":true,"valueName":"search_term_string"}}],"inLanguage":"fr-FR"}]}},"_links":{"self":[{"href":"https:\/\/cvestavayer.ch\/fr\/wp-json\/wp\/v2\/pages\/679","targetHints":{"allow":["GET"]}}],"collection":[{"href":"https:\/\/cvestavayer.ch\/fr\/wp-json\/wp\/v2\/pages"}],"about":[{"href":"https:\/\/cvestavayer.ch\/fr\/wp-json\/wp\/v2\/types\/page"}],"author":[{"embeddable":true,"href":"https:\/\/cvestavayer.ch\/fr\/wp-json\/wp\/v2\/users\/1"}],"replies":[{"embeddable":true,"href":"https:\/\/cvestavayer.ch\/fr\/wp-json\/wp\/v2\/comments?post=679"}],"version-history":[{"count":1,"href":"https:\/\/cvestavayer.ch\/fr\/wp-json\/wp\/v2\/pages\/679\/revisions"}],"predecessor-version":[{"id":680,"href":"https:\/\/cvestavayer.ch\/fr\/wp-json\/wp\/v2\/pages\/679\/revisions\/680"}],"up":[{"embeddable":true,"href":"https:\/\/cvestavayer.ch\/fr\/wp-json\/wp\/v2\/pages\/666"}],"wp:attachment":[{"href":"https:\/\/cvestavayer.ch\/fr\/wp-json\/wp\/v2\/media?parent=679"}],"curies":[{"name":"wp","href":"https:\/\/api.w.org\/{rel}","templated":true}]}}