{"id":684,"date":"2020-01-28T11:14:01","date_gmt":"2020-01-28T10:14:01","guid":{"rendered":"http:\/\/cvestavayer.ch\/fr\/?page_id=684"},"modified":"2020-01-28T11:14:01","modified_gmt":"2020-01-28T10:14:01","slug":"regate-c3l","status":"publish","type":"page","link":"https:\/\/cvestavayer.ch\/fr\/regates\/resultats-2010\/regate-c3l\/","title":{"rendered":"R\u00e9gate C3L"},"content":{"rendered":"\n<p> R\u00e9sultats des <a href=\"https:\/\/cvestavayer.ch\/fr\/regate_2010_clas_opti\/\" target=\"_blank\" rel=\"noreferrer noopener\" aria-label=\" (s\u2019ouvre dans un nouvel onglet)\">Optimist <\/a><br> <br> R\u00e9sultats des <a href=\"https:\/\/cvestavayer.ch\/fr\/regate_2010_clas_laser_4-7\/\" target=\"_blank\" rel=\"noreferrer noopener\" aria-label=\" (s\u2019ouvre dans un nouvel onglet)\">Laser 4.7 <\/a><br> <br> R\u00e9sultats des <a rel=\"noreferrer noopener\" target=\"_blank\" href=\"http:\/\/www.cvestavayer.ch\/data\/htmleditor\/file\/3CL\/2010\/Clas_Laser_Radial.pdf\">Laser Radial<\/a> <\/p>\n","protected":false},"excerpt":{"rendered":"<p>R\u00e9sultats des Optimist R\u00e9sultats des Laser 4.7 R\u00e9sultats des Laser Radial<\/p>\n","protected":false},"author":1,"featured_media":0,"parent":666,"menu_order":6,"comment_status":"closed","ping_status":"closed","template":"","meta":{"_monsterinsights_skip_tracking":false,"_monsterinsights_sitenote_active":false,"_monsterinsights_sitenote_note":"","_monsterinsights_sitenote_category":0,"_EventAllDay":false,"_EventTimezone":"","_EventStartDate":"","_EventEndDate":"","_EventStartDateUTC":"","_EventEndDateUTC":"","_EventShowMap":false,"_EventShowMapLink":false,"_EventURL":"","_EventCost":"","_EventCostDescription":"","_EventCurrencySymbol":"","_EventCurrencyCode":"","_EventCurrencyPosition":"","_EventDateTimeSeparator":"","_EventTimeRangeSeparator":"","_EventOrganizerID":[],"_EventVenueID":[],"_OrganizerEmail":"","_OrganizerPhone":"","_OrganizerWebsite":"","_VenueAddress":"","_VenueCity":"","_VenueCountry":"","_VenueProvince":"","_VenueState":"","_VenueZip":"","_VenuePhone":"","_VenueURL":"","_VenueStateProvince":"","_VenueLat":"","_VenueLng":"","_VenueShowMap":false,"_VenueShowMapLink":false,"footnotes":""},"class_list":["post-684","page","type-page","status-publish","hentry"],"yoast_head":"<!-- This site is optimized with the Yoast SEO plugin v27.4 - https:\/\/yoast.com\/product\/yoast-seo-wordpress\/ -->\n<title>R\u00e9gate C3L - Cercle de la Voile d&#039;Estavayer<\/title>\n<meta name=\"robots\" content=\"index, follow, max-snippet:-1, max-image-preview:large, max-video-preview:-1\" \/>\n<link rel=\"canonical\" href=\"https:\/\/cvestavayer.ch\/fr\/regates\/resultats-2010\/regate-c3l\/\" \/>\n<meta property=\"og:locale\" content=\"fr_FR\" \/>\n<meta property=\"og:type\" content=\"article\" \/>\n<meta property=\"og:title\" content=\"R\u00e9gate C3L - Cercle de la Voile d&#039;Estavayer\" \/>\n<meta property=\"og:description\" content=\"R\u00e9sultats des Optimist R\u00e9sultats des Laser 4.7 R\u00e9sultats des Laser Radial\" \/>\n<meta property=\"og:url\" content=\"https:\/\/cvestavayer.ch\/fr\/regates\/resultats-2010\/regate-c3l\/\" \/>\n<meta property=\"og:site_name\" content=\"Cercle de la Voile d&#039;Estavayer\" \/>\n<meta name=\"twitter:card\" content=\"summary_large_image\" \/>\n<script type=\"application\/ld+json\" class=\"yoast-schema-graph\">{\"@context\":\"https:\\\/\\\/schema.org\",\"@graph\":[{\"@type\":\"WebPage\",\"@id\":\"https:\\\/\\\/cvestavayer.ch\\\/fr\\\/regates\\\/resultats-2010\\\/regate-c3l\\\/\",\"url\":\"https:\\\/\\\/cvestavayer.ch\\\/fr\\\/regates\\\/resultats-2010\\\/regate-c3l\\\/\",\"name\":\"R\u00e9gate C3L - Cercle de la Voile d&#039;Estavayer\",\"isPartOf\":{\"@id\":\"https:\\\/\\\/cvestavayer.ch\\\/fr\\\/#website\"},\"datePublished\":\"2020-01-28T10:14:01+00:00\",\"breadcrumb\":{\"@id\":\"https:\\\/\\\/cvestavayer.ch\\\/fr\\\/regates\\\/resultats-2010\\\/regate-c3l\\\/#breadcrumb\"},\"inLanguage\":\"fr-FR\",\"potentialAction\":[{\"@type\":\"ReadAction\",\"target\":[\"https:\\\/\\\/cvestavayer.ch\\\/fr\\\/regates\\\/resultats-2010\\\/regate-c3l\\\/\"]}]},{\"@type\":\"BreadcrumbList\",\"@id\":\"https:\\\/\\\/cvestavayer.ch\\\/fr\\\/regates\\\/resultats-2010\\\/regate-c3l\\\/#breadcrumb\",\"itemListElement\":[{\"@type\":\"ListItem\",\"position\":1,\"name\":\"Accueil\",\"item\":\"https:\\\/\\\/cvestavayer.ch\\\/fr\\\/\"},{\"@type\":\"ListItem\",\"position\":2,\"name\":\"R\u00e9gates\",\"item\":\"https:\\\/\\\/cvestavayer.ch\\\/fr\\\/regates\\\/\"},{\"@type\":\"ListItem\",\"position\":3,\"name\":\"R\u00e9sultats 2010\",\"item\":\"https:\\\/\\\/cvestavayer.ch\\\/fr\\\/regates\\\/resultats-2010\\\/\"},{\"@type\":\"ListItem\",\"position\":4,\"name\":\"R\u00e9gate C3L\"}]},{\"@type\":\"WebSite\",\"@id\":\"https:\\\/\\\/cvestavayer.ch\\\/fr\\\/#website\",\"url\":\"https:\\\/\\\/cvestavayer.ch\\\/fr\\\/\",\"name\":\"Cercle de la Voile d&#039;Estavayer\",\"description\":\"\",\"potentialAction\":[{\"@type\":\"SearchAction\",\"target\":{\"@type\":\"EntryPoint\",\"urlTemplate\":\"https:\\\/\\\/cvestavayer.ch\\\/fr\\\/?s={search_term_string}\"},\"query-input\":{\"@type\":\"PropertyValueSpecification\",\"valueRequired\":true,\"valueName\":\"search_term_string\"}}],\"inLanguage\":\"fr-FR\"}]}<\/script>\n<!-- \/ Yoast SEO plugin. -->","yoast_head_json":{"title":"R\u00e9gate C3L - Cercle de la Voile d&#039;Estavayer","robots":{"index":"index","follow":"follow","max-snippet":"max-snippet:-1","max-image-preview":"max-image-preview:large","max-video-preview":"max-video-preview:-1"},"canonical":"https:\/\/cvestavayer.ch\/fr\/regates\/resultats-2010\/regate-c3l\/","og_locale":"fr_FR","og_type":"article","og_title":"R\u00e9gate C3L - Cercle de la Voile d&#039;Estavayer","og_description":"R\u00e9sultats des Optimist R\u00e9sultats des Laser 4.7 R\u00e9sultats des Laser Radial","og_url":"https:\/\/cvestavayer.ch\/fr\/regates\/resultats-2010\/regate-c3l\/","og_site_name":"Cercle de la Voile d&#039;Estavayer","twitter_card":"summary_large_image","schema":{"@context":"https:\/\/schema.org","@graph":[{"@type":"WebPage","@id":"https:\/\/cvestavayer.ch\/fr\/regates\/resultats-2010\/regate-c3l\/","url":"https:\/\/cvestavayer.ch\/fr\/regates\/resultats-2010\/regate-c3l\/","name":"R\u00e9gate C3L - Cercle de la Voile d&#039;Estavayer","isPartOf":{"@id":"https:\/\/cvestavayer.ch\/fr\/#website"},"datePublished":"2020-01-28T10:14:01+00:00","breadcrumb":{"@id":"https:\/\/cvestavayer.ch\/fr\/regates\/resultats-2010\/regate-c3l\/#breadcrumb"},"inLanguage":"fr-FR","potentialAction":[{"@type":"ReadAction","target":["https:\/\/cvestavayer.ch\/fr\/regates\/resultats-2010\/regate-c3l\/"]}]},{"@type":"BreadcrumbList","@id":"https:\/\/cvestavayer.ch\/fr\/regates\/resultats-2010\/regate-c3l\/#breadcrumb","itemListElement":[{"@type":"ListItem","position":1,"name":"Accueil","item":"https:\/\/cvestavayer.ch\/fr\/"},{"@type":"ListItem","position":2,"name":"R\u00e9gates","item":"https:\/\/cvestavayer.ch\/fr\/regates\/"},{"@type":"ListItem","position":3,"name":"R\u00e9sultats 2010","item":"https:\/\/cvestavayer.ch\/fr\/regates\/resultats-2010\/"},{"@type":"ListItem","position":4,"name":"R\u00e9gate C3L"}]},{"@type":"WebSite","@id":"https:\/\/cvestavayer.ch\/fr\/#website","url":"https:\/\/cvestavayer.ch\/fr\/","name":"Cercle de la Voile d&#039;Estavayer","description":"","potentialAction":[{"@type":"SearchAction","target":{"@type":"EntryPoint","urlTemplate":"https:\/\/cvestavayer.ch\/fr\/?s={search_term_string}"},"query-input":{"@type":"PropertyValueSpecification","valueRequired":true,"valueName":"search_term_string"}}],"inLanguage":"fr-FR"}]}},"_links":{"self":[{"href":"https:\/\/cvestavayer.ch\/fr\/wp-json\/wp\/v2\/pages\/684","targetHints":{"allow":["GET"]}}],"collection":[{"href":"https:\/\/cvestavayer.ch\/fr\/wp-json\/wp\/v2\/pages"}],"about":[{"href":"https:\/\/cvestavayer.ch\/fr\/wp-json\/wp\/v2\/types\/page"}],"author":[{"embeddable":true,"href":"https:\/\/cvestavayer.ch\/fr\/wp-json\/wp\/v2\/users\/1"}],"replies":[{"embeddable":true,"href":"https:\/\/cvestavayer.ch\/fr\/wp-json\/wp\/v2\/comments?post=684"}],"version-history":[{"count":1,"href":"https:\/\/cvestavayer.ch\/fr\/wp-json\/wp\/v2\/pages\/684\/revisions"}],"predecessor-version":[{"id":685,"href":"https:\/\/cvestavayer.ch\/fr\/wp-json\/wp\/v2\/pages\/684\/revisions\/685"}],"up":[{"embeddable":true,"href":"https:\/\/cvestavayer.ch\/fr\/wp-json\/wp\/v2\/pages\/666"}],"wp:attachment":[{"href":"https:\/\/cvestavayer.ch\/fr\/wp-json\/wp\/v2\/media?parent=684"}],"curies":[{"name":"wp","href":"https:\/\/api.w.org\/{rel}","templated":true}]}}