{"id":717,"date":"2020-01-29T08:45:23","date_gmt":"2020-01-29T07:45:23","guid":{"rendered":"http:\/\/cvestavayer.ch\/fr\/?page_id=717"},"modified":"2020-01-29T08:45:24","modified_gmt":"2020-01-29T07:45:24","slug":"regate-de-cloture","status":"publish","type":"page","link":"https:\/\/cvestavayer.ch\/fr\/regates\/resultats-2009\/regate-de-cloture\/","title":{"rendered":"R\u00e9gate de Cl\u00f4ture"},"content":{"rendered":"\n<h4 class=\"wp-block-heading\"><strong>Monocoques :<\/strong><\/h4>\n\n\n\n<ol class=\"wp-block-list\"><li><strong>C\u00e9sar Sandoz &#8211; Alarrache (Dolphin 81) <\/strong><\/li><li><strong>David Dober &#8211; &#8230;moi non plus (Surprise) <\/strong><\/li><li><strong>Fortunat Dillier &#8211; Cocon (Proto) <\/strong><\/li><li>Daniel Glaus &#8211; Auckland (Joker) <\/li><li>Thierry Bosshart &#8211; Va-nu-pied (First Class 12) <\/li><li>Thierry Girard &#8211; Toubab (Joker) <\/li><li>Ren\u00e9 Sill &#8211; (Aphrodite 101) <\/li><li>Sacha Wirth &#8211; Diavolo (Dolphin 81) <\/li><li>Alain Pilloud &#8211; Chatgaga (First 22) <\/li><li>Jacques Simonet &#8211; Banjo (Jeannaud 32.2) <\/li><li>Margot Sandoz &#8211; D\u00e9ferlante (Joker) <\/li><li>Christoph Jutzi &#8211; Yobe1 (Surprise) <\/li><li>Antoine Charaudeau &#8211; Le bleu (Joker) <\/li><li>Peter Beck &#8211; Umkhumbi (Corsaire) <\/li><li>Ruedi Benkert &#8211; Heron of Rhode Island (Pearson Vanguard) <\/li><li>Laurent Chablais &#8211; Saint-Laurent (Joker)\u00a0 <\/li><li>Julien Sandoz (Laser EPS) <\/li><li>Franklin Linder &#8211; Elliotine (Elliott 770) <\/li><li>Jean-Fran\u00e7ois Reinhard &#8211; Nomade (Nomade)\u00a0 <\/li><li>SUI63 <\/li><li>Perrottet <\/li><\/ol>\n\n\n\n<h4 class=\"wp-block-heading\"><strong>Multicoques :<\/strong><\/h4>\n\n\n\n<ol class=\"wp-block-list\"><li>Klaus Hofer &#8211; Pulso (M20) <\/li><li>Igor Croiset &#8211; Wind Tiger (Trimaran) <\/li><\/ol>\n","protected":false},"excerpt":{"rendered":"<p>Monocoques : C\u00e9sar Sandoz &#8211; Alarrache (Dolphin 81) David Dober &#8211; &#8230;moi non plus (Surprise) Fortunat Dillier &#8211; Cocon (Proto) Daniel Glaus &#8211; Auckland (Joker) Thierry Bosshart &#8211; Va-nu-pied (First <a class=\"more-link\" href=\"https:\/\/cvestavayer.ch\/fr\/regates\/resultats-2009\/regate-de-cloture\/\">Continuer la lecture &rarr;<\/a><\/p>\n","protected":false},"author":1,"featured_media":0,"parent":691,"menu_order":7,"comment_status":"closed","ping_status":"closed","template":"","meta":{"_monsterinsights_skip_tracking":false,"_monsterinsights_sitenote_active":false,"_monsterinsights_sitenote_note":"","_monsterinsights_sitenote_category":0,"_EventAllDay":false,"_EventTimezone":"","_EventStartDate":"","_EventEndDate":"","_EventStartDateUTC":"","_EventEndDateUTC":"","_EventShowMap":false,"_EventShowMapLink":false,"_EventURL":"","_EventCost":"","_EventCostDescription":"","_EventCurrencySymbol":"","_EventCurrencyCode":"","_EventCurrencyPosition":"","_EventDateTimeSeparator":"","_EventTimeRangeSeparator":"","_EventOrganizerID":[],"_EventVenueID":[],"_OrganizerEmail":"","_OrganizerPhone":"","_OrganizerWebsite":"","_VenueAddress":"","_VenueCity":"","_VenueCountry":"","_VenueProvince":"","_VenueState":"","_VenueZip":"","_VenuePhone":"","_VenueURL":"","_VenueStateProvince":"","_VenueLat":"","_VenueLng":"","_VenueShowMap":false,"_VenueShowMapLink":false,"footnotes":""},"class_list":["post-717","page","type-page","status-publish","hentry"],"yoast_head":"<!-- This site is optimized with the Yoast SEO plugin v27.6 - https:\/\/yoast.com\/product\/yoast-seo-wordpress\/ -->\n<title>R\u00e9gate de Cl\u00f4ture - Cercle de la Voile d&#039;Estavayer<\/title>\n<meta name=\"robots\" content=\"index, follow, max-snippet:-1, max-image-preview:large, max-video-preview:-1\" \/>\n<link rel=\"canonical\" href=\"https:\/\/cvestavayer.ch\/fr\/regates\/resultats-2009\/regate-de-cloture\/\" \/>\n<meta property=\"og:locale\" content=\"fr_FR\" \/>\n<meta property=\"og:type\" content=\"article\" \/>\n<meta property=\"og:title\" content=\"R\u00e9gate de Cl\u00f4ture - Cercle de la Voile d&#039;Estavayer\" \/>\n<meta property=\"og:description\" content=\"Monocoques : C\u00e9sar Sandoz &#8211; Alarrache (Dolphin 81) David Dober &#8211; &#8230;moi non plus (Surprise) Fortunat Dillier &#8211; Cocon (Proto) Daniel Glaus &#8211; Auckland (Joker) Thierry Bosshart &#8211; Va-nu-pied (First Continuer la lecture &rarr;\" \/>\n<meta property=\"og:url\" content=\"https:\/\/cvestavayer.ch\/fr\/regates\/resultats-2009\/regate-de-cloture\/\" \/>\n<meta property=\"og:site_name\" content=\"Cercle de la Voile d&#039;Estavayer\" \/>\n<meta property=\"article:modified_time\" content=\"2020-01-29T07:45:24+00:00\" \/>\n<meta name=\"twitter:card\" content=\"summary_large_image\" \/>\n<meta name=\"twitter:label1\" content=\"Dur\u00e9e de lecture estim\u00e9e\" \/>\n\t<meta name=\"twitter:data1\" content=\"1 minute\" \/>\n<script type=\"application\/ld+json\" class=\"yoast-schema-graph\">{\"@context\":\"https:\\\/\\\/schema.org\",\"@graph\":[{\"@type\":\"WebPage\",\"@id\":\"https:\\\/\\\/cvestavayer.ch\\\/fr\\\/regates\\\/resultats-2009\\\/regate-de-cloture\\\/\",\"url\":\"https:\\\/\\\/cvestavayer.ch\\\/fr\\\/regates\\\/resultats-2009\\\/regate-de-cloture\\\/\",\"name\":\"R\u00e9gate de Cl\u00f4ture - Cercle de la Voile d&#039;Estavayer\",\"isPartOf\":{\"@id\":\"https:\\\/\\\/cvestavayer.ch\\\/fr\\\/#website\"},\"datePublished\":\"2020-01-29T07:45:23+00:00\",\"dateModified\":\"2020-01-29T07:45:24+00:00\",\"breadcrumb\":{\"@id\":\"https:\\\/\\\/cvestavayer.ch\\\/fr\\\/regates\\\/resultats-2009\\\/regate-de-cloture\\\/#breadcrumb\"},\"inLanguage\":\"fr-FR\",\"potentialAction\":[{\"@type\":\"ReadAction\",\"target\":[\"https:\\\/\\\/cvestavayer.ch\\\/fr\\\/regates\\\/resultats-2009\\\/regate-de-cloture\\\/\"]}]},{\"@type\":\"BreadcrumbList\",\"@id\":\"https:\\\/\\\/cvestavayer.ch\\\/fr\\\/regates\\\/resultats-2009\\\/regate-de-cloture\\\/#breadcrumb\",\"itemListElement\":[{\"@type\":\"ListItem\",\"position\":1,\"name\":\"Accueil\",\"item\":\"https:\\\/\\\/cvestavayer.ch\\\/fr\\\/\"},{\"@type\":\"ListItem\",\"position\":2,\"name\":\"R\u00e9gates\",\"item\":\"https:\\\/\\\/cvestavayer.ch\\\/fr\\\/regates\\\/\"},{\"@type\":\"ListItem\",\"position\":3,\"name\":\"R\u00e9sultats 2009\",\"item\":\"https:\\\/\\\/cvestavayer.ch\\\/fr\\\/regates\\\/resultats-2009\\\/\"},{\"@type\":\"ListItem\",\"position\":4,\"name\":\"R\u00e9gate de Cl\u00f4ture\"}]},{\"@type\":\"WebSite\",\"@id\":\"https:\\\/\\\/cvestavayer.ch\\\/fr\\\/#website\",\"url\":\"https:\\\/\\\/cvestavayer.ch\\\/fr\\\/\",\"name\":\"Cercle de la Voile d&#039;Estavayer\",\"description\":\"\",\"potentialAction\":[{\"@type\":\"SearchAction\",\"target\":{\"@type\":\"EntryPoint\",\"urlTemplate\":\"https:\\\/\\\/cvestavayer.ch\\\/fr\\\/?s={search_term_string}\"},\"query-input\":{\"@type\":\"PropertyValueSpecification\",\"valueRequired\":true,\"valueName\":\"search_term_string\"}}],\"inLanguage\":\"fr-FR\"}]}<\/script>\n<!-- \/ Yoast SEO plugin. -->","yoast_head_json":{"title":"R\u00e9gate de Cl\u00f4ture - Cercle de la Voile d&#039;Estavayer","robots":{"index":"index","follow":"follow","max-snippet":"max-snippet:-1","max-image-preview":"max-image-preview:large","max-video-preview":"max-video-preview:-1"},"canonical":"https:\/\/cvestavayer.ch\/fr\/regates\/resultats-2009\/regate-de-cloture\/","og_locale":"fr_FR","og_type":"article","og_title":"R\u00e9gate de Cl\u00f4ture - Cercle de la Voile d&#039;Estavayer","og_description":"Monocoques : C\u00e9sar Sandoz &#8211; Alarrache (Dolphin 81) David Dober &#8211; &#8230;moi non plus (Surprise) Fortunat Dillier &#8211; Cocon (Proto) Daniel Glaus &#8211; Auckland (Joker) Thierry Bosshart &#8211; Va-nu-pied (First Continuer la lecture &rarr;","og_url":"https:\/\/cvestavayer.ch\/fr\/regates\/resultats-2009\/regate-de-cloture\/","og_site_name":"Cercle de la Voile d&#039;Estavayer","article_modified_time":"2020-01-29T07:45:24+00:00","twitter_card":"summary_large_image","twitter_misc":{"Dur\u00e9e de lecture estim\u00e9e":"1 minute"},"schema":{"@context":"https:\/\/schema.org","@graph":[{"@type":"WebPage","@id":"https:\/\/cvestavayer.ch\/fr\/regates\/resultats-2009\/regate-de-cloture\/","url":"https:\/\/cvestavayer.ch\/fr\/regates\/resultats-2009\/regate-de-cloture\/","name":"R\u00e9gate de Cl\u00f4ture - Cercle de la Voile d&#039;Estavayer","isPartOf":{"@id":"https:\/\/cvestavayer.ch\/fr\/#website"},"datePublished":"2020-01-29T07:45:23+00:00","dateModified":"2020-01-29T07:45:24+00:00","breadcrumb":{"@id":"https:\/\/cvestavayer.ch\/fr\/regates\/resultats-2009\/regate-de-cloture\/#breadcrumb"},"inLanguage":"fr-FR","potentialAction":[{"@type":"ReadAction","target":["https:\/\/cvestavayer.ch\/fr\/regates\/resultats-2009\/regate-de-cloture\/"]}]},{"@type":"BreadcrumbList","@id":"https:\/\/cvestavayer.ch\/fr\/regates\/resultats-2009\/regate-de-cloture\/#breadcrumb","itemListElement":[{"@type":"ListItem","position":1,"name":"Accueil","item":"https:\/\/cvestavayer.ch\/fr\/"},{"@type":"ListItem","position":2,"name":"R\u00e9gates","item":"https:\/\/cvestavayer.ch\/fr\/regates\/"},{"@type":"ListItem","position":3,"name":"R\u00e9sultats 2009","item":"https:\/\/cvestavayer.ch\/fr\/regates\/resultats-2009\/"},{"@type":"ListItem","position":4,"name":"R\u00e9gate de Cl\u00f4ture"}]},{"@type":"WebSite","@id":"https:\/\/cvestavayer.ch\/fr\/#website","url":"https:\/\/cvestavayer.ch\/fr\/","name":"Cercle de la Voile d&#039;Estavayer","description":"","potentialAction":[{"@type":"SearchAction","target":{"@type":"EntryPoint","urlTemplate":"https:\/\/cvestavayer.ch\/fr\/?s={search_term_string}"},"query-input":{"@type":"PropertyValueSpecification","valueRequired":true,"valueName":"search_term_string"}}],"inLanguage":"fr-FR"}]}},"_links":{"self":[{"href":"https:\/\/cvestavayer.ch\/fr\/wp-json\/wp\/v2\/pages\/717","targetHints":{"allow":["GET"]}}],"collection":[{"href":"https:\/\/cvestavayer.ch\/fr\/wp-json\/wp\/v2\/pages"}],"about":[{"href":"https:\/\/cvestavayer.ch\/fr\/wp-json\/wp\/v2\/types\/page"}],"author":[{"embeddable":true,"href":"https:\/\/cvestavayer.ch\/fr\/wp-json\/wp\/v2\/users\/1"}],"replies":[{"embeddable":true,"href":"https:\/\/cvestavayer.ch\/fr\/wp-json\/wp\/v2\/comments?post=717"}],"version-history":[{"count":1,"href":"https:\/\/cvestavayer.ch\/fr\/wp-json\/wp\/v2\/pages\/717\/revisions"}],"predecessor-version":[{"id":718,"href":"https:\/\/cvestavayer.ch\/fr\/wp-json\/wp\/v2\/pages\/717\/revisions\/718"}],"up":[{"embeddable":true,"href":"https:\/\/cvestavayer.ch\/fr\/wp-json\/wp\/v2\/pages\/691"}],"wp:attachment":[{"href":"https:\/\/cvestavayer.ch\/fr\/wp-json\/wp\/v2\/media?parent=717"}],"curies":[{"name":"wp","href":"https:\/\/api.w.org\/{rel}","templated":true}]}}