{"id":734,"date":"2020-01-29T08:57:27","date_gmt":"2020-01-29T07:57:27","guid":{"rendered":"http:\/\/cvestavayer.ch\/fr\/?page_id=734"},"modified":"2020-01-29T08:57:38","modified_gmt":"2020-01-29T07:57:38","slug":"championnat-fvlj","status":"publish","type":"page","link":"https:\/\/cvestavayer.ch\/fr\/regates\/resultats-2008\/championnat-fvlj\/","title":{"rendered":"Championnat FVLJ"},"content":{"rendered":"\n<p>R\u00e9sultats des membres du CVE<\/p>\n\n\n\n<figure class=\"wp-block-table\"><table class=\"\"><tbody><tr><td><strong>Classe<\/strong>\n            <\/td><td class=\"has-text-align-left\" data-align=\"left\"><strong>Rang<\/strong>             <\/td><td class=\"has-text-align-left\" data-align=\"left\"><strong>Nom du propri\u00e9taire<\/strong>             <\/td><td><strong>Nom du bateau<\/strong>             <\/td><\/tr><tr><td>\n            L1\n            <\/td><td class=\"has-text-align-left\" data-align=\"left\">\n            1\n            <\/td><td class=\"has-text-align-left\" data-align=\"left\">Bosshart Thierry<\/td><td>Va-nu-pieds<\/td><\/tr><tr><td>&nbsp;<\/td><td class=\"has-text-align-left\" data-align=\"left\">\n            6\n            <\/td><td class=\"has-text-align-left\" data-align=\"left\">Siegfried Beat<\/td><td>Meridienne<\/td><\/tr><tr><td>\n            R1\n            <\/td><td class=\"has-text-align-left\" data-align=\"left\">\n            6\n            <\/td><td class=\"has-text-align-left\" data-align=\"left\">Sandoz Fran\u00e7ois<\/td><td>Alarrache<\/td><\/tr><tr><td>&nbsp;<\/td><td class=\"has-text-align-left\" data-align=\"left\">\n            10\n            <\/td><td class=\"has-text-align-left\" data-align=\"left\">Languetin Jean-Marc<\/td><td>Bullit<\/td><\/tr><tr><td>&nbsp;<\/td><td class=\"has-text-align-left\" data-align=\"left\">\n            22\n            <\/td><td class=\"has-text-align-left\" data-align=\"left\">Wirth Christoph<\/td><td>Ora<\/td><\/tr><tr><td>&nbsp;<\/td><td class=\"has-text-align-left\" data-align=\"left\">\n            25\n            <\/td><td class=\"has-text-align-left\" data-align=\"left\">Baur Daniel<\/td><td>Le Bleu<\/td><\/tr><tr><td>&nbsp;<\/td><td class=\"has-text-align-left\" data-align=\"left\">\n            26\n            <\/td><td class=\"has-text-align-left\" data-align=\"left\">Wirth Sacha<\/td><td>Diavolo<\/td><\/tr><tr><td>&nbsp;<\/td><td class=\"has-text-align-left\" data-align=\"left\">\n            30\n            <\/td><td class=\"has-text-align-left\" data-align=\"left\">Glaus Daniel<\/td><td>Auckland<\/td><\/tr><tr><td>\n            S1\n            <\/td><td class=\"has-text-align-left\" data-align=\"left\">\n            2\n            <\/td><td class=\"has-text-align-left\" data-align=\"left\">Bangerter Thomas<\/td><td>Henri-Lloyd<\/td><\/tr><tr><td>&nbsp;<\/td><td class=\"has-text-align-left\" data-align=\"left\">\n            17\n            <\/td><td class=\"has-text-align-left\" data-align=\"left\">Renevey Michel<\/td><td>Gratte-\u00e0-cul<\/td><\/tr><tr><td>\n            D\u00e9riveurs\n            <\/td><td class=\"has-text-align-left\" data-align=\"left\">\n            3\n            <\/td><td class=\"has-text-align-left\" data-align=\"left\">Hollenweg David<\/td><td>&nbsp;<\/td><\/tr><tr><td>\n            C3L Optimist\n            <\/td><td class=\"has-text-align-left\" data-align=\"left\">\n            7\n            <\/td><td class=\"has-text-align-left\" data-align=\"left\">Renevey Lo\u00efc<\/td><td>&nbsp;<\/td><\/tr><tr><td>&nbsp;<\/td><td class=\"has-text-align-left\" data-align=\"left\">\n            9\n            <\/td><td class=\"has-text-align-left\" data-align=\"left\">Pr\u00e9bandier No\u00e9mie<\/td><td>&nbsp;<\/td><\/tr><tr><td>&nbsp;<\/td><td class=\"has-text-align-left\" data-align=\"left\">\n            10\n            <\/td><td class=\"has-text-align-left\" data-align=\"left\">Equey Charlotte<\/td><td>&nbsp;<\/td><\/tr><tr><td>\n            C3L Laser 4.7\n            <\/td><td class=\"has-text-align-left\" data-align=\"left\">\n            1\n            <\/td><td class=\"has-text-align-left\" data-align=\"left\">Pr\u00e9bandier Christophe<\/td><td>&nbsp;<\/td><\/tr><tr><td>&nbsp;<\/td><td class=\"has-text-align-left\" data-align=\"left\">\n            7\n            <\/td><td class=\"has-text-align-left\" data-align=\"left\">Wacker Fr\u00e9d\u00e9ric<\/td><td>&nbsp;<\/td><\/tr><tr><td>&nbsp;<\/td><td class=\"has-text-align-left\" data-align=\"left\">\n            10\n            <\/td><td class=\"has-text-align-left\" data-align=\"left\">Gr\u00e4del Roman<\/td><td>&nbsp;<\/td><\/tr><\/tbody><\/table><\/figure>\n","protected":false},"excerpt":{"rendered":"<p>R\u00e9sultats des membres du CVE Classe Rang Nom du propri\u00e9taire Nom du bateau L1 1 Bosshart Thierry Va-nu-pieds &nbsp; 6 Siegfried Beat Meridienne R1 6 Sandoz Fran\u00e7ois Alarrache &nbsp; 10 <a class=\"more-link\" href=\"https:\/\/cvestavayer.ch\/fr\/regates\/resultats-2008\/championnat-fvlj\/\">Continuer la lecture &rarr;<\/a><\/p>\n","protected":false},"author":1,"featured_media":0,"parent":721,"menu_order":4,"comment_status":"closed","ping_status":"closed","template":"","meta":{"_monsterinsights_skip_tracking":false,"_monsterinsights_sitenote_active":false,"_monsterinsights_sitenote_note":"","_monsterinsights_sitenote_category":0,"_EventAllDay":false,"_EventTimezone":"","_EventStartDate":"","_EventEndDate":"","_EventStartDateUTC":"","_EventEndDateUTC":"","_EventShowMap":false,"_EventShowMapLink":false,"_EventURL":"","_EventCost":"","_EventCostDescription":"","_EventCurrencySymbol":"","_EventCurrencyCode":"","_EventCurrencyPosition":"","_EventDateTimeSeparator":"","_EventTimeRangeSeparator":"","_EventOrganizerID":[],"_EventVenueID":[],"_OrganizerEmail":"","_OrganizerPhone":"","_OrganizerWebsite":"","_VenueAddress":"","_VenueCity":"","_VenueCountry":"","_VenueProvince":"","_VenueState":"","_VenueZip":"","_VenuePhone":"","_VenueURL":"","_VenueStateProvince":"","_VenueLat":"","_VenueLng":"","_VenueShowMap":false,"_VenueShowMapLink":false,"footnotes":""},"class_list":["post-734","page","type-page","status-publish","hentry"],"yoast_head":"<!-- This site is optimized with the Yoast SEO plugin v27.6 - https:\/\/yoast.com\/product\/yoast-seo-wordpress\/ -->\n<title>Championnat FVLJ - Cercle de la Voile d&#039;Estavayer<\/title>\n<meta name=\"robots\" content=\"index, follow, max-snippet:-1, max-image-preview:large, max-video-preview:-1\" \/>\n<link rel=\"canonical\" href=\"https:\/\/cvestavayer.ch\/fr\/regates\/resultats-2008\/championnat-fvlj\/\" \/>\n<meta property=\"og:locale\" content=\"fr_FR\" \/>\n<meta property=\"og:type\" content=\"article\" \/>\n<meta property=\"og:title\" content=\"Championnat FVLJ - Cercle de la Voile d&#039;Estavayer\" \/>\n<meta property=\"og:description\" content=\"R\u00e9sultats des membres du CVE Classe Rang Nom du propri\u00e9taire Nom du bateau L1 1 Bosshart Thierry Va-nu-pieds &nbsp; 6 Siegfried Beat Meridienne R1 6 Sandoz Fran\u00e7ois Alarrache &nbsp; 10 Continuer la lecture &rarr;\" \/>\n<meta property=\"og:url\" content=\"https:\/\/cvestavayer.ch\/fr\/regates\/resultats-2008\/championnat-fvlj\/\" \/>\n<meta property=\"og:site_name\" content=\"Cercle de la Voile d&#039;Estavayer\" \/>\n<meta property=\"article:modified_time\" content=\"2020-01-29T07:57:38+00:00\" \/>\n<meta name=\"twitter:card\" content=\"summary_large_image\" \/>\n<script type=\"application\/ld+json\" class=\"yoast-schema-graph\">{\"@context\":\"https:\\\/\\\/schema.org\",\"@graph\":[{\"@type\":\"WebPage\",\"@id\":\"https:\\\/\\\/cvestavayer.ch\\\/fr\\\/regates\\\/resultats-2008\\\/championnat-fvlj\\\/\",\"url\":\"https:\\\/\\\/cvestavayer.ch\\\/fr\\\/regates\\\/resultats-2008\\\/championnat-fvlj\\\/\",\"name\":\"Championnat FVLJ - Cercle de la Voile d&#039;Estavayer\",\"isPartOf\":{\"@id\":\"https:\\\/\\\/cvestavayer.ch\\\/fr\\\/#website\"},\"datePublished\":\"2020-01-29T07:57:27+00:00\",\"dateModified\":\"2020-01-29T07:57:38+00:00\",\"breadcrumb\":{\"@id\":\"https:\\\/\\\/cvestavayer.ch\\\/fr\\\/regates\\\/resultats-2008\\\/championnat-fvlj\\\/#breadcrumb\"},\"inLanguage\":\"fr-FR\",\"potentialAction\":[{\"@type\":\"ReadAction\",\"target\":[\"https:\\\/\\\/cvestavayer.ch\\\/fr\\\/regates\\\/resultats-2008\\\/championnat-fvlj\\\/\"]}]},{\"@type\":\"BreadcrumbList\",\"@id\":\"https:\\\/\\\/cvestavayer.ch\\\/fr\\\/regates\\\/resultats-2008\\\/championnat-fvlj\\\/#breadcrumb\",\"itemListElement\":[{\"@type\":\"ListItem\",\"position\":1,\"name\":\"Accueil\",\"item\":\"https:\\\/\\\/cvestavayer.ch\\\/fr\\\/\"},{\"@type\":\"ListItem\",\"position\":2,\"name\":\"R\u00e9gates\",\"item\":\"https:\\\/\\\/cvestavayer.ch\\\/fr\\\/regates\\\/\"},{\"@type\":\"ListItem\",\"position\":3,\"name\":\"R\u00e9sultats 2008\",\"item\":\"https:\\\/\\\/cvestavayer.ch\\\/fr\\\/regates\\\/resultats-2008\\\/\"},{\"@type\":\"ListItem\",\"position\":4,\"name\":\"Championnat FVLJ\"}]},{\"@type\":\"WebSite\",\"@id\":\"https:\\\/\\\/cvestavayer.ch\\\/fr\\\/#website\",\"url\":\"https:\\\/\\\/cvestavayer.ch\\\/fr\\\/\",\"name\":\"Cercle de la Voile d&#039;Estavayer\",\"description\":\"\",\"potentialAction\":[{\"@type\":\"SearchAction\",\"target\":{\"@type\":\"EntryPoint\",\"urlTemplate\":\"https:\\\/\\\/cvestavayer.ch\\\/fr\\\/?s={search_term_string}\"},\"query-input\":{\"@type\":\"PropertyValueSpecification\",\"valueRequired\":true,\"valueName\":\"search_term_string\"}}],\"inLanguage\":\"fr-FR\"}]}<\/script>\n<!-- \/ Yoast SEO plugin. -->","yoast_head_json":{"title":"Championnat FVLJ - Cercle de la Voile d&#039;Estavayer","robots":{"index":"index","follow":"follow","max-snippet":"max-snippet:-1","max-image-preview":"max-image-preview:large","max-video-preview":"max-video-preview:-1"},"canonical":"https:\/\/cvestavayer.ch\/fr\/regates\/resultats-2008\/championnat-fvlj\/","og_locale":"fr_FR","og_type":"article","og_title":"Championnat FVLJ - Cercle de la Voile d&#039;Estavayer","og_description":"R\u00e9sultats des membres du CVE Classe Rang Nom du propri\u00e9taire Nom du bateau L1 1 Bosshart Thierry Va-nu-pieds &nbsp; 6 Siegfried Beat Meridienne R1 6 Sandoz Fran\u00e7ois Alarrache &nbsp; 10 Continuer la lecture &rarr;","og_url":"https:\/\/cvestavayer.ch\/fr\/regates\/resultats-2008\/championnat-fvlj\/","og_site_name":"Cercle de la Voile d&#039;Estavayer","article_modified_time":"2020-01-29T07:57:38+00:00","twitter_card":"summary_large_image","schema":{"@context":"https:\/\/schema.org","@graph":[{"@type":"WebPage","@id":"https:\/\/cvestavayer.ch\/fr\/regates\/resultats-2008\/championnat-fvlj\/","url":"https:\/\/cvestavayer.ch\/fr\/regates\/resultats-2008\/championnat-fvlj\/","name":"Championnat FVLJ - Cercle de la Voile d&#039;Estavayer","isPartOf":{"@id":"https:\/\/cvestavayer.ch\/fr\/#website"},"datePublished":"2020-01-29T07:57:27+00:00","dateModified":"2020-01-29T07:57:38+00:00","breadcrumb":{"@id":"https:\/\/cvestavayer.ch\/fr\/regates\/resultats-2008\/championnat-fvlj\/#breadcrumb"},"inLanguage":"fr-FR","potentialAction":[{"@type":"ReadAction","target":["https:\/\/cvestavayer.ch\/fr\/regates\/resultats-2008\/championnat-fvlj\/"]}]},{"@type":"BreadcrumbList","@id":"https:\/\/cvestavayer.ch\/fr\/regates\/resultats-2008\/championnat-fvlj\/#breadcrumb","itemListElement":[{"@type":"ListItem","position":1,"name":"Accueil","item":"https:\/\/cvestavayer.ch\/fr\/"},{"@type":"ListItem","position":2,"name":"R\u00e9gates","item":"https:\/\/cvestavayer.ch\/fr\/regates\/"},{"@type":"ListItem","position":3,"name":"R\u00e9sultats 2008","item":"https:\/\/cvestavayer.ch\/fr\/regates\/resultats-2008\/"},{"@type":"ListItem","position":4,"name":"Championnat FVLJ"}]},{"@type":"WebSite","@id":"https:\/\/cvestavayer.ch\/fr\/#website","url":"https:\/\/cvestavayer.ch\/fr\/","name":"Cercle de la Voile d&#039;Estavayer","description":"","potentialAction":[{"@type":"SearchAction","target":{"@type":"EntryPoint","urlTemplate":"https:\/\/cvestavayer.ch\/fr\/?s={search_term_string}"},"query-input":{"@type":"PropertyValueSpecification","valueRequired":true,"valueName":"search_term_string"}}],"inLanguage":"fr-FR"}]}},"_links":{"self":[{"href":"https:\/\/cvestavayer.ch\/fr\/wp-json\/wp\/v2\/pages\/734","targetHints":{"allow":["GET"]}}],"collection":[{"href":"https:\/\/cvestavayer.ch\/fr\/wp-json\/wp\/v2\/pages"}],"about":[{"href":"https:\/\/cvestavayer.ch\/fr\/wp-json\/wp\/v2\/types\/page"}],"author":[{"embeddable":true,"href":"https:\/\/cvestavayer.ch\/fr\/wp-json\/wp\/v2\/users\/1"}],"replies":[{"embeddable":true,"href":"https:\/\/cvestavayer.ch\/fr\/wp-json\/wp\/v2\/comments?post=734"}],"version-history":[{"count":1,"href":"https:\/\/cvestavayer.ch\/fr\/wp-json\/wp\/v2\/pages\/734\/revisions"}],"predecessor-version":[{"id":735,"href":"https:\/\/cvestavayer.ch\/fr\/wp-json\/wp\/v2\/pages\/734\/revisions\/735"}],"up":[{"embeddable":true,"href":"https:\/\/cvestavayer.ch\/fr\/wp-json\/wp\/v2\/pages\/721"}],"wp:attachment":[{"href":"https:\/\/cvestavayer.ch\/fr\/wp-json\/wp\/v2\/media?parent=734"}],"curies":[{"name":"wp","href":"https:\/\/api.w.org\/{rel}","templated":true}]}}