{"id":745,"date":"2020-01-29T09:14:19","date_gmt":"2020-01-29T08:14:19","guid":{"rendered":"http:\/\/cvestavayer.ch\/fr\/?page_id=745"},"modified":"2020-01-29T09:14:20","modified_gmt":"2020-01-29T08:14:20","slug":"c3l-optimist-laser-et-420","status":"publish","type":"page","link":"https:\/\/cvestavayer.ch\/fr\/regates\/resultats-2007\/c3l-optimist-laser-et-420\/","title":{"rendered":"C3L &#8211; Optimist, Laser et 420"},"content":{"rendered":"\n<h4 class=\"wp-block-heading\">Optimist<\/h4>\n\n\n\n<figure class=\"wp-block-table\"><table class=\"\"><tbody><tr><td><strong>Rangs<\/strong><\/td><td><strong>N\u00b0 voile<\/strong><\/td><td><strong>Participants<\/strong><\/td><td><strong>Clubs<\/strong><\/td><\/tr><tr><td>1<\/td><td>SUI 1453<\/td><td>De Tribolet Tha\u00efs<\/td><td>YCB<\/td><\/tr><tr><td>2<\/td><td>SUI 1369<\/td><td>Bosshard Anya<\/td><td>YCB<\/td><\/tr><tr><td>3<\/td><td>SUI 1340<\/td><td>Doswald Janik<\/td><td>YCB<\/td><\/tr><tr><td>4<\/td><td>SUI 1306<\/td><td>H\u00e4nni Luca<\/td><td>SCM<\/td><\/tr><tr><td>5<\/td><td>SUI 1275<\/td><td>Borel Olivier<\/td><td>CVN<\/td><\/tr><tr><td>6<\/td><td>SUI 1396<\/td><td>Str\u00e4ssler David<\/td><td>YCB<\/td><\/tr><tr><td>7<\/td><td>SUI 1242<\/td><td>Pr\u00e9bandier Christophe<\/td><td>CVE<\/td><\/tr><tr><td>8<\/td><td>SUI 1373<\/td><td>Fl\u00fcck Michelle<\/td><td>TYC<\/td><\/tr><tr><td>9<\/td><td>SUI 1295<\/td><td>Wyler S\u00e4mi<\/td><td>TYC<\/td><\/tr><tr><td>10<\/td><td>SUI 1399<\/td><td>Lehni Nicolas<\/td><td>TYC<\/td><\/tr><tr><td>11<\/td><td>SUI 1402<\/td><td>Geissb\u00fchler Nicolas<\/td><td>YCB<\/td><\/tr><tr><td>12<\/td><td>SUI 1400<\/td><td>Fattoini Ricardo<\/td><td>TYC<\/td><\/tr><tr><td>13<\/td><td>SUI 1314<\/td><td>De Tribolet Arlyne<\/td><td>BT<\/td><\/tr><tr><td>14<\/td><td>SUI 1208<\/td><td>Lehni Laura<\/td><td>TYC<\/td><\/tr><tr><td>15<\/td><td>SUI 1370<\/td><td>M\u00fcller Dunja<\/td><td>YCB<\/td><\/tr><tr><td>16<\/td><td>SUI 1397<\/td><td>Str\u00e4ssler Oliver<\/td><td>YCB<\/td><\/tr><tr><td>17<\/td><td>SUI 1218<\/td><td>Suter Benjamin<\/td><td>SCM<\/td><\/tr><tr><td>18<\/td><td>SUI 1246<\/td><td>Pedimina Ambroise<\/td><td>CVE<\/td><\/tr><tr><td>19<\/td><td>SUI 1300<\/td><td>Equey Charlotte<\/td><td>CVE<\/td><\/tr><tr><td>20<\/td><td>SUI 1245<\/td><td>Vuilleumier L\u00e9a<\/td><td>BT<\/td><\/tr><tr><td>21<\/td><td>SUI 1401<\/td><td>Staub Alan<\/td><td>CVN<\/td><\/tr><tr><td>22<\/td><td>SUI 1398<\/td><td>Guggisberg Mich\u00e8le<\/td><td>TYC<\/td><\/tr><tr><td>23<\/td><td>SUI 1293<\/td><td>Schwengeler Bryan<\/td><td>YCSP<\/td><\/tr><tr><td>24<\/td><td>SUI 1139<\/td><td>Ch\u00e9telat Yan<\/td><td>BT<\/td><\/tr><tr><td>25<\/td><td>SUI 1097<\/td><td>Bart Serge<\/td><td>SCM<\/td><\/tr><tr><td>26<\/td><td>SUI 9<\/td><td>Kinlan Jan<\/td><td>CVN<\/td><\/tr><tr><td>27<\/td><td>SUI 1130<\/td><td>W\u00e4lchli Lena<\/td><td>YCB<\/td><\/tr><tr><td>28<\/td><td>SUI 1352<\/td><td>Dubey Lucie<\/td><td>CTY<\/td><\/tr><tr><td>29<\/td><td>SUI 1248<\/td><td>Studer Simon<\/td><td>YCB<\/td><\/tr><tr><td>30<\/td><td>SUI 1<\/td><td>Gerber Samuel<\/td><td>CVN<\/td><\/tr><tr><td>31<\/td><td>SUI 1183<\/td><td>Kausche Maren<\/td><td>BT<\/td><\/tr><tr><td>32<\/td><td>SUI 1199<\/td><td>Pr\u00e9bandier No\u00e9mie<\/td><td>CVE<\/td><\/tr><tr><td>33<\/td><td>SUI 139<\/td><td>De Tribolet Val\u00e9rie<\/td><td>BT<\/td><\/tr><tr><td>34<\/td><td>SUI 1035<\/td><td>Renevey Lo\u00efc<\/td><td>CVE<\/td><\/tr><tr><td>35<\/td><td>SUI 118<\/td><td>Kausche Timon<\/td><td>BT<\/td><\/tr><tr><td>36<\/td><td>SUI 1028<\/td><td>D\u00fcggelin Wilhelm<\/td><td>SCM<\/td><\/tr><tr><td>37<\/td><td>SUI 952<\/td><td>Ischer F\u00e9licien<\/td><td>CNB<\/td><\/tr><tr><td>38<\/td><td>SUI 36<\/td><td>Martin Julie<\/td><td>CNTY<\/td><\/tr><tr><td>39<\/td><td>SUI 1296<\/td><td>Robert-Tissot Maxime<\/td><td>CVN<\/td><\/tr><tr><td>40<\/td><td>SUI 1260<\/td><td>Fl\u00fcck Janine<\/td><td>TYC<\/td><\/tr><tr><td>41<\/td><td>SUI 1126<\/td><td>Pittet Philippe<\/td><td>YCB<\/td><\/tr><tr><td>42<\/td><td>SUI 1031<\/td><td>Dubey Marie<\/td><td>CNTY<\/td><\/tr><tr><td>43<\/td><td>SUI 1198<\/td><td>Glaus Anna<\/td><td>CVE<\/td><\/tr><tr><td>44<\/td><td>SUI 1Pink<\/td><td>Haenssler Max<\/td><td>AVP<\/td><\/tr><tr><td>45<\/td><td>SUI 11<\/td><td>Maeder Robin<\/td><td>CNB<\/td><\/tr><tr><td>46<\/td><td>SUI 17<\/td><td>Bernard Virgil<\/td><td>CVN<\/td><\/tr><tr><td>47<\/td><td>SUI 4<\/td><td>Vaillancourt Arno<\/td><td>CNB<\/td><\/tr><tr><td>48<\/td><td>SUI 339<\/td><td>Gr\u00e4del Sacha<\/td><td>AVP<\/td><\/tr><tr><td>49<\/td><td>SUI 1107<\/td><td>Boulanger Rom\u00e9o<\/td><td>CNTY<\/td><\/tr><tr><td>49<\/td><td>SUI 1241<\/td><td>Veluzat Martin<\/td><td>CVE<\/td><\/tr><\/tbody><\/table><\/figure>\n\n\n\n<h4 class=\"wp-block-heading\">Radial<\/h4>\n\n\n\n<figure class=\"wp-block-table\"><table class=\"\"><tbody><tr><td><strong>Rangs<\/strong><\/td><td><strong>N\u00b0 voile<\/strong><\/td><td><strong>Participants<\/strong><\/td><td><strong>Clubs<\/strong><\/td><\/tr><tr><td> 1<\/td><td>SUI 122007<\/td><td>Burkhalter Yann<\/td><td>BT<\/td><\/tr><tr><td>2<\/td><td>SUI 142907<\/td><td>Kausche Lorenz<\/td><td>BT<\/td><\/tr><tr><td>3<\/td><td>SUI 165793<\/td><td>Pauchard Cl\u00e9ment<\/td><td>BT<\/td><\/tr><tr><td>4<\/td><td>SUI 84706<\/td><td>Auderset Ronald<\/td><td>CVE\/AVP<\/td><\/tr><tr><td>5<\/td><td>SUI 159664<\/td><td>Demarne Mathieu<\/td><td>CVN<\/td><\/tr><tr><td>6<\/td><td>SUI 158445<\/td><td>Guidaux S\u00e9bastien<\/td><td>CVG<\/td><\/tr><tr><td>7<\/td><td>SUI 152272<\/td><td>Chareyron Isabelle<\/td><td>MY<\/td><\/tr><tr><td>8<\/td><td>SUI 60881<\/td><td>Th\u00e9venoz Adrien<\/td><td>CNTY<\/td><\/tr><tr><td>9<\/td><td>SUI 58210<\/td><td>Gaillard Loann<\/td><td>CNTY<\/td><\/tr><tr><td>10<\/td><td>SUI 57254<\/td><td>Pellaux Simon<\/td><td>CNTY<\/td><\/tr><tr><td>11<\/td><td>SUI 121780<\/td><td>Chareyron Fran\u00e7ois<\/td><td>MY<\/td><\/tr><\/tbody><\/table><\/figure>\n\n\n\n<h4 class=\"wp-block-heading\">4.7<\/h4>\n\n\n\n<figure class=\"wp-block-table\"><table class=\"\"><tbody><tr><td><strong>Rangs<\/strong><\/td><td><strong>N\u00b0 voile<\/strong><\/td><td><strong>Participants<\/strong><\/td><td><strong>Clubs<\/strong><\/td><\/tr><tr><td>1<\/td><td>SUI 67<\/td><td>Piattini Lucas<\/td><td>CVN<\/td><\/tr><tr><td>2<\/td><td>SUI 64<\/td><td>Marc-Martin Titouan<\/td><td>CVN<\/td><\/tr><tr><td>3<\/td><td>SUI 52<\/td><td>Mauler Juliette<\/td><td>CVN<\/td><\/tr><tr><td>4<\/td><td>SUI 39<\/td><td>Burkhalter Fabienne<\/td><td>BT<\/td><\/tr><tr><td>5<\/td><td>SUI 11<\/td><td>Gr\u00e4del Roman<\/td><td>CVE<\/td><\/tr><tr><td>6<\/td><td>SUI 15<\/td><td>Robert-Tissot Beno\u00eet<\/td><td>CVN<\/td><\/tr><tr><td>7<\/td><td>SUI 881<\/td><td>Aerny Mateo<\/td><td>CNTY<\/td><\/tr><tr><td>8<\/td><td>SUI 30<\/td><td>Jeanneret Lucas<\/td><td>CVN<\/td><\/tr><tr><td>9<\/td><td>SUI 02<\/td><td>Imer Patrick<\/td><td>CVN<\/td><\/tr><tr><td>10<\/td><td>SUI 7<\/td><td>Chevalley Alays<\/td><td>MY<\/td><\/tr><tr><td>11<\/td><td>SUI 31<\/td><td>Benz M\u00e9lanie<\/td><td>CVN<\/td><\/tr><\/tbody><\/table><\/figure>\n\n\n\n<h4 class=\"wp-block-heading\">420<\/h4>\n\n\n\n<p> <strong>Bravo<\/strong> au seul \u00e9quipage 420 compos\u00e9 de R\u00e9gine Brasey et de Guillaume Grandjean ! <\/p>\n","protected":false},"excerpt":{"rendered":"<p>Optimist Rangs N\u00b0 voile Participants Clubs 1 SUI 1453 De Tribolet Tha\u00efs YCB 2 SUI 1369 Bosshard Anya YCB 3 SUI 1340 Doswald Janik YCB 4 SUI 1306 H\u00e4nni Luca <a class=\"more-link\" href=\"https:\/\/cvestavayer.ch\/fr\/regates\/resultats-2007\/c3l-optimist-laser-et-420\/\">Continuer la lecture &rarr;<\/a><\/p>\n","protected":false},"author":1,"featured_media":0,"parent":736,"menu_order":3,"comment_status":"closed","ping_status":"closed","template":"","meta":{"_monsterinsights_skip_tracking":false,"_monsterinsights_sitenote_active":false,"_monsterinsights_sitenote_note":"","_monsterinsights_sitenote_category":0,"_EventAllDay":false,"_EventTimezone":"","_EventStartDate":"","_EventEndDate":"","_EventStartDateUTC":"","_EventEndDateUTC":"","_EventShowMap":false,"_EventShowMapLink":false,"_EventURL":"","_EventCost":"","_EventCostDescription":"","_EventCurrencySymbol":"","_EventCurrencyCode":"","_EventCurrencyPosition":"","_EventDateTimeSeparator":"","_EventTimeRangeSeparator":"","_EventOrganizerID":[],"_EventVenueID":[],"_OrganizerEmail":"","_OrganizerPhone":"","_OrganizerWebsite":"","_VenueAddress":"","_VenueCity":"","_VenueCountry":"","_VenueProvince":"","_VenueState":"","_VenueZip":"","_VenuePhone":"","_VenueURL":"","_VenueStateProvince":"","_VenueLat":"","_VenueLng":"","_VenueShowMap":false,"_VenueShowMapLink":false,"footnotes":""},"class_list":["post-745","page","type-page","status-publish","hentry"],"yoast_head":"<!-- This site is optimized with the Yoast SEO plugin v27.6 - https:\/\/yoast.com\/product\/yoast-seo-wordpress\/ -->\n<title>C3L - Optimist, Laser et 420 - Cercle de la Voile d&#039;Estavayer<\/title>\n<meta name=\"robots\" content=\"index, follow, max-snippet:-1, max-image-preview:large, max-video-preview:-1\" \/>\n<link rel=\"canonical\" href=\"https:\/\/cvestavayer.ch\/fr\/regates\/resultats-2007\/c3l-optimist-laser-et-420\/\" \/>\n<meta property=\"og:locale\" content=\"fr_FR\" \/>\n<meta property=\"og:type\" content=\"article\" \/>\n<meta property=\"og:title\" content=\"C3L - Optimist, Laser et 420 - Cercle de la Voile d&#039;Estavayer\" \/>\n<meta property=\"og:description\" content=\"Optimist Rangs N\u00b0 voile Participants Clubs 1 SUI 1453 De Tribolet Tha\u00efs YCB 2 SUI 1369 Bosshard Anya YCB 3 SUI 1340 Doswald Janik YCB 4 SUI 1306 H\u00e4nni Luca Continuer la lecture &rarr;\" \/>\n<meta property=\"og:url\" content=\"https:\/\/cvestavayer.ch\/fr\/regates\/resultats-2007\/c3l-optimist-laser-et-420\/\" \/>\n<meta property=\"og:site_name\" content=\"Cercle de la Voile d&#039;Estavayer\" \/>\n<meta property=\"article:modified_time\" content=\"2020-01-29T08:14:20+00:00\" \/>\n<meta name=\"twitter:card\" content=\"summary_large_image\" \/>\n<meta name=\"twitter:label1\" content=\"Dur\u00e9e de lecture estim\u00e9e\" \/>\n\t<meta name=\"twitter:data1\" content=\"1 minute\" \/>\n<script type=\"application\/ld+json\" class=\"yoast-schema-graph\">{\"@context\":\"https:\\\/\\\/schema.org\",\"@graph\":[{\"@type\":\"WebPage\",\"@id\":\"https:\\\/\\\/cvestavayer.ch\\\/fr\\\/regates\\\/resultats-2007\\\/c3l-optimist-laser-et-420\\\/\",\"url\":\"https:\\\/\\\/cvestavayer.ch\\\/fr\\\/regates\\\/resultats-2007\\\/c3l-optimist-laser-et-420\\\/\",\"name\":\"C3L - Optimist, Laser et 420 - Cercle de la Voile d&#039;Estavayer\",\"isPartOf\":{\"@id\":\"https:\\\/\\\/cvestavayer.ch\\\/fr\\\/#website\"},\"datePublished\":\"2020-01-29T08:14:19+00:00\",\"dateModified\":\"2020-01-29T08:14:20+00:00\",\"breadcrumb\":{\"@id\":\"https:\\\/\\\/cvestavayer.ch\\\/fr\\\/regates\\\/resultats-2007\\\/c3l-optimist-laser-et-420\\\/#breadcrumb\"},\"inLanguage\":\"fr-FR\",\"potentialAction\":[{\"@type\":\"ReadAction\",\"target\":[\"https:\\\/\\\/cvestavayer.ch\\\/fr\\\/regates\\\/resultats-2007\\\/c3l-optimist-laser-et-420\\\/\"]}]},{\"@type\":\"BreadcrumbList\",\"@id\":\"https:\\\/\\\/cvestavayer.ch\\\/fr\\\/regates\\\/resultats-2007\\\/c3l-optimist-laser-et-420\\\/#breadcrumb\",\"itemListElement\":[{\"@type\":\"ListItem\",\"position\":1,\"name\":\"Accueil\",\"item\":\"https:\\\/\\\/cvestavayer.ch\\\/fr\\\/\"},{\"@type\":\"ListItem\",\"position\":2,\"name\":\"R\u00e9gates\",\"item\":\"https:\\\/\\\/cvestavayer.ch\\\/fr\\\/regates\\\/\"},{\"@type\":\"ListItem\",\"position\":3,\"name\":\"R\u00e9sultats 2007\",\"item\":\"https:\\\/\\\/cvestavayer.ch\\\/fr\\\/regates\\\/resultats-2007\\\/\"},{\"@type\":\"ListItem\",\"position\":4,\"name\":\"C3L &#8211; Optimist, Laser et 420\"}]},{\"@type\":\"WebSite\",\"@id\":\"https:\\\/\\\/cvestavayer.ch\\\/fr\\\/#website\",\"url\":\"https:\\\/\\\/cvestavayer.ch\\\/fr\\\/\",\"name\":\"Cercle de la Voile d&#039;Estavayer\",\"description\":\"\",\"potentialAction\":[{\"@type\":\"SearchAction\",\"target\":{\"@type\":\"EntryPoint\",\"urlTemplate\":\"https:\\\/\\\/cvestavayer.ch\\\/fr\\\/?s={search_term_string}\"},\"query-input\":{\"@type\":\"PropertyValueSpecification\",\"valueRequired\":true,\"valueName\":\"search_term_string\"}}],\"inLanguage\":\"fr-FR\"}]}<\/script>\n<!-- \/ Yoast SEO plugin. -->","yoast_head_json":{"title":"C3L - Optimist, Laser et 420 - Cercle de la Voile d&#039;Estavayer","robots":{"index":"index","follow":"follow","max-snippet":"max-snippet:-1","max-image-preview":"max-image-preview:large","max-video-preview":"max-video-preview:-1"},"canonical":"https:\/\/cvestavayer.ch\/fr\/regates\/resultats-2007\/c3l-optimist-laser-et-420\/","og_locale":"fr_FR","og_type":"article","og_title":"C3L - Optimist, Laser et 420 - Cercle de la Voile d&#039;Estavayer","og_description":"Optimist Rangs N\u00b0 voile Participants Clubs 1 SUI 1453 De Tribolet Tha\u00efs YCB 2 SUI 1369 Bosshard Anya YCB 3 SUI 1340 Doswald Janik YCB 4 SUI 1306 H\u00e4nni Luca Continuer la lecture &rarr;","og_url":"https:\/\/cvestavayer.ch\/fr\/regates\/resultats-2007\/c3l-optimist-laser-et-420\/","og_site_name":"Cercle de la Voile d&#039;Estavayer","article_modified_time":"2020-01-29T08:14:20+00:00","twitter_card":"summary_large_image","twitter_misc":{"Dur\u00e9e de lecture estim\u00e9e":"1 minute"},"schema":{"@context":"https:\/\/schema.org","@graph":[{"@type":"WebPage","@id":"https:\/\/cvestavayer.ch\/fr\/regates\/resultats-2007\/c3l-optimist-laser-et-420\/","url":"https:\/\/cvestavayer.ch\/fr\/regates\/resultats-2007\/c3l-optimist-laser-et-420\/","name":"C3L - Optimist, Laser et 420 - Cercle de la Voile d&#039;Estavayer","isPartOf":{"@id":"https:\/\/cvestavayer.ch\/fr\/#website"},"datePublished":"2020-01-29T08:14:19+00:00","dateModified":"2020-01-29T08:14:20+00:00","breadcrumb":{"@id":"https:\/\/cvestavayer.ch\/fr\/regates\/resultats-2007\/c3l-optimist-laser-et-420\/#breadcrumb"},"inLanguage":"fr-FR","potentialAction":[{"@type":"ReadAction","target":["https:\/\/cvestavayer.ch\/fr\/regates\/resultats-2007\/c3l-optimist-laser-et-420\/"]}]},{"@type":"BreadcrumbList","@id":"https:\/\/cvestavayer.ch\/fr\/regates\/resultats-2007\/c3l-optimist-laser-et-420\/#breadcrumb","itemListElement":[{"@type":"ListItem","position":1,"name":"Accueil","item":"https:\/\/cvestavayer.ch\/fr\/"},{"@type":"ListItem","position":2,"name":"R\u00e9gates","item":"https:\/\/cvestavayer.ch\/fr\/regates\/"},{"@type":"ListItem","position":3,"name":"R\u00e9sultats 2007","item":"https:\/\/cvestavayer.ch\/fr\/regates\/resultats-2007\/"},{"@type":"ListItem","position":4,"name":"C3L &#8211; Optimist, Laser et 420"}]},{"@type":"WebSite","@id":"https:\/\/cvestavayer.ch\/fr\/#website","url":"https:\/\/cvestavayer.ch\/fr\/","name":"Cercle de la Voile d&#039;Estavayer","description":"","potentialAction":[{"@type":"SearchAction","target":{"@type":"EntryPoint","urlTemplate":"https:\/\/cvestavayer.ch\/fr\/?s={search_term_string}"},"query-input":{"@type":"PropertyValueSpecification","valueRequired":true,"valueName":"search_term_string"}}],"inLanguage":"fr-FR"}]}},"_links":{"self":[{"href":"https:\/\/cvestavayer.ch\/fr\/wp-json\/wp\/v2\/pages\/745","targetHints":{"allow":["GET"]}}],"collection":[{"href":"https:\/\/cvestavayer.ch\/fr\/wp-json\/wp\/v2\/pages"}],"about":[{"href":"https:\/\/cvestavayer.ch\/fr\/wp-json\/wp\/v2\/types\/page"}],"author":[{"embeddable":true,"href":"https:\/\/cvestavayer.ch\/fr\/wp-json\/wp\/v2\/users\/1"}],"replies":[{"embeddable":true,"href":"https:\/\/cvestavayer.ch\/fr\/wp-json\/wp\/v2\/comments?post=745"}],"version-history":[{"count":1,"href":"https:\/\/cvestavayer.ch\/fr\/wp-json\/wp\/v2\/pages\/745\/revisions"}],"predecessor-version":[{"id":746,"href":"https:\/\/cvestavayer.ch\/fr\/wp-json\/wp\/v2\/pages\/745\/revisions\/746"}],"up":[{"embeddable":true,"href":"https:\/\/cvestavayer.ch\/fr\/wp-json\/wp\/v2\/pages\/736"}],"wp:attachment":[{"href":"https:\/\/cvestavayer.ch\/fr\/wp-json\/wp\/v2\/media?parent=745"}],"curies":[{"name":"wp","href":"https:\/\/api.w.org\/{rel}","templated":true}]}}