{"id":782,"date":"2020-01-29T10:12:11","date_gmt":"2020-01-29T09:12:11","guid":{"rendered":"http:\/\/cvestavayer.ch\/fr\/?page_id=782"},"modified":"2021-03-09T21:17:52","modified_gmt":"2021-03-09T20:17:52","slug":"utilitaires","status":"publish","type":"page","link":"https:\/\/cvestavayer.ch\/fr\/contact\/utilitaires\/","title":{"rendered":"Liens utiles"},"content":{"rendered":"\n<h2 class=\"wp-block-heading\">Chantiers navals<\/h2>\n\n\n\n<div class=\"wp-block-media-text alignwide has-media-on-the-right is-stacked-on-mobile\" style=\"grid-template-columns:auto 24%\"><figure class=\"wp-block-media-text__media\"><a href=\"http:\/\/cvestavayer.ch\/wp-content\/uploads\/2020\/03\/logo-nasta_marine.png\"><img loading=\"lazy\" decoding=\"async\" width=\"300\" height=\"57\" src=\"http:\/\/cvestavayer.ch\/wp-content\/uploads\/2020\/03\/logo-nasta_marine.png\" alt=\"\" class=\"wp-image-1335 size-full\"\/><\/a><\/figure><div class=\"wp-block-media-text__content\">\n<p class=\"has-normal-font-size\"><strong>Nasta Marine SA<\/strong><br>Rte du Port 21<br>1470 Estavayer-le-Lac<br>T\u00e9l. 026 \/ 663 26 26<br>Fax 026 \/ 663 43 00<br>Mail <a href=\"mailto:info@nastamarine.ch\">info@nastamarine.ch<\/a> <br><a href=\"https:\/\/www.nastamarine.ch\/\" target=\"_blank\" rel=\"noreferrer noopener\">www.nastamarine.ch<\/a><\/p>\n<\/div><\/div>\n\n\n\n<div class=\"wp-block-media-text alignwide has-media-on-the-right is-stacked-on-mobile is-vertically-aligned-center\" style=\"grid-template-columns:auto 24%\"><figure class=\"wp-block-media-text__media\"><img loading=\"lazy\" decoding=\"async\" width=\"435\" height=\"538\" src=\"http:\/\/cvestavayer.ch\/wp-content\/uploads\/2020\/03\/logo-b-perriset-sa.png\" alt=\"\" class=\"wp-image-1336 size-full\" srcset=\"https:\/\/cvestavayer.ch\/wp-content\/uploads\/2020\/03\/logo-b-perriset-sa.png 435w, https:\/\/cvestavayer.ch\/wp-content\/uploads\/2020\/03\/logo-b-perriset-sa-243x300.png 243w\" sizes=\"auto, (max-width: 435px) 100vw, 435px\" \/><\/figure><div class=\"wp-block-media-text__content\">\n<p class=\"has-normal-font-size\"><strong>P\u00e9risset Bernard SA<br><\/strong>Rte des Lacustres 20<br>1470 Estavayer-le-Lac<br>T\u00e9l. 026 \/ 663 14 29<br>Fax 026 \/ 663 53 50<br>Mail <a href=\"mailto:info@perisset.ch\">info@perisset.ch<\/a> <br><a href=\"https:\/\/www.perisset.ch\/index.php\/fr\/\" target=\"_blank\" rel=\"noreferrer noopener\">www.perisset.ch<\/a><\/p>\n<\/div><\/div>\n\n\n\n<div class=\"wp-block-media-text alignwide has-media-on-the-right is-stacked-on-mobile is-vertically-aligned-center is-image-fill\" style=\"grid-template-columns:auto 24%\"><figure class=\"wp-block-media-text__media\" style=\"background-image:url(http:\/\/cvestavayer.ch\/wp-content\/uploads\/2020\/01\/background.gif);background-position:69.85294117647058% 38.23529411764706%\"><img loading=\"lazy\" decoding=\"async\" width=\"4\" height=\"15\" src=\"http:\/\/cvestavayer.ch\/wp-content\/uploads\/2020\/01\/background.gif\" alt=\"\" class=\"wp-image-70 size-full\"\/><\/figure><div class=\"wp-block-media-text__content\">\n<p class=\"has-normal-font-size\"><strong>Pierre Blaser<\/strong><br>Atelier m\u00e9canique<br>La Gu\u00e9rite<br>1541 S\u00e9vaz<br>T\u00e9l. 026 \/ 663 26 63<br>Mob. 079 \/ 449 39 04<br>Mail <a href=\"mailto:pierre.blaser@bluewin.ch\">pierre.blaser@bluewin.ch<\/a><\/p>\n<\/div><\/div>\n\n\n\n<h2 class=\"wp-block-heading\">Cours de voile<\/h2>\n\n\n\n<div class=\"wp-block-media-text alignwide has-media-on-the-right is-stacked-on-mobile is-vertically-aligned-center\" style=\"grid-template-columns:auto 24%\"><figure class=\"wp-block-media-text__media\"><img loading=\"lazy\" decoding=\"async\" width=\"54\" height=\"49\" src=\"http:\/\/cvestavayer.ch\/wp-content\/uploads\/2020\/03\/LOGO-alphavoile.jpg\" alt=\"\" class=\"wp-image-1340 size-full\"\/><\/figure><div class=\"wp-block-media-text__content\">\n<p class=\"has-normal-font-size\"> <strong>Alpha Voile<br><\/strong>Port de plaisance<br>1470 Estavayer-le-Lac<br>T\u00e9l. 079 \/ 390 75 78 (Anne)<br>078 \/ 800 70 70 (J\u00fcrg)<br><a href=\"https:\/\/www.alphavoile.ch\/\" target=\"_blank\" rel=\"noreferrer noopener\">www.alphavoile.ch<\/a> <br> <\/p>\n<\/div><\/div>\n\n\n\n<h4 class=\"wp-block-heading\">Voiles<\/h4>\n\n\n\n<div class=\"wp-block-media-text alignwide has-media-on-the-right is-stacked-on-mobile is-vertically-aligned-center\" style=\"grid-template-columns:auto 24%\"><figure class=\"wp-block-media-text__media\"><img loading=\"lazy\" decoding=\"async\" width=\"164\" height=\"159\" src=\"http:\/\/cvestavayer.ch\/wp-content\/uploads\/2020\/03\/Logo-Boite-\u00e0-voile.png\" alt=\"\" class=\"wp-image-1341 size-full\"\/><\/figure><div class=\"wp-block-media-text__content\">\n<p class=\"has-normal-font-size\"><strong>La Bo\u00eete \u00e0 Voiles S\u00e0rl<br><\/strong>Route des Lacustres 20<br>1470 Estavayer-le-Lac<br>T\u00e9l 026 \/ 663 33 93<br>Mail <a href=\"mailto:boite@voiles.ch\">boite@voiles.ch<\/a>  <br> <a href=\"https:\/\/www.voiles.ch\/\" target=\"_blank\" rel=\"noreferrer noopener\">www.voiles.ch\/<\/a> <\/p>\n<\/div><\/div>\n\n\n\n<h2 class=\"wp-block-heading\">Tourisme<\/h2>\n\n\n\n<div class=\"wp-block-media-text alignwide has-media-on-the-right is-stacked-on-mobile is-vertically-aligned-center\" style=\"grid-template-columns:auto 24%\"><figure class=\"wp-block-media-text__media\"><img loading=\"lazy\" decoding=\"async\" width=\"945\" height=\"319\" src=\"http:\/\/cvestavayer.ch\/wp-content\/uploads\/2020\/03\/Loco-esta-payerne.png\" alt=\"\" class=\"wp-image-1343 size-full\" srcset=\"https:\/\/cvestavayer.ch\/wp-content\/uploads\/2020\/03\/Loco-esta-payerne.png 945w, https:\/\/cvestavayer.ch\/wp-content\/uploads\/2020\/03\/Loco-esta-payerne-300x101.png 300w, https:\/\/cvestavayer.ch\/wp-content\/uploads\/2020\/03\/Loco-esta-payerne-768x259.png 768w\" sizes=\"auto, (max-width: 945px) 100vw, 945px\" \/><\/figure><div class=\"wp-block-media-text__content\">\n<p><strong>Estavayer-le-Lac \/ Payerne Tourisme<\/strong><br>Rue de l&rsquo;H\u00f4tel-de-Ville 5<br>1470 Estavayer-le-Lac <br> <a href=\"https:\/\/www.estavayer-payerne.ch\/fr\/\" target=\"_blank\" rel=\"noreferrer noopener\">https:\/\/www.estavayer-payerne.ch\/fr\/<\/a> <\/p>\n<\/div><\/div>\n","protected":false},"excerpt":{"rendered":"<p>Chantiers navals Nasta Marine SARte du Port 211470 Estavayer-le-LacT\u00e9l. 026 \/ 663 26 26Fax 026 \/ 663 43 00Mail info@nastamarine.ch www.nastamarine.ch P\u00e9risset Bernard SARte des Lacustres 201470 Estavayer-le-LacT\u00e9l. 026 \/ <a class=\"more-link\" href=\"https:\/\/cvestavayer.ch\/fr\/contact\/utilitaires\/\">Continuer la lecture &rarr;<\/a><\/p>\n","protected":false},"author":1,"featured_media":0,"parent":89,"menu_order":6,"comment_status":"closed","ping_status":"closed","template":"","meta":{"_monsterinsights_skip_tracking":false,"_monsterinsights_sitenote_active":false,"_monsterinsights_sitenote_note":"","_monsterinsights_sitenote_category":0,"_EventAllDay":false,"_EventTimezone":"","_EventStartDate":"","_EventEndDate":"","_EventStartDateUTC":"","_EventEndDateUTC":"","_EventShowMap":false,"_EventShowMapLink":false,"_EventURL":"","_EventCost":"","_EventCostDescription":"","_EventCurrencySymbol":"","_EventCurrencyCode":"","_EventCurrencyPosition":"","_EventDateTimeSeparator":"","_EventTimeRangeSeparator":"","_EventOrganizerID":[],"_EventVenueID":[],"_OrganizerEmail":"","_OrganizerPhone":"","_OrganizerWebsite":"","_VenueAddress":"","_VenueCity":"","_VenueCountry":"","_VenueProvince":"","_VenueState":"","_VenueZip":"","_VenuePhone":"","_VenueURL":"","_VenueStateProvince":"","_VenueLat":"","_VenueLng":"","_VenueShowMap":false,"_VenueShowMapLink":false,"footnotes":""},"class_list":["post-782","page","type-page","status-publish","hentry"],"yoast_head":"<!-- This site is optimized with the Yoast SEO plugin v27.4 - https:\/\/yoast.com\/product\/yoast-seo-wordpress\/ -->\n<title>Liens utiles - Cercle de la Voile d&#039;Estavayer<\/title>\n<meta name=\"robots\" content=\"index, follow, max-snippet:-1, max-image-preview:large, max-video-preview:-1\" \/>\n<link rel=\"canonical\" href=\"https:\/\/cvestavayer.ch\/fr\/contact\/utilitaires\/\" \/>\n<meta property=\"og:locale\" content=\"fr_FR\" \/>\n<meta property=\"og:type\" content=\"article\" \/>\n<meta property=\"og:title\" content=\"Liens utiles - Cercle de la Voile d&#039;Estavayer\" \/>\n<meta property=\"og:description\" content=\"Chantiers navals Nasta Marine SARte du Port 211470 Estavayer-le-LacT\u00e9l. 026 \/ 663 26 26Fax 026 \/ 663 43 00Mail info@nastamarine.ch www.nastamarine.ch P\u00e9risset Bernard SARte des Lacustres 201470 Estavayer-le-LacT\u00e9l. 026 \/ Continuer la lecture &rarr;\" \/>\n<meta property=\"og:url\" content=\"https:\/\/cvestavayer.ch\/fr\/contact\/utilitaires\/\" \/>\n<meta property=\"og:site_name\" content=\"Cercle de la Voile d&#039;Estavayer\" \/>\n<meta property=\"article:modified_time\" content=\"2021-03-09T20:17:52+00:00\" \/>\n<meta property=\"og:image\" content=\"http:\/\/cvestavayer.ch\/wp-content\/uploads\/2020\/03\/logo-nasta_marine.png\" \/>\n<meta name=\"twitter:card\" content=\"summary_large_image\" \/>\n<meta name=\"twitter:label1\" content=\"Dur\u00e9e de lecture estim\u00e9e\" \/>\n\t<meta name=\"twitter:data1\" content=\"2 minutes\" \/>\n<script type=\"application\/ld+json\" class=\"yoast-schema-graph\">{\"@context\":\"https:\\\/\\\/schema.org\",\"@graph\":[{\"@type\":\"WebPage\",\"@id\":\"https:\\\/\\\/cvestavayer.ch\\\/fr\\\/contact\\\/utilitaires\\\/\",\"url\":\"https:\\\/\\\/cvestavayer.ch\\\/fr\\\/contact\\\/utilitaires\\\/\",\"name\":\"Liens utiles - Cercle de la Voile d&#039;Estavayer\",\"isPartOf\":{\"@id\":\"https:\\\/\\\/cvestavayer.ch\\\/fr\\\/#website\"},\"primaryImageOfPage\":{\"@id\":\"https:\\\/\\\/cvestavayer.ch\\\/fr\\\/contact\\\/utilitaires\\\/#primaryimage\"},\"image\":{\"@id\":\"https:\\\/\\\/cvestavayer.ch\\\/fr\\\/contact\\\/utilitaires\\\/#primaryimage\"},\"thumbnailUrl\":\"http:\\\/\\\/cvestavayer.ch\\\/wp-content\\\/uploads\\\/2020\\\/03\\\/logo-nasta_marine.png\",\"datePublished\":\"2020-01-29T09:12:11+00:00\",\"dateModified\":\"2021-03-09T20:17:52+00:00\",\"breadcrumb\":{\"@id\":\"https:\\\/\\\/cvestavayer.ch\\\/fr\\\/contact\\\/utilitaires\\\/#breadcrumb\"},\"inLanguage\":\"fr-FR\",\"potentialAction\":[{\"@type\":\"ReadAction\",\"target\":[\"https:\\\/\\\/cvestavayer.ch\\\/fr\\\/contact\\\/utilitaires\\\/\"]}]},{\"@type\":\"ImageObject\",\"inLanguage\":\"fr-FR\",\"@id\":\"https:\\\/\\\/cvestavayer.ch\\\/fr\\\/contact\\\/utilitaires\\\/#primaryimage\",\"url\":\"http:\\\/\\\/cvestavayer.ch\\\/wp-content\\\/uploads\\\/2020\\\/03\\\/logo-nasta_marine.png\",\"contentUrl\":\"http:\\\/\\\/cvestavayer.ch\\\/wp-content\\\/uploads\\\/2020\\\/03\\\/logo-nasta_marine.png\"},{\"@type\":\"BreadcrumbList\",\"@id\":\"https:\\\/\\\/cvestavayer.ch\\\/fr\\\/contact\\\/utilitaires\\\/#breadcrumb\",\"itemListElement\":[{\"@type\":\"ListItem\",\"position\":1,\"name\":\"Accueil\",\"item\":\"https:\\\/\\\/cvestavayer.ch\\\/fr\\\/\"},{\"@type\":\"ListItem\",\"position\":2,\"name\":\"Contact\",\"item\":\"https:\\\/\\\/cvestavayer.ch\\\/fr\\\/contact\\\/\"},{\"@type\":\"ListItem\",\"position\":3,\"name\":\"Liens utiles\"}]},{\"@type\":\"WebSite\",\"@id\":\"https:\\\/\\\/cvestavayer.ch\\\/fr\\\/#website\",\"url\":\"https:\\\/\\\/cvestavayer.ch\\\/fr\\\/\",\"name\":\"Cercle de la Voile d&#039;Estavayer\",\"description\":\"\",\"potentialAction\":[{\"@type\":\"SearchAction\",\"target\":{\"@type\":\"EntryPoint\",\"urlTemplate\":\"https:\\\/\\\/cvestavayer.ch\\\/fr\\\/?s={search_term_string}\"},\"query-input\":{\"@type\":\"PropertyValueSpecification\",\"valueRequired\":true,\"valueName\":\"search_term_string\"}}],\"inLanguage\":\"fr-FR\"}]}<\/script>\n<!-- \/ Yoast SEO plugin. -->","yoast_head_json":{"title":"Liens utiles - Cercle de la Voile d&#039;Estavayer","robots":{"index":"index","follow":"follow","max-snippet":"max-snippet:-1","max-image-preview":"max-image-preview:large","max-video-preview":"max-video-preview:-1"},"canonical":"https:\/\/cvestavayer.ch\/fr\/contact\/utilitaires\/","og_locale":"fr_FR","og_type":"article","og_title":"Liens utiles - Cercle de la Voile d&#039;Estavayer","og_description":"Chantiers navals Nasta Marine SARte du Port 211470 Estavayer-le-LacT\u00e9l. 026 \/ 663 26 26Fax 026 \/ 663 43 00Mail info@nastamarine.ch www.nastamarine.ch P\u00e9risset Bernard SARte des Lacustres 201470 Estavayer-le-LacT\u00e9l. 026 \/ Continuer la lecture &rarr;","og_url":"https:\/\/cvestavayer.ch\/fr\/contact\/utilitaires\/","og_site_name":"Cercle de la Voile d&#039;Estavayer","article_modified_time":"2021-03-09T20:17:52+00:00","og_image":[{"url":"http:\/\/cvestavayer.ch\/wp-content\/uploads\/2020\/03\/logo-nasta_marine.png","type":"","width":"","height":""}],"twitter_card":"summary_large_image","twitter_misc":{"Dur\u00e9e de lecture estim\u00e9e":"2 minutes"},"schema":{"@context":"https:\/\/schema.org","@graph":[{"@type":"WebPage","@id":"https:\/\/cvestavayer.ch\/fr\/contact\/utilitaires\/","url":"https:\/\/cvestavayer.ch\/fr\/contact\/utilitaires\/","name":"Liens utiles - Cercle de la Voile d&#039;Estavayer","isPartOf":{"@id":"https:\/\/cvestavayer.ch\/fr\/#website"},"primaryImageOfPage":{"@id":"https:\/\/cvestavayer.ch\/fr\/contact\/utilitaires\/#primaryimage"},"image":{"@id":"https:\/\/cvestavayer.ch\/fr\/contact\/utilitaires\/#primaryimage"},"thumbnailUrl":"http:\/\/cvestavayer.ch\/wp-content\/uploads\/2020\/03\/logo-nasta_marine.png","datePublished":"2020-01-29T09:12:11+00:00","dateModified":"2021-03-09T20:17:52+00:00","breadcrumb":{"@id":"https:\/\/cvestavayer.ch\/fr\/contact\/utilitaires\/#breadcrumb"},"inLanguage":"fr-FR","potentialAction":[{"@type":"ReadAction","target":["https:\/\/cvestavayer.ch\/fr\/contact\/utilitaires\/"]}]},{"@type":"ImageObject","inLanguage":"fr-FR","@id":"https:\/\/cvestavayer.ch\/fr\/contact\/utilitaires\/#primaryimage","url":"http:\/\/cvestavayer.ch\/wp-content\/uploads\/2020\/03\/logo-nasta_marine.png","contentUrl":"http:\/\/cvestavayer.ch\/wp-content\/uploads\/2020\/03\/logo-nasta_marine.png"},{"@type":"BreadcrumbList","@id":"https:\/\/cvestavayer.ch\/fr\/contact\/utilitaires\/#breadcrumb","itemListElement":[{"@type":"ListItem","position":1,"name":"Accueil","item":"https:\/\/cvestavayer.ch\/fr\/"},{"@type":"ListItem","position":2,"name":"Contact","item":"https:\/\/cvestavayer.ch\/fr\/contact\/"},{"@type":"ListItem","position":3,"name":"Liens utiles"}]},{"@type":"WebSite","@id":"https:\/\/cvestavayer.ch\/fr\/#website","url":"https:\/\/cvestavayer.ch\/fr\/","name":"Cercle de la Voile d&#039;Estavayer","description":"","potentialAction":[{"@type":"SearchAction","target":{"@type":"EntryPoint","urlTemplate":"https:\/\/cvestavayer.ch\/fr\/?s={search_term_string}"},"query-input":{"@type":"PropertyValueSpecification","valueRequired":true,"valueName":"search_term_string"}}],"inLanguage":"fr-FR"}]}},"_links":{"self":[{"href":"https:\/\/cvestavayer.ch\/fr\/wp-json\/wp\/v2\/pages\/782","targetHints":{"allow":["GET"]}}],"collection":[{"href":"https:\/\/cvestavayer.ch\/fr\/wp-json\/wp\/v2\/pages"}],"about":[{"href":"https:\/\/cvestavayer.ch\/fr\/wp-json\/wp\/v2\/types\/page"}],"author":[{"embeddable":true,"href":"https:\/\/cvestavayer.ch\/fr\/wp-json\/wp\/v2\/users\/1"}],"replies":[{"embeddable":true,"href":"https:\/\/cvestavayer.ch\/fr\/wp-json\/wp\/v2\/comments?post=782"}],"version-history":[{"count":6,"href":"https:\/\/cvestavayer.ch\/fr\/wp-json\/wp\/v2\/pages\/782\/revisions"}],"predecessor-version":[{"id":43952,"href":"https:\/\/cvestavayer.ch\/fr\/wp-json\/wp\/v2\/pages\/782\/revisions\/43952"}],"up":[{"embeddable":true,"href":"https:\/\/cvestavayer.ch\/fr\/wp-json\/wp\/v2\/pages\/89"}],"wp:attachment":[{"href":"https:\/\/cvestavayer.ch\/fr\/wp-json\/wp\/v2\/media?parent=782"}],"curies":[{"name":"wp","href":"https:\/\/api.w.org\/{rel}","templated":true}]}}