{"id":85,"date":"2020-01-23T09:27:13","date_gmt":"2020-01-23T08:27:13","guid":{"rendered":"http:\/\/cvestavayer.ch\/?page_id=85"},"modified":"2026-01-28T23:03:36","modified_gmt":"2026-01-28T22:03:36","slug":"regates","status":"publish","type":"page","link":"https:\/\/cvestavayer.ch\/fr\/regates\/","title":{"rendered":"R\u00e9gates"},"content":{"rendered":"\n<figure class=\"wp-block-image size-large\"><img loading=\"lazy\" decoding=\"async\" width=\"1024\" height=\"240\" src=\"https:\/\/cvestavayer.ch\/wp-content\/uploads\/2023\/06\/259-1-scaled-e1687277262506-1024x240.jpg\" alt=\"\" class=\"wp-image-45355\" srcset=\"https:\/\/cvestavayer.ch\/wp-content\/uploads\/2023\/06\/259-1-scaled-e1687277262506-1024x240.jpg 1024w, https:\/\/cvestavayer.ch\/wp-content\/uploads\/2023\/06\/259-1-scaled-e1687277262506-300x70.jpg 300w, https:\/\/cvestavayer.ch\/wp-content\/uploads\/2023\/06\/259-1-scaled-e1687277262506-768x180.jpg 768w, https:\/\/cvestavayer.ch\/wp-content\/uploads\/2023\/06\/259-1-scaled-e1687277262506-1536x361.jpg 1536w, https:\/\/cvestavayer.ch\/wp-content\/uploads\/2023\/06\/259-1-scaled-e1687277262506-2048x481.jpg 2048w\" sizes=\"auto, (max-width: 1024px) 100vw, 1024px\" \/><\/figure>\n\n\n\n<h2 class=\"wp-block-heading\">R\u00e9gates 2025<\/h2>\n\n\n\n<figure class=\"wp-block-table is-style-stripes\"><table><thead><tr><th>Date<\/th><th>R\u00e9gate<\/th><th>Inscription\/Infos\/R\u00e9sultats<\/th><\/tr><\/thead><tbody><tr><td>25.04.2026<\/td><td>R\u00e9gate d&rsquo;ouverture<\/td><td><a href=\"https:\/\/www.manage2sail.com\/fr-FR\/event\/ec462703-18d2-497b-8146-b16ea5adc863#!\/\" target=\"_blank\" rel=\"noreferrer noopener\">Manage2Sail<\/a><\/td><\/tr><tr><td>02-03.05.2026<\/td><td>CSP\/PM Optimist<\/td><td><a href=\"https:\/\/www.manage2sail.com\/fr-FR\/event\/9b27a9a0-9046-4262-80e2-6d0abdc49373#!\/\" target=\"_blank\" rel=\"noreferrer noopener\">Manage2Sail<\/a><\/td><\/tr><tr><td>22-24.05.2026<\/td><td>100 Milles Autonova<\/td><td><a href=\"https:\/\/www.manage2sail.com\/fr-FR\/event\/26c4b682-2545-4976-9b5a-b3e53fd509b8#!\/\" target=\"_blank\" rel=\"noreferrer noopener\">Manage2Sail<\/a><\/td><\/tr><tr><td>27-30.08.2026<\/td><td>Championnat Suisse J\/70<\/td><td><a href=\"https:\/\/www.manage2sail.com\/fr-FR\/event\/7c32501e-c647-4683-9e49-8cc2f4803dd3#!\/\" target=\"_blank\" rel=\"noreferrer noopener\">Manage2Sail<\/a><\/td><\/tr><tr><td>03.10.2026<\/td><td>R\u00e9gate de cl\u00f4ture<\/td><td><a href=\"https:\/\/www.manage2sail.com\/fr-FR\/event\/84d6e7eb-630a-460c-906d-34d812e0a377#!\/\" target=\"_blank\" rel=\"noreferrer noopener\">Manage2Sail<\/a><\/td><\/tr><\/tbody><\/table><\/figure>\n\n\n\n<hr class=\"wp-block-separator has-css-opacity\"\/>\n\n\n\n<div class=\"wp-block-buttons is-layout-flex wp-block-buttons-is-layout-flex\">\n<div class=\"wp-block-button\"><a class=\"wp-block-button__link wp-element-button\" href=\"https:\/\/www.manage2sail.com\/fr-FR\/Club\/Detail\/a44d20f5-bb39-4223-8cec-54b604f6edeb\" target=\"_blank\" rel=\"noreferrer noopener\">Page du CVE sur Manage2Sail<\/a><\/div>\n<\/div>\n\n\n\n<div class=\"wp-block-buttons is-layout-flex wp-block-buttons-is-layout-flex\">\n<div class=\"wp-block-button\"><a class=\"wp-block-button__link wp-element-button\" href=\"https:\/\/www.manage2sail.com\/fr-FR\/search?filterYear=2024&amp;filterMonth=&amp;filterCountry=SUI&amp;filterRegion=5f129314-575a-45e1-852c-3310b86213e1&amp;filterClass=&amp;filterClubId=&amp;filterScoring=&amp;paged=true&amp;filterText=\">R\u00e9gates 2024 sur le lac de Neuch\u00e2tel<\/a><\/div>\n<\/div>\n\n\n\n<p><\/p>\n","protected":false},"excerpt":{"rendered":"<p>R\u00e9gates 2025 Date R\u00e9gate Inscription\/Infos\/R\u00e9sultats 25.04.2026 R\u00e9gate d&rsquo;ouverture Manage2Sail 02-03.05.2026 CSP\/PM Optimist Manage2Sail 22-24.05.2026 100 Milles Autonova Manage2Sail 27-30.08.2026 Championnat Suisse J\/70 Manage2Sail 03.10.2026 R\u00e9gate de cl\u00f4ture Manage2Sail<\/p>\n","protected":false},"author":1,"featured_media":0,"parent":0,"menu_order":2,"comment_status":"closed","ping_status":"closed","template":"","meta":{"_monsterinsights_skip_tracking":false,"_monsterinsights_sitenote_active":false,"_monsterinsights_sitenote_note":"","_monsterinsights_sitenote_category":0,"_EventAllDay":false,"_EventTimezone":"","_EventStartDate":"","_EventEndDate":"","_EventStartDateUTC":"","_EventEndDateUTC":"","_EventShowMap":false,"_EventShowMapLink":false,"_EventURL":"","_EventCost":"","_EventCostDescription":"","_EventCurrencySymbol":"","_EventCurrencyCode":"","_EventCurrencyPosition":"","_EventDateTimeSeparator":"","_EventTimeRangeSeparator":"","_EventOrganizerID":[],"_EventVenueID":[],"_OrganizerEmail":"","_OrganizerPhone":"","_OrganizerWebsite":"","_VenueAddress":"","_VenueCity":"","_VenueCountry":"","_VenueProvince":"","_VenueState":"","_VenueZip":"","_VenuePhone":"","_VenueURL":"","_VenueStateProvince":"","_VenueLat":"","_VenueLng":"","_VenueShowMap":false,"_VenueShowMapLink":false,"footnotes":""},"class_list":["post-85","page","type-page","status-publish","hentry"],"yoast_head":"<!-- This site is optimized with the Yoast SEO plugin v27.3 - https:\/\/yoast.com\/product\/yoast-seo-wordpress\/ -->\n<title>R\u00e9gates - Cercle de la Voile d&#039;Estavayer<\/title>\n<meta name=\"robots\" content=\"index, follow, max-snippet:-1, max-image-preview:large, max-video-preview:-1\" \/>\n<link rel=\"canonical\" href=\"https:\/\/cvestavayer.ch\/fr\/regates\/\" \/>\n<meta property=\"og:locale\" content=\"fr_FR\" \/>\n<meta property=\"og:type\" content=\"article\" \/>\n<meta property=\"og:title\" content=\"R\u00e9gates - Cercle de la Voile d&#039;Estavayer\" \/>\n<meta property=\"og:description\" content=\"R\u00e9gates 2025 Date R\u00e9gate Inscription\/Infos\/R\u00e9sultats 25.04.2026 R\u00e9gate d&rsquo;ouverture Manage2Sail 02-03.05.2026 CSP\/PM Optimist Manage2Sail 22-24.05.2026 100 Milles Autonova Manage2Sail 27-30.08.2026 Championnat Suisse J\/70 Manage2Sail 03.10.2026 R\u00e9gate de cl\u00f4ture Manage2Sail\" \/>\n<meta property=\"og:url\" content=\"https:\/\/cvestavayer.ch\/fr\/regates\/\" \/>\n<meta property=\"og:site_name\" content=\"Cercle de la Voile d&#039;Estavayer\" \/>\n<meta property=\"article:modified_time\" content=\"2026-01-28T22:03:36+00:00\" \/>\n<meta property=\"og:image\" content=\"https:\/\/cvestavayer.ch\/wp-content\/uploads\/2023\/06\/259-1-scaled-e1687277262506.jpg\" \/>\n\t<meta property=\"og:image:width\" content=\"2560\" \/>\n\t<meta property=\"og:image:height\" content=\"601\" \/>\n\t<meta property=\"og:image:type\" content=\"image\/jpeg\" \/>\n<meta name=\"twitter:card\" content=\"summary_large_image\" \/>\n<meta name=\"twitter:label1\" content=\"Dur\u00e9e de lecture estim\u00e9e\" \/>\n\t<meta name=\"twitter:data1\" content=\"1 minute\" \/>\n<script type=\"application\/ld+json\" class=\"yoast-schema-graph\">{\"@context\":\"https:\\\/\\\/schema.org\",\"@graph\":[{\"@type\":\"WebPage\",\"@id\":\"https:\\\/\\\/cvestavayer.ch\\\/fr\\\/regates\\\/\",\"url\":\"https:\\\/\\\/cvestavayer.ch\\\/fr\\\/regates\\\/\",\"name\":\"R\u00e9gates - Cercle de la Voile d&#039;Estavayer\",\"isPartOf\":{\"@id\":\"https:\\\/\\\/cvestavayer.ch\\\/fr\\\/#website\"},\"primaryImageOfPage\":{\"@id\":\"https:\\\/\\\/cvestavayer.ch\\\/fr\\\/regates\\\/#primaryimage\"},\"image\":{\"@id\":\"https:\\\/\\\/cvestavayer.ch\\\/fr\\\/regates\\\/#primaryimage\"},\"thumbnailUrl\":\"https:\\\/\\\/cvestavayer.ch\\\/wp-content\\\/uploads\\\/2023\\\/06\\\/259-1-scaled-e1687277262506-1024x240.jpg\",\"datePublished\":\"2020-01-23T08:27:13+00:00\",\"dateModified\":\"2026-01-28T22:03:36+00:00\",\"breadcrumb\":{\"@id\":\"https:\\\/\\\/cvestavayer.ch\\\/fr\\\/regates\\\/#breadcrumb\"},\"inLanguage\":\"fr-FR\",\"potentialAction\":[{\"@type\":\"ReadAction\",\"target\":[\"https:\\\/\\\/cvestavayer.ch\\\/fr\\\/regates\\\/\"]}]},{\"@type\":\"ImageObject\",\"inLanguage\":\"fr-FR\",\"@id\":\"https:\\\/\\\/cvestavayer.ch\\\/fr\\\/regates\\\/#primaryimage\",\"url\":\"https:\\\/\\\/cvestavayer.ch\\\/wp-content\\\/uploads\\\/2023\\\/06\\\/259-1-scaled-e1687277262506-1024x240.jpg\",\"contentUrl\":\"https:\\\/\\\/cvestavayer.ch\\\/wp-content\\\/uploads\\\/2023\\\/06\\\/259-1-scaled-e1687277262506-1024x240.jpg\"},{\"@type\":\"BreadcrumbList\",\"@id\":\"https:\\\/\\\/cvestavayer.ch\\\/fr\\\/regates\\\/#breadcrumb\",\"itemListElement\":[{\"@type\":\"ListItem\",\"position\":1,\"name\":\"Accueil\",\"item\":\"https:\\\/\\\/cvestavayer.ch\\\/fr\\\/\"},{\"@type\":\"ListItem\",\"position\":2,\"name\":\"R\u00e9gates\"}]},{\"@type\":\"WebSite\",\"@id\":\"https:\\\/\\\/cvestavayer.ch\\\/fr\\\/#website\",\"url\":\"https:\\\/\\\/cvestavayer.ch\\\/fr\\\/\",\"name\":\"Cercle de la Voile d&#039;Estavayer\",\"description\":\"\",\"potentialAction\":[{\"@type\":\"SearchAction\",\"target\":{\"@type\":\"EntryPoint\",\"urlTemplate\":\"https:\\\/\\\/cvestavayer.ch\\\/fr\\\/?s={search_term_string}\"},\"query-input\":{\"@type\":\"PropertyValueSpecification\",\"valueRequired\":true,\"valueName\":\"search_term_string\"}}],\"inLanguage\":\"fr-FR\"}]}<\/script>\n<!-- \/ Yoast SEO plugin. -->","yoast_head_json":{"title":"R\u00e9gates - Cercle de la Voile d&#039;Estavayer","robots":{"index":"index","follow":"follow","max-snippet":"max-snippet:-1","max-image-preview":"max-image-preview:large","max-video-preview":"max-video-preview:-1"},"canonical":"https:\/\/cvestavayer.ch\/fr\/regates\/","og_locale":"fr_FR","og_type":"article","og_title":"R\u00e9gates - Cercle de la Voile d&#039;Estavayer","og_description":"R\u00e9gates 2025 Date R\u00e9gate Inscription\/Infos\/R\u00e9sultats 25.04.2026 R\u00e9gate d&rsquo;ouverture Manage2Sail 02-03.05.2026 CSP\/PM Optimist Manage2Sail 22-24.05.2026 100 Milles Autonova Manage2Sail 27-30.08.2026 Championnat Suisse J\/70 Manage2Sail 03.10.2026 R\u00e9gate de cl\u00f4ture Manage2Sail","og_url":"https:\/\/cvestavayer.ch\/fr\/regates\/","og_site_name":"Cercle de la Voile d&#039;Estavayer","article_modified_time":"2026-01-28T22:03:36+00:00","og_image":[{"width":2560,"height":601,"url":"https:\/\/cvestavayer.ch\/wp-content\/uploads\/2023\/06\/259-1-scaled-e1687277262506.jpg","type":"image\/jpeg"}],"twitter_card":"summary_large_image","twitter_misc":{"Dur\u00e9e de lecture estim\u00e9e":"1 minute"},"schema":{"@context":"https:\/\/schema.org","@graph":[{"@type":"WebPage","@id":"https:\/\/cvestavayer.ch\/fr\/regates\/","url":"https:\/\/cvestavayer.ch\/fr\/regates\/","name":"R\u00e9gates - Cercle de la Voile d&#039;Estavayer","isPartOf":{"@id":"https:\/\/cvestavayer.ch\/fr\/#website"},"primaryImageOfPage":{"@id":"https:\/\/cvestavayer.ch\/fr\/regates\/#primaryimage"},"image":{"@id":"https:\/\/cvestavayer.ch\/fr\/regates\/#primaryimage"},"thumbnailUrl":"https:\/\/cvestavayer.ch\/wp-content\/uploads\/2023\/06\/259-1-scaled-e1687277262506-1024x240.jpg","datePublished":"2020-01-23T08:27:13+00:00","dateModified":"2026-01-28T22:03:36+00:00","breadcrumb":{"@id":"https:\/\/cvestavayer.ch\/fr\/regates\/#breadcrumb"},"inLanguage":"fr-FR","potentialAction":[{"@type":"ReadAction","target":["https:\/\/cvestavayer.ch\/fr\/regates\/"]}]},{"@type":"ImageObject","inLanguage":"fr-FR","@id":"https:\/\/cvestavayer.ch\/fr\/regates\/#primaryimage","url":"https:\/\/cvestavayer.ch\/wp-content\/uploads\/2023\/06\/259-1-scaled-e1687277262506-1024x240.jpg","contentUrl":"https:\/\/cvestavayer.ch\/wp-content\/uploads\/2023\/06\/259-1-scaled-e1687277262506-1024x240.jpg"},{"@type":"BreadcrumbList","@id":"https:\/\/cvestavayer.ch\/fr\/regates\/#breadcrumb","itemListElement":[{"@type":"ListItem","position":1,"name":"Accueil","item":"https:\/\/cvestavayer.ch\/fr\/"},{"@type":"ListItem","position":2,"name":"R\u00e9gates"}]},{"@type":"WebSite","@id":"https:\/\/cvestavayer.ch\/fr\/#website","url":"https:\/\/cvestavayer.ch\/fr\/","name":"Cercle de la Voile d&#039;Estavayer","description":"","potentialAction":[{"@type":"SearchAction","target":{"@type":"EntryPoint","urlTemplate":"https:\/\/cvestavayer.ch\/fr\/?s={search_term_string}"},"query-input":{"@type":"PropertyValueSpecification","valueRequired":true,"valueName":"search_term_string"}}],"inLanguage":"fr-FR"}]}},"_links":{"self":[{"href":"https:\/\/cvestavayer.ch\/fr\/wp-json\/wp\/v2\/pages\/85","targetHints":{"allow":["GET"]}}],"collection":[{"href":"https:\/\/cvestavayer.ch\/fr\/wp-json\/wp\/v2\/pages"}],"about":[{"href":"https:\/\/cvestavayer.ch\/fr\/wp-json\/wp\/v2\/types\/page"}],"author":[{"embeddable":true,"href":"https:\/\/cvestavayer.ch\/fr\/wp-json\/wp\/v2\/users\/1"}],"replies":[{"embeddable":true,"href":"https:\/\/cvestavayer.ch\/fr\/wp-json\/wp\/v2\/comments?post=85"}],"version-history":[{"count":38,"href":"https:\/\/cvestavayer.ch\/fr\/wp-json\/wp\/v2\/pages\/85\/revisions"}],"predecessor-version":[{"id":46735,"href":"https:\/\/cvestavayer.ch\/fr\/wp-json\/wp\/v2\/pages\/85\/revisions\/46735"}],"wp:attachment":[{"href":"https:\/\/cvestavayer.ch\/fr\/wp-json\/wp\/v2\/media?parent=85"}],"curies":[{"name":"wp","href":"https:\/\/api.w.org\/{rel}","templated":true}]}}